{"id":3243,"date":"2022-09-19T14:24:45","date_gmt":"2022-09-19T12:24:45","guid":{"rendered":"http:\/\/reich-sein.eu\/club\/?page_id=3243"},"modified":"2022-11-24T15:55:37","modified_gmt":"2022-11-24T13:55:37","slug":"gespraeche-mit-gott-neal-donald-walsh","status":"publish","type":"page","link":"https:\/\/reich-sein.eu\/club\/mittel\/wissen\/gespraeche-mit-gott-neal-donald-walsh\/","title":{"rendered":"Gespr\u00e4che mit Gott (Neal Donald Walsh)"},"content":{"rendered":"<header class=\"entry-header clearfix\">\n<h2><span style=\"color: #0000ff;\"><strong>Neale Donald Walsch: Gespr\u00e4che mit Gott<\/strong><\/span><\/h2>\n<p>Neale Donald Walsch ist mit seinen \u00bbGespr\u00e4chen mit Gott\u00ab einer der meistgelesenen und beliebtesten Autoren moderner Spiritualit\u00e4t.<\/p>\n<p>Pr\u00e4gnant und pr\u00e4zise werden die wichtigsten Botschaften aus den <strong>sieben B\u00e4nden \u00bbGespr\u00e4che mit Gott\u00ab<\/strong> geb\u00fcndelt.<\/p>\n<p><a href=\"https:\/\/amzn.to\/3BoQfTP\"><img loading=\"lazy\" decoding=\"async\" class=\"size-full wp-image-3250 alignnone\" src=\"http:\/\/reich-sein.eu\/club\/wp-content\/uploads\/2022\/09\/Essenz-von-Gespr\u00e4che-mit-Gott.jpg\" alt=\"\" width=\"341\" height=\"499\" srcset=\"https:\/\/reich-sein.eu\/club\/wp-content\/uploads\/2022\/09\/Essenz-von-Gespr\u00e4che-mit-Gott.jpg 341w, https:\/\/reich-sein.eu\/club\/wp-content\/uploads\/2022\/09\/Essenz-von-Gespr\u00e4che-mit-Gott-205x300.jpg 205w\" sizes=\"auto, (max-width: 341px) 100vw, 341px\" \/><\/a><\/p>\n<p><a href=\"https:\/\/amzn.to\/3BoQfTP\"><strong>Buch hier bestellen<\/strong><\/a><\/p>\n<h2 class=\"entry-title\"><span style=\"color: #0000ff;\"><strong>25 Botschaften aus Gespr\u00e4che mit Gott von Neal Donald Walsh<\/strong><\/span><\/h2>\n<\/header>\n<div class=\"entry-content clearfix\">\n<p>Neale Donald\u00a0<a href=\"https:\/\/spirit-online.de\/gespraech-mit-neale-donald-walsch.html\" target=\"_blank\" rel=\"noopener\">Walsch<\/a>\u00a0ist mit seinen \u00bb25 Gespr\u00e4chen mit Gott\u00ab einer der meistgelesenen und beliebtesten Autoren\u00a0<a href=\"https:\/\/spirit-online.de\/spiritualitaet\" target=\"_blank\" rel=\"noopener\">moderner Spiritualit\u00e4t<\/a>. An diesen Erfolg kn\u00fcpft er mit seinem Buch an, das auch ein Ergebnis zahlreicher Leserw\u00fcnsche war: Pr\u00e4gnant und pr\u00e4zise werden die wichtigsten Botschaften aus den sieben B\u00e4nden \u00bbGespr\u00e4che mit Gott\u00ab geb\u00fcndelt.<\/p>\n<p>Mit seinem ersten Buch Gespr\u00e4che mit<a href=\"https:\/\/spirit-online.de\/am-anfang-war-der-geist-das-paradigma-des-lebendigen.html\" target=\"_blank\" rel=\"noopener noreferrer\">\u00a0Gott<\/a>\u00a0landete Neal Donald Walsh nicht mehr und nicht weniger einen Bestseller, der sich Jahre in den Bestsellerlisten halten konnte. Mit seinem Buch und allen folgenden hat der Autor enorm viele Leser angesprochen, und\u00a0<a href=\"https:\/\/spirit-online.de\/gottes-botschaft-die-welt-neale-donald-walsch.html\" target=\"_blank\" rel=\"noopener\">zum nachdenken<\/a>\u00a0angeregt.<\/p>\n<p>Hier sind die wichtigsten Botschaften im \u00dcberblick: 25 Botschaften Gespr\u00e4che mit Gott<\/p>\n<h3><a href=\"https:\/\/spirit-online.de\/die-25-botschaften-aus-gespraeche-mit-gott-von-neal-donald-walsh.html\">Als Essenz die 25 Botschaften<\/a><\/h3>\n<ul>\n<li>Wir alle sind Eins. Alle Dinge sind Ein Ding. Es gibt nur Ein Ding, und alle Dinge sind Teil des Einen Dings Das Ist. Das bedeutet, dass du G\u00f6ttlichen Wesens bist. Du bist nicht dein K\u00f6rper, du bist nicht dein Geist, und du bist nicht deine\u00a0<a title=\"Seele \u2013 Existenz und Deutung\" href=\"https:\/\/spirit-online.de\/seele-existenz-und-deutung.html\" target=\"_blank\" rel=\"noopener\">Seele<\/a>.<br \/>\nDu bist die einzigartige Kombination aus allen drei, welche die Gesamtheit von Dir ausmacht. Du bist eine Individuation des G\u00f6ttlichen; ein Ausdruck von\u00a0<a title=\"Was ist Gott \u2013 Lebensfragen\" href=\"https:\/\/spirit-online.de\/was-ist-gott-lebensfragen.html\" target=\"_blank\" rel=\"noopener\">Gott<\/a>\u00a0auf Erden.<\/li>\n<li>Es ist genug da. Es ist nicht n\u00f6tig, dass ihr um eure Ressourcen konkurriert, geschweige denn euch deshalb bek\u00e4mpfen. Ihr braucht nur zu teilen.<\/li>\n<li>Es gibt nichts, was du tun musst. Es gibt viel, das du tun wirst, aber nichts, das zu tun von dir verlangt wird.\u00a0<a title=\"Angenommen, Gott existiert, wie ist er entstanden?\" href=\"https:\/\/spirit-online.de\/angenommen-gott-existiert-wie-ist-er-entstanden.html\" target=\"_blank\" rel=\"noopener\">Gott<\/a>\u00a0will nichts, braucht nichts, verlangt nichts, befiehlt nichts.<\/li>\n<li><a title=\"Warum ist Gott unsichtbar?\" href=\"https:\/\/spirit-online.de\/warum-ist-gott-unsichtbar.html\" target=\"_blank\" rel=\"noopener\">Gott<\/a>\u00a0spricht allezeit mit allen. Die Frage ist nicht: Mit wem spricht\u00a0<a title=\"Spiritualit\u00e4t und Gott \u2013 Blick in die Ewigkeit\" href=\"https:\/\/spirit-online.de\/blick-in-die-ewigkeit-gleichzeitig-einssein-und-verschiedensein.html\" target=\"_blank\" rel=\"noopener\">Gott<\/a>? Die Frage ist: Wer h\u00f6rt zu?<\/li>\n<li>Es gibt Drei Grundprinzipien des Lebens: Funktionalit\u00e4t,\u00a0<a title=\"Anpassungsf\u00e4higkeit und wie passt man sich an\" href=\"https:\/\/spirit-online.de\/anpassungsfaehigkeit-und-wie-passt-man-sich-an.html\" target=\"_blank\" rel=\"noopener\">Anpassungsf\u00e4higkeit<\/a>\u00a0und Erhaltungsm\u00f6glichkeit.<\/li>\n<li>So etwas wie Richtig und Falsch gibt es nicht. Es gibt nur das, was angesichts dessen, was du zu tun versuchst, Funktioniert und was Nicht Funktioniert.<\/li>\n<li><a class=\"wpil_keyword_link \" title=\"Spirituell\" href=\"https:\/\/spirit-online.de\/kategorien\/spirituelle-intelligenz\" target=\"_blank\" rel=\"noopener\" data-wpil-keyword-link=\"linked\">Spirituell<\/a>\u00a0gesehen gibt es keine Opfer und keine B\u00f6sewichter auf der Welt, obwohl es aus menschlicher Sicht ganz gewiss so aussieht. Doch da du G\u00f6ttlichen Wesens bist, dient alles Geschehen letztlich deinem Wohl.<\/li>\n<li>Niemand tut angesichts seiner Modellvorstellung von der Welt etwas Unangemessenes.<\/li>\n<li>So ein Ort wie die H\u00f6lle und so etwas wie ewige Verdammnis existiert nicht.<\/li>\n<li>Der\u00a0<a title=\"Warum wir dringend unseren Totenkult \u00fcberdenken sollten\" href=\"https:\/\/spirit-online.de\/warum-wir-dringend-unseren-totenkult-ueberdenken-sollten.html\" target=\"_blank\" rel=\"noopener\">Tod<\/a>\u00a0existiert nicht. Was wir (<a class=\"wpil_keyword_link \" title=\"Tod\" href=\"https:\/\/spirit-online.de\/kategorien\/verlust-und-tod\" target=\"_blank\" rel=\"noopener\" data-wpil-keyword-link=\"linked\">Tod<\/a>) nennen, ist lediglich ein Prozess der Re- Identifikation.<\/li>\n<li>So etwas wie Raum und Zeit gibt es nicht, es gibt nur das Hier und Jetzt.<\/li>\n<li><a title=\"Liebe ist ALLES, aber nicht alles ist Liebe.\" href=\"https:\/\/spirit-online.de\/liebe-ist-alles-aber-nicht-alles-ist-liebe.html\" target=\"_blank\" rel=\"noopener\">Liebe<\/a>\u00a0ist alles, was es gibt.<\/li>\n<li>Du bist der\u00a0<a title=\"Kryon Channeling Herzensw\u00fcnsche und Sch\u00f6pfer\" href=\"https:\/\/spirit-online.de\/kryon-channeling-herzenswuensche-und-schoepfer.html\" target=\"_blank\" rel=\"noopener\">Sch\u00f6pfer<\/a>\u00a0deiner eigenen Realit\u00e4t, indem du dich der Drei Instrumente des Erschaffens bedienst: Gedanke, Wort und Tat.<\/li>\n<li>Dein Leben hat nichts mit dir zu tun. Es geht um alle, deren\u00a0<a title=\"Ruhe \u2013 Das wei\u00dfe Blatt des Lebens\" href=\"https:\/\/spirit-online.de\/ruhe-das-weisse-blatt-des-lebens.html\" target=\"_blank\" rel=\"noopener\">Leben<\/a>\u00a0du ber\u00fchrst, und darum, wie du es ber\u00fchrst.<\/li>\n<li>Der\u00a0<a title=\"Vereinigung \u2013 Eine Geschichte zum Sinn des Lebens\" href=\"https:\/\/spirit-online.de\/vereinigung-eine-geschichte-zum-sinn-des-lebens.html\" target=\"_blank\" rel=\"noopener\">Sinn des Lebens<\/a>\u00a0besteht darin, dich in der n\u00e4chstgr\u00f6\u00dferen Version der gro\u00dfartigsten Vision, die du je von Wer Du bist hattest, wieder aufs Neue zu erschaffen.<\/li>\n<li>In dem Augenblick, in dem du irgendeine Erkl\u00e4rung abgibst, wird alles, was nicht so ist, in den Raum eintreten. Das ist das Gesetz der Gegens\u00e4tze, das ein Kontextuelles Feld herstellt, in dem erfahren werden kann, was du zum Ausdruck bringen m\u00f6chtest.<\/li>\n<li>So etwas wie die Absolute\u00a0<a title=\"Der Mensch ist immer das Opfer seiner Wahrheiten\" href=\"https:\/\/spirit-online.de\/der-mensch-ist-immer-das-opfer-seiner-wahrheiten.html\" target=\"_blank\" rel=\"noopener\">Wahrheit<\/a>\u00a0gibt es nicht. Alle Wahrheit ist subjektiv. In diesem Kontext gibt es F\u00fcnf Ebenen, die\u00a0<a title=\"Die Wahrheit \u00fcber Zufriedenheit und Gehorsam\" href=\"https:\/\/spirit-online.de\/die-wahrheit-ueber-zufriedenheit-und-gehorsam.html\" target=\"_blank\" rel=\"noopener\">Wahrheit zu sagen: Sag dir deine Wahrheit \u00fcber<\/a>\u00a0dich selbst; sag dir deine Wahrheit \u00fcber einen anderen; sag einem anderen deine Wahrheit \u00fcber dich; sag einem anderen deine Wahrheit \u00fcber einen anderen; sag allen deine Wahrheit \u00fcber alles.<\/li>\n<li>Die Menschheit lebt innerhalb einer pr\u00e4zise gestalteten Ansammlung von Illusionen. Die Zehn Illusionen der Menschheit sind: Bed\u00fcrftigkeit existiert,\u00a0<a title=\"Der Versager \u2013 Wie Versager denken, handeln und f\u00fchlen\" href=\"https:\/\/spirit-online.de\/der-versager-wie-versager-denken-handeln-und-fuehlen.html\" target=\"_blank\" rel=\"noopener\">Versagen<\/a>\u00a0existiert, Spaltung existiert, Mangel existiert, Erfordernis existiert, Richten existiert, Verdammung existiert, Bedingtheit existiert, \u00dcberlegenheit existiert, und Unwissenheit existiert. Diese Illusionen sollen der\u00a0<a title=\"Menschheit, ein zerlegter Komplex: Ist Einheit eine Utopie?\" href=\"https:\/\/spirit-online.de\/menschheit-ein-zerlegter-komplex-ist-einheit-eine-utopie.html\" target=\"_blank\" rel=\"noopener\">Menschheit<\/a>\u00a0dienen, sie muss aber noch lernen, von ihnen Gebrauch zu machen.<\/li>\n<li>Die Drei Kernkonzepte Ganzheitlichen Lebens sind Ehrlichkeit, Gewahr sein und Verantwortlichkeit. Lebe nach diesen Geboten, und der Selbsthass wird aus deinem\u00a0<a title=\"Artenvielfalt geh\u00f6rt zum Leben \u2013 das Verschwinden der F\u00fclle nicht!\" href=\"https:\/\/spirit-online.de\/artenvielfalt-und-das-verschwinden-der-fuelle.html\" target=\"_blank\" rel=\"noopener\">Leben verschwinden<\/a>.<\/li>\n<li>Das Leben funktioniert innerhalb eines Paradigmas von (<a title=\"Sein\" href=\"https:\/\/spirit-online.de\/sein\" target=\"_blank\" rel=\"noopener\">Sein<\/a>\u00a0\u2013 Tun \u2013 Haben). Die meisten Menschen gehen von der umgekehrten Reihenfolge aus und meinen, dass man zuerst Dinge haben muss, um Dinge zu tun, um dann das zu sein, was man sich w\u00fcnscht. Die Umkehrung dieses Prozesses ist der rascheste Weg zur Erfahrung von Meisterschaft im Leben.<\/li>\n<li>Es gibt Drei Gewahrseinsebenen:\u00a0<a title=\"Wenn die Hoffnung schwindet\" href=\"https:\/\/spirit-online.de\/wenn-die-hoffnung-schwindet.html\" target=\"_blank\" rel=\"noopener\">Hoffnung<\/a>, Glaube und Wissen. Bei der spirituellen Meisterschaft geht es darum, von der dritten Ebene aus zu\u00a0<a title=\"Rezension ~ In den Armen des Lebens\" href=\"https:\/\/spirit-online.de\/rezension-in-den-armen-des-lebens.html\" target=\"_blank\" rel=\"noopener\">leben<\/a>.<\/li>\n<li>Es gibt F\u00fcnf Irrt\u00fcmer in Bezug auf Gott, die\u00a0<a title=\"Was Krisen uns lehren\" href=\"https:\/\/spirit-online.de\/was-krisen-uns-lehren.html\" target=\"_blank\" rel=\"noopener\">Krisen<\/a>, Gewalt, T\u00f6ten und Kriege erzeugen. Erstens der Gedanke, dass\u00a0<a title=\"Was ist Authentizit\u00e4t aus der Sicht Gottes\" href=\"https:\/\/spirit-online.de\/was-ist-authentizitaet-aus-der-sicht-gottes.html\" target=\"_blank\" rel=\"noopener\">Gott<\/a>\u00a0etwas braucht. Zweitens der Gedanke, dass\u00a0<a title=\"Spiritualit\u00e4t und Wissen\" href=\"https:\/\/spirit-online.de\/kategorien\/spiritualitaet-und-wissen\" target=\"_blank\" rel=\"noopener\">Gott<\/a>\u00a0darin versagen kann zu bekommen, was er braucht. Drittens der Gedanke, dass\u00a0<a title=\"GOTT ist ein Seins-Zustand\" href=\"https:\/\/spirit-online.de\/gott-ist-ein-seins-zustand.html\" target=\"_blank\" rel=\"noopener\">Gott<\/a>\u00a0uns von sich getrennt hat, weil wir ihm nicht gegeben haben, was er braucht. Viertens der Gedanke, dass Gott das, was er braucht, immer noch so dringend braucht, dass er nun von uns in unserer Situation des Getrenntseins verlangt, es ihm zu geben. F\u00fcnftens der Gedanke, dass Gott uns vernichten wird, wenn wir seine Bed\u00fcrfnisse nicht erf\u00fcllen.<\/li>\n<li>Es gibt F\u00fcnf Irrt\u00fcmer auf das Leben, die ebenfalls\u00a0<a title=\"Pers\u00f6nliches Krisenmanagement als Herausforderung annehmen\" href=\"https:\/\/spirit-online.de\/persoenliches-krisenmanagement-als-herausforderung-annehmen.html\" target=\"_blank\" rel=\"noopener\">Krise<\/a>, Gewalt, T\u00f6ten und Kriege erzeugen. Erstens der Gedanke, dass die Menschen voneinander getrennt existieren. Zweitens der Gedanke, dass es nicht genug von dem gibt, was die Menschen brauchen, um gl\u00fccklich zu sein. Drittens der Gedanke, dass die Menschen miteinander konkurrieren m\u00fcssen, um an das Zeug zu kommen, von dem nicht genug da ist. Viertens der Gedanke, dass manche Menschen besser sind als andere. F\u00fcnftens der Gedanke, es sei f\u00fcr die Menschen angebracht, all die schwerwiegende Meinungsverschiedenheit, die durch all die Irrt\u00fcmer entstanden sind, dadurch zu bereinigen, dass sie einander umbringen.<br \/>\nIhr denkt, dass ihr von anderen Menschen terrorisiert werdet. In Wahrheit aber werdet ihr von euren Glaubensvorstellungen und\u00a0<a title=\"Bewusstsein und Spiritualit\u00e4t\" href=\"https:\/\/spirit-online.de\/bewusstsein-und-spiritualitaet\" target=\"_blank\" rel=\"noopener\">\u00dcberzeugungen<\/a>\u00a0terrorisiert. Eure Erfahrungen von euch selbst und eurer Welt werden sich dramatisch ver\u00e4ndern, wenn ihr euch auf kollektiver Ebene die F\u00fcnf Schritte zum\u00a0<a title=\"Frieden\" href=\"https:\/\/spirit-online.de\/kategorien\/frieden\" target=\"_blank\" rel=\"noopener\">Frieden<\/a>\u00a0zu eigen macht:<br \/>\nErlaubt euch, euch einzugestehen, dass manche eurer alten Glaubensvorstellungen \u00fcber Gott und das Leben nicht mehr funktionieren.<br \/>\nErkundet die M\u00f6glichkeit, dass es etwas gibt, das ihr in Bezug auf Gott und das Leben nicht versteht, und das, wenn ihr es verst\u00fcndet, alles \u00e4ndern w\u00fcrde.<br \/>\nVerk\u00fcndet, dass ihr bereit und gewillt seid, dass jetzt ein neues Verst\u00e4ndnis von\u00a0<a title=\"Bewusstsein der Maschinen \u2013 Kybernetik\" href=\"https:\/\/spirit-online.de\/das-bewusstsein-der-maschinen-kybernetik.html\" target=\"_blank\" rel=\"noopener\">Gott<\/a>\u00a0und vom Leben hervorgebracht wird, ein Verst\u00e4ndnis, das eine neue Lebensweise auf diesem Planeten herbeif\u00fchren k\u00f6nnte.<br \/>\nUntersucht und \u00fcberpr\u00fcft mutig dieses neue Verst\u00e4ndnis. Und sollte es mit eurer pers\u00f6nlichen\u00a0<a title=\"Innere Stimme und Wahrheit \u2013 Teil 1\" href=\"https:\/\/spirit-online.de\/teil-1-innere-stimme.html\" target=\"_blank\" rel=\"noopener\">inneren Wahrheit<\/a>\u00a0und eurem inneren Wissen im Einklang stehen, dann erweitert euer Glaubenssystem so, dass es darin Eingang findet.<br \/>\nMacht euer Leben zu einer Demonstration eurer h\u00f6chsten \u00dcberzeugungen statt zu einer Demonstration ihrer Verleugnung.<\/li>\n<li>Lasst ein Neues Evangelium f\u00fcr alle\u00a0<a title=\"Aufstieg Mensch \u2013 Evolution, Erde\" href=\"https:\/\/spirit-online.de\/aufstieg-mensch-evolution-erde.html\" target=\"_blank\" rel=\"noopener\">Menschen auf Erden<\/a>\u00a0gelten: Wir sind alle EINS. Unser Weg ist kein besserer Weg, es ist nur ein anderer Weg.<\/li>\n<\/ul>\n<p>Wenn ihr euch diese Worte zu eigen macht und danach handelt, k\u00f6nnte das eure\u00a0<a title=\"Mit Gewohnheiten die Zukunft ver\u00e4ndern \u2013 ein Wegweiser der geistigen Welt\" href=\"https:\/\/spirit-online.de\/mit-gewohnheiten-die-zukunft-veraendern-ein-wegweiser-der-geistigen-welt.html\" target=\"_blank\" rel=\"noopener\">Welt binnen einer einzigen Generation ver\u00e4ndern<\/a>.<\/p>\n<p>Quelle: Buch \u201cDie Essenz\u201d von Neale Donald Walsch. Erschienen im Arkana Verlag<\/p>\n<\/div>\n","protected":false},"excerpt":{"rendered":"<p>Neale Donald Walsch: Gespr\u00e4che mit Gott Neale Donald Walsch ist mit seinen \u00bbGespr\u00e4chen mit Gott\u00ab einer der meistgelesenen und beliebtesten Autoren moderner Spiritualit\u00e4t. Pr\u00e4gnant und pr\u00e4zise werden die wichtigsten Botschaften aus den sieben B\u00e4nden \u00bbGespr\u00e4che mit Gott\u00ab geb\u00fcndelt. Buch hier bestellen 25 Botschaften aus Gespr\u00e4che mit Gott von Neal Donald Walsh Neale Donald\u00a0Walsch\u00a0ist mit seinen [&hellip;]<\/p>\n","protected":false},"author":1,"featured_media":0,"parent":2230,"menu_order":0,"comment_status":"closed","ping_status":"closed","template":"members-style1-nosidebar.php","meta":{"footnotes":"","_links_to":"","_links_to_target":""},"class_list":["post-3243","page","type-page","status-publish","hentry"],"_links":{"self":[{"href":"https:\/\/reich-sein.eu\/club\/wp-json\/wp\/v2\/pages\/3243","targetHints":{"allow":["GET"]}}],"collection":[{"href":"https:\/\/reich-sein.eu\/club\/wp-json\/wp\/v2\/pages"}],"about":[{"href":"https:\/\/reich-sein.eu\/club\/wp-json\/wp\/v2\/types\/page"}],"author":[{"embeddable":true,"href":"https:\/\/reich-sein.eu\/club\/wp-json\/wp\/v2\/users\/1"}],"replies":[{"embeddable":true,"href":"https:\/\/reich-sein.eu\/club\/wp-json\/wp\/v2\/comments?post=3243"}],"version-history":[{"count":7,"href":"https:\/\/reich-sein.eu\/club\/wp-json\/wp\/v2\/pages\/3243\/revisions"}],"predecessor-version":[{"id":3251,"href":"https:\/\/reich-sein.eu\/club\/wp-json\/wp\/v2\/pages\/3243\/revisions\/3251"}],"up":[{"embeddable":true,"href":"https:\/\/reich-sein.eu\/club\/wp-json\/wp\/v2\/pages\/2230"}],"wp:attachment":[{"href":"https:\/\/reich-sein.eu\/club\/wp-json\/wp\/v2\/media?parent=3243"}],"curies":[{"name":"wp","href":"https:\/\/api.w.org\/{rel}","templated":true}]}}