{"id":3269,"date":"2022-09-19T18:12:20","date_gmt":"2022-09-19T16:12:20","guid":{"rendered":"http:\/\/reich-sein.eu\/club\/?page_id=3269"},"modified":"2022-11-24T15:55:04","modified_gmt":"2022-11-24T13:55:04","slug":"urania-buch","status":"publish","type":"page","link":"https:\/\/reich-sein.eu\/club\/mittel\/wissen\/urania-buch\/","title":{"rendered":"Urania-Buch"},"content":{"rendered":"<h2><span style=\"color: #0000ff;\"><strong><em>Das Urantia Buch<\/em><\/strong>, <\/span><\/h2>\n<p>das erstmals 1955 von der\u00a0<em><strong>Urantia Foundation<\/strong><\/em>\u00a0in englischer Sprache ver\u00f6ffentlicht wurde, zeigt uns den\u00a0<strong>Ursprung, die Geschichte und das Schicksal der Menschheit<\/strong>. Es beantwortet Fragen \u00fcber\u00a0<strong>Gott<\/strong>, das\u00a0<strong>Leben im bewohnten Universum<\/strong>, die\u00a0<strong>Geschichte und Zukunft dieser Welt<\/strong>\u00a0und enth\u00e4lt eine erhebende Erz\u00e4hlung \u00fcber\u00a0<strong>das Leben und die Lehren Jesu<\/strong>.<\/p>\n<p><img loading=\"lazy\" decoding=\"async\" class=\"size-medium wp-image-61 alignright\" src=\"https:\/\/dach.urantia-association.org\/wp-content\/uploads\/sites\/18\/2020\/06\/16462937_1835839759973116_5844675986287749940_o-300x225.jpg\" sizes=\"auto, (max-width: 300px) 100vw, 300px\" srcset=\"https:\/\/dach.urantia-association.org\/wp-content\/uploads\/sites\/18\/2020\/06\/16462937_1835839759973116_5844675986287749940_o-300x225.jpg 300w, https:\/\/dach.urantia-association.org\/wp-content\/uploads\/sites\/18\/2020\/06\/16462937_1835839759973116_5844675986287749940_o-570x428.jpg 570w, https:\/\/dach.urantia-association.org\/wp-content\/uploads\/sites\/18\/2020\/06\/16462937_1835839759973116_5844675986287749940_o-768x576.jpg 768w, https:\/\/dach.urantia-association.org\/wp-content\/uploads\/sites\/18\/2020\/06\/16462937_1835839759973116_5844675986287749940_o-1536x1152.jpg 1536w, https:\/\/dach.urantia-association.org\/wp-content\/uploads\/sites\/18\/2020\/06\/16462937_1835839759973116_5844675986287749940_o-200x150.jpg 200w, https:\/\/dach.urantia-association.org\/wp-content\/uploads\/sites\/18\/2020\/06\/16462937_1835839759973116_5844675986287749940_o-333x250.jpg 333w, https:\/\/dach.urantia-association.org\/wp-content\/uploads\/sites\/18\/2020\/06\/16462937_1835839759973116_5844675986287749940_o.jpg 2048w\" alt=\"\" width=\"300\" height=\"225\" \/><em>Das Urantia Buch<\/em>\u00a0zeigt unsere\u00a0<strong>Beziehung zu Gott dem Vater<\/strong>. Alle Menschen sind die\u00a0<strong>S\u00f6hne und\u00a0<\/strong><strong>T\u00f6cht<\/strong><strong>e<\/strong><strong>r eines liebenden Gottes<\/strong>\u00a0und daher\u00a0<strong>Br\u00fcder und Schwestern in der Familie Gottes<\/strong>. Das Buch bietet M\u00e4nnern und Frauen unserer Zeit eine\u00a0<strong>neue spirituelle Wahrheit<\/strong>\u00a0und einen\u00a0<strong>Weg zu einer pers\u00f6nlichen Beziehung zu Gott<\/strong>.<\/p>\n<p>Aufbauend auf dem\u00a0<strong>religi\u00f6sen Erbe der Welt<\/strong>\u00a0beschreibt\u00a0<em>Das Urantia Buch<\/em>\u00a0ein\u00a0<strong>endloses Schicksal f\u00fcr die Menschheit<\/strong>\u00a0und lehrt, dass\u00a0<strong>lebendiger Glaube der Schl\u00fcssel zum pers\u00f6nlichen spirituellen Fortschritt<\/strong>\u00a0<strong>und zum ewigen \u00dcberleben<\/strong>\u00a0ist. Es beschreibt auch\u00a0<strong>Gottes Plan f\u00fcr die fortschreitende Entwicklung des Einze<\/strong><strong>lnen, der menschlichen Gesellschaft und des Universums als Ganzes<\/strong>.<\/p>\n<p>Viele Menschen auf der ganzen Welt haben gesagt, dass das Lesen\u00a0<em>Des Urantia Buches<\/em>\u00a0sie zutiefst dazu<strong>\u00a0inspiriert<\/strong>\u00a0hat,\u00a0<strong>tiefere Ebenen des spirituellen Wachstums<\/strong>\u00a0zu erreichen. Es hat ihnen einen\u00a0<strong>neuen Sinn f\u00fcr das Leben<\/strong>\u00a0und den\u00a0<strong>Wunsch<\/strong>\u00a0gegeben,\u00a0<strong>der Menschheit zu dienen<\/strong>.<\/p>\n<p>Wir empfehlen Dir, es ebenfalls zu lesen und die\u00a0<strong>veredelnde Botschaft<\/strong>\u00a0selbst zu entdecken.<\/p>\n<hr \/>\n<p><i>Das Urantia Buch<\/i>\u00a0wurde geschrieben, um\u00a0<strong>\u201edas kosmische Bewusstsein der Menschen auf Urantia, unserem Planeten, zu erweitern und die geistige Wahrnehmung zu steigern\u201c<\/strong>\u00a0<a href=\"https:\/\/www.urantia.org\/de\/das-urantia-buch\/vorwort#U0_0_2\" target=\"_blank\" rel=\"noopener noreferrer\">(1.2) 0:0.2<\/a>\u00a0. Es stellt einen\u00a0<strong>Panoramablick der unermesslichen Weite von Raum und Zeit<\/strong>\u00a0bereit, legt die\u00a0<strong>Ordnungen des Kosmos<\/strong>\u00a0dar und veranschaulicht die unvorstellbaren\u00a0<strong>Dimensionen des Universums der Universen<\/strong>.<\/p>\n<p>Vom Anfang bis zum Ende zeigt\u00a0<i>Das Urantia Buch<\/i>\u00a0auch eine\u00a0<strong>Wertsch\u00e4tzung daf\u00fcr, wie jedes menschliche Wesen seine eigene Erfahrung von Gott, von Wahrheit, Sch\u00f6nheit und G\u00fcte sowie von der bedingungslosen Liebe Gottes erweitern kann<\/strong>. So lesen wir: \u201cDas ganze Programm der auf den Welten des Raumes lebenden Existenzen hat seinen Mittelpunkt im\u00a0<strong>G\u00f6ttlichen Vorhaben<\/strong>, alle Willensgesch\u00f6pfe ihrer hohen Bestimmung zuzuf\u00fchren, die Erfahrung der mit dem Vater geteilten\u00a0<strong>Vollkommenheit des Paradieses<\/strong>\u00a0zu machen.\u201d\u00a0<a href=\"https:\/\/www.urantia.org\/de\/das-urantia-buch\/schrift-2-die-natur-gottes#U2_2_5\" target=\"_blank\" rel=\"noopener noreferrer\">(36.3) 2:2.5<\/a><\/p>\n<hr \/>\n<p><em>Das Urantia Buch<\/em>\u00a0ist eine\u00a0<strong>Offenbarung der Wahrheit f\u00fcr unsere Welt<\/strong>, gegeben von h\u00f6heren Wesen des Universums.\u00a0<strong>Seine Lehren f\u00fcgen Wissen, Philosophie, Geschichte, Kosmologie und Religion nahtlos in das Bild eines Gro\u00dfen Ganzen zusammen<\/strong>, welches unseren\u00a0<strong>Ursprung, unseren Daseinsgrund und unser g\u00f6ttliches und ewiges Schicksal<\/strong>\u00a0offenbart, einen Zeitalter w\u00e4hrenden Fortschritt vom Tier zum Engel, vom\u00a0 Engel zum Geist und vom Geist zu Gott\u00a0<a href=\"https:\/\/www.urantia.org\/de\/das-urantia-buch\/schrift-48-das-morontielle-leben#U48_8_4\" target=\"_blank\" rel=\"noopener noreferrer\"><em>(558.2) 48:8.4.<\/em><\/a><\/p>\n<p>Die Lehren enthalten Information \u00fcber die\u00a0<a href=\"https:\/\/www.urantia.org\/de\/das-urantia-buch\/teil-i-das-zentraluniversum-und-superuniversen\" target=\"_blank\" rel=\"noopener noreferrer\"><strong>Zusammensetzung, Organisation, Administration und die Pers\u00f6nlichkeiten des Kosmos<\/strong><\/a>; die\u00a0<a href=\"https:\/\/www.urantia.org\/de\/das-urantia-buch\/teil-iii-die-geschichte-urantias\" target=\"_blank\" rel=\"noopener noreferrer\"><strong>Geschichte unseres Planeten<\/strong><\/a>; unsere\u00a0<strong>fortschreitende geistige Entwicklung<\/strong>; eine\u00a0<strong>neue Sicht der Wirklichkeit durch Kl\u00e4rung der Konzepte \u00fcber Pers\u00f6nlichkeit, geistigen Verstand und See<\/strong><strong>le<\/strong>; die\u00a0<strong>entwicklungsm\u00e4\u00dfige Erfahrung unseres Fortschreitens hin zu Gott in Partnerschaft mit Gottes Geist in unserem Verstand<\/strong>; ein erweiterter Bericht \u00fcber das\u00a0<a href=\"https:\/\/www.urantia.org\/de\/das-urantia-buch\/teil-iv-das-leben-und-die-lehren-jesu\" target=\"_blank\" rel=\"noopener noreferrer\"><strong>Leben und die Lehren von\u00a0<em>Jesus<\/em><\/strong><\/a>.<br \/>\n(Quelle: Theoquest &amp; Education Committee)<\/p>\n<hr \/>\n<p>(Alle obigen Texte entnommen von der\u00a0<strong><a href=\"https:\/\/www.urantia.org\/de\" target=\"_blank\" rel=\"noopener noreferrer\">Webseite der\u00a0<em>Urantia Foundation<\/em><\/a><\/strong>)<\/p>\n<p><em><strong>Das Urantia Buch<\/strong><\/em>\u00a0umfasst (in physischer Form)\u00a0<strong>2096 Seiten<\/strong>\u00a0und ist in\u00a0<strong>4 Teile<\/strong>\u00a0gegliedert, die wiederum in\u00a0<strong>196 Schriften<\/strong>\u00a0aufgeteilt sind.<\/p>\n<p><a href=\"https:\/\/www.urantia.org\/de\/das-urantia-buch\/vorwort\" target=\"_blank\" rel=\"noopener noreferrer\"><strong>VORWORT<\/strong><\/a><br \/>\n<a href=\"https:\/\/www.urantia.org\/de\/das-urantia-buch\/teil-i-das-zentraluniversum-und-superuniversen\" target=\"_blank\" rel=\"noopener noreferrer\"><strong>TEIL I: DAS ZENTRALUNIVERSUM UND DIE SUPERUNIVERSEN<\/strong><\/a><br \/>\n<a href=\"https:\/\/www.urantia.org\/de\/das-urantia-buch\/teil-ii-das-lokaluniversum\" target=\"_blank\" rel=\"noopener noreferrer\"><strong>TEIL II: DAS LOKALUNIVERSUM<\/strong><\/a><br \/>\n<a href=\"https:\/\/www.urantia.org\/de\/das-urantia-buch\/teil-iii-die-geschichte-urantias\" target=\"_blank\" rel=\"noopener noreferrer\"><strong>TEIL III: DIE GESCHICHTE URANTIAS<\/strong><\/a><br \/>\n<a href=\"https:\/\/www.urantia.org\/de\/das-urantia-buch\/teil-iv-das-leben-und-die-lehren-jesu\" target=\"_blank\" rel=\"noopener noreferrer\"><strong>TEIL IV: DAS LEBEN UND DIE LEHREN JESU<\/strong><\/a><\/p>\n<p>&nbsp;<\/p>\n<h3><span style=\"color: #0000ff;\"><strong>Ressourcen:<\/strong><\/span><\/h3>\n<p><a href=\"https:\/\/www.urantia.org\/de\/\">https:\/\/www.urantia.org\/de\/<\/a><\/p>\n<p><a href=\"https:\/\/dach.urantia-association.org\">dach.urantia-association.org<\/a><\/p>\n<p><strong>Abonniere die t\u00e4glichen Inspirationen: Gedanken zum Nachdenken<\/strong><\/p>\n","protected":false},"excerpt":{"rendered":"<p>Das Urantia Buch, das erstmals 1955 von der\u00a0Urantia Foundation\u00a0in englischer Sprache ver\u00f6ffentlicht wurde, zeigt uns den\u00a0Ursprung, die Geschichte und das Schicksal der Menschheit. Es beantwortet Fragen \u00fcber\u00a0Gott, das\u00a0Leben im bewohnten Universum, die\u00a0Geschichte und Zukunft dieser Welt\u00a0und enth\u00e4lt eine erhebende Erz\u00e4hlung \u00fcber\u00a0das Leben und die Lehren Jesu. Das Urantia Buch\u00a0zeigt unsere\u00a0Beziehung zu Gott dem Vater. Alle [&hellip;]<\/p>\n","protected":false},"author":1,"featured_media":0,"parent":2230,"menu_order":0,"comment_status":"closed","ping_status":"closed","template":"members-style1-nosidebar.php","meta":{"footnotes":"","_links_to":"","_links_to_target":""},"class_list":["post-3269","page","type-page","status-publish","hentry"],"_links":{"self":[{"href":"https:\/\/reich-sein.eu\/club\/wp-json\/wp\/v2\/pages\/3269","targetHints":{"allow":["GET"]}}],"collection":[{"href":"https:\/\/reich-sein.eu\/club\/wp-json\/wp\/v2\/pages"}],"about":[{"href":"https:\/\/reich-sein.eu\/club\/wp-json\/wp\/v2\/types\/page"}],"author":[{"embeddable":true,"href":"https:\/\/reich-sein.eu\/club\/wp-json\/wp\/v2\/users\/1"}],"replies":[{"embeddable":true,"href":"https:\/\/reich-sein.eu\/club\/wp-json\/wp\/v2\/comments?post=3269"}],"version-history":[{"count":6,"href":"https:\/\/reich-sein.eu\/club\/wp-json\/wp\/v2\/pages\/3269\/revisions"}],"predecessor-version":[{"id":3666,"href":"https:\/\/reich-sein.eu\/club\/wp-json\/wp\/v2\/pages\/3269\/revisions\/3666"}],"up":[{"embeddable":true,"href":"https:\/\/reich-sein.eu\/club\/wp-json\/wp\/v2\/pages\/2230"}],"wp:attachment":[{"href":"https:\/\/reich-sein.eu\/club\/wp-json\/wp\/v2\/media?parent=3269"}],"curies":[{"name":"wp","href":"https:\/\/api.w.org\/{rel}","templated":true}]}}