{"id":3333,"date":"2022-09-21T09:28:04","date_gmt":"2022-09-21T07:28:04","guid":{"rendered":"http:\/\/reich-sein.eu\/club\/?page_id=3333"},"modified":"2022-11-28T17:54:07","modified_gmt":"2022-11-28T15:54:07","slug":"meditieren","status":"publish","type":"page","link":"https:\/\/reich-sein.eu\/club\/mittel\/meditieren\/","title":{"rendered":"Meditieren"},"content":{"rendered":"<h2><span style=\"color: #0000ff;\"><strong>Meditieren, Meditation<\/strong><\/span><\/h2>\n<p>Ein Sch\u00fcler fragte seinen Meister, wie er meditieren solle. Schlie\u00dflich antwortete der Meister:\u00a0<em>&#8222;Es ist so: Wennn ein vergangener Gedanke aufgeh\u00f6rt hat und ein zuk\u00fcnftiger Gedanke noch nicht entstanden ist, gibt es da nicht eine L\u00fccke?&#8220; &#8211; \u00a0&#8222;Ja&#8220;, sagte der Sch\u00fcler. &#8211;\u00a0&#8222;Nun gut, verl\u00e4ngere sie! Das ist Meditation.&#8220;<\/em><\/p>\n<p><em>&#8222;Es gibt tausend und eine falsche Vorstellung von Meditation, die in der ganzen Welt verbreitet ist. Meditation ist sehr einfach: Sie ist nichts anderes als <strong><span style=\"color: #0000ff;\">Bewusstsein.<\/span><\/strong><\/em><\/p>\n<p><em>Es geht nicht darum, Psalmen zu singen, ein Mantra oder einen Rosenkranz zu benutzen. Das sind hypnotische Methoden; sie k\u00f6nnen Ihnen eine Art Ruhe verschaffen &#8211; und gegen diese Ruhe ist nichts einzuwenden; es ist in Ordnung, wenn Sie nur versuchen, sich zu entspannen.<\/em><\/p>\n<p><em>Jede hypnotische Methode kann helfen, aber wenn Sie die Wahrheit wissen wollen, dann reicht das nicht aus.<\/em><\/p>\n<p><em>Meditation bedeutet einfach, dass Sie Ihr <strong><span style=\"color: #0000ff;\">Unterbewusstsein in Bewusstsein umwandeln<\/span><\/strong>. Normalerweise ist nur ein Zehntel unseres Geistes bewusst, neun Zehntel sind unbewusst. Nur ein kleiner Teil unseres Geistes hat Licht, eine d\u00fcnne Schicht; ansonsten ist das ganze Haus in Dunkelheit getaucht.<\/em><\/p>\n<p><em>Die Herausforderung besteht darin, d<strong><span style=\"color: #0000ff;\">ieses kleine Licht so stark zu vergr\u00f6\u00dfern, dass das ganze Haus erhellt wird, ohne dass ein einziger Winkel im Dunkeln bleibt.<\/span><\/strong><\/em><\/p>\n<p><em>Es h\u00e4ngt alles von Ihnen ab.&#8220;\u00a0<\/em>(OSHO)<\/p>\n<p><span style=\"color: #0000ff;\"><strong><em>&#8222;Wenn du denkst, meditierst du nicht. Wenn du meditierst, denkst du nicht.\u201c\u00a0<\/em><\/strong><\/span><\/p>\n<p>Meditation ist etwas, das vielen Menschen sehr schwerf\u00e4llt.<\/p>\n<p>Der Grund ist oft, dass jemand nicht wei\u00df, was Meditation eigentlich ist und wie er Meditieren sollte.<\/p>\n<p>Die meisten Menschen verbinden damit stundenlanges Ausharren im Lotussitz und das strikte Beobachten des eigenen K\u00f6rpers, um irgendwann endlich einen meditativen Zustand zu erreichen.<\/p>\n<p>Doch Meditation ist noch viel mehr als das, oder richtiger: viel weniger!<\/p>\n<p>Aber was genau ist eigentlich Meditation?<\/p>\n<p>Kann jeder meditieren?<\/p>\n<p>Welche Vorteile bietet dieser \u201cspezielle Ruhezustand\u201d, und warum ist es daf\u00fcr so wichtig, das Ego zu umgehen?<\/p>\n<p>Im Zentrum der Meditation liegt die<b>\u00a0Verbindung zu Deinem h\u00f6heren Selbst.\u00a0<\/b><\/p>\n<div class=\"elementor-element elementor-element-39dc884 elementor-widget elementor-widget-heading\" data-id=\"39dc884\" data-element_type=\"widget\" data-widget_type=\"heading.default\">\n<div class=\"elementor-widget-container\">\n<h3 class=\"elementor-heading-title elementor-size-default\"><span style=\"color: #0000ff;\"><strong>Die Meditation:<\/strong><\/span><\/h3>\n<\/div>\n<\/div>\n<div class=\"elementor-element elementor-element-78678f7 elementor-icon-list--layout-traditional elementor-list-item-link-full_width elementor-widget elementor-widget-icon-list\" data-id=\"78678f7\" data-element_type=\"widget\" data-widget_type=\"icon-list.default\">\n<div class=\"elementor-widget-container\">\n<ul class=\"elementor-icon-list-items\">\n<li class=\"elementor-icon-list-item\"><i class=\"fas fa-circle\" aria-hidden=\"true\"><\/i><span class=\"elementor-icon-list-text\">bringt mehr Klarheit, Fokus und Energie<\/span><\/li>\n<li class=\"elementor-icon-list-item\"><i class=\"fas fa-circle\" aria-hidden=\"true\"><\/i><span class=\"elementor-icon-list-text\">sorgt f\u00fcr tiefe Entspannung und Absinken des Stresshormonspiegels<\/span><\/li>\n<li class=\"elementor-icon-list-item\"><i class=\"fas fa-circle\" aria-hidden=\"true\"><\/i><span class=\"elementor-icon-list-text\">hat eine gesundheitsf\u00f6rderliche Wirkung f\u00fcr K\u00f6rper, Geist und Seele<\/span><\/li>\n<li class=\"elementor-icon-list-item\"><i class=\"fas fa-circle\" aria-hidden=\"true\"><\/i><span class=\"elementor-icon-list-text\">verbessert die Schlafqualit\u00e4t<\/span><\/li>\n<li class=\"elementor-icon-list-item\"><i class=\"fas fa-circle\" aria-hidden=\"true\"><\/i><span class=\"elementor-icon-list-text\">sorgt f\u00fcr innere Zufriedenheit, Klarheit und noch so viel mehr\u2026<\/span><\/li>\n<li class=\"elementor-icon-list-item\"><i class=\"fas fa-circle\" aria-hidden=\"true\"><\/i><span class=\"elementor-icon-list-text\">verst\u00e4rkt positive Emotionen und die Denkleistung<\/span><\/li>\n<li class=\"elementor-icon-list-item\"><i class=\"fas fa-circle\" aria-hidden=\"true\"><\/i><span class=\"elementor-icon-list-text\">verbindet mit dem h\u00f6heren Selbst,<\/span><\/li>\n<\/ul>\n<h3><span style=\"color: #0000ff;\"><strong>Regelm\u00e4\u00dfige Meditation, der Weg nach Innen<\/strong><\/span><\/h3>\n<p>\u2026 das ist ein zentraler Pfeiler einer klugen Lebenspraxis \u2013 vielleicht sogar das wichtigste Element.<\/p>\n<p>Die Vorteile der Praxis liegen auf der Hand und sind uns \u00fcber Jahrhunderte hinweg immer wieder von den verschiedenen Traditionen \u00fcberliefert worden.<br \/>\nWissenschaftliche Untersuchungen der positiven Effekte von Meditation kommen zu \u00e4hnlichen Schl\u00fcssen \u00fcber die Vorteile dieser Praxis.<br \/>\nWenn es eine zuverl\u00e4ssige Methode gibt, um unser inneres Wachstum zu beschleunigen, dann ist es Meditation.<\/p>\n<h3><span style=\"color: #0000ff;\"><strong>Gehe in ungew\u00f6hnlich tiefe Meditation in Rekordzeit<\/strong><\/span><\/h3>\n<p>Und doch k\u00e4mpfen viele von uns immer wieder damit, eine t\u00e4gliche Praxis aufrecht zu erhalten. Meditation scheint f\u00fcr viele von uns ein m\u00fchsamer und steiniger Weg zu sein, der uns (zu) viel Zeit, Geduld und Disziplin abverlangt.<br \/>\nWie w\u00e4re es, wenn es eine Technologie g\u00e4be, die uns erm\u00f6glicht innerhalb weniger Minuten eine Meditationstiefe zu erreichen, die sich gew\u00f6hnlich erst nach einigen Jahrzehnten disziplinierter Praxis einstellt?<\/p>\n<h3><span style=\"color: #0000ff;\"><strong>Meditation mit \u201eProfound Meditation Program\u201c (PMP)<\/strong><\/span><\/h3>\n<p>Das\u00a0<strong>\u201e<a href=\"https:\/\/www.iawaketechnologies.com\/profound-meditation-program\/?a_aid=woba\">Profound Meditation Program (PMP)<\/a>\u201c<\/strong>\u00a0ist ein ideales Tool f\u00fcr eine Integrale Lebenspraxis, weil es Effekte in allen vier Modulen erreicht:<\/p>\n<ol>\n<li><span style=\"color: #0000ff;\"><strong>Body (K\u00f6rper):\u00a0<\/strong>PMP trainiert das Gehirn, erzeugt neue neuronale Verbindungen<\/span><\/li>\n<li><span style=\"color: #0000ff;\"><strong>Mind (Verstand):\u00a0<\/strong>PMP erh\u00f6ht die geistige Klarheit, Fokus und Konzentration<\/span><\/li>\n<li><span style=\"color: #0000ff;\"><strong>Spirit (GEIST):<\/strong>\u00a0PMP f\u00fchrt in tiefe spirituelle Bewusstseinszust\u00e4nde<\/span><\/li>\n<li><span style=\"color: #0000ff;\"><strong>Shadow (Schatten):<\/strong>\u00a0PMP bringt verdr\u00e4ngtes psychisches Material an die Oberfl\u00e4che und macht es der Bearbeitung zug\u00e4nglich<\/span><\/li>\n<\/ol>\n<p>Profund Meditation unterst\u00fctzt Dein Wachstum und Deine tiefere Verwirklichung durch Gehirnwellen-Muster und Biofeld-Zust\u00e4nde, wie sie bei fortgeschrittenen Meditierenden, bei\u00a0Ausnahmek\u00f6nnern und kreativen Genies auftreten. Dazu geh\u00f6ren auch die schwer erfassbaren Gehirnwellen-Muster hochentwickelter Zust\u00e4nde (Evolved Mind), wie sie von Maxwell Cade entdeckt wurden.<\/p>\n<p><a href=\"https:\/\/www.iawaketechnologies.com\/profound-meditation-program\/?a_aid=woba\"><img loading=\"lazy\" decoding=\"async\" class=\"alignnone wp-image-15247 ls-is-cached lazyloaded\" src=\"http:\/\/life-coaching-club.com\/wp-content\/uploads\/2015\/01\/profoundmeditationprogram.png\" sizes=\"auto, (max-width: 500px) 100vw, 500px\" srcset=\"https:\/\/life-coaching-club.com\/wp-content\/uploads\/2015\/01\/profoundmeditationprogram.png 581w, https:\/\/life-coaching-club.com\/wp-content\/uploads\/2015\/01\/profoundmeditationprogram-300x270.png 300w\" alt=\"Meditation\" width=\"500\" height=\"450\" data-srcset=\"https:\/\/life-coaching-club.com\/wp-content\/uploads\/2015\/01\/profoundmeditationprogram.png 581w, https:\/\/life-coaching-club.com\/wp-content\/uploads\/2015\/01\/profoundmeditationprogram-300x270.png 300w\" data-src=\"http:\/\/life-coaching-club.com\/wp-content\/uploads\/2015\/01\/profoundmeditationprogram.png\" \/><\/a><br \/>\n<strong><a href=\"https:\/\/www.iawaketechnologies.com\/profound-meditation-program\/?a_aid=woba\">Dies ist meine Empfehlung f\u00fcr Deinen modernsten Weg nach innen, in Meditation:<\/a><\/strong><\/p>\n<h3><a href=\"https:\/\/www.iawaketechnologies.com\/profound-meditation-program\/?a_aid=woba\"><strong>iawaketechnologies.com:\u00a0<\/strong><\/a><a style=\"font-size: 16px;\" href=\"https:\/\/www.iawaketechnologies.com\/profound-meditation-program\/\">Profound Meditation Program 3.0<\/a><\/h3>\n<\/div>\n<\/div>\n<h3><span style=\"color: #0000ff;\"><strong>Nicht-gef\u00fchrte Meditation<\/strong><\/span><\/h3>\n<p>Meditation ist einfacher (und schwieriger) als die meisten Menschen denken.<\/p>\n<p>Lese diese Schritte, stelle sicher, dass Du Dich an einem Ort befindest, an dem Du Dich in diesem Prozess entspannen kannst, stelle am besten einen &#8222;Timer&#8220; (Wecker) ein und probiere es aus:<\/p>\n<p><strong>1) Nimm Platz<\/strong><br \/>\nFinde einen Platz zum Sitzen, der sich f\u00fcr Dich ruhig und still anf\u00fchlt.<\/p>\n<p><strong>2) Lege eine Zeitbegrenzung fest<\/strong> (z.B. 20 Min., 30 Min., 60 Minuten)<br \/>\nWenn Du gerade erst anf\u00e4ngst, kann es hilfreich sein, eine kurze Zeit zu w\u00e4hlen, z. B. f\u00fcnf oder zehn Minuten.<\/p>\n<p><strong>3) Nimm Deinen K\u00f6rper wahr<\/strong><br \/>\nDu kannst mit den F\u00fc\u00dfen auf dem Boden auf einem Stuhl sitzen, Du kannst locker mit gekreuzten Beinen auf dem Hintern sitzen, Du kannstknien \u2013 alles ist in Ordnung. Stelle nur sicher, dass Du stabil und in einer Position bist, in der Du eine Weile bleiben kannst.<\/p>\n<p><strong>4) Sp\u00fcre Deinen Atem<\/strong><br \/>\nFolge mit Deiner Aufmerksamkeit der Bewegung Deines Atems, wie er ein- und ausstr\u00f6mt.<\/p>\n<p><strong>5) Beachte, wenn Deine Gedanken abgeschweift sind<\/strong><br \/>\nUnweigerlich wird Deine Aufmerksamkeit den Atem verlassen und an andere Orte wandern. Wenn Du bemerkst, dass Dein Geist abgeschweift ist \u2013 in ein paar Sekunden, einer Minute, f\u00fcnf Minuten \u2013 lenke Deine Aufmerksamkeit einfach wieder auf den Atem.<\/p>\n<p><strong>6) Sei freundlich zu Deinem wandernden Geist<\/strong><br \/>\nBeurteile Dich nicht selbst und sei nicht besessen vom Inhalt der Gedanken, in denen du Dich verloren f\u00fchlst. Komm einfach zur\u00fcck.<\/p>\n<p><strong>7) Beende mit Freundlichkeit<\/strong><br \/>\nWenn Du bereit bist, hebe sanft Deinen Blick (wenn Deine Augen geschlossen sind, \u00f6ffne sie). Nimm Dir einen Moment Zeit und nimm alle Ger\u00e4usche in der Umgebung wahr. Nimm wahr, wie sich Dein K\u00f6rper gerade anf\u00fchlt. Achte auf Deine Gedanken und Emotionen.<\/p>\n<p>Das ist es! Das ist die Praxis.<\/p>\n<ul>\n<li>Du konzentrierst Deine Aufmerksamkeit,<\/li>\n<li>Deine Gedanken schweifen ab.<\/li>\n<li>Du bringst sie zur\u00fcck und<\/li>\n<li>Du\u00a0versuchst, es so freundlich wie m\u00f6glich zu tun und so oft wie n\u00f6tig.<\/li>\n<\/ul>\n<p>&nbsp;<\/p>\n<h2><span style=\"color: #0000ff;\"><strong>Gef\u00fchrte Meditationen<\/strong><\/span><\/h2>\n<p class=\"title style-scope ytd-video-primary-info-renderer\"><span style=\"color: #0000ff;\"><strong>Aufl\u00f6sung Deines Ego<\/strong><\/span><\/p>\n<p><iframe loading=\"lazy\" title=\"YouTube video player\" src=\"https:\/\/www.youtube-nocookie.com\/embed\/PUJV2jnS-xE\" width=\"560\" height=\"315\" frameborder=\"0\" allowfullscreen=\"allowfullscreen\"><\/iframe><\/p>\n<p class=\"title style-scope ytd-video-primary-info-renderer\"><span style=\"color: #0000ff;\"><strong>MEDITATION: VERBINDUNG mit dem URQUELL des SEINS \u2013 HEILUNG &amp; TRANSFORMATION der ERDE<\/strong><\/span><\/p>\n<p><iframe loading=\"lazy\" title=\"YouTube video player\" src=\"https:\/\/www.youtube.com\/embed\/-MNg44XyPE8\" width=\"560\" height=\"315\" frameborder=\"0\" allowfullscreen=\"allowfullscreen\"><\/iframe><\/p>\n","protected":false},"excerpt":{"rendered":"<p>Meditieren, Meditation Ein Sch\u00fcler fragte seinen Meister, wie er meditieren solle. Schlie\u00dflich antwortete der Meister:\u00a0&#8222;Es ist so: Wennn ein vergangener Gedanke aufgeh\u00f6rt hat und ein zuk\u00fcnftiger Gedanke noch nicht entstanden ist, gibt es da nicht eine L\u00fccke?&#8220; &#8211; \u00a0&#8222;Ja&#8220;, sagte der Sch\u00fcler. &#8211;\u00a0&#8222;Nun gut, verl\u00e4ngere sie! Das ist Meditation.&#8220; &#8222;Es gibt tausend und eine falsche [&hellip;]<\/p>\n","protected":false},"author":1,"featured_media":0,"parent":5069,"menu_order":0,"comment_status":"closed","ping_status":"closed","template":"members-style1-nosidebar.php","meta":{"footnotes":"","_links_to":"","_links_to_target":""},"class_list":["post-3333","page","type-page","status-publish","hentry"],"_links":{"self":[{"href":"https:\/\/reich-sein.eu\/club\/wp-json\/wp\/v2\/pages\/3333","targetHints":{"allow":["GET"]}}],"collection":[{"href":"https:\/\/reich-sein.eu\/club\/wp-json\/wp\/v2\/pages"}],"about":[{"href":"https:\/\/reich-sein.eu\/club\/wp-json\/wp\/v2\/types\/page"}],"author":[{"embeddable":true,"href":"https:\/\/reich-sein.eu\/club\/wp-json\/wp\/v2\/users\/1"}],"replies":[{"embeddable":true,"href":"https:\/\/reich-sein.eu\/club\/wp-json\/wp\/v2\/comments?post=3333"}],"version-history":[{"count":12,"href":"https:\/\/reich-sein.eu\/club\/wp-json\/wp\/v2\/pages\/3333\/revisions"}],"predecessor-version":[{"id":5166,"href":"https:\/\/reich-sein.eu\/club\/wp-json\/wp\/v2\/pages\/3333\/revisions\/5166"}],"up":[{"embeddable":true,"href":"https:\/\/reich-sein.eu\/club\/wp-json\/wp\/v2\/pages\/5069"}],"wp:attachment":[{"href":"https:\/\/reich-sein.eu\/club\/wp-json\/wp\/v2\/media?parent=3333"}],"curies":[{"name":"wp","href":"https:\/\/api.w.org\/{rel}","templated":true}]}}