{"id":3337,"date":"2022-09-21T09:31:54","date_gmt":"2022-09-21T07:31:54","guid":{"rendered":"http:\/\/reich-sein.eu\/club\/?page_id=3337"},"modified":"2022-11-24T15:13:31","modified_gmt":"2022-11-24T13:13:31","slug":"hoeren","status":"publish","type":"page","link":"https:\/\/reich-sein.eu\/club\/mittel\/hoeren\/","title":{"rendered":"H\u00f6ren"},"content":{"rendered":"<p><em><strong>Wer nicht h\u00f6ren will, mu\u00df f\u00fchlen.<\/strong><\/em><\/p>\n<p>(Wer\u00a0nicht\u00a0gehorcht, wird die unangenehmen Folgen zu sp\u00fcren bekommen.)<\/p>\n<p><em><a href=\"https:\/\/www.redensarten-index.de\/suche.php?suchbegriff=Wer%20nicht%20h%C3%B6ren%20will%20muss%20f%C3%BChlen&amp;gawoe=an&amp;sp1=rart_varianten_ou&amp;von=vliste\">Sprichwort; Das Verb &#8222;<b>h\u00f6ren<\/b>&#8220; bedeutet hier &#8222;<strong>gehorchen, den Rat eines anderen befolgen<\/strong>&#8222;<\/a>. Dieses alte &#8222;p\u00e4dagogische&#8220; Sprichwort sagte man oft auch zur Androhung von Pr\u00fcgel, wenn das Kind\u00a0<b>nicht<\/b>\u00a0gehorchte. Das autorit\u00e4re Erziehungskonzept findet sich insbesondere im &#8222;Struwwelpeter&#8220; aus dem Jahr 1845 (vergleiche &#8222;<a href=\"https:\/\/www.redensarten-index.de\/suche.php?suchbegriff=mit%20dem%20Feuer%20spielen&amp;bool=relevanz&amp;gawoe=an&amp;sp1=rart_varianten_ou&amp;von=erg\" target=\"_blank\" rel=\"noopener\">mit dem Feuer spielen<\/a>&#8222;).<\/em><br \/>\n<em>Die elterliche Pr\u00fcgelstrafe ist l\u00e4ngst\u00a0<b>nicht<\/b>\u00a0mehr zeitgem\u00e4\u00df und seit dem Jahr 2000 in Deutschland verboten, sodass das Sprichwort heute nur noch in allgemeinerer Bedeutung verwendet wird, etwa wenn man den Rat anderer ignoriert oder Regeln missachtet hat und dadurch Probleme bekommt.<\/em><\/p>\n<p>Es ist mindestens seit 1700 schriftlich belegt<\/p>\n<p><a href=\"https:\/\/dm-harmonics.com\/intuition-lass-dein-unterbewusstsein-mit-dir-sprechen-glueck-und-persoenlichkeitsentwicklung-blog\/\">Die Macht der Intuition \u2013 lass dein Unterbewusstsein mit dir sprechen<\/a><\/p>\n","protected":false},"excerpt":{"rendered":"<p>Wer nicht h\u00f6ren will, mu\u00df f\u00fchlen. (Wer\u00a0nicht\u00a0gehorcht, wird die unangenehmen Folgen zu sp\u00fcren bekommen.) Sprichwort; Das Verb &#8222;h\u00f6ren&#8220; bedeutet hier &#8222;gehorchen, den Rat eines anderen befolgen&#8222;. Dieses alte &#8222;p\u00e4dagogische&#8220; Sprichwort sagte man oft auch zur Androhung von Pr\u00fcgel, wenn das Kind\u00a0nicht\u00a0gehorchte. Das autorit\u00e4re Erziehungskonzept findet sich insbesondere im &#8222;Struwwelpeter&#8220; aus dem Jahr 1845 (vergleiche &#8222;mit [&hellip;]<\/p>\n","protected":false},"author":1,"featured_media":0,"parent":5069,"menu_order":0,"comment_status":"closed","ping_status":"closed","template":"members-style1-nosidebar.php","meta":{"footnotes":"","_links_to":"","_links_to_target":""},"class_list":["post-3337","page","type-page","status-publish","hentry"],"_links":{"self":[{"href":"https:\/\/reich-sein.eu\/club\/wp-json\/wp\/v2\/pages\/3337","targetHints":{"allow":["GET"]}}],"collection":[{"href":"https:\/\/reich-sein.eu\/club\/wp-json\/wp\/v2\/pages"}],"about":[{"href":"https:\/\/reich-sein.eu\/club\/wp-json\/wp\/v2\/types\/page"}],"author":[{"embeddable":true,"href":"https:\/\/reich-sein.eu\/club\/wp-json\/wp\/v2\/users\/1"}],"replies":[{"embeddable":true,"href":"https:\/\/reich-sein.eu\/club\/wp-json\/wp\/v2\/comments?post=3337"}],"version-history":[{"count":5,"href":"https:\/\/reich-sein.eu\/club\/wp-json\/wp\/v2\/pages\/3337\/revisions"}],"predecessor-version":[{"id":3419,"href":"https:\/\/reich-sein.eu\/club\/wp-json\/wp\/v2\/pages\/3337\/revisions\/3419"}],"up":[{"embeddable":true,"href":"https:\/\/reich-sein.eu\/club\/wp-json\/wp\/v2\/pages\/5069"}],"wp:attachment":[{"href":"https:\/\/reich-sein.eu\/club\/wp-json\/wp\/v2\/media?parent=3337"}],"curies":[{"name":"wp","href":"https:\/\/api.w.org\/{rel}","templated":true}]}}