{"id":3410,"date":"2022-09-24T09:35:08","date_gmt":"2022-09-24T07:35:08","guid":{"rendered":"http:\/\/reich-sein.eu\/club\/?page_id=3410"},"modified":"2022-11-24T16:02:38","modified_gmt":"2022-11-24T14:02:38","slug":"vernunft","status":"publish","type":"page","link":"https:\/\/reich-sein.eu\/club\/mittel\/vernunft\/","title":{"rendered":"Vernunft"},"content":{"rendered":"<h2><span style=\"color: #0000ff;\"><strong>Vernunft<\/strong><\/span><\/h2>\n<div class=\"description\">\n<div class=\"clearfix text-formatted field field--name-body field--type-text-with-summary field--label-hidden field__item\">\n<p>Vom lat.\u00a0<em>ratio<\/em>, \u201eKalk\u00fcl, Berechnung\u201c (dt. rational). Die Vernunft ist eine Art des Denkens, die es dem menschlichen Geist erlaubt, seine Bez\u00fcge zur Realit\u00e4t zu organisieren. F\u00fcr Aristoteles ist sie die herausragende F\u00e4higkeit des Menschen, die ihn als\u00a0<em>zoon logikon<\/em>\u00a0(\u201evernunftbegabtes Tier\u201c) definiert. F\u00fcr Descartes ist sie die F\u00e4higkeit, \u201erichtig zu urteilen und die Wahrheit von der Unwahrheit zu unterscheiden\u201c, und er h\u00e4lt sie f\u00fcr \u201evon Natur aus bei allen Menschen gleich\u201c, gleichzusetzen mit dem \u201egesunden Menschenverstand\u201c (<em>Abhandlung \u00fcber die Methode<\/em>). F\u00fcr Leibniz, der in diesem Zusammenhang vom \u201eSatz vom zureichenden Grund\u201c spricht, sie die notwendige Ursache f\u00fcr alles, was existiert. Kant definiert sie als Verm\u00f6gen der Prinzipien (und nicht der Begriffe, die er f\u00fcr den Verstand vorsieht): sie erlaubt es, \u00fcber metaphysische Ideen zu spekulieren (wie die Seele oder Gott) und die Moral zu begr\u00fcnden; wobei die reine Vernunft von selbst entdeckt, dass sie eine praktische Bestimmung hat. Im Zeitalter der Aufkl\u00e4rung wird sie als das Instrument des Fortschritts betrachtet, steht jedoch seit Beginn des 19. Jahrhunderts im Zentrum der Kritik philosophischer Debatten. Die Romantiker sch\u00e4tzen das Gef\u00fchl h\u00f6her und halten es ihr entgegen, Nietzsche den K\u00f6rper, Bergson den Geist. Im 20. Jahrhundert sind die Freudomarxisten der Frankfurter Schule der Auffassung, die Vernunft habe ihre emanzipatorischen Versprechen nicht gehalten. In politischer Hinsicht gibt es seit dem 16. Jahrhundert den Begriff der Staats<em>raison<\/em>, der der Idee nach auf Machiavelli zur\u00fcckgeht und\u00a0durch den\u00a0ausgedr\u00fcckt werden soll, dass der Staat seine eigenen Interessen verfolgen darf; auch unter Einsatz von Mitteln, die das Recht und die Moral missbilligen.<\/p>\n<p>https:\/\/www.philomag.de\/lexikon\/vernunft<\/p>\n<\/div>\n<\/div>\n","protected":false},"excerpt":{"rendered":"<p>Vernunft Vom lat.\u00a0ratio, \u201eKalk\u00fcl, Berechnung\u201c (dt. rational). Die Vernunft ist eine Art des Denkens, die es dem menschlichen Geist erlaubt, seine Bez\u00fcge zur Realit\u00e4t zu organisieren. F\u00fcr Aristoteles ist sie die herausragende F\u00e4higkeit des Menschen, die ihn als\u00a0zoon logikon\u00a0(\u201evernunftbegabtes Tier\u201c) definiert. F\u00fcr Descartes ist sie die F\u00e4higkeit, \u201erichtig zu urteilen und die Wahrheit von der [&hellip;]<\/p>\n","protected":false},"author":1,"featured_media":0,"parent":5069,"menu_order":0,"comment_status":"closed","ping_status":"closed","template":"members-style1-nosidebar.php","meta":{"footnotes":"","_links_to":"","_links_to_target":""},"class_list":["post-3410","page","type-page","status-publish","hentry"],"_links":{"self":[{"href":"https:\/\/reich-sein.eu\/club\/wp-json\/wp\/v2\/pages\/3410","targetHints":{"allow":["GET"]}}],"collection":[{"href":"https:\/\/reich-sein.eu\/club\/wp-json\/wp\/v2\/pages"}],"about":[{"href":"https:\/\/reich-sein.eu\/club\/wp-json\/wp\/v2\/types\/page"}],"author":[{"embeddable":true,"href":"https:\/\/reich-sein.eu\/club\/wp-json\/wp\/v2\/users\/1"}],"replies":[{"embeddable":true,"href":"https:\/\/reich-sein.eu\/club\/wp-json\/wp\/v2\/comments?post=3410"}],"version-history":[{"count":2,"href":"https:\/\/reich-sein.eu\/club\/wp-json\/wp\/v2\/pages\/3410\/revisions"}],"predecessor-version":[{"id":3412,"href":"https:\/\/reich-sein.eu\/club\/wp-json\/wp\/v2\/pages\/3410\/revisions\/3412"}],"up":[{"embeddable":true,"href":"https:\/\/reich-sein.eu\/club\/wp-json\/wp\/v2\/pages\/5069"}],"wp:attachment":[{"href":"https:\/\/reich-sein.eu\/club\/wp-json\/wp\/v2\/media?parent=3410"}],"curies":[{"name":"wp","href":"https:\/\/api.w.org\/{rel}","templated":true}]}}