{"id":3522,"date":"2022-09-27T17:09:35","date_gmt":"2022-09-27T15:09:35","guid":{"rendered":"http:\/\/reich-sein.eu\/club\/?page_id=3522"},"modified":"2022-11-24T15:53:41","modified_gmt":"2022-11-24T13:53:41","slug":"richtiger-schutz","status":"publish","type":"page","link":"https:\/\/reich-sein.eu\/club\/seins-dimensionen\/informieren\/richtiger-schutz\/","title":{"rendered":"Richtiger Schutz"},"content":{"rendered":"<h2><span style=\"color: #0000ff;\"><strong>Nutze alle R\u00fcstungen und Waffen, die Gott zur Verf\u00fcgung stellt.<\/strong><\/span><\/h2>\n<h3><strong><span style=\"color: #0000ff;\">G\u00f6ttliche Mittel zum Schutz vor satanischen Einfl\u00fcssen<\/span><\/strong><\/h3>\n<ul>\n<li>g\u00f6ttliche Verbindung<\/li>\n<li>Gerechtigkeit (Mitgef\u00fchl, N\u00e4chstenliebe)<\/li>\n<li>Glauben (Gott- und Selbst-Vertrauen)<\/li>\n<li>Wahrheit (Licht)<\/li>\n<li>g\u00f6ttlicher Geist<\/li>\n<li>g\u00f6ttliche Botschaft<\/li>\n<\/ul>\n<h3><span style=\"color: #0000ff;\"><strong>Die Waffenr\u00fcstung Gottes (Epheser 6,10-18)<\/strong><\/span><\/h3>\n<p><span style=\"color: #0000ff;\"><strong>(1) Helm des Heils und die Verbindung zur Leitstelle (das Gebet)<\/strong><\/span><\/p>\n<p><span style=\"color: #0000ff;\"><strong>(2) Brustpanzer der Gerechtigkeit<\/strong><\/span><\/p>\n<p><span style=\"color: #0000ff;\"><strong>(3) Schild des Glaubens<\/strong><\/span><\/p>\n<p><span style=\"color: #0000ff;\"><strong>(4) G\u00fcrtel der Wahrheit<\/strong><\/span><\/p>\n<p><span style=\"color: #0000ff;\"><strong>(5) Schwert des Geistes (Gottes Wort)<\/strong><\/span><\/p>\n<p><span style=\"color: #0000ff;\"><strong>(6) Schuhe der Bereitschaft, die gute Botschaft des Friedens Gottes weiterzutragen<\/strong><\/span><\/p>\n<p><a href=\"http:\/\/life-coaching-club.com\/nutze-alle-ruestungen-und-waffen-die-gott-zur-verfuegung-stellt\/ruestung-gottes1\/\" rel=\"attachment wp-att-22835\"><img loading=\"lazy\" decoding=\"async\" class=\"size-large wp-image-22835 alignnone lazyloaded\" src=\"http:\/\/life-coaching-club.com\/wp-content\/uploads\/2021\/07\/R%C3%BCstung-Gottes1-738x1024.jpg\" sizes=\"auto, (max-width: 505px) 100vw, 505px\" srcset=\"https:\/\/life-coaching-club.com\/wp-content\/uploads\/2021\/07\/R\u00fcstung-Gottes1-738x1024.jpg 738w, https:\/\/life-coaching-club.com\/wp-content\/uploads\/2021\/07\/R\u00fcstung-Gottes1-216x300.jpg 216w, https:\/\/life-coaching-club.com\/wp-content\/uploads\/2021\/07\/R\u00fcstung-Gottes1-768x1065.jpg 768w\" alt=\"\" width=\"505\" height=\"701\" data-srcset=\"https:\/\/life-coaching-club.com\/wp-content\/uploads\/2021\/07\/R\u00fcstung-Gottes1-738x1024.jpg 738w, https:\/\/life-coaching-club.com\/wp-content\/uploads\/2021\/07\/R\u00fcstung-Gottes1-216x300.jpg 216w, https:\/\/life-coaching-club.com\/wp-content\/uploads\/2021\/07\/R\u00fcstung-Gottes1-768x1065.jpg 768w\" data-src=\"http:\/\/life-coaching-club.com\/wp-content\/uploads\/2021\/07\/R\u00fcstung-Gottes1-738x1024.jpg\" \/><\/a><\/p>\n<h3><span style=\"color: #0000ff;\"><strong>Die geistliche Waffenr\u00fcstung<\/strong><\/span><\/h3>\n<p>10\u00a0Zuletzt: Seid stark in dem Herrn und in der Macht seiner St\u00e4rke.<\/p>\n<p>11\u00a0Zieht an die Waffenr\u00fcstung Gottes, damit ihr bestehen k\u00f6nnt gegen die listigen Anschl\u00e4ge des Teufels.<\/p>\n<p>12\u00a0Denn wir haben nicht mit Fleisch und Blut zu k\u00e4mpfen, sondern mit M\u00e4chtigen und Gewaltigen, mit den Herren der Welt, die \u00fcber diese Finsternis herrschen, mit den b\u00f6sen Geistern unter dem Himmel.<\/p>\n<p>13\u00a0Deshalb ergreift die Waffenr\u00fcstung Gottes, damit ihr an dem b\u00f6sen Tag Widerstand leisten und alles \u00fcberwinden und das Feld behalten k\u00f6nnt.<\/p>\n<p>14\u00a0So steht nun fest, umg\u00fcrtet an euren Lenden mit Wahrheit und angetan mit dem Panzer der Gerechtigkeit<\/p>\n<p>15\u00a0und beschuht an den F\u00fc\u00dfen, bereit f\u00fcr das Evangelium des Friedens.<\/p>\n<p>16\u00a0Vor allen Dingen aber ergreift den Schild des Glaubens, mit dem ihr ausl\u00f6schen k\u00f6nnt alle feurigen Pfeile des B\u00f6sen,<\/p>\n<p>17\u00a0und nehmt den Helm des Heils und das Schwert des Geistes, welches ist das Wort Gottes.<\/p>\n<p>18\u00a0Betet allezeit mit allem Bitten und Flehen im Geist und wacht dazu mit aller Beharrlichkeit und Flehen f\u00fcr alle Heiligen<\/p>\n<p>19\u00a0und f\u00fcr mich, dass mir das Wort gegeben werde, wenn ich meinen Mund auftue, freim\u00fctig das Geheimnis des Evangeliums zu verk\u00fcndigen,<\/p>\n<p>20\u00a0dessen Bote ich bin in Ketten, dass ich mit Freimut davon rede, wie ich es muss.<\/p>\n<p><strong>Die Waffenr\u00fcstung Gottes Epheser 6,10-18<\/strong><\/p>\n<p>(Die Bibel nach Martin Luthers \u00dcbersetzung, revidiert 2017, \u00a9 2016 Deutsche Bibelgesellschaft, Stuttgart)<\/p>\n<p>&nbsp;<\/p>\n<h3><span style=\"color: #0000ff;\"><strong>Q-3594 Die R\u00fcstung Gottes<\/strong><\/span><\/h3>\n<p><a href=\"https:\/\/t.me\/QAnonsGodWins\/1922\">https:\/\/t.me\/QAnonsGodWins\/1922<\/a><\/p>\n<p>Wer wenn nicht die G\u00f6tter k\u00f6nnen euch sagen wie man die G\u00f6ttliche R\u00fcstung anlegt!<\/p>\n<p><strong>Was ist die R\u00fcstung Gottes?<\/strong><\/p>\n<p><span style=\"color: #0000ff;\">Es ist ein Schutzschild aus Licht das durch die kosmischen Energie durch eure Zusammenarbeit mit Gott aktiviert wird.<\/span><\/p>\n<p>Mr. Mind nannte es den Unfickbarkeitsmodus oder die Kosmos-Direkt-Versicherung.<\/p>\n<p>Um diese R\u00fcstung anzulegen m\u00fcssen Sie sich <strong>von allen satanischen Indoktrinationen<\/strong> l\u00f6sen!<\/p>\n<p><strong>Mindestens 14 Tage!<\/strong><br \/>\n<strong>-Kein Fleisch<\/strong><br \/>\n<strong>-Kein Fisch<\/strong><br \/>\n<strong>-Kein Alkohol<\/strong><br \/>\n<strong>-Keine chemischen Drogen<\/strong><\/p>\n<p>Es wird ihnen helfen mal einen Joint zu rauchen.<br \/>\nDie G\u00f6tterpflanze heilt nicht nur Krebs sondern ist eine Hilfe f\u00fcr den Geist. (Keine Pflicht!!!)<\/p>\n<p>Sei schlie\u00dflich stark im Herrn und in seiner m\u00e4chtigen Macht. Ziehe die volle Waffenr\u00fcstung Gottes an, damit du gegen die Pl\u00e4ne des Teufels Stellung beziehen kannst. Denn unser Kampf ist nicht gegen Fleisch und Blut, sondern gegen die Herrscher, gegen die Obrigkeit, gegen die M\u00e4chte dieser dunklen Welt und gegen die geistigen M\u00e4chte des B\u00f6sen in den himmlischen Reichen. Deshalb ziehe die volle Waffenr\u00fcstung Gottes an, damit du, wenn der Tag des B\u00f6sen kommt, deinen Stand halten und, nachdem du alles getan hast, bestehen kannst. Stehen Sie also fest, mit dem G\u00fcrtel der Wahrheit um Ihre Taille geschnallt, mit dem Brustpanzer der Gerechtigkeit, an Ort und Stelle und mit den F\u00fc\u00dfen ausgestattet.<\/p>\n<p>Mit der Bereitschaft, die aus dem Evangelium des Friedens kommt. Nehmt au\u00dferdem den Schild des Glaubens, mit dem ihr alle brennenden Pfeile des B\u00f6sen ausl\u00f6schen k\u00f6nnt.<\/p>\n<p>Bereiten Sie sich vor.<br \/>\nF\u00fcr Gott &amp; Land.<br \/>\nF\u00fcr die Menschheit.<br \/>\nWir k\u00e4mpfen!<br \/>\nQ<\/p>\n<p>Bildquelle:\u00a0https:\/\/www.pinterest.de\/pin\/587860557585377235\/<\/p>\n","protected":false},"excerpt":{"rendered":"<p>Nutze alle R\u00fcstungen und Waffen, die Gott zur Verf\u00fcgung stellt. G\u00f6ttliche Mittel zum Schutz vor satanischen Einfl\u00fcssen g\u00f6ttliche Verbindung Gerechtigkeit (Mitgef\u00fchl, N\u00e4chstenliebe) Glauben (Gott- und Selbst-Vertrauen) Wahrheit (Licht) g\u00f6ttlicher Geist g\u00f6ttliche Botschaft Die Waffenr\u00fcstung Gottes (Epheser 6,10-18) (1) Helm des Heils und die Verbindung zur Leitstelle (das Gebet) (2) Brustpanzer der Gerechtigkeit (3) Schild des [&hellip;]<\/p>\n","protected":false},"author":1,"featured_media":0,"parent":1672,"menu_order":0,"comment_status":"closed","ping_status":"closed","template":"members-style1-nosidebar.php","meta":{"footnotes":"","_links_to":"","_links_to_target":""},"class_list":["post-3522","page","type-page","status-publish","hentry"],"_links":{"self":[{"href":"https:\/\/reich-sein.eu\/club\/wp-json\/wp\/v2\/pages\/3522","targetHints":{"allow":["GET"]}}],"collection":[{"href":"https:\/\/reich-sein.eu\/club\/wp-json\/wp\/v2\/pages"}],"about":[{"href":"https:\/\/reich-sein.eu\/club\/wp-json\/wp\/v2\/types\/page"}],"author":[{"embeddable":true,"href":"https:\/\/reich-sein.eu\/club\/wp-json\/wp\/v2\/users\/1"}],"replies":[{"embeddable":true,"href":"https:\/\/reich-sein.eu\/club\/wp-json\/wp\/v2\/comments?post=3522"}],"version-history":[{"count":8,"href":"https:\/\/reich-sein.eu\/club\/wp-json\/wp\/v2\/pages\/3522\/revisions"}],"predecessor-version":[{"id":3533,"href":"https:\/\/reich-sein.eu\/club\/wp-json\/wp\/v2\/pages\/3522\/revisions\/3533"}],"up":[{"embeddable":true,"href":"https:\/\/reich-sein.eu\/club\/wp-json\/wp\/v2\/pages\/1672"}],"wp:attachment":[{"href":"https:\/\/reich-sein.eu\/club\/wp-json\/wp\/v2\/media?parent=3522"}],"curies":[{"name":"wp","href":"https:\/\/api.w.org\/{rel}","templated":true}]}}