{"id":3550,"date":"2022-09-27T18:49:07","date_gmt":"2022-09-27T16:49:07","guid":{"rendered":"http:\/\/reich-sein.eu\/club\/?page_id=3550"},"modified":"2022-11-25T21:53:39","modified_gmt":"2022-11-25T19:53:39","slug":"12-goettliche-plejadische-gesetze","status":"publish","type":"page","link":"https:\/\/reich-sein.eu\/club\/manifestieren\/kurs-bewusstes-erschaffen\/12-goettliche-plejadische-gesetze\/","title":{"rendered":"12 g\u00f6ttliche plejadische Gesetze"},"content":{"rendered":"<h2 class=\"post-title entry-title\"><span style=\"color: #0000ff;\"><strong>MICHAEL LOVE: DIE 12 G\u00d6TTLICHEN PLEJADISCHEN GESETZE<\/strong><\/span><\/h2>\n<div id=\"post-body-649009311509412481\" class=\"post-body entry-content\">\n<p><a href=\"https:\/\/1.bp.blogspot.com\/-8fQFe9hiCJ4\/YUH4_VaS6YI\/AAAAAAABhfE\/i0nSLUSspAsxiSFEAVuMysyPnR2nwxLdQCLcBGAsYHQ\/s728\/242038441_2883100408605894_7651767075669494578_n.jpg\"><img loading=\"lazy\" decoding=\"async\" class=\" lazyloaded\" src=\"https:\/\/1.bp.blogspot.com\/-8fQFe9hiCJ4\/YUH4_VaS6YI\/AAAAAAABhfE\/i0nSLUSspAsxiSFEAVuMysyPnR2nwxLdQCLcBGAsYHQ\/w519-h292\/242038441_2883100408605894_7651767075669494578_n.jpg\" width=\"519\" height=\"292\" border=\"0\" data-original-height=\"410\" data-original-width=\"728\" data-src=\"https:\/\/1.bp.blogspot.com\/-8fQFe9hiCJ4\/YUH4_VaS6YI\/AAAAAAABhfE\/i0nSLUSspAsxiSFEAVuMysyPnR2nwxLdQCLcBGAsYHQ\/w519-h292\/242038441_2883100408605894_7651767075669494578_n.jpg\" \/><\/a><\/p>\n<p><b>VORWORT:<\/b><\/p>\n<p>EINE SPEZIELLE PLEJADISCHE BOTSCHAFT AN DIE STERNENSAATEN DER NEUEN ERDE, ZUR SOFORTIGEN PLANETARISCHEN AUSSTRAHLUNG\u2026<\/p>\n<p>DIE DATEN IN DIESER \u00dcBERTRAGUNG STAMMEN DIREKT AUS GECHANNELTEN INFORMATIONEN DER ERDALLIANZ UND AUS DEM ALTEN WISSEN DER MYSTERIEN SCHULEN, DAS VON DER GROSSEN WEISSEN BRUDERSCHAFT \u00dcBER DIE JAHRHUNDERTE WEITERGEGEBEN WURDE.<\/p>\n<p>DIESER SPEZIELLE GECHANNELTE DATENSTROM IST SO KODIERT, DASS ER EURE DNA AUF DEN H\u00d6CHSTEN EBENEN AKTIVIEREN WIRD!<\/p>\n<p>LEST DIE HIER PR\u00c4SENTIERTEN INFORMATIONEN EIN PAAR MAL DURCH UND MACHT EUCH DABEI EINIGE NOTIZEN, DAMIT DIESE G\u00d6TTLICHEN LEITLINIEN VOLLST\u00c4NDIG IN EUER WESEN INTEGRIERT WERDEN K\u00d6NNEN!<\/p>\n<p>WENN DU DAS TUST, VERSPRECHEN WIR DIR, DASS DAS LEBEN ERSTAUNLICH WIRD UND JEDER MOMENT EINE GROSSARTIGE ERFAHRUNG F\u00dcR DICH SEIN WIRD.<\/p>\n<p><i>BEGINN DER \u00dcBERTRAGUNG\u2026<\/i><\/p>\n<p><b>IHR GROSSARTIGEN,<\/b><\/p>\n<p>IM LAUFE DER ZEITALTER HABEN DIE PLEJADER GROSSE MENGEN AN WISSEN AUF DIE ERDE GEBRACHT, UM DIE MENSCHHEIT IN IHRER EVOLUTION ZU UNTERST\u00dcTZEN.<\/p>\n<p>ALLE GROSSEN WEISHEITEN UND LEHREN, DIE IN DEN ALTEN SPIRITUELLEN B\u00dcCHERN NIEDERGESCHRIEBEN, IN DEN MYSTISCHEN SCHULEN GELEHRT UND IN DER TECHNOLOGIE DER ERDE VERWENDET WURDEN, STAMMEN LETZTLICH VON DEN PLEJADERN.<\/p>\n<p>DIE PLEJADER SIND EINE HOCHENTWICKELTE ENGELSRASSE VON SCH\u00d6PFERWESEN, DIE KR\u00c4FTE UND F\u00c4HIGKEITEN BESITZEN, DIE F\u00dcR 3D-MENSCHEN WIE MAGIE ERSCHEINEN W\u00dcRDEN!<\/p>\n<p>DIE PLEJADER HABEN IHRE FORTGESCHRITTENEN EVOLUTIONSSTUFEN ERREICHT, INDEM SIE DIE NAT\u00dcRLICHEN UND G\u00d6TTLICHEN GESETZE DES UNIVERSUMS VERSTANDEN UND MIT IHNEN GEARBEITET HABEN!<\/p>\n<p>DIE PLEJADER SAGEN: <strong><span style=\"color: #0000ff;\">\u201e<i>KENNE ZUERST DAS GESETZ, DANN ARBEITE DARAN, ES JEDERZEIT EINZUHALTEN!<\/i>\u201c<\/span><\/strong><\/p>\n<p><strong><span style=\"color: #0000ff;\"><i>\u201eDIE GESETZE DES UNIVERSUMS ZU MEISTERN BEDEUTET, DAS SELBST ZU MEISTERN UND DANN DAS GESAMTE UNIVERSUM!\u201c<\/i><\/span><\/strong><\/p>\n<p>DIE QUANTENPHYSIK IST EINE FORTGESCHRITTENE PLEJADISCHE WISSENSCHAFT ZUM VERST\u00c4NDNIS DES UNIVERSUMS, UND OBWOHL VIELE DER WESEN AUF DER ERDE IHRE KONZEPTE VERSTEHEN, IST DIE 3D-VERSION NUR DIE SPITZE DES EISBERGS UND ES GIBT NOCH VIEL MEHR!<\/p>\n<p>DAS FORTGESCHRITTENE PLEJADISCHE WISSEN BESAGT, DASS DAS UNIVERSUM WIE EIN RIESIGES LEBENDES COMPUTERSYSTEM FUNKTIONIERT!<\/p>\n<p>ALLE SEINE KOMPONENTEN ERF\u00dcLLEN DIE GLEICHEN FUNKTIONEN WIE BESTIMMTE ELEKTRONISCHE UND ELEKTRISCHE GER\u00c4TE, NUR IN EINEM VIEL GR\u00d6SSEREN MASSSTAB!<\/p>\n<p>DIESES UNIVERSELLE COMPUTERSYSTEM IST SEHR EMPFINDUNGSF\u00c4HIG UND BEWUSST UND ARBEITET MIT ALLEN INFORMATIONEN IM UNIVERSUM UND HAT KEINE BEGRENZUNG F\u00dcR SEINE MACHT UND F\u00c4HIGKEITEN!<\/p>\n<p>DIE GESETZE DES UNIVERSUMS SIND DER PROGRAMMIERCODE, DER AUF DIESEM UNIVERSELLEN COMPUTERSYSTEM L\u00c4UFT!<\/p>\n<p>DIESE UNIVERSELLEN PROGRAMME FUNKTIONIEREN GENAU WIE ZEILEN EINES COMPUTERCODES, DER BESTIMMTE FUNKTIONEN AUSF\u00dcHRT UND DURCHF\u00dcHRT.<\/p>\n<p>DA JEDOCH JEDES GESETZ MIT ANDEREN UNIVERSELLEN GESETZEN VERBUNDEN IST, PR\u00dcFT ES, OB BESTIMMTE BEDINGUNGEN ERF\u00dcLLT SIND, WAS SICH DANN AUF DIE ENDG\u00dcLTIGE AUSGABE AUSWIRKT!<\/p>\n<p>WENN IHR DIE G\u00d6TTLICHEN GESETZE UNTEN LEST, VERSUCHT ZU ERKENNEN, WIE SIE MITEINANDER VERBUNDEN SIND UND VONEINANDER ABH\u00c4NGEN.<\/p>\n<p>DIE PLEJADER UND ANDERE STERNENRASSEN ADAPTIERTEN DIESE PRIM\u00c4REN UNIVERSELLEN GESETZE ALS RICHTLINIEN F\u00dcR IHRE ZIVILISATION, ALS SIE SICH IN DER 5. DIMENSION NIEDERLIESSEN!<\/p>\n<h3><span style=\"color: #0000ff;\"><b>DIE 12 G\u00d6TTLICHEN PLEIADISCHEN GESETZE<\/b><\/span><\/h3>\n<p><span style=\"color: #0000ff;\"><b>G\u00d6TTLICHES GESETZ #1: DAS GESETZ DES BEWUSSTSEINS<\/b><\/span><\/p>\n<p>BEWUSSTSEIN IST QUELLE UND ERSTE URSACHE<\/p>\n<p>ALLE DINGE ENTSTEHEN AUS DEM BEWUSSTSEIN<\/p>\n<p>BEWUSSTSEIN IST ALLES, WAS EXISTIERT UND IST DIE ENERGIE, DIE DAS UNIVERSUM GENANNT WIRD<\/p>\n<p>BEWUSSTSEIN IST SINGUL\u00c4R<\/p>\n<p>BEWUSSTSEIN IST EWIG UND KANN WEDER ERSCHAFFEN NOCH ZERST\u00d6RT WERDEN, NUR UMGEWANDELT WERDEN<\/p>\n<p>BEWUSSTSEIN IST EMPFINDUNGSF\u00c4HIGES LEBEN<\/p>\n<p>BEWUSSTSEIN IST GEIST, SEINE BEWEGUNG SIND GEDANKEN<\/p>\n<p><span style=\"color: #0000ff;\"><b>G\u00d6TTLICHES GESETZ #2: DAS GESETZ DER RELATIVIT\u00c4T<\/b><\/span><\/p>\n<p>ALLE DINGE SIND IM GESAMTEN UNIVERSUM DURCH DASSELBE ENERGIEFELD MITEINANDER VERBUNDEN!<\/p>\n<p>WIE OBEN SO UNTEN, WIE INNEN SO AUSSEN<\/p>\n<p>DIESE MITEINANDER VERBUNDENEN ENERGIEFELDER SIND IMMER IN BEWEGUNG UND WANDELN SICH IN UND AUS FORM, SIND ABER NIEMALS GETRENNT.<\/p>\n<p>WENN DIE KLEINSTE ENERGETISCHE BEWEGUNG IN DIESEM EINEN ENERGIEFELD AUFTRITT, WIRKT SIE SICH AUF DAS GESAMTE UNIVERSELLE FELD AUS!<\/p>\n<p><span style=\"color: #0000ff;\"><b>G\u00d6TTLICHES GESETZ #3: DAS GESETZ DER SCHWINGUNG<\/b><\/span><\/p>\n<p>ALLES IM UNIVERSUM SCHWINGT IN EINER BESTIMMTEN FREQUENZ<\/p>\n<p>DIE SCHWINGUNGSFREQUENZ SCHAFFT DIE STRUKTUR UND EIGENSCHAFT EINER SACHE<\/p>\n<p>ALLES BEFINDET SICH IN EINEM ST\u00c4NDIGEN ZUSTAND DER BEWEGUNG<\/p>\n<p>DER GEDANKE IST DIE ERSTE SCHWINGUNGSURSACHE<\/p>\n<p>DAS GEF\u00dcHL HAT DAS ST\u00c4RKSTE ENERGIEPOTENTIAL ALLER SCHWINGUNGEN<\/p>\n<p>LIEBE IST DIE SCHNELLSTE UNIVERSELLE SCHWINGUNG UND ANGST IST DIE LANGSAMSTE<\/p>\n<p>DAS UNIVERSUM IST IN 12 VERSCHIEDENE SCHWINGUNGSEBENEN UNTERTEILT UND JEDE H\u00d6HERE DIMENSION SCHWINGT SCHNELLER UND IST ENERGETISCH WENIGER DICHT!<\/p>\n<p>DIMENSIONEN SIND KEINE ORTE, SONDERN FREQUENZBEREICHE.<\/p>\n<p>DIESE FREQUENZBEREICHE SIND UNIVERSELLE KONSTANTEN, DIE SICH NICHT VER\u00c4NDERN!<\/p>\n<p>ZWISCHEN JEDER DIMENSION EXISTIERT EINE EINGEBAUTE VERBINDUNG (PORTAL\/TOR\/WURMLOCH), DIE DIE BEWEGUNG ZWISCHEN DEN DIMENSIONEN ERM\u00d6GLICHT!<\/p>\n<p>DIESE MULTIDIMENSIONALEN ZUGANGSPUNKTE WERDEN CHAKREN GENANNT!<\/p>\n<p>ES GIBT 12 PRIM\u00c4RE CHAKREN IN DIESEM UNIVERSUM, DIE AUCH DIE GLEICHEN CHAKREN\/PORTALE SIND, DIE AUF DER GANZEN ERDE UND LETZTENDLICH IM SCHICHTK\u00d6RPERSYSTEM PLATZIERT SIND.<\/p>\n<p><span style=\"color: #0000ff;\"><b>G\u00d6TTLICHES GESETZ #4: DAS GESETZ DES RHYTHMUS UND DER ZYKLEN<\/b><\/span><\/p>\n<p>DIE SCHWINGUNGSFREQUENZ IST EINE EWIGE BEWEGUNG, DIE EINEN BESTIMMTEN RHYTHMUS HAT.<\/p>\n<p>DIESER RHYTHMUS HAT EIN AUSGEPR\u00c4GTES MUSTER DER WIEDERHOLUNG.<\/p>\n<p>DIESE IMPULSE BILDEN UNIVERSELLE EBENENZYKLEN, ENTWICKLUNGSSTUFEN UND JAHRESZEITEN.<\/p>\n<p>DAS GESETZ DES RHYTHMUS BESAGT, DASS ALLES WIE EIN PENDEL IST. WENN ETWAS NACH RECHTS SCHWINGT, MUSS ES AUCH NACH LINKS SCHWINGEN.<\/p>\n<p>DIESES RHYTHMISCHE MUSTER WIRD ALLEIN DURCH DAS BEWUSSTSEIN BESTIMMT.<\/p>\n<p><span style=\"color: #0000ff;\"><b>G\u00d6TTLICHES GESETZ #5: DAS GESETZ DER SOUVER\u00c4NIT\u00c4T<\/b><\/span><\/p>\n<p>DAS EINE EWIGE, ALLBEWUSSTE WESEN, DAS IN DIESEM UNIVERSUM EXISTIERT, IST DAS H\u00d6CHSTE WESEN, DAS ES GIBT, UND IST VOLLKOMMEN SOUVER\u00c4N!<\/p>\n<p>DIESES GESETZ GILT F\u00dcR ALLE WESEN!<\/p>\n<p>KEIN ANDERES WESEN HAT AUTORIT\u00c4T \u00dcBER DICH!<\/p>\n<p>SOUVER\u00c4N ZU SEIN BEDEUTET, ZU WISSEN, WER UND WAS DU WIRKLICH BIST, UND DIES DANN AUCH ZU SEIN!<\/p>\n<p>EIN SOUVER\u00c4NES WESEN IST SEINE\/IHRE EIGENE QUELLE UND BRAUCHT KEINEN F\u00dcHRER, DA ES\/SIE SICH SELBST AUF EINE VERANTWORTUNGSVOLLE UND EHRENHAFTE ART UND WEISE F\u00dcHRT UND KEINEN SCHADEN ANRICHTET!<\/p>\n<p>EIN SOUVER\u00c4NES WESEN AGIERT IMMER VON DEN H\u00d6CHSTEN SCHWINGUNGSEBENEN AUS MIT LIEBE UND R\u00dcCKSICHTNAHME!<\/p>\n<p>EIN SOUVER\u00c4NES WESEN HAT EINEN G\u00d6TTLICHEN CHARAKTER, DER NICHT NUR DER K\u00d6NIG\/DIE K\u00d6NIGIN SEINER\/IHRER EIGENEN WELT IST, SONDERN ER\/SIE ARBEITET ST\u00c4NDIG DARAN, DIE QUALIT\u00c4T DES LEBENS UM IHN\/SIE HERUM ZU VERBESSERN!<\/p>\n<p>WER SICH SELBST NICHT KENNT, KANN NICHT SOUVER\u00c4N SEIN, SONDERN WIRD ZUM UNTERTAN ALLER M\u00d6GLICHEN FALSCHEN AUTORIT\u00c4TEN!<\/p>\n<p><b><span style=\"color: #0000ff;\">G\u00d6TTLICHES GESETZ #6: DAS GESETZ DER SCH\u00d6PFUNG<\/span><br \/>\n<\/b><br \/>\nGEDANKEN SIND DIE ERSTE SCH\u00d6PFUNG<\/p>\n<p>KLANGSCHWINGUNG IST DIE ZWEITE SCH\u00d6PFUNG UND SETZT DEN GEOMETRISCHEN BAUPLAN ZUSAMMEN<\/p>\n<p>LICHT IST DIE DRITTE SCH\u00d6PFUNG, DIE DIMENSION VERLEIHT<\/p>\n<p>ALLES IST ERSCHAFFEN! (ES GIBT NICHTS, WAS NICHT SCHON ERSCHAFFEN IST!)<\/p>\n<p>ALLES IST IN ENERGETISCHER FORM ERSCHAFFEN UND EXISTIERT DORT!<\/p>\n<p>DIE NATUR IST DIE H\u00d6CHSTE SCH\u00d6PFUNG<\/p>\n<p>DER ZWECK DER SCH\u00d6PFUNG IST ES, DASS DAS EINE BEWUSSTSEIN SICH SELBST ERKENNT, AUF ALLEN WEGEN, ERFAHRUNGSGEM\u00c4SS<\/p>\n<p>DAS IST ES, WAS DU TUST!<\/p>\n<p><span style=\"color: #0000ff;\"><b>G\u00d6TTLICHES GESETZ #7 DAS GESETZ DER POLARIT\u00c4T<\/b><\/span><\/p>\n<p>ALLES EXISTIERT IN DUALIT\u00c4T, ALLES HAT POLE, ALLES HAT SEIN GEGENTEIL, DOCH DIE GEGENS\u00c4TZE SIND IN IHRER NATUR IDENTISCH UND UNTERSCHEIDEN SICH NUR IM GRAD\u201c.<\/p>\n<p>DIESE POLARIT\u00c4T IST DIE GRUNDLAGE F\u00dcR ALLE KRAFTQUELLEN, DIE IN DIESEM UNIVERSUM EXISTIEREN.<\/p>\n<p>DU KANNST DIE EINE POLARIT\u00c4T NICHT KENNEN, WENN DU NICHT DIE ANDERE ERLEBST<\/p>\n<p>AUF UND AB, LIEBE GEGEN ANGST!<\/p>\n<p><span style=\"color: #0000ff;\"><b>G\u00d6TTLICHES GESETZ #8: DAS GESETZ DER RAUMZEIT<\/b><\/span><\/p>\n<p>DIE EINZIGE ZEIT, DIE EXISTIERT, IST JETZT, UND DER EINZIGE RAUM, DER EXISTIERT, IST HIER!<\/p>\n<p>JETZT UND HIER, NIRGENDWO!<\/p>\n<p>DIE VERGANGENHEIT UND DIE ZUKUNFT SIND NICHT REALIT\u00c4TEN UND DER VERSUCH, DORT ZU EXISTIEREN, IST UNBEWUSST.<\/p>\n<p>ALLE DINGE EXISTIEREN ZUR GLEICHEN ZEIT UND IM GLEICHEN RAUM!<\/p>\n<p>JEDES DIESER DINGE SCHWINGT AUF UNTERSCHIEDLICHEN FREQUENZEN UND KANN PHYSISCH WAHRGENOMMEN WERDEN ODER AUCH NICHT!<\/p>\n<p><span style=\"color: #0000ff;\"><b>G\u00d6TTLICHES GESETZ #9: DAS GESETZ DER ANZIEHUNG<\/b><\/span><\/p>\n<p>ENERGIEN, DIE AUF DER GLEICHEN FREQUENZ SCHWINGEN, WERDEN IN DIESEM UNIVERSUM VON EINANDER ANGEZOGEN<\/p>\n<p>GLEICHES ZIEHT GLEICHES AN<\/p>\n<p>DINGE, DIE UNTERSCHIEDLICH SCHWINGEN, SIND GEGENS\u00c4TZLICH UND ENTFERNEN SICH AUF NAT\u00dcRLICHE WEISE VON EINANDER.<\/p>\n<p>DU WIRST IMMER DINGE ZU DIR ANZIEHEN, DIE MIT DEINER SCHWINGUNG \u00dcBEREINSTIMMEN, OHNE AUSNAHMEN!<\/p>\n<p>FRAGE DICH, WAS DU ANZIEHEN M\u00d6CHTEST UND RICHTE DICH ENERGETISCH DARAUF AUS!<\/p>\n<p><span style=\"color: #0000ff;\"><b>G\u00d6TTLICHES GESETZ #10: DAS GESETZ DES FREIEN WILLENS<\/b><\/span><\/p>\n<p>DIES IST EIN UNIVERSUM DES FREIEN WILLENS UND DU HAST DIE FREIHEIT ZU TUN, WAS DU WILLST!<\/p>\n<p>AN DIESER STELLE WIRD ES INTERESSANT, DENN DIESES GESETZ UND DIESE LINIE DES UNIVERSELLEN COMPUTERCODES HAT EINE GABELUNG:<\/p>\n<p>DU KANNST TUN, WAS DU WILLST, WENN ES AUS DER LIEBE KOMMT<\/p>\n<p>UND<\/p>\n<p>DU KANNST TUN, WAS DU WILLST, WENN ES NICHT AUS DER LIEBE KOMMT<\/p>\n<p>WARUM? WEIL DIES EIN UNIVERSUM DES FREIEN WILLENS IST, PUNKT!<\/p>\n<p>LIES DIESEN DATENSTROM WEITER UND DEINE FRAGE WIRD BEANTWORTET WERDEN\u2026<\/p>\n<p><span style=\"color: #0000ff;\"><b>G\u00d6TTLICHES GESETZ #11: DAS GESETZ VON URSACHE UND WIRKUNG<\/b><\/span><\/p>\n<p>JEDE EINZELNE AKTION IM UNIVERSUM ERZEUGT EINE GLEICHWERTIGE REAKTION, EGAL WAS!<\/p>\n<p>F\u00dcR JEDE AKTION GIBT ES EINE PASSENDE UND ENTSPRECHENDE REAKTION, KEINE AUSNAHMEN!<\/p>\n<p>EIN ANDERES WORT F\u00dcR URSACHE UND WIRKUNG IST KARMA!<\/p>\n<p>WAS DU GIBST, IST DAS, WAS DU EMPF\u00c4NGST, ES GIBT KEINE AUSNAHMEN VON DIESEM GESETZ<\/p>\n<p>WAS DU TUST, WIRD DIR ANGETAN, KEINE AUSNAHMEN VON DIESEM GESETZ<\/p>\n<p>DAS GESETZ VON URSACHE UND WIRKUNG \u00c4HNELT DEM GESETZ DER ANZIEHUNG, BEI DEM EINE SACHE IMMER DAS ANZIEHT, WAS SIE IST ODER \u00c4HNLICHE DINGE ZU SICH ZIEHT!<\/p>\n<p>NICHTS IST ZUF\u00c4LLIG!<\/p>\n<p>ES GIBT KEINE ZUF\u00c4LLE, KEIN GL\u00dcCK UND KEINE ZUF\u00c4LLIGKEITEN!<\/p>\n<p>JEDE URSACHE HAT EINE WIRKUNG UND JEDE WIRKUNG HAT EINE URSACHE!<\/p>\n<p>LETZTENDLICH BIST DU DIE HAUPTURSACHE ALLER DINGE! ES BRAUCHT ZEIT, UM DIES VOLLST\u00c4NDIG ZU VERSTEHEN, ABER WENN MAN ES VERSTANDEN HAT, VERNEIGT SICH DAS UNIVERSUM VOR DIR!<\/p>\n<p>DIE WICHTIGSTE LEHRE HIER IST, SICH AUF DIE ENERGIE ZU KONZENTRIEREN, DIE IHR GEBT UND EMPFANGT, NICHT DARAUF, WAS DER ANDERE TUT!<\/p>\n<p>DAS UNIVERSUM K\u00dcMMERT SICH UM ALLES, GENAU IN DIESEM MOMENT!<\/p>\n<p>HANDLE IMMER AUS EINER POSITION DER LIEBE HERAUS UND NUR DAS GUTE WIRD DIR FOLGEN!<\/p>\n<p>WENN F\u00c4LSCHLICHERWEISE SCHADEN ANGERICHTET WIRD, KANNST DU SICHERLICH JEDES NEGATIVE KARMA ABSCHW\u00c4CHEN, INDEM DU NUR DAS GEGENTEIL DES FEHLERS TUST!<\/p>\n<p><span style=\"color: #0000ff;\"><b>G\u00d6TTLICHES GESETZ #12: GESETZ DER MANIFESTATION<\/b><\/span><\/p>\n<p>DAS BEWUSSTSEIN VERWANDELT ENERGIE IN MATERIE!<\/p>\n<p>DIE GEW\u00dcNSCHTE MANIFESTATION IST DAS ULTIMATIVE ERGEBNIS, DAS AUS DEM VERST\u00c4NDNIS UND DER ANWENDUNG ALLER ANDEREN G\u00d6TTLICHEN GESETZE RESULTIERT!<\/p>\n<p>ES IST DIE LETZTE ZEILE DES UNIVERSELLEN CODES, DIE L\u00c4UFT, NACHDEM ALLE ANDEREN UNIVERSELLEN COMPUTERCODES AUSGEF\u00dcHRT WURDEN!<\/p>\n<p>DAS TOLLE DARAN IST, DASS DU DIE VOLLST\u00c4NDIGE KONTROLLE \u00dcBER DIE AUSF\u00dcHRUNG DIESER LETZTEN CODEZEILE HAST UND SICHERSTELLST, DASS DER PROZESS VOLLST\u00c4NDIG UND ERFOLGREICH IST!<\/p>\n<p>DAS UNIVERSUM HAT ALLES IM VORAUS SO EINGERICHTET, DASS ES AUF DIESE WEISE FUNKTIONIERT, UND HAT DIR DIE VERANTWORTUNG F\u00dcR DAS GANZE ZU 100% \u00dcBERTRAGEN!<\/p>\n<p>DERJENIGE, DER ALL DIES AM ANFANG ERDACHT UND ERSCHAFFEN HAT, MUSS SICHERLICH EIN SUPERINTELLIGENTES UND MITF\u00dcHLENDES WESEN SEIN!<\/p>\n<p>DA ALLES BEREITS ERSCHAFFEN IST UND IN UNBEGRENZTEN VERSIONEN UND VARIATIONEN IN ENERGETISCHER FORM EXISTIERT, BESTEHT DEINE G\u00d6TTLICHE F\u00c4HIGKEIT UND ARBEIT DARIN, DEIN WESEN EINFACH AUF DAS AUSZURICHTEN, WAS DU DIR SCHWINGUNGSM\u00c4SSIG W\u00dcNSCHST, UND ES HAT KEINE ANDERE WAHL, ALS SICH VOR DIR ZU MANIFESTIEREN!<\/p>\n<p>DU BIST VIELLEICHT SCHON EIN MEISTER DES MANIFESTIERENS UND DIESE PLEJADISCHEN SCHL\u00dcSSEL WERDEN DIR HELFEN, DIES VIEL SCHNELLER UND MIT GR\u00d6SSERER LEICHTIGKEIT ZU TUN!<\/p>\n<p><span style=\"color: #0000ff;\"><b>PLEJADISCHE MANIFESTATIONSSCHL\u00dcSSEL<\/b><\/span><\/p>\n<p>ALS BEWUSSTER BEOBACHTER MUSST DU DEIN WESEN, DEINE SINNE UND DEINE EMOTIONEN VOLLST\u00c4NDIG MIT DER SACHE S\u00c4TTIGEN, DIE DU ZU MANIFESTIEREN W\u00dcNSCHST!<\/p>\n<p>DU MUSST DIE SACHE IM INNEREN VOLLST\u00c4NDIG ERFAHREN (GENAU JETZT), DENN NUR JETZT KANN SICH EINE SACHE MANIFESTIEREN UND EXISTIEREN!<\/p>\n<p>ACHTE AUF DIESE SYNCHRONIZIT\u00c4TEN, DENN DAS IST EIN SICHERES ZEICHEN DAF\u00dcR, DASS DEINE MANIFESTATION DIREKT VOR DIR IN DER MATERIELLEN WELT ERSCHEINEN WIRD!<\/p>\n<p>IST DAS MAGIE? JA, ES IST DIE EINZIG WAHRE MAGIE!<\/p>\n<p>DU BIST DER SCH\u00d6PFER UND DU HAST DIE MACHT, ALLES MIT BEWUSSTER ENERGIE ZU ERSCHAFFEN!<\/p>\n<p>SEI DIR DER TATSACHE BEWUSST, DASS DIE QUALIT\u00c4T DEINER SCH\u00d6PFUNG EINZIG UND ALLEIN VON DEINER SCHWINGUNGSFREQUENZ ABH\u00c4NGEN WIRD!<\/p>\n<p><span style=\"color: #0000ff;\"><b>PLEJADISCHE MEISTER LEHREN \u00dcBER FREQUENZ UND SCHWINGUNG<\/b><\/span><\/p>\n<p>DIE OBERSTE RICHTLINIE \u00dcBER FREQUENZ UND SCHWINGUNG IST DIESE: <strong><em>\u201eSCHWINGE IMMER HOCH!\u201c<\/em><\/strong> DAS IST DAS ZIEL ALLEN LEBENS!<\/p>\n<p>HIER SIND DIE DINGE, DIE DEINE SCHWINGUNG SCHNELLER ALS JE ZUVOR ANHEBEN:<\/p>\n<ul>\n<li>MEDITATION<\/li>\n<li>HARMONISCHE MUSIK\/KL\u00c4NGE<\/li>\n<li>KUNST\/KREATIVES<\/li>\n<li>TANZEN\/YOGA<\/li>\n<li>IN DER NATUR SEIN<\/li>\n<li>TIEFES WISSEN \u00dcBER VIELE THEMEN ERLANGEN!<\/li>\n<li>ALLE ALTEN TRAUMATA AUS DEM GESCHICHTETEN K\u00d6RPERSYSTEM L\u00d6SEN!<\/li>\n<\/ul>\n<p>WAS DU ZU DIR NIMMST, IST ALLES!<\/p>\n<p>ISS LICHT, ISS NAT\u00dcRLICH, UND DU WIRST LICHT SEIN!<\/p>\n<p>ESSE LICHT UND DU WIRST ZU LICHT!<\/p>\n<p>ISS JEDEN TAG NUR VON MUTTER GAIA\u2019S TISCH!<\/p>\n<p>WIR SAGEN EUCH, DASS MEDITATION EIN T\u00c4GLICHES MUSS IST!<\/p>\n<p>ATME LANGSAM UND TIEF EIN UND DIES IST DAS PRANA DES LEBENS!<\/p>\n<p>ATME LANG UND TIEF AUS UND DU WIRST ALLE DEINE K\u00d6RPERSYSTEME IN SEKUNDENSCHNELLE AUSRICHTEN UND REPARIEREN!<\/p>\n<p>DU MUSST JEDEN TAG IN DER NATUR SEIN!<\/p>\n<p>DIE NATUR WIRD DICH AUSRICHTEN UND ALLES HEILEN, WAS DICH PLAGT!<\/p>\n<p>BENUTZE KRISTALLE UND AUFSTIEGSWERKZEUGE, DIE VON DEN ANTIKEN MENSCHEN ZUR\u00dcCKGELASSEN WURDEN, UM EINGEHENDES LICHT IN DEIN WESEN ZU KANALISIEREN!<\/p>\n<p>QUARZ UND MONATOMARE KRISTALLE WIRKEN ALS KRISTALLVERST\u00c4RKER, UM DIE FREQUENZ SCHNELL ZU ERH\u00d6HEN UND EINE HOHE SCHWINGUNG AUFRECHTZUERHALTEN.<\/p>\n<p><span style=\"color: #0000ff;\"><b>DIE H\u00d6CHSTE SCHWINGUNG IST DIE LIEBE UND ZUERST DIE LIEBE ZU DIR SELBST!<\/b><\/span><\/p>\n<p>DIE H\u00d6CHSTE PLEJADISCHE LEHRE IST, GENAU JETZT DAMIT ANZUFANGEN, SICH SELBST GEGEN\u00dcBER ZU 100% WAHRHAFTIG ZU SEIN.<\/p>\n<p>WENN DU DAS TUST, BEGINNST DU, DIE KONTROLLE \u00dcBER DIE KR\u00c4FTE DES UNIVERSUMS ZU \u00dcBERNEHMEN!<\/p>\n<p>DIE PLEJADER LEHREN, DASS LICHT INFORMATION IST UND DUNKELHEIT DER MANGEL AN INFORMATION!<\/p>\n<p>\u201e<i>DIE TUGEND DER SEELE IST DAS WISSEN; DENN WER WEISS, IST GUT UND EHRF\u00dcRCHTIG UND HAT DIE G\u00d6TTLICHKEIT ERLANGT<\/i>.\u201c \u2013 HERMES TRISMEGISTUS.<\/p>\n<p>WIR SEHEN DICH UND DU BIST WICHTIG!<\/p>\n<p>WIR DANKEN EUCH F\u00dcR ALLES, WAS IHR TUT!<\/p>\n<p>LASST UNS WISSEN, OB IHR IN LETZTER ZEIT EINEN WUNSCH MANIFESTIERT HABT ODER OB ES ETWAS GIBT, DAS IHR GERNE MANIFESTIEREN W\u00dcRDET!<\/p>\n<p>WIR WERDEN SICHERLICH ETWAS ENERGIE AUF EUREN WUNSCH VERWENDEN, UM DEN PROZESS EIN WENIG ZU UNTERST\u00dcTZEN!<\/p>\n<p>GOTTES SEGEN F\u00dcR EUCH,<\/p>\n<p>MICHAEL UND DIE PLEJADER<\/p>\n<p>BESONDERER KREDIT UND ANERKENNUNG AN DIE ERDALLIANZ, DIE ATLA-RA, DIE GROSSE WEISSE BRUDERSCHAFT, DIE GESELLSCHAFT DES WEISSEN DRACHEN, PLEJADISCHER CODENAME: COBRA, DIE H\u00dcTER DER ERDE UND DIE ALLIANZ DER SPH\u00c4RENWESEN.<\/p>\n<p>5D Earth Project Aufstiegs-Blog<br \/>\n<a href=\"https:\/\/draft.blogger.com\/#\">https:\/\/5dearthproject.com\/<\/a><\/p>\n<p>Hochschwingende monomolekulare Andara-Kristalle<br \/>\n<a href=\"https:\/\/draft.blogger.com\/#\">https:\/\/andaraenterprise.com\/<\/a><\/p>\n<p>Erdkristall-Shop<br \/>\n<a href=\"https:\/\/draft.blogger.com\/#\">http:\/\/www.earthcrystalshop.com\/<\/a><\/p>\n<p>Quelle:\u00a0<a href=\"https:\/\/www.facebook.com\/MICAHLIGHTANGEL?__cft__[0]=AZWFaFk2MhIBFzdNmaKecmD9jzLYpu4aRgtmdVmdCor1ZkE2wkUAjijY5SLZSMwZ9CaRgIgyZiBmy3lyBbl7F9blDXHA5w3LlqJU6YiJsCg1PlhAAyZeYu3q5O3j5jr77Uk&amp;__tn__=-UC%2CP-R\">Michael Love<\/a><\/p>\n<p>Zitiert aus:\u00a0<a href=\"https:\/\/liebe-das-ganze.blogspot.com\/2021\/09\/michael-love-die-12-gottlichen.html\">https:\/\/liebe-das-ganze.blogspot.com\/2021\/09\/michael-love-die-12-gottlichen.html<\/a><\/p>\n<p>Bildquelle:\u00a0<a href=\"https:\/\/erstkontakt.wordpress.com\/2019\/03\/05\/erstkontakt-infos-das-sternenvolk-der-plejadier-05-maerz-2019\/\">https:\/\/erstkontakt.wordpress.com\/2019\/03\/05\/erstkontakt-infos-das-sternenvolk-der-plejadier-05-maerz-2019\/<\/a><\/p>\n<\/div>\n","protected":false},"excerpt":{"rendered":"<p>MICHAEL LOVE: DIE 12 G\u00d6TTLICHEN PLEJADISCHEN GESETZE VORWORT: EINE SPEZIELLE PLEJADISCHE BOTSCHAFT AN DIE STERNENSAATEN DER NEUEN ERDE, ZUR SOFORTIGEN PLANETARISCHEN AUSSTRAHLUNG\u2026 DIE DATEN IN DIESER \u00dcBERTRAGUNG STAMMEN DIREKT AUS GECHANNELTEN INFORMATIONEN DER ERDALLIANZ UND AUS DEM ALTEN WISSEN DER MYSTERIEN SCHULEN, DAS VON DER GROSSEN WEISSEN BRUDERSCHAFT \u00dcBER DIE JAHRHUNDERTE WEITERGEGEBEN WURDE. DIESER SPEZIELLE [&hellip;]<\/p>\n","protected":false},"author":1,"featured_media":0,"parent":4734,"menu_order":0,"comment_status":"closed","ping_status":"closed","template":"members-style1-nosidebar.php","meta":{"footnotes":"","_links_to":"","_links_to_target":""},"class_list":["post-3550","page","type-page","status-publish","hentry"],"_links":{"self":[{"href":"https:\/\/reich-sein.eu\/club\/wp-json\/wp\/v2\/pages\/3550","targetHints":{"allow":["GET"]}}],"collection":[{"href":"https:\/\/reich-sein.eu\/club\/wp-json\/wp\/v2\/pages"}],"about":[{"href":"https:\/\/reich-sein.eu\/club\/wp-json\/wp\/v2\/types\/page"}],"author":[{"embeddable":true,"href":"https:\/\/reich-sein.eu\/club\/wp-json\/wp\/v2\/users\/1"}],"replies":[{"embeddable":true,"href":"https:\/\/reich-sein.eu\/club\/wp-json\/wp\/v2\/comments?post=3550"}],"version-history":[{"count":3,"href":"https:\/\/reich-sein.eu\/club\/wp-json\/wp\/v2\/pages\/3550\/revisions"}],"predecessor-version":[{"id":3553,"href":"https:\/\/reich-sein.eu\/club\/wp-json\/wp\/v2\/pages\/3550\/revisions\/3553"}],"up":[{"embeddable":true,"href":"https:\/\/reich-sein.eu\/club\/wp-json\/wp\/v2\/pages\/4734"}],"wp:attachment":[{"href":"https:\/\/reich-sein.eu\/club\/wp-json\/wp\/v2\/media?parent=3550"}],"curies":[{"name":"wp","href":"https:\/\/api.w.org\/{rel}","templated":true}]}}