{"id":3573,"date":"2022-09-27T20:06:43","date_gmt":"2022-09-27T18:06:43","guid":{"rendered":"http:\/\/reich-sein.eu\/club\/?page_id=3573"},"modified":"2022-11-24T15:19:26","modified_gmt":"2022-11-24T13:19:26","slug":"cintamani-steine","status":"publish","type":"page","link":"https:\/\/reich-sein.eu\/club\/mittel\/cintamani-steine\/","title":{"rendered":"Cintamani-Steine"},"content":{"rendered":"<div>\n<h2><span style=\"color: #0000ff;\"><strong>Cintamani-Steine<\/strong><\/span><\/h2>\n<p><b>Frage:<\/b>\u00a0Was ist das Prinzip nach dem Cintamani-Steine die Manifestation beschleunigen?<\/p>\n<\/div>\n<div><b>COBRA:\u00a0<\/b>Der Zweck von Cintamani-Steinen ist nicht, die Manifestation zu beschleunigen, sondern die Kompressionsdurchbruch-Energie des Events zu handhaben. Der Stein kann deine Manifestation beschleunigen, weil er die Verbindung zwischen dem Tr\u00e4ger und seiner Ich-Bin Gegenwart st\u00e4rkt, wodurch sich Dinge leichter manifestieren lassen<\/div>\n<div><a href=\"https:\/\/liebe-das-ganze.blogspot.com\/search?q=Manifestation\">https:\/\/liebe-das-ganze.blogspot.com\/search?q=Manifestation<\/a><\/div>\n<div><\/div>\n<div>\n<p><strong>Cintamani-Steine<\/strong><br \/>\nDie Cintamani-Steine \u200b\u200bstammen laut Cobra von einem Meteoriten, der sich einst auf einem Planeten im Sternensystem Sirius befand.<\/p>\n<p>Luis Maertens aus Bolivien sagt, dass der urspr\u00fcngliche Hauptstein von Cintamani ein eif\u00f6rmiger Stein ist, der vor vielen Jahren von 40 verschiedenen Aufgestiegenen aus verschiedenen Welten hierher gebracht wurde, als ein besonderes Werkzeug, um der Erde durch ihren andauernden \u00dcbergang zu helfen.<\/p>\n<p>Dieser eif\u00f6rmige Cintamani war vor einiger Zeit in der W\u00fcste Gobi platziert worden.<\/p>\n<p>Kurz vor 2012 wurde der Cintamani-Stein dann in den prim\u00e4ren und wichtigsten weiblichen Wirbel auf dem Planeten \u00fcbertragen.<\/p>\n<p>Dieser Wirbel, der in der N\u00e4he der Anden liegt, befindet sich unterhalb des Titicaca-Sees in Bolivien.<\/p>\n<p>Vor den sp\u00e4ten 1950er Jahren war der Prim\u00e4rwirbel m\u00e4nnlich und befand sich im Himalaya.<\/p>\n<p>Luis wies darauf hin, dass sich dieser Cintamani-Hauptstein tats\u00e4chlich unter dem heiligen Berg Tehama in Bolivien befindet.<\/p>\n<p>Es wurde im Dezember 2012 offiziell und formell von der Konf\u00f6deration als Empf\u00e4nger kosmischer Strahlen aktiviert, der zur Stabilisierung des \u00e4therischen psionischen terrestrischen Gitters beitragen soll, und ist jetzt der Hauptknotenpunkt, Wandler und Empf\u00e4nger f\u00fcr die Expansionsenergien des Lichts und die Kr\u00e4fte der Galaktischen Zentrale Sonne, die die Schwingung aller Lebensstr\u00f6me auf der Erde erh\u00f6ht.<\/p>\n<p>Luis wies auch darauf hin, dass dieser eif\u00f6rmige Haupt-Cintamani in Kombination mit der Goldenen Sonnenscheibe arbeitet, die auch in den Anden unterhalb des Titicaca-Sees zu finden ist.<\/p>\n<p>Diese beiden Objekte werden verwendet, um die kosmischen Energien zu fokussieren, die auf die Erde ausstrahlen, und werden von den Meistern verwendet, um die Schwingungen der Erde selbst und der inkarnierten Seelen zu erh\u00f6hen, die f\u00fcr diese positiven Ausstrahlungen empf\u00e4nglich sind.<\/p>\n<p>Cobra hat erkl\u00e4rt, dass viele Fragmente desselben Meteoriten an verschiedenen Orten auf der ganzen Erde platziert wurden.<\/p>\n<p>Wenn Cobra richtig liegt, werden diese kleineren Fragmente eine Resonanz zum Haupt-Cintamani-Ei liefern, das das Licht auf der Erde unter dem heiligen Berg Tehama in Bolivien verankert.<\/p>\n<p>Die Steine \u200b\u200bhaben starke Wirkungen und das Bewusstsein kann extrem tief werden.<\/p>\n<p>Viele andere, die sie erhalten haben, berichten von \u00e4hnlichen Erfahrungen.\u00a0Es gibt keine magische Kugel, Kristall oder Stein oder Technologie, die irgendjemanden erleuchtet oder sofortigen Aufstieg oder h\u00f6here Bewusstseinszust\u00e4nde bewirkt.<\/p>\n<p>Der Cintamani-Stein ist jedoch eine Art Resonanz- und Vibrationsstabilisierungsinstrument.<\/p>\n<p>Sie k\u00f6nnen diese Technologie eine\u00a0<em>Nullpunktenergie<\/em>\u00a0nennen .<\/p>\n<p><em><strong>Alle Cintamani-Steine \u200b\u200bsind tachyonisiert, weil sie aus dem Weltall stammen!<\/strong><\/em><\/p>\n<p>Cintamani ist ein besonderer Stein und sollte mit Respekt behandelt, aber nicht verehrt oder \u00fcberm\u00e4\u00dfig an den Stein oder seine Wirkung gebunden werden.<\/p>\n<p>Die Cintamani-Steine \u200b\u200bsind in gewisser Weise tats\u00e4chlich wie Kristalle, und einige Exemplare der h\u00f6chsten Stufe sind etwas durchscheinend.<\/p>\n<p>Da sie wie Kristalle sind, ist es am besten, sie nicht zu besch\u00e4digen oder zu zerkratzen.\u00a0Die Cintamani-Steine \u200b\u200bsind jedoch nicht so leicht zu zerkratzen wie Kristalle, was gut ist.<\/p>\n<p>Bewahren Sie es vorzugsweise in der N\u00e4he auf.\u00a0Sie k\u00f6nnen die Person nach M\u00f6glichkeit behalten.<\/p>\n<p>Um diese Steine \u200b\u200bzu reinigen, empfehlen wir Salz- und Meerwasser mit einem weichen, nicht zu scheuernden Tuch und m\u00f6glicherweise organischer Seife, die keine Sulfate enth\u00e4lt.<\/p>\n<p>K\u00f6rperschmutz oder Fett beeintr\u00e4chtigen das Energiefeld der Steine \u200b\u200bnicht.<\/p>\n<p><a href=\"http:\/\/reich-sein.eu\/club\/wp-content\/uploads\/2022\/10\/cintamani-stone.jpg\"><img loading=\"lazy\" decoding=\"async\" class=\"size-full wp-image-3830 alignnone\" src=\"http:\/\/reich-sein.eu\/club\/wp-content\/uploads\/2022\/10\/cintamani-stone.jpg\" alt=\"\" width=\"334\" height=\"257\" srcset=\"https:\/\/reich-sein.eu\/club\/wp-content\/uploads\/2022\/10\/cintamani-stone.jpg 334w, https:\/\/reich-sein.eu\/club\/wp-content\/uploads\/2022\/10\/cintamani-stone-300x231.jpg 300w\" sizes=\"auto, (max-width: 334px) 100vw, 334px\" \/><\/a><\/p>\n<p><a href=\"https:\/\/www.disclosurenews.it\/cintamani-stone-the-stone-of-the-stars\/\">https:\/\/www.disclosurenews.it\/cintamani-stone-the-stone-of-the-stars\/<\/a><\/p>\n<\/div>\n","protected":false},"excerpt":{"rendered":"<p>Cintamani-Steine Frage:\u00a0Was ist das Prinzip nach dem Cintamani-Steine die Manifestation beschleunigen? COBRA:\u00a0Der Zweck von Cintamani-Steinen ist nicht, die Manifestation zu beschleunigen, sondern die Kompressionsdurchbruch-Energie des Events zu handhaben. Der Stein kann deine Manifestation beschleunigen, weil er die Verbindung zwischen dem Tr\u00e4ger und seiner Ich-Bin Gegenwart st\u00e4rkt, wodurch sich Dinge leichter manifestieren lassen https:\/\/liebe-das-ganze.blogspot.com\/search?q=Manifestation Cintamani-Steine Die [&hellip;]<\/p>\n","protected":false},"author":1,"featured_media":0,"parent":5069,"menu_order":0,"comment_status":"closed","ping_status":"closed","template":"members-style1-nosidebar.php","meta":{"footnotes":"","_links_to":"","_links_to_target":""},"class_list":["post-3573","page","type-page","status-publish","hentry"],"_links":{"self":[{"href":"https:\/\/reich-sein.eu\/club\/wp-json\/wp\/v2\/pages\/3573","targetHints":{"allow":["GET"]}}],"collection":[{"href":"https:\/\/reich-sein.eu\/club\/wp-json\/wp\/v2\/pages"}],"about":[{"href":"https:\/\/reich-sein.eu\/club\/wp-json\/wp\/v2\/types\/page"}],"author":[{"embeddable":true,"href":"https:\/\/reich-sein.eu\/club\/wp-json\/wp\/v2\/users\/1"}],"replies":[{"embeddable":true,"href":"https:\/\/reich-sein.eu\/club\/wp-json\/wp\/v2\/comments?post=3573"}],"version-history":[{"count":8,"href":"https:\/\/reich-sein.eu\/club\/wp-json\/wp\/v2\/pages\/3573\/revisions"}],"predecessor-version":[{"id":3831,"href":"https:\/\/reich-sein.eu\/club\/wp-json\/wp\/v2\/pages\/3573\/revisions\/3831"}],"up":[{"embeddable":true,"href":"https:\/\/reich-sein.eu\/club\/wp-json\/wp\/v2\/pages\/5069"}],"wp:attachment":[{"href":"https:\/\/reich-sein.eu\/club\/wp-json\/wp\/v2\/media?parent=3573"}],"curies":[{"name":"wp","href":"https:\/\/api.w.org\/{rel}","templated":true}]}}