{"id":3640,"date":"2022-10-01T09:30:57","date_gmt":"2022-10-01T07:30:57","guid":{"rendered":"http:\/\/reich-sein.eu\/club\/?page_id=3640"},"modified":"2022-11-30T22:00:59","modified_gmt":"2022-11-30T20:00:59","slug":"manipulation","status":"publish","type":"page","link":"https:\/\/reich-sein.eu\/club\/seins-dimensionen\/informieren\/programmierung\/manipulation\/","title":{"rendered":"Manipulation"},"content":{"rendered":"<h2><span style=\"color: #0000ff;\"><strong>Manipulation durch andere<\/strong><\/span><\/h2>\n<p>Manipulativer Mi\u00dfbrauch.<\/p>\n<ul>\n<li>&#8222;Heirats-Schwindler&#8220; (klassisch),<\/li>\n<li>&#8222;Versicherungs-Betr\u00fcger&#8220; (finanziell),<\/li>\n<li>Therapeuten-Mi\u00dfbrauch (sexuell)<\/li>\n<\/ul>\n<p><span style=\"color: #0000ff;\"><strong>Wie Du Manipulationsversuche erkennen und abbrechen kannst.<\/strong><\/span><\/p>\n<p>Wie Du Dich und Dein Leben vor manipulativen Missbrauch sch\u00fctzen kannst.<\/p>\n<p><strong>Grundsatz:\u00a0<\/strong><\/p>\n<p><strong><em><span style=\"color: #0000ff;\">Du wirst niemals von jemandem manipuliert oder betrogen, dem du nicht vertraust und glaubst!<\/span><\/em><\/strong><\/p>\n<p>Um jemanden zu manipulieren, mu\u00df ein Manipulator eine Beziehung und Vertrauen zum Manipulations-Oper aufbauen.<\/p>\n<h3><span style=\"color: #0000ff;\"><strong>4-Stufen-Prozess der Manipulation<\/strong><\/span><\/h3>\n<p>Die Manipulation kann in jeder der 4 Phasen abgebrochen werden (es ist nie zu sp\u00e4t).<\/p>\n<p>Sobald wir also jeden Schritt durchgegangen sind, werden wir sehen, wie wir [ihre] Versuche abbrechen und den Schaden begrenzen k\u00f6nnen.<\/p>\n<h4><strong><span style=\"color: #0000ff;\">Teil 1: Die 4 Stadien der Manipulation.<\/span><\/strong><\/h4>\n<p>In diesem Teil werde ich den genauen Prozess erkl\u00e4ren, der verwendet wird, um jemanden zu manipulieren.<\/p>\n<p>Dieser Prozess ist auf ALLe Situationen au\u00dfer einigen Mitgliedern der \u201eFamilie\u201c anwendbar. Du wirst verstehen, warum.<\/p>\n<ol>\n<li><strong><span style=\"color: #0000ff;\">Ausrichtung:<\/span><\/strong><\/li>\n<\/ol>\n<p>Ein Manipulator muss und wird immer sein Ziel (Opfer) erkennen!<\/p>\n<p>Er wei\u00df sehr gut, da\u00df er nicht jeden auf die gleiche Weise manipulieren kann. Er wird auf jemanden abzielen,<\/p>\n<ul>\n<li>der <strong>Schw\u00e4che<\/strong> zeigt und\u00a0<strong>verwundbar<\/strong> ist,<\/li>\n<li>dessen <strong>Unsicherheiten<\/strong>\u00a0und <strong>Selbstzweifel<\/strong> (nach einer Niederlage, einem Mi\u00dferfolg, einem Streit oder Verlust) f\u00fcr den Manipulator offensichtlich sind,<\/li>\n<li>der offensichtlich auf der <strong>Suche<\/strong> nach Antworten und L\u00f6sungen in seiner Lebens-Situation ist (Gesundheit, Partner, Einkommen, Spiritualit\u00e4t usw.),<\/li>\n<li>der in seiner<strong> Notsituation<\/strong>\u00a0oder Krise menschliche Hilfe und konkrete Auswege (Arbeit, Geld, Sex usw.) braucht<\/li>\n<\/ul>\n<p>Der Manipulator wei\u00df sehr genau<\/p>\n<ul>\n<li><strong>welche<\/strong> Menschen &#8222;seine&#8220; Antworten (Probleml\u00f6sungen) h\u00f6ren wollen,<\/li>\n<li>wie er diese Antworten verpacken (vort\u00e4uschen) mu\u00df.<\/li>\n<\/ul>\n<ol start=\"2\">\n<li><strong><span style=\"color: #0000ff;\">Aufbau von Vertrauen:<\/span><\/strong><\/li>\n<\/ol>\n<p>Eine offensichtliche Tarnung des Manipulators ist, dass er zu Beginn der Beziehung <strong><span style=\"color: #0000ff;\">IMMER \u00e4u\u00dferst freundlich und f\u00fcrsorglich ist.\u00a0<\/span><\/strong>Das ist Dir bestimmt schon einmal aufgefallen.<\/p>\n<p>Aber der Grund daf\u00fcr ist, dass er versucht, in Deinem Kopf <strong><span style=\"color: #0000ff;\">Wertsch\u00e4tzung<\/span> <\/strong>zu erlangen und sich einen Platz in Deinem Universum zu schaffen.<\/p>\n<p>Das macht er St\u00fcck f\u00fcr St\u00fcck, so lange, bis <strong>Du irgendwann die T\u00fcr zu Deinem Bewusstsein \u00f6ffnest.<\/strong><\/p>\n<p>Und dies ist die <span style=\"color: #0000ff;\"><strong><em>freiwillige<\/em> Abgabe Deiner Energie (Licht-Quanten).\u00a0<\/strong><\/span>Nur darum geht es schlussendlich.<\/p>\n<p>Aus diesen Gr\u00fcnden wird der Manipulator in solchen Phasen schwer zu erkennen sein.<\/p>\n<p>Seine sozialen F\u00e4higkeiten und seine F\u00e4higkeit, Menschen zu sagen, was sie h\u00f6ren wollen, erm\u00f6glicht es ihm, leicht Vertrauen aufzubauen und sich unvermindert in Dein Bewu\u00dftsein einzupflanzen.<\/p>\n<p>Diese Phase kann Tage, Wochen, Monate oder sogar Jahre dauern.<\/p>\n<p><strong>Achtung:<\/strong><\/p>\n<p>Er wird nicht zum n\u00e4chsten Schritt \u00fcbergehen, bis er sich vergewissert hat, da\u00df er Dein Vertrauen verdient hat.<\/p>\n<p>Vergiss das nie und erkenne das Muster!<\/p>\n<ol start=\"3\">\n<li><strong><span style=\"color: #0000ff;\">Emotionale Bindung:<\/span><\/strong><\/li>\n<\/ol>\n<p>Sobald Vertrauen aufgebaut ist, versucht der Manipulator, eine emotionale Bindung zu seinem Opfer aufzubauen.<\/p>\n<p>Jetzt, wo ihm vertraut wird, wird er \u00fcberm\u00e4\u00dfig anh\u00e4nglich sein.<\/p>\n<p><strong>Achtung:<\/strong><\/p>\n<p>Das Ziel des Manipulators ist dabei, das Vertrauen, das er erworben hat, weiter zu <strong>festigen<\/strong> und sein Ziele (Opfer) dazu zu bringen, sich <strong>emotional an ihn zu binden.<\/strong><\/p>\n<p>Durch den Einsatz von Gespr\u00e4chs-Techniken oder Schmeichelei wird der Manipulator versuchen, immer n\u00e4her zu kommen, bis er genau wei\u00df, dass er ein <strong>wichtiger Teil des Lebens<\/strong> von seinem Opfer geworden ist.<\/p>\n<p>Somit hat er jetzt einen emotionalen Einfluss auf sein Ziel (Opfer) erlangt.<\/p>\n<ul>\n<li>Denke an (vertrauensselige) Kinder.<\/li>\n<li>Denke an finanzielle Armut und Mangel.<\/li>\n<li>Denke an (seelische) Verzweiflung.<\/li>\n<\/ul>\n<p>Diese k\u00fcnstlichen Zust\u00e4nde nutzt er sehr schlau gegen Dich.<\/p>\n<p><span style=\"color: #0000ff;\"><strong>Er bindet Dich<\/strong>\u00a0und <strong>st\u00e4rkt sich<\/strong>.\u00a0<\/span>Er ist mit Deiner Lebens-Energie verbunden und saugt Deine Energie zu sich ab.<\/p>\n<ol start=\"4\">\n<li><span style=\"color: #0000ff;\"><strong>Fehlverhalten:<\/strong><\/span><\/li>\n<\/ol>\n<p>In diesem Stadium kennt der Manipulator die Psyche seines Ziels in- und auswendig.<\/p>\n<p>Er ist Dir jetzt so nahe gekommen, dass er genau wei\u00df, welche<strong> Ausl\u00f6ser<\/strong>\u00a0er bet\u00e4tigen mu\u00df, damit sein Ziel-Objekt (Opfer) tut, was er will.<\/p>\n<p><strong>Was tut er (ist sein Ziel)?<\/strong><\/p>\n<ul>\n<li>Er verkauft Dir seine eigenen Produkte.<\/li>\n<li>Er bereichert sich an Dir.<\/li>\n<\/ul>\n<p>Du gibst ihm Deine Energie und auch Dein Geld nicht deshalb, weil Du das willst oder etwas davon brauchst, sondern, weil Du denkst, da\u00df er doch der &#8222;Gute&#8220; sein mu\u00df, nachdem, was er Dir ALLES gezeigt und angeblich gegeben hat.<\/p>\n<p>Sie st\u00e4rken das SYSTEM und verkaufen innerhalb des SYSTEMS und erz\u00e4hlen Dir, da\u00df sie das SYSTEM bek\u00e4mpfen.<\/p>\n<p>Stell Dir eine Paar-Beziehung vor, die sich langsam immer mehr von den <em>Flitterwochen<\/em> bis zum <em>Albtraum<\/em> entwickelt, ohne, da\u00df Du es merkst!<\/p>\n<p>Der Manipulator offenbart Dir nicht seine wahre Natur und Absicht, sondern nutzt ALL Deine Schw\u00e4chen und Schwachstellen, um seinen eigenen Interessen zu dienen.<\/p>\n<p>Genau an dieser Stelle findet die eigentliche Manipulation statt.<\/p>\n<h4><span style=\"color: #0000ff;\"><strong>Teil 2: Anti-Manipulationsprozess<\/strong><\/span><\/h4>\n<p>Wie kannst Du bei jedem Schritt des Manipulations-Prozesses vermeiden, in diese Fallen zu tappen.<\/p>\n<ol>\n<li><strong><span style=\"color: #0000ff;\">Vermeide ein Ziel des Manipulators (Opfer) zu sein:<\/span><\/strong><\/li>\n<\/ol>\n<p>Du kannst vermeiden, von Manipulatoren angegriffen zu werden, indem Du einige einfache Regeln befolgst.<\/p>\n<p>Als w\u00fcrde man einem anderen Grenzen setzen! Sei vorsichtig beim Kennenlernen und im Umgang vor allem mit fremden Menschen.<\/p>\n<p>a. <strong><span style=\"color: #0000ff;\">Schrittweise und gegenseitige Ann\u00e4herung<\/span><\/strong><\/p>\n<ul>\n<li>Du solltest Dich ihnen <strong>NIEMALS zu schnell \u00f6ffnen<\/strong> und<\/li>\n<li>die anderen Menschen zuerst dazu bringen, <strong>ihren wahren Wert<\/strong> und vor allem<strong> ihr echtes Wesen<\/strong> zu zeigen.<\/li>\n<\/ul>\n<p>b.\u00a0 <span style=\"color: #0000ff;\"><strong>Sch\u00fctze Deine Schwachstellen:<\/strong><\/span><\/p>\n<ul>\n<li>Niemand muss Deine Schw\u00e4chen wissen!!<\/li>\n<li>Niemand muss sie kennen!!<\/li>\n<\/ul>\n<p>Es ist eine <strong><em>allgemeine\u00a0<\/em><em>Programmierung<\/em>,<\/strong> die Menschen dazu zwingt, ihre Schw\u00e4chen preiszugeben.<\/p>\n<p>Du wirst h\u00e4ufig h\u00f6ren, da\u00df Menschen den Rat geben, Dich bzw. Dein Inneres (Deine Gedanken und Gef\u00fchle) mehr anderen Menschen zu \u00f6ffnen.\u00a0<strong>Tue das nicht!<\/strong><\/p>\n<ul>\n<li>Lerne Deine souver\u00e4ne <strong>Selbst-Meisterung<\/strong> bzw. das <strong>Selbst-Coaching<\/strong> mit modernen Mitteln und Methoden zur Selbstentwicklung:\u00a0<span style=\"color: #0000ff;\"><em><strong>Hilfe Dir selbst, dann hilft Dir Gott!<\/strong><\/em><\/span><\/li>\n<li>\u00d6ffne Dich mit Deinen inneren N\u00f6ten, Sorgen, \u00c4ngsten und Problemen <strong>NUR gegen\u00fcber Menschen mit Deinem bew\u00e4hrten Vertrauen <\/strong>(das sind meist\u00a0<em><strong>beste Freunde<\/strong><\/em>, mit denen Du schon durch Dick und D\u00fcnn gegangen bist.)<\/li>\n<li>\u00d6ffne Dich auch <strong>professionellen Therapeuten oder Coaches<\/strong> NUR langsam, und wenn sie Dir wirklich helfen, da\u00df Du Dir selbst effektiv helfen kannst (und keine gesch\u00e4ftliche Dauerbeziehung und emotionale Abh\u00e4ngigkeit entsteht)<\/li>\n<\/ul>\n<p>Wir leben nicht in der Zeit, dass du dich<em><span style=\"color: #0000ff;\"><strong> im Internet<\/strong><\/span><\/em> \u00f6ffnen solltest.<\/p>\n<p>Es f\u00fchlt sich gut an, \u00fcber seine Gef\u00fchle und Gedanken zu sprechen, aber es ist <strong>sehr gef\u00e4hrlich.<\/strong><\/p>\n<p><span style=\"color: #0000ff;\"><em><strong>Der Dumme sagt, was er wei\u00df. Und der Kluge wei\u00df, was er sagt.<\/strong><\/em><\/span><\/p>\n<p>Viele b\u00f6swillige Wesen werden diese Gest\u00e4ndnisse und Schw\u00e4chen sp\u00e4ter gegen Dich einsetzen.<\/p>\n<p>Du hast das doch bereits tausend mal selbst erlebt, von anderen erfahren, oder in Filmen gezeigt bekommen!<\/p>\n<p>Erinnere Dich, lerne daraus und merke es Dir!<\/p>\n<p>Du solltest \u00e4u\u00dferst vorsichtig sein, wenn es darum geht, wem Du Dich \u00f6ffnest.<\/p>\n<ol start=\"2\">\n<li><strong><span style=\"color: #0000ff;\">Vermeide, ALLEN zu vertrauen:<\/span><\/strong><\/li>\n<\/ol>\n<ul>\n<li>Wenn du jemanden verd\u00e4chtigst und f\u00fchlst, dass da etwas nicht stimmt, ist es meist bereits zu sp\u00e4t.<\/li>\n<li>Du hast Zweifel und dadurch wird dieses Wesen nie dein Vertrauen verdienen k\u00f6nnen.<\/li>\n<li>Du verschwendest mit diesem Wesen nur Deine Energie (Lebensenergie, Geldenergie), weil du t\u00e4glich auf etwas hoffst, dass sich nie \u00e4ndern kann, <em><strong>weil die \u00c4nderung nicht von Dir ausgeht.<\/strong><\/em><\/li>\n<\/ul>\n<p>Probleme entstehen oft, wenn man sie nicht kommen sieht!<\/p>\n<p>Deshalb sollte auch Dein Vertrauen zu jemanden schwer zu verdienen sein.<\/p>\n<p>Warum? Weil wir HEUTE mitten in einer Apokalypse=Offenbarung leben.<\/p>\n<p><span style=\"color: #0000ff;\"><strong>Jetzt solltest du nur DIR SELBST vertrauen.<\/strong><\/span><\/p>\n<p>Unsere Welt \u00e4ndert sich nicht aus Spa\u00df, sondern\u2026\u2026<\/p>\n<p>Bleib immer angstfrei. Aber sei vorsichtig, wem Du Dein Vertrauen schenkst!<\/p>\n<ol start=\"3\">\n<li><span style=\"color: #0000ff;\"><strong> Die emotionale Bindungsfalle:<\/strong><\/span><\/li>\n<\/ol>\n<p>Wenn Du die ersten beiden Stufen entsch\u00e4rfen kannst, bist Du eigentlich befreit.<\/p>\n<p>Wenn du dieses Stadium nicht erreichst, bist Du in Gefahr, manipuliert zu werden oder steckst eventuell schon in einer fremden Frequenz.<\/p>\n<p>Das Einzige, was Du an diesem Punkt tun kannst, ist, an Deiner emotionalen Distanz zu arbeiten und den Manipulator Deine Emotionen nicht nutzen zu lassen.<\/p>\n<p><span style=\"color: #0000ff;\"><strong>Abstand \u00f6ffnet Augen.\u00a0<\/strong><\/span><\/p>\n<ul>\n<li>Du kannst entweder Dich t\u00e4glich aussaugen lassen<\/li>\n<li>oder anfangen NEIN zu sagen, und Deine Energie bei Dir behalten.<\/li>\n<\/ul>\n<p>Du entscheidest zwar, aber Du kannst <em>nicht<\/em> entscheiden, wenn Du unter Einfluss des Manipulators stehst.<\/p>\n<p>Dein Herz muss besch\u00fctzt werden, aber dass kannst nur du Selbst veranlassen.<\/p>\n<p>Baue Grenzen auf und bleibe an diesen Grenzen!<\/p>\n<ol start=\"4\">\n<li><span style=\"color: #0000ff;\"><strong> Vermeidung des Missbrauchs:<\/strong><\/span><\/li>\n<\/ol>\n<p>Dein Verstand gibt Dir in gewissen Situationen immer nur zwei M\u00f6glichkeiten:<\/p>\n<p>&#8211; Konfrontation (Auseinander-Setzung)<\/p>\n<p>&#8211; Weggehen (Entfernen)<\/p>\n<p>Dein Flucht-Modus wird aktiviert.<\/p>\n<p>Ein Zustand \u00f6ffnet den n\u00e4chsten Zustand.<\/p>\n<p>&nbsp;<\/p>\n<p>Bitte lese jetzt GUT mit.<\/p>\n<p>Dieser Beitrag l\u00f6st die <span style=\"color: #0000ff;\"><strong>fremde Frequenz.<\/strong><\/span><\/p>\n<p>Wenn Du jetzt hierher gekommen bist, bist Du bereits ein Opfer von Manipulationen.<\/p>\n<p>Sonst w\u00e4rst Du nicht bis hierher gekommen.<\/p>\n<p>Du verstehst jetzt, da\u00df es so durch Dich geschehen ist (Du hast es zugelassen).<\/p>\n<p>Dann kannst Du es auch jetzt l\u00f6sen und beseitigen.<\/p>\n<p>Dein Gehirn f\u00e4ngt jetzt an, neue Synapsen zu bilden und neue Wege zu erschaffen, diese wirklich auch im Handeln umzusetzen.<\/p>\n<ul>\n<li>Du wirst nun Manipulatoren direkt erkennen, weil Du Manipulation bereits hunderte mal erlebt hast, aber nicht wusstest warum das so ist.<\/li>\n<\/ul>\n<p>Ich wei\u00df, dass jetzt einiges extrem hart sein kann.<\/p>\n<p>Besonders weil du dich nun mit jemandem verbindest, dem du vertraust und mit dem du gute Erinnerungen hast.<\/p>\n<p>Einige Menschen um dich herum k\u00fcmmern sich aber wirklich um dich und werden ihr Bestes geben, um dir zu helfen.<\/p>\n<p>Sie lieben dich wirklich, nur weil du bist, wie du bist.<\/p>\n<p>Aber diese zu erkennen, das fiel Dir schwer, weil viel zu viele da waren, die genauso schienen.<\/p>\n<p>Jetzt wei\u00dft Du warum.<\/p>\n<p>Diese Menschen sind sich dieser manipulativen und k\u00fcnstlichen Struktur bewusst und h\u00f6ren nicht darauf, was ihnen eingespielt wird.<\/p>\n<p>Vielleicht bist Du ja selbst so ein Mensch?<\/p>\n<p><span style=\"color: #0000ff;\"><strong>Schlu\u00dffolgerung:<\/strong><\/span><\/p>\n<ul>\n<li>H\u00f6re nur auf Dich Selbst.<\/li>\n<li>Sch\u00fctze Deine Energie und Dein Herz.<\/li>\n<\/ul>\n<p>Nicht jeder verdient Zugang zu deinem Energiefeld.<br \/>\nSch\u00fctze deine Aura.<\/p>\n<p>&nbsp;<\/p>\n<p><strong>GEGENPOL: COGNITIVE WARFARE &#8211; DER MENSCH ALS NEUES EINSATZGEBIET<\/strong><\/p>\n<p>Was ist Wahrheit, was ist L\u00fcge? Und wer bestimmt \u00fcber die Antwort auf diese Frage?<\/p>\n<p>Dieses Thema besch\u00e4ftigt die NATO seit mehreren Jahren und hat zu einem neuen Kriegsfeld gef\u00fchrt: Der Cognitive Warfare. Die aktive Beeinflussung der Wahrnehmungen und Ansichten der Menschen auf der Welt, um eigene Interessen voranzutreiben und durchzusetzen. Der neue GEGENPOL-Beitrag beleuchtet dieses obskure Man\u00f6ver und die m\u00f6glichen Auswirkungen auf die Menschen.<\/p>\n<p><iframe loading=\"lazy\" title=\"YouTube video player\" src=\"https:\/\/www.youtube-nocookie.com\/embed\/WdEJZi3TiR0\" width=\"560\" height=\"315\" frameborder=\"0\" allowfullscreen=\"allowfullscreen\"><\/iframe><\/p>\n","protected":false},"excerpt":{"rendered":"<p>Manipulation durch andere Manipulativer Mi\u00dfbrauch. &#8222;Heirats-Schwindler&#8220; (klassisch), &#8222;Versicherungs-Betr\u00fcger&#8220; (finanziell), Therapeuten-Mi\u00dfbrauch (sexuell) Wie Du Manipulationsversuche erkennen und abbrechen kannst. Wie Du Dich und Dein Leben vor manipulativen Missbrauch sch\u00fctzen kannst. Grundsatz:\u00a0 Du wirst niemals von jemandem manipuliert oder betrogen, dem du nicht vertraust und glaubst! Um jemanden zu manipulieren, mu\u00df ein Manipulator eine Beziehung und Vertrauen [&hellip;]<\/p>\n","protected":false},"author":1,"featured_media":0,"parent":3080,"menu_order":0,"comment_status":"closed","ping_status":"closed","template":"members-style1-nosidebar.php","meta":{"footnotes":"","_links_to":"","_links_to_target":""},"class_list":["post-3640","page","type-page","status-publish","hentry"],"_links":{"self":[{"href":"https:\/\/reich-sein.eu\/club\/wp-json\/wp\/v2\/pages\/3640","targetHints":{"allow":["GET"]}}],"collection":[{"href":"https:\/\/reich-sein.eu\/club\/wp-json\/wp\/v2\/pages"}],"about":[{"href":"https:\/\/reich-sein.eu\/club\/wp-json\/wp\/v2\/types\/page"}],"author":[{"embeddable":true,"href":"https:\/\/reich-sein.eu\/club\/wp-json\/wp\/v2\/users\/1"}],"replies":[{"embeddable":true,"href":"https:\/\/reich-sein.eu\/club\/wp-json\/wp\/v2\/comments?post=3640"}],"version-history":[{"count":11,"href":"https:\/\/reich-sein.eu\/club\/wp-json\/wp\/v2\/pages\/3640\/revisions"}],"predecessor-version":[{"id":5280,"href":"https:\/\/reich-sein.eu\/club\/wp-json\/wp\/v2\/pages\/3640\/revisions\/5280"}],"up":[{"embeddable":true,"href":"https:\/\/reich-sein.eu\/club\/wp-json\/wp\/v2\/pages\/3080"}],"wp:attachment":[{"href":"https:\/\/reich-sein.eu\/club\/wp-json\/wp\/v2\/media?parent=3640"}],"curies":[{"name":"wp","href":"https:\/\/api.w.org\/{rel}","templated":true}]}}