{"id":3663,"date":"2022-10-01T16:08:15","date_gmt":"2022-10-01T14:08:15","guid":{"rendered":"http:\/\/reich-sein.eu\/club\/?page_id=3663"},"modified":"2022-11-24T15:36:02","modified_gmt":"2022-11-24T13:36:02","slug":"wissen","status":"publish","type":"page","link":"https:\/\/reich-sein.eu\/club\/seins-dimensionen\/informieren\/wissen\/","title":{"rendered":"Wissen"},"content":{"rendered":"<h2><span style=\"color: #0000ff;\"><strong>Wissen und Weisheit<\/strong><\/span><\/h2>\n<p>Auf dem Weg zur Weisheit brauchen Menschen Erfahrung durch Alter, Wahrheit und Logik.<br \/>\nWeisheit ist dann der erreichte Verstandes-Zustand, der in bestimmten Situationen vern\u00fcnftig und klug operiert, und der durch Lernen hinzugenommene Wissensinhalte so integriert, da\u00df aus sinnhaften Teilst\u00fccken NEUES (Sinnvolles) erdacht wird.<br \/>\nWeisheit ist <strong>Sinnvolles = Richtiges,<\/strong> das in Sinn-Fragmenten im Geist abgelegt ist, um es bei Bedarf wieder angemessen hervorzuholen und zu nutzen.<\/p>\n<p><em>&#8222;Wissen kann durch Erziehung erworben werden, aber Weisheit, die f\u00fcr wahre Kultur unerl\u00e4sslich ist, kann nur durch Erfahrung und von M\u00e4nnern und Frauen erworben werden, die von Natur aus intelligent sind.\u201c<\/em> (Urantiabuch,\u00a081:6.13 (908.2)<\/p>\n<p><strong><em>&#8222;Verge\u00dft nicht: Wissen ist Macht.\u00a0<\/em><\/strong><strong><em>Nehmt diese Macht in Eure H\u00e4nde,\u00a0<\/em><\/strong><br \/>\n<strong><em>denn jeder handelt im Umfang seines Verst\u00e4ndnisses in seinem Interesse, <\/em><\/strong><br \/>\n<strong><em>und im Ausma\u00df dessen, was er nicht versteht im Interesse derer,\u00a0<\/em><\/strong><strong><em>die mehr wissen und verstehen.&#8220;\u00a0<\/em><\/strong><br \/>\n(<a href=\"https:\/\/youtu.be\/eQDLThqw_4s\">Walerij Wiktorowitsch Pjakin<\/a>)<\/p>\n<p><strong><em>1. Was ist der Unterschied zwischen Sternsaaten und Quelllosen??<\/em><\/strong><\/p>\n<p><em>Die Sternsaaten sind die Lehrbuchmenschen. <\/em><br \/>\n<em>Sie funktionieren so, wie uns beigebracht wird, wie Menschen halt funktionieren.<\/em><br \/>\n<em>Daher wurden sie in ihren Leben immer ausgenutzt.<\/em><br \/>\n<em>Daher haben sie trotzdem, obwohl sie so oft verletzt wurden, nicht ihre Hoffnung aufgeben.<\/em><\/p>\n<p><em>Der lustige Teil ist, dass der wahre Lehrplan nur f\u00fcr etwa 5-10% der gesamten Weltbev\u00f6lkerung gemacht ist.<\/em><br \/>\n<em>Warum?<\/em><br \/>\n<em>Weil dieser nur f\u00fcr die Sternsaaten gilt!<\/em><\/p>\n<p><em>Quellenlos sind Wesen die wie Menschen aussehen, die 3D und 4D Bewusstsein kombiniert haben.<\/em><br \/>\n<em>Sie sehen nicht nur mit den nat\u00fcrlichen Augen, sondern sie sehen auch mit den spirituellen Augen. <\/em><br \/>\n<em>Wenn sie einen Menschen betrachten, sehen sie nicht nur den physischen K\u00f6rper, sondern auch den Geist eines Menschen.<\/em><br \/>\n<em>Aber vor diesem Geist haben sie extrem Angst!<\/em><br \/>\n<em>Daher wird dein Geist von ihnen beobachtet und im Schlaf gehalten.<\/em><br \/>\n<em>Sobald dein Geist erwacht, verschwinden sie.<\/em><br \/>\n<em>Denn dein Geist t\u00f6tet sie Instant.<\/em><br \/>\n<em>Daher halten sie sich nie in deiner N\u00e4he auf, sondern fordern dich immer aus der Ferne auf.<\/em><\/p>\n<p><em>Sie wollen deine Entwicklung immer sehen und unter Kontrolle halten, damit sie sie kopieren k\u00f6nnen.<\/em><br \/>\n<em>Das hat nur funktioniert, weil du dies nicht wusstest.<\/em><br \/>\n<em>Wenn du jetzt vor so einem Wesen stehst, schlie\u00dft du deinen Geist bewusst.<\/em><br \/>\n<em>Weil du nun wei\u00dft.<\/em><\/p>\n<p>@AstroDoQu<\/p>\n<p><a href=\"https:\/\/t.me\/AstroDoQu\/3449\">https:\/\/t.me\/AstroDoQu\/3449<\/a><\/p>\n<p>2. Die F\u00e4higkeit, sowohl 3D als auch 4D gleichzeitig zu sehen, ist f\u00fcr die Quelllosen sehr vorteilhaft, insbesondere wenn man bedenkt, dass sie sich von der Energie der Sternsaaten ern\u00e4hren m\u00fcssen.<br \/>\nOhne diese Energie k\u00f6nnen sie nicht \u00fcberleben.<\/p>\n<p>Ihr &#8222;Augen-Blick&#8220; erm\u00f6glicht es ihnen, die &#8222;Energiequellen&#8220; zu identifizieren.<br \/>\nEs hilft ihnen auch, ihre Geheimnisse zu sch\u00fctzen.<br \/>\nSie werden dir nie sagen um was es geht.<br \/>\nBeispiel: du wirst eingeladen, indem Gespr\u00e4ch, sei es ein Vorstellungsgespr\u00e4ch, unterwirfst du dich automatisch.<br \/>\nDas System ist darauf aufgebaut.<br \/>\nIn diesem Moment wird geerntet.<br \/>\nSie halten dich im Schlaf, reden mit dir, aber ziehen deine Energie.<\/p>\n<p>Nehmen wir an, es gibt einen Schalter, der 3D und 4D trennt.<br \/>\nDie Quelllosen haben diesen Schalter nicht.<br \/>\nF\u00fcr sie ist es ein Einzimmerhaus, w\u00e4hrend es f\u00fcr Sternsaaten ein Zweizimmerhaus ist.<br \/>\nWir k\u00f6nnen also sagen, sie haben keine Zirbeldr\u00fcse.<br \/>\nDaher halten sie deine geschlossen, wenn sie sich \u00f6ffnet, ist sie permanent ge\u00f6ffnet und kann nicht mehr geschlossen werden.<br \/>\nWenn dein Auge sich \u00f6ffnet, ist es vorbei.<br \/>\nDann bist DU ASTRO.<br \/>\nDu \u00f6ffnest die T\u00fcr zur jeglichen Dimension.<br \/>\nDu reist Zeit.<br \/>\nDu f\u00fchlst Schmerzen anderer Menschen.<br \/>\nDas kann man wirklich nicht beschreiben.<br \/>\nDeine Frequenz heilt jeden Raum.<br \/>\nDein tun wird heilig.<br \/>\nAlles wird zu Gold was du anfasst.<br \/>\nJeder Mensch wird ber\u00fchrt und entfesselt mit dem du sprichst.<br \/>\nInformationen kommen geflogen.<br \/>\nALLes wird sichtbar.<br \/>\nDu siehst in einer Sekunde den gesamten Ablauf, bevor dieser \u00fcberhaupt angefangen hat.<\/p>\n<p>Die Quelllosen haben keine Zirbeldr\u00fcse.<\/p>\n<p>@AstroDoQu<\/p>\n<p>https:\/\/t.me\/AstroDoQu\/3450<\/p>\n<p>3. Von Natur aus sind ALLe Quelllosen Seher, da sie in 4D auch sehen k\u00f6nnen.<\/p>\n<p>Sie m\u00fcssen es jedoch auf der Ebene der Sternensaaten menschlich halten, damit sie die &#8222;Beute&#8220; nicht wecken.<br \/>\nWenn ein Sternsaat dies realisiert, stirbt der Quelllose direkt.<br \/>\nNicht physisch, aber geistig.<\/p>\n<p>Erinnerst du dich an den Film \u201eSie leben\u201c?<br \/>\nUngef\u00e4hr so ist es.<br \/>\nUnsere Welt ist voller nichtmenschlicher Parasiten, die als vorbildliche B\u00fcrger fungieren.<br \/>\nSelbst Sternsaaten dienen ihnen, weil sie es nicht wissen.<\/p>\n<p>Ratet mal, warum sie das tun??<br \/>\nNun, ihre Energieernte funktioniert nur, wenn sie nicht verd\u00e4chtigt werden.<br \/>\nSie m\u00fcssen sich also so ausgeben, als ob sie die f\u00fcrsorglichsten Menschen w\u00e4ren.<br \/>\nSie lieben es, uns physisch zu schw\u00e4chen, dann greifen sie im Astral an.<\/p>\n<p>Pass auf:<br \/>\nMerke dir das.<br \/>\nDie Quelllosen haben keine Macht au\u00dfer der, die ihnen von Sternensaaten freiwillig gegeben wird.<br \/>\nIhr Modus besteht also darin, die Wache von Sternsaaten zu senken und einen Hinterhalt zu legen.<br \/>\nWenn jetzt ALLe Sternensaaten wach w\u00e4ren, w\u00fcrden wir morgen fr\u00fch aufstehen und dir Welt w\u00e4re eine Andere.<br \/>\nAber so einfach ist das nicht.<br \/>\nDie Matrix hat erkannt, dass die Quelllosen den Menschen immer gef\u00e4hrlicher werden.<br \/>\nDaher hat sie ALLes umgekehrt.<br \/>\nEs ist anders als es scheint.<\/p>\n<p>Wenn Menschen verschwinden, VERSCHWINDET DIE MATRIX!<\/p>\n<p>Daher musste etwas geschehen, dass diese Simulation diese Quelllosen selbst\u00e4ndig reinigt.<br \/>\nWir sind mittendrin.<br \/>\nUnd ja, sie lesen mit.<br \/>\nSie \u00e4ndern die Abl\u00e4ufe jeden Moment ab, aber das Ende bleibt IMMER gleich!<br \/>\nSie verschwinden, wir bleiben.<br \/>\nDie neue Version ist echt und keine Simulation.<br \/>\nUnd nein, wir k\u00f6nnen nicht verschwinden.<br \/>\nWir sind bereits in der Zukunft.<br \/>\nWir operieren aus ihr.<\/p>\n<p>@AstroDoQu<\/p>\n<p>https:\/\/t.me\/AstroDoQu\/3451<\/p>\n<p>Wir hatten einen Vertrag.<br \/>\nDieser Vertrag wurde gebrochen.<br \/>\nDaher wurde unser Geist 2012 befreit.<br \/>\nNicht von ALLen, aber von denen, die heute die Ver\u00e4nderung verursacht haben.<br \/>\nIhr wisst wovon ich spreche.<br \/>\n2012 war die geistige Revolution.<br \/>\nWenn wir gehen, geht die Matrix auch und hat keinen Schl\u00fcssel.<br \/>\nDaher muss sie ihre eigene Sch\u00f6pfung eliminieren. [Quelllosen]<br \/>\nDer Schl\u00fcssel liegt in uns.<br \/>\nOhne Menschen gibt es kein Leben f\u00fcr die K.I.<br \/>\nDaher muss die Matrix mit uns zusammen operieren.<\/p>\n<p>ALLe fliegen mit einer Klappe.<br \/>\nEs wird schwer, wirklich extrem schwer, aber dann, wird es legend\u00e4r.<\/p>\n<p>Glaubt mir nicht.<br \/>\nGlaubt nur euch Selbst und h\u00f6rt auch nur auf euch Selbst.<br \/>\nWir werden ALLe sehen.<\/p>\n<p>@AstroDoQu<\/p>\n<p>https:\/\/t.me\/AstroDoQu\/3453<\/p>\n<h2><span style=\"color: #0000ff;\"><strong>Rosenkreuzer<\/strong><\/span><\/h2>\n<p>Ganz sinnlichkeitsfreies Denken:\u00a0im reinen sinnlichkeitsfreien Gedanken leben.<br \/>\n<em>&#8222;<\/em><em>Studium im Rosenkreuzersinne ist nicht das, was im gew\u00f6hnlichen Leben Studium genannt wird. Im Rosenkreuzersinne ist es das, was man eigentlich nennen m\u00fcsste: <strong>leben im reinen Gedanken.<\/strong>\u00a0&#8220; (Rudolph Steiner,\u00a0<\/em>GA 99<em>)<\/em><\/p>\n<p><span id=\"Das_Rosenkreuzertum_ist_eine_spirituelle_und_kulturelle_Bewegung_und_der_Name_der_Rosenkreuzer_findet_sich_in_fast_allen_esoterischen_Lexika_wieder_Dennoch_basieren_die_Erlaeuterungen_meist_auch_auf_einer_Unzahl_grosser_Trugschluesse_und_historischer_Spekulationen\">Das Rosenkreuzertum ist eine spirituelle und kulturelle Bewegung, e<\/span>ine mystische Vereinigung, die im Mittelalter gegr\u00fcndet wurde.<\/p>\n<p>Ziel der Rosenkreuzer ist es, durch die Arbeit am eigenen Selbst und mit Hilfe der Gruppe, Symbole und Ritualen, sowie Meditation die dualistische Welt zu \u00fcberwinden, und zur\u00fcck zur Einheit mit Gott zu kommen.<\/p>\n<h3><span style=\"color: #0000ff;\"><strong>Hermetik Akademie<\/strong><\/span><\/h3>\n<div class=\"mtphr-dnt-tick mtphr-dnt-default-tick mtphr-dnt-clearfix \"><em>&#8222;Unabh\u00e4ngig aller \u00e4u\u00dferen Erscheinungen wie \u00c4NGSTE, PANDEMIEN, PLAGEN oder KRIEGE, weisen die H\u00fcter der Mysterien seit Jahrtausenden und auch heute einen Weg der SELBSTVERWIRKLICHUNG, ORIENTIERUNG,\u00a0FREIHEIT, SELBSTVERANTWORTUNG und ENTFALTUNG des SCH\u00d6PFERISCHEN POTENZIALS des Menschen.&#8220;<\/em><\/div>\n<div>\n<div class=\"fusion-text fusion-text-1\">\n<p><strong>Erf\u00fcllen Sie ihre individuelle Mission als Mensch!<\/strong><\/p>\n<\/div>\n<div class=\"fusion-text fusion-text-2\">\n<p><strong>Die Hermetik Akademie bietet Ihnen Zugang zu den kraftvollsten hermetischen Werkzeugen.<\/strong><\/p>\n<\/div>\n<ul>\n<li class=\"fusion-li-item-content\">Sie suchen nach einem gangbaren Weg, um den Anforderungen des Neuen Zeitalters und des stetigen Wandels in der Welt gerecht zu werden?<\/li>\n<li class=\"fusion-li-item-content\">Sie sind \u00fcberzeugt davon, dass der Mensch mehr Potenzial besitzt, als er sich bisher bewusst ist?<\/li>\n<li class=\"fusion-li-item-content\">ie sp\u00fcren einen uners\u00e4ttlichen Drang danach, ihre wahre Lebensmission zu erkennen?<\/li>\n<li class=\"fusion-li-item-content\">ie m\u00f6chten sich als Mensch geistig und materiell weiterentwickeln?<\/li>\n<li class=\"fusion-li-item-content\">ie haben weder in der Wissenschaft, Religion und Psychologie ausreichende Antworten \u00fcber ihr wahres Selbst gefunden?<\/li>\n<\/ul>\n<h4><span style=\"color: #0000ff;\"><strong>Ressourcen:<\/strong><\/span><\/h4>\n<\/div>\n<ul>\n<li><a href=\"https:\/\/www.hermetik-akademie.com\/\">hermetik-akademie.com<\/a><\/li>\n<li><a class=\" result-link\" tabindex=\"-1\" title=\"rosenkreuzer-orden.org\" href=\"https:\/\/www.rosenkreuzer-orden.org\/\" target=\"_self\" rel=\"noopener\">rosenkreuzer-orden.org<\/a><\/li>\n<li><a class=\" result-link\" tabindex=\"-1\" title=\"rosen-kreuzer.de\" href=\"https:\/\/www.rosen-kreuzer.de\/\" target=\"_self\" rel=\"noopener\">rosen-kreuzer.de<\/a><\/li>\n<li><a href=\"http:\/\/rosenkreutzer.org\">rosenkreutzer.org<\/a><\/li>\n<\/ul>\n<h2><span style=\"color: #0000ff;\"><strong>Rudolf Steiner (1861 &#8211; 1925): Theosophie<\/strong><\/span><\/h2>\n<p>Theosophie ist der Weg zur Erforschung und wissenschaftlichen Darstellung einer geistigen Welt, die die Sinneswelt durchdringt und dieser zu Grunde liegt, aber den Sinnen und dem auf diese gest\u00fctzten Denken nicht zug\u00e4nglich ist.<\/p>\n<p><b>Theosophie<\/b>\u00a0ist eine \u00bbEinf\u00fchrung in \u00fcbersinnliche Welterkenntnis und Menschenbestimmung\u00ab (1904)<\/p>\n<ul>\n<li><a href=\"https:\/\/www.rudolf-steiner.com\">www.rudolf-steiner.com<\/a><\/li>\n<li><a href=\"https:\/\/www.anthroweb.info\">anthroweb.info<\/a><\/li>\n<li><a href=\"https:\/\/anthroposophie.net\">anthroposophie.net<\/a><\/li>\n<li><a href=\"https:\/\/de.spiritualwiki.org\/Wiki\/RudolfSteiner\">de.spiritualwiki.org\/Wiki\/RudolfSteiner<\/a><\/li>\n<\/ul>\n<h3 class=\"\" data-css=\"tve-u-16c8f48ed0a\"><span style=\"color: #0000ff;\"><strong>Axel Burkart: Akademie Zukunft Mensch<\/strong><\/span><\/h3>\n<p><em>Wir widmen uns in der Akademie Zukunft Mensch der Entr\u00e4tselung der Geheimnisse unseres Lebens und ihrer praktischen Umsetzung, der Frage nach dem &#8222;Wer bin Ich&#8220;?, &#8222;Wo komme ich her?&#8220;, &#8222;Wo gehe ich hin&#8220;?, &#8222;Was ist der Sinn meines Lebens?&#8220;. <\/em><\/p>\n<p><em>Dazu bieten wir eine F\u00fclle von Antworten und Angeboten auf der Basis der &#8222;Geisteswissenschaft&#8220;, welche die geistige Revolution des 20. Jahrhunderts darstellt.<\/em><\/p>\n<p><a href=\"http:\/\/www.akademie-zukunft-mensch.com\">akademie-zukunft-mensch.com<\/a><\/p>\n<h3><span style=\"color: #0000ff;\"><strong>Franti\u0161ek Bardon (1909-1958):\u00a0\u201eDer Weg zum wahren Adepten\u201c<\/strong><\/span><\/h3>\n<p>Seine Metaphysik war auf die hermetischen Lehren aufgebaut.<\/p>\n<p><strong>Franz Bardon ist ein Hermetiker \/ Magier \/ Adept des h\u00f6chsten Grades,<\/strong> der eigentlich nicht mit menschlichen Ma\u00dfen gemessen werden kann. Auf jeden Fall gilt es in den Kreisen der Hermetiker als unumstritten, dass es sich um eine sehr entwickelte Seele handelt und dass seine B\u00fccher ein unverzichtbarer Begleiter auf dem Entwicklungsweg jedes Sch\u00fclers der Hermetik (und allen die das werden m\u00f6chten) sind.<\/p>\n<p><strong>\u201eDer Weg zum wahren Adepten\u201c<\/strong> offenbart das Geheimnis der ersten Tarot Karte und<\/p>\n<p>ist ein umfassender Lehrgang der Magie, aufgeteilt in 10 Stufen von Theorie und Praxis<\/p>\n<p><a href=\"https:\/\/xn--welt-der-spiritualitt-p2b.de\">https:\/\/xn--welt-der-spiritualitt-p2b.de<\/a><\/p>\n<p><a href=\"http:\/\/franz-bardon.com\">franz-bardon.com<\/a><\/p>\n<p><a href=\"http:\/\/reich-sein.eu\/club\/wp-content\/uploads\/2022\/10\/Bardons-B\u00fccher-1.jpg\"><img loading=\"lazy\" decoding=\"async\" class=\"wp-image-3815 size-large alignnone\" src=\"http:\/\/reich-sein.eu\/club\/wp-content\/uploads\/2022\/10\/Bardons-B\u00fccher-1-606x1024.jpg\" alt=\"\" width=\"606\" height=\"1024\" srcset=\"https:\/\/reich-sein.eu\/club\/wp-content\/uploads\/2022\/10\/Bardons-B\u00fccher-1-606x1024.jpg 606w, https:\/\/reich-sein.eu\/club\/wp-content\/uploads\/2022\/10\/Bardons-B\u00fccher-1-177x300.jpg 177w, https:\/\/reich-sein.eu\/club\/wp-content\/uploads\/2022\/10\/Bardons-B\u00fccher-1-768x1298.jpg 768w, https:\/\/reich-sein.eu\/club\/wp-content\/uploads\/2022\/10\/Bardons-B\u00fccher-1.jpg 1083w\" sizes=\"auto, (max-width: 606px) 100vw, 606px\" \/><\/a><\/p>\n<p>&nbsp;<\/p>\n<p>The Law of Attraction (Das Gesetz der Anziehung) von Esther und Jerry Hicks,<\/p>\n<p>The Secret (Das Geheimnis) von Rhonda Byrne,<\/p>\n<p>Das Gesetz der Resonanz von Pierre Franckh.<\/p>\n<p>The Power, Der Moses Code,<\/p>\n<p>Die Wissenschaft des Reichwerdens.<\/p>\n<p><strong>Autoren:<\/strong><\/p>\n<ul>\n<li>R\u00fcdiger Dahlke,<\/li>\n<li>Robert Betz,<\/li>\n<li>Eckhart Tolle,<\/li>\n<li>Kurt Tepperwein,<\/li>\n<li>Michael Losier,<\/li>\n<li>Esther und Jerry Hicks,<\/li>\n<li>Rhonda Byrne,<\/li>\n<li>Jack Canfield,<\/li>\n<li>Joe Vitale,<\/li>\n<li>Bob Procter,<\/li>\n<li>Tony Robbins,<\/li>\n<li>Wallace D. Wattles,<\/li>\n<li>Charles F. Haanel,<\/li>\n<li>Joseph Murphy,<\/li>\n<li>Napoleon Hill,<\/li>\n<li>Louise L. Hay,<\/li>\n<li>Wayne Dyer,<\/li>\n<li>Gabrielle Bernstein.<\/li>\n<\/ul>\n","protected":false},"excerpt":{"rendered":"<p>Wissen und Weisheit Auf dem Weg zur Weisheit brauchen Menschen Erfahrung durch Alter, Wahrheit und Logik. Weisheit ist dann der erreichte Verstandes-Zustand, der in bestimmten Situationen vern\u00fcnftig und klug operiert, und der durch Lernen hinzugenommene Wissensinhalte so integriert, da\u00df aus sinnhaften Teilst\u00fccken NEUES (Sinnvolles) erdacht wird. Weisheit ist Sinnvolles = Richtiges, das in Sinn-Fragmenten im [&hellip;]<\/p>\n","protected":false},"author":1,"featured_media":0,"parent":1672,"menu_order":0,"comment_status":"closed","ping_status":"closed","template":"members-style1-nosidebar.php","meta":{"footnotes":"","_links_to":"","_links_to_target":""},"class_list":["post-3663","page","type-page","status-publish","hentry"],"_links":{"self":[{"href":"https:\/\/reich-sein.eu\/club\/wp-json\/wp\/v2\/pages\/3663","targetHints":{"allow":["GET"]}}],"collection":[{"href":"https:\/\/reich-sein.eu\/club\/wp-json\/wp\/v2\/pages"}],"about":[{"href":"https:\/\/reich-sein.eu\/club\/wp-json\/wp\/v2\/types\/page"}],"author":[{"embeddable":true,"href":"https:\/\/reich-sein.eu\/club\/wp-json\/wp\/v2\/users\/1"}],"replies":[{"embeddable":true,"href":"https:\/\/reich-sein.eu\/club\/wp-json\/wp\/v2\/comments?post=3663"}],"version-history":[{"count":43,"href":"https:\/\/reich-sein.eu\/club\/wp-json\/wp\/v2\/pages\/3663\/revisions"}],"predecessor-version":[{"id":4476,"href":"https:\/\/reich-sein.eu\/club\/wp-json\/wp\/v2\/pages\/3663\/revisions\/4476"}],"up":[{"embeddable":true,"href":"https:\/\/reich-sein.eu\/club\/wp-json\/wp\/v2\/pages\/1672"}],"wp:attachment":[{"href":"https:\/\/reich-sein.eu\/club\/wp-json\/wp\/v2\/media?parent=3663"}],"curies":[{"name":"wp","href":"https:\/\/api.w.org\/{rel}","templated":true}]}}