{"id":3682,"date":"2022-10-01T20:17:23","date_gmt":"2022-10-01T18:17:23","guid":{"rendered":"http:\/\/reich-sein.eu\/club\/?page_id=3682"},"modified":"2022-11-24T15:29:21","modified_gmt":"2022-11-24T13:29:21","slug":"zahlen","status":"publish","type":"page","link":"https:\/\/reich-sein.eu\/club\/mittel\/besondere-reich-sein\/zahlen\/","title":{"rendered":"Zahlen"},"content":{"rendered":"<h2><span style=\"color: #0000ff;\"><strong>Grigori Petrovich Grabovoi: Manifestieren mit Zahlen<\/strong><\/span><\/h2>\n<p>Grabovoi ist russischer Wissenschaftler mit h\u00f6herem Bewusstsein und gr\u00f6\u00dferer Wahrnehmung, Heiler \u2013 Erfinder \u2013 Hellsichtiger \u2013 Mathematiker \u2013 Naturwissenschaftler \u2013 5-facher Doktor \u2013 4 Professuren<br \/>\nGrabovoi empfing Zahlengebete zur Neuordnung der Sch\u00f6pfung in die Welt.<br \/>\nAnleitungen und Erfahrung zur Arbeit mit den Methoden nach Grabovoi<\/p>\n<p>Konzentrationen auf spezifische Zahlenreihen von G. P. Grabovoi:<br \/>\n&#8211; Zahlen immer einzeln lesen, aufsagen 1-2-3-4-5 \u2026,<br \/>\n&#8211; geistig vorstellen,<br \/>\n&#8211; gedanklich aufsagen.<br \/>\n&#8211; Nimm die jeweilige Zahlenreihe deutlich wahr!<\/p>\n<p><span style=\"color: #0000ff;\"><strong>L\u00f6sung aller Fragen und Probleme: 212309909<\/strong><\/span><\/p>\n<blockquote><p>Konzentration und Visualisierung<br \/>\n&gt; benenne die anstehenden oder aktuellen Probleme genau<br \/>\n&gt; Zahlenreihe aufsagen<br \/>\n&gt; Danke, f\u00fcr die L\u00f6sung<br \/>\n&gt; 212309909<\/p><\/blockquote>\n<h3><span style=\"color: #0000ff;\"><strong>Zahlen f\u00fcr Finanzen\/Gesch\u00e4ft<\/strong><\/span><\/h3>\n<p><strong>Finanzielle F\u00fclle: 318 798<\/strong><br \/>\n<strong>Unerwartetes Geld: 520<\/strong><br \/>\n<strong>Verk\u00e4ufe: 54121381948<\/strong><br \/>\n<strong>Geldflu\u00df: 619 71421841<\/strong><br \/>\n<strong>Wirtschaftliche Unabh\u00e4ngigkeit: 819 419 714<\/strong><br \/>\n<strong>Normalisierung finanzieller Situationen: 71427321893<\/strong><br \/>\n<strong>Transformierung Zeit in Geld: 4148188<\/strong><br \/>\n<strong>Arbeit besorgen: 493151 864 1491<\/strong><br \/>\n<strong>Ziele erreichen: 894 719 78 48<\/strong><br \/>\n<strong>Ehrenrettung der Finanzlage: 64889498871<\/strong><br \/>\n<strong>Effektiver Ertrag: 518 617219 71<\/strong><\/p>\n<p><a href=\"http:\/\/www.grigori-grabovoi.ru\">http:\/\/www.grigori-grabovoi.ru<\/a><br \/>\n(Grigori Grabovoi: Zahlen f\u00fcr ein erfolgreiches Business, 2014)<\/p>\n<h3><span style=\"color: #0000ff;\"><strong>Spezielle Zahlencodes von\u00a0Grigori Grabovoi<\/strong><\/span><\/h3>\n<p class=\"title style-scope ytd-video-primary-info-renderer\"><span style=\"color: #0000ff;\"><strong>Verbesserung der Finanzlage &#8211; Zahlen nach Grabovoi plus eine weitere Zahl.<\/strong><\/span><\/p>\n<ul>\n<li>L\u00f6sung von Fragen und Problemen &#8211; 25122004<\/li>\n<li>Stabilit\u00e4t in gesch\u00e4ftlichen Belangen &#8211; 212309909<\/li>\n<li>Normalisierung der Finanzlage &#8211; 71427321893<\/li>\n<li>Finanzielle F\u00fclle &#8211; 318798<\/li>\n<\/ul>\n<p><iframe loading=\"lazy\" title=\"YouTube video player\" src=\"https:\/\/www.youtube.com\/embed\/q_hHtYS_0Vg\" width=\"560\" height=\"315\" frameborder=\"0\" allowfullscreen=\"allowfullscreen\"><\/iframe><\/p>\n<p class=\"title style-scope ytd-video-primary-info-renderer\"><span style=\"color: #0000ff;\"><strong>Visualisiere finanziellen \u00dcberschuss\u00a0<\/strong><\/span><\/p>\n<p><iframe loading=\"lazy\" title=\"YouTube video player\" src=\"https:\/\/www.youtube.com\/embed\/ShrYsEqSaDg\" width=\"560\" height=\"315\" frameborder=\"0\" allowfullscreen=\"allowfullscreen\"><\/iframe><\/p>\n<p><a href=\"http:\/\/reich-sein.eu\/club\/wp-content\/uploads\/2022\/10\/Die-Zeit-in-Geld-umwandeln.jpg\"><img loading=\"lazy\" decoding=\"async\" class=\"alignleft wp-image-3857\" src=\"http:\/\/reich-sein.eu\/club\/wp-content\/uploads\/2022\/10\/Die-Zeit-in-Geld-umwandeln-1024x745.jpg\" alt=\"\" width=\"600\" height=\"436\" srcset=\"https:\/\/reich-sein.eu\/club\/wp-content\/uploads\/2022\/10\/Die-Zeit-in-Geld-umwandeln-1024x745.jpg 1024w, https:\/\/reich-sein.eu\/club\/wp-content\/uploads\/2022\/10\/Die-Zeit-in-Geld-umwandeln-300x218.jpg 300w, https:\/\/reich-sein.eu\/club\/wp-content\/uploads\/2022\/10\/Die-Zeit-in-Geld-umwandeln-768x558.jpg 768w\" sizes=\"auto, (max-width: 600px) 100vw, 600px\" \/><\/a><\/p>\n","protected":false},"excerpt":{"rendered":"<p>Grigori Petrovich Grabovoi: Manifestieren mit Zahlen Grabovoi ist russischer Wissenschaftler mit h\u00f6herem Bewusstsein und gr\u00f6\u00dferer Wahrnehmung, Heiler \u2013 Erfinder \u2013 Hellsichtiger \u2013 Mathematiker \u2013 Naturwissenschaftler \u2013 5-facher Doktor \u2013 4 Professuren Grabovoi empfing Zahlengebete zur Neuordnung der Sch\u00f6pfung in die Welt. Anleitungen und Erfahrung zur Arbeit mit den Methoden nach Grabovoi Konzentrationen auf spezifische Zahlenreihen [&hellip;]<\/p>\n","protected":false},"author":1,"featured_media":0,"parent":3130,"menu_order":0,"comment_status":"closed","ping_status":"closed","template":"members-style1-nosidebar.php","meta":{"footnotes":"","_links_to":"","_links_to_target":""},"class_list":["post-3682","page","type-page","status-publish","hentry"],"_links":{"self":[{"href":"https:\/\/reich-sein.eu\/club\/wp-json\/wp\/v2\/pages\/3682","targetHints":{"allow":["GET"]}}],"collection":[{"href":"https:\/\/reich-sein.eu\/club\/wp-json\/wp\/v2\/pages"}],"about":[{"href":"https:\/\/reich-sein.eu\/club\/wp-json\/wp\/v2\/types\/page"}],"author":[{"embeddable":true,"href":"https:\/\/reich-sein.eu\/club\/wp-json\/wp\/v2\/users\/1"}],"replies":[{"embeddable":true,"href":"https:\/\/reich-sein.eu\/club\/wp-json\/wp\/v2\/comments?post=3682"}],"version-history":[{"count":6,"href":"https:\/\/reich-sein.eu\/club\/wp-json\/wp\/v2\/pages\/3682\/revisions"}],"predecessor-version":[{"id":4901,"href":"https:\/\/reich-sein.eu\/club\/wp-json\/wp\/v2\/pages\/3682\/revisions\/4901"}],"up":[{"embeddable":true,"href":"https:\/\/reich-sein.eu\/club\/wp-json\/wp\/v2\/pages\/3130"}],"wp:attachment":[{"href":"https:\/\/reich-sein.eu\/club\/wp-json\/wp\/v2\/media?parent=3682"}],"curies":[{"name":"wp","href":"https:\/\/api.w.org\/{rel}","templated":true}]}}