{"id":3687,"date":"2022-10-01T20:24:08","date_gmt":"2022-10-01T18:24:08","guid":{"rendered":"http:\/\/reich-sein.eu\/club\/?page_id=3687"},"modified":"2022-11-24T15:12:36","modified_gmt":"2022-11-24T13:12:36","slug":"pruefen-und-testen","status":"publish","type":"page","link":"https:\/\/reich-sein.eu\/club\/mittel\/pruefen-und-testen\/","title":{"rendered":"Pr\u00fcfen und Testen"},"content":{"rendered":"<h2><span style=\"color: #0000ff;\"><strong>Pr\u00fcfliste bzw. Flowchart\u00a0<\/strong><\/span><\/h2>\n<p>\u201eGeld kann nicht sprechen und nicht denken, aber es h\u00f6rt, wenn es mit den richtigen Worten gerufen wird.\u201c (Andreas Rebmann)<\/p>\n<h3><span style=\"color: #0000ff;\"><strong>1) Begriff<\/strong><\/span><\/h3>\n<p>Flowcharts sind Listen potentiell schw\u00e4chender Einflu\u00dffaktoren bez\u00fcglich des Flowchart-Zieles (hier Reichsein, Reichtum, Wohlstand).<br \/>\nDie Begriffe oder Aussagen in der Flowchart-Liste stehen f\u00fcr innere Konzepte oder Gedanken, f\u00fcr Gebilde oder Muster an Gedanken bzw. Glauben, innere Haltungen bzw. Einstellungen.<\/p>\n<h3><strong><span style=\"color: #0000ff;\">2) Vorgehen<\/span><\/strong><\/h3>\n<h3><strong><span style=\"color: #0000ff;\">Erstens: Ermittlung<\/span><\/strong><\/h3>\n<p>Schw\u00e4chend oder blockierend wirkende Faktoren werden im ersten Schritt mit Hilfe bioenergetischer Methoden ermittelt. Dabei werden alle in der Liste aufgef\u00fchrten Aspekten gepr\u00fcft.<\/p>\n<p><span style=\"color: #0000ff;\"><strong>Methoden:<\/strong><\/span><br \/>\nFingertest der chinesischen Quantum Methode (CQM)<br \/>\n(Uwe Albrecht: Der fingertest: https:\/\/youtu.be\/k-9Xn79MA1k)<br \/>\nPendel<br \/>\nBiotensor<br \/>\nArmmuskeltest<br \/>\nRadionik u.a.<\/p>\n<h3><strong><span style=\"color: #0000ff;\">Zweitens: Korrektur<\/span><\/strong><\/h3>\n<p>Im zweiten Schritt geht es um die Neutralisierung dieser Aspekte oder sogar um die Umwandlung in einen st\u00e4rkenden und unterst\u00fctzenden Einflu\u00df.<\/p>\n<p><strong><span style=\"color: #0000ff;\">Methoden:<\/span><\/strong><br \/>\n<strong>Biosynergetik<\/strong><br \/>\n(http:\/\/www.flowchart-forum.de\/artikel.php?id=116&amp;bw=2)<\/p>\n<p><strong>Affirmationen des positiven Denkens: <\/strong><\/p>\n<p>(http:\/\/www.spirituelle.info\/artikel.php?id=56)<\/p>\n<p><strong>Zustand-Affirmationen<\/strong><\/p>\n<blockquote class=\"wp-embedded-content\" data-secret=\"uA3zISBAxm\"><p><a href=\"http:\/\/www.empathie-lernen.de\/positive-affirmationen-beispiele\">200 positive Beispiel-Affirmationen f\u00fcr Geld, Gesundheit, Selbstbewusstsein, Liebe und vieles mehr<\/a><\/p><\/blockquote>\n<p><iframe loading=\"lazy\" class=\"wp-embedded-content\" sandbox=\"allow-scripts\" security=\"restricted\" style=\"position: absolute; visibility: hidden;\" title=\"&#8222;200 positive Beispiel-Affirmationen f\u00fcr Geld, Gesundheit, Selbstbewusstsein, Liebe und vieles mehr&#8220; &#8212; \" src=\"http:\/\/www.empathie-lernen.de\/positive-affirmationen-beispiele\/embed#?secret=uA3zISBAxm\" data-secret=\"uA3zISBAxm\" width=\"500\" height=\"282\" frameborder=\"0\" marginwidth=\"0\" marginheight=\"0\" scrolling=\"no\"><\/iframe><\/p>\n<p><strong>Prozess-Affirmationen<\/strong><\/p>\n<blockquote class=\"wp-embedded-content\" data-secret=\"hfODDe5Mle\"><p><a href=\"http:\/\/www.empathie-lernen.de\/positive-affirmationen-beispiele\">200 positive Beispiel-Affirmationen f\u00fcr Geld, Gesundheit, Selbstbewusstsein, Liebe und vieles mehr<\/a><\/p><\/blockquote>\n<p><iframe loading=\"lazy\" class=\"wp-embedded-content\" sandbox=\"allow-scripts\" security=\"restricted\" style=\"position: absolute; visibility: hidden;\" title=\"&#8222;200 positive Beispiel-Affirmationen f\u00fcr Geld, Gesundheit, Selbstbewusstsein, Liebe und vieles mehr&#8220; &#8212; \" src=\"http:\/\/www.empathie-lernen.de\/positive-affirmationen-beispiele\/embed#?secret=hfODDe5Mle\" data-secret=\"hfODDe5Mle\" width=\"500\" height=\"282\" frameborder=\"0\" marginwidth=\"0\" marginheight=\"0\" scrolling=\"no\"><\/iframe><\/p>\n<p><strong>Gekoppelte Affirmationen<\/strong><\/p>\n<blockquote class=\"wp-embedded-content\" data-secret=\"f21KKaM2C7\"><p><a href=\"http:\/\/www.empathie-lernen.de\/positive-affirmationen-beispiele\">200 positive Beispiel-Affirmationen f\u00fcr Geld, Gesundheit, Selbstbewusstsein, Liebe und vieles mehr<\/a><\/p><\/blockquote>\n<p><iframe loading=\"lazy\" class=\"wp-embedded-content\" sandbox=\"allow-scripts\" security=\"restricted\" style=\"position: absolute; visibility: hidden;\" title=\"&#8222;200 positive Beispiel-Affirmationen f\u00fcr Geld, Gesundheit, Selbstbewusstsein, Liebe und vieles mehr&#8220; &#8212; \" src=\"http:\/\/www.empathie-lernen.de\/positive-affirmationen-beispiele\/embed#?secret=f21KKaM2C7\" data-secret=\"f21KKaM2C7\" width=\"500\" height=\"282\" frameborder=\"0\" marginwidth=\"0\" marginheight=\"0\" scrolling=\"no\"><\/iframe><\/p>\n<p><strong>Afformationen<\/strong><\/p>\n<blockquote class=\"wp-embedded-content\" data-secret=\"E6K9jr6xOk\"><p><a href=\"http:\/\/www.empathie-lernen.de\/positive-affirmationen-beispiele\">200 positive Beispiel-Affirmationen f\u00fcr Geld, Gesundheit, Selbstbewusstsein, Liebe und vieles mehr<\/a><\/p><\/blockquote>\n<p><iframe loading=\"lazy\" class=\"wp-embedded-content\" sandbox=\"allow-scripts\" security=\"restricted\" style=\"position: absolute; visibility: hidden;\" title=\"&#8222;200 positive Beispiel-Affirmationen f\u00fcr Geld, Gesundheit, Selbstbewusstsein, Liebe und vieles mehr&#8220; &#8212; \" src=\"http:\/\/www.empathie-lernen.de\/positive-affirmationen-beispiele\/embed#?secret=E6K9jr6xOk\" data-secret=\"E6K9jr6xOk\" width=\"500\" height=\"282\" frameborder=\"0\" marginwidth=\"0\" marginheight=\"0\" scrolling=\"no\"><\/iframe><\/p>\n<p><strong>Visualisierung<\/strong><\/p>\n<blockquote class=\"wp-embedded-content\" data-secret=\"cADP23NiRs\"><p><a href=\"https:\/\/www.neuro-programmer.de\/mentaltraining-2\/visualisierung\/\">Visualisierung<\/a><\/p><\/blockquote>\n<p><iframe loading=\"lazy\" class=\"wp-embedded-content\" sandbox=\"allow-scripts\" security=\"restricted\" style=\"position: absolute; visibility: hidden;\" title=\"&#8222;Visualisierung&#8220; &#8212; Neuro Programmer\" src=\"https:\/\/www.neuro-programmer.de\/mentaltraining-2\/visualisierung\/embed\/#?secret=MJILQCEkXS#?secret=cADP23NiRs\" data-secret=\"cADP23NiRs\" width=\"500\" height=\"282\" frameborder=\"0\" marginwidth=\"0\" marginheight=\"0\" scrolling=\"no\"><\/iframe><\/p>\n<p><strong>Energie-Klopftechnik (Emotional Freedom Technik \/ EFT):<\/strong><br \/>\n(https:\/\/eft-info.com)<\/p>\n<h3><span style=\"color: #0000ff;\"><strong>Drittens: Speicherung im Informations-Feld<\/strong><\/span><\/h3>\n<p>Jede vorgenommene Korrektur hinterl\u00e4\u00dft nach quantenphysikalischen Gesetzen automatisch auch eine Speicherung im sogenannten morphogenetischen oder Informations-Feld. Je \u00f6fter jemand und je mehr Menschen diese Flowchart-Listen benutzen und Korrekturen der Schw\u00e4che-Faktoren vornehmen, desto st\u00e4rker pr\u00e4gen sich im Informationsfeld die korrigierten Informationen.<\/p>\n<p>&nbsp;<\/p>\n<p><a href=\"https:\/\/avalon-earth.de\/files\/801\/starborn-1-test-typisch-starborn.pdf\"><span style=\"color: #0000ff;\"><strong>Typisch STARBORN &#8211; STARBORN Charakteristika<\/strong><\/span><\/a><\/p>\n<p><a href=\"https:\/\/avalon-earth.de\/files\/811\/starborn-1-test1.pdf\"><span style=\"color: #0000ff;\"><strong>STARBORN TEST I<\/strong><\/span><\/a><\/p>\n<p><a href=\"https:\/\/avalon-earth.de\/files\/791\/starborn-1-test-indigo.pdf\"><span style=\"color: #0000ff;\"><strong>INDIGO STARBORN TEST<\/strong><\/span><\/a><\/p>\n","protected":false},"excerpt":{"rendered":"<p>Pr\u00fcfliste bzw. Flowchart\u00a0 \u201eGeld kann nicht sprechen und nicht denken, aber es h\u00f6rt, wenn es mit den richtigen Worten gerufen wird.\u201c (Andreas Rebmann) 1) Begriff Flowcharts sind Listen potentiell schw\u00e4chender Einflu\u00dffaktoren bez\u00fcglich des Flowchart-Zieles (hier Reichsein, Reichtum, Wohlstand). Die Begriffe oder Aussagen in der Flowchart-Liste stehen f\u00fcr innere Konzepte oder Gedanken, f\u00fcr Gebilde oder Muster [&hellip;]<\/p>\n","protected":false},"author":1,"featured_media":0,"parent":5069,"menu_order":0,"comment_status":"closed","ping_status":"closed","template":"members-style1-nosidebar.php","meta":{"footnotes":"","_links_to":"","_links_to_target":""},"class_list":["post-3687","page","type-page","status-publish","hentry"],"_links":{"self":[{"href":"https:\/\/reich-sein.eu\/club\/wp-json\/wp\/v2\/pages\/3687","targetHints":{"allow":["GET"]}}],"collection":[{"href":"https:\/\/reich-sein.eu\/club\/wp-json\/wp\/v2\/pages"}],"about":[{"href":"https:\/\/reich-sein.eu\/club\/wp-json\/wp\/v2\/types\/page"}],"author":[{"embeddable":true,"href":"https:\/\/reich-sein.eu\/club\/wp-json\/wp\/v2\/users\/1"}],"replies":[{"embeddable":true,"href":"https:\/\/reich-sein.eu\/club\/wp-json\/wp\/v2\/comments?post=3687"}],"version-history":[{"count":5,"href":"https:\/\/reich-sein.eu\/club\/wp-json\/wp\/v2\/pages\/3687\/revisions"}],"predecessor-version":[{"id":4189,"href":"https:\/\/reich-sein.eu\/club\/wp-json\/wp\/v2\/pages\/3687\/revisions\/4189"}],"up":[{"embeddable":true,"href":"https:\/\/reich-sein.eu\/club\/wp-json\/wp\/v2\/pages\/5069"}],"wp:attachment":[{"href":"https:\/\/reich-sein.eu\/club\/wp-json\/wp\/v2\/media?parent=3687"}],"curies":[{"name":"wp","href":"https:\/\/api.w.org\/{rel}","templated":true}]}}