{"id":3691,"date":"2022-10-01T20:30:43","date_gmt":"2022-10-01T18:30:43","guid":{"rendered":"http:\/\/reich-sein.eu\/club\/?page_id=3691"},"modified":"2022-11-24T15:20:20","modified_gmt":"2022-11-24T13:20:20","slug":"pruefen","status":"publish","type":"page","link":"https:\/\/reich-sein.eu\/club\/mittel\/besondere-reich-sein\/pruefen\/","title":{"rendered":"Pr\u00fcfen"},"content":{"rendered":"<h2><span style=\"color: #0000ff;\"><strong>Verschiedene Flowcharts von Andreas Rebmann:<\/strong><\/span><\/h2>\n<p><a href=\"http:\/\/www.flowchart-forum.de\/artikel.php?id=66&amp;bw=0\">http:\/\/www.flowchart-forum.de\/artikel.php?id=66&amp;bw=0<\/a><\/p>\n<ul>\n<li><strong>Geld<\/strong><\/li>\n<li><strong>Geld verdienen<\/strong><\/li>\n<li><strong>Geldfluss und energetische Einfl\u00fcsse<\/strong><\/li>\n<li><strong>Spr\u00fcche und negative Glaubenss\u00e4tze<\/strong><\/li>\n<li><strong>Affirmationen zum Thema Geld<\/strong><\/li>\n<li><strong>Reich sein<\/strong><\/li>\n<li><strong>Innere Umprogrammierung auf Reichtum<\/strong><\/li>\n<li><strong>Armut<\/strong><\/li>\n<li><strong>Schulden<\/strong><\/li>\n<li><strong>Schuldzuweisungen und Vorw\u00fcrfe<\/strong><\/li>\n<li><strong>Konto<\/strong><\/li>\n<li><strong>Onlinekonto<\/strong><\/li>\n<li><strong>neue Geldformen<\/strong><\/li>\n<li><strong>Sonstiges<\/strong><\/li>\n<\/ul>\n<p><span style=\"color: #0000ff;\"><strong>Weitere M\u00f6glichkeiten und Fragen:<\/strong><\/span><\/p>\n<ul>\n<li>Geld besitzen<\/li>\n<li>Teste alle Auraschichten und Chakren durch im Bezug auf Reichtums- und F\u00fclleprogramme<\/li>\n<li>Lasse die folgenden S\u00e4tze vervollst\u00e4ndigen<\/li>\n<li>Kindheit<\/li>\n<li>Fragen<\/li>\n<li>Geld personifizieren<\/li>\n<li>K\u00f6rpersprache<\/li>\n<li>Innere K\u00f6rperhaltung bei Gedanke an Geld<\/li>\n<li>Innere Bilder zum Geld<\/li>\n<li>Geldfluss Diagramm<\/li>\n<\/ul>\n","protected":false},"excerpt":{"rendered":"<p>Verschiedene Flowcharts von Andreas Rebmann: http:\/\/www.flowchart-forum.de\/artikel.php?id=66&amp;bw=0 Geld Geld verdienen Geldfluss und energetische Einfl\u00fcsse Spr\u00fcche und negative Glaubenss\u00e4tze Affirmationen zum Thema Geld Reich sein Innere Umprogrammierung auf Reichtum Armut Schulden Schuldzuweisungen und Vorw\u00fcrfe Konto Onlinekonto neue Geldformen Sonstiges Weitere M\u00f6glichkeiten und Fragen: Geld besitzen Teste alle Auraschichten und Chakren durch im Bezug auf Reichtums- und F\u00fclleprogramme [&hellip;]<\/p>\n","protected":false},"author":1,"featured_media":0,"parent":3130,"menu_order":0,"comment_status":"closed","ping_status":"closed","template":"members-style1-nosidebar.php","meta":{"footnotes":"","_links_to":"","_links_to_target":""},"class_list":["post-3691","page","type-page","status-publish","hentry"],"_links":{"self":[{"href":"https:\/\/reich-sein.eu\/club\/wp-json\/wp\/v2\/pages\/3691","targetHints":{"allow":["GET"]}}],"collection":[{"href":"https:\/\/reich-sein.eu\/club\/wp-json\/wp\/v2\/pages"}],"about":[{"href":"https:\/\/reich-sein.eu\/club\/wp-json\/wp\/v2\/types\/page"}],"author":[{"embeddable":true,"href":"https:\/\/reich-sein.eu\/club\/wp-json\/wp\/v2\/users\/1"}],"replies":[{"embeddable":true,"href":"https:\/\/reich-sein.eu\/club\/wp-json\/wp\/v2\/comments?post=3691"}],"version-history":[{"count":1,"href":"https:\/\/reich-sein.eu\/club\/wp-json\/wp\/v2\/pages\/3691\/revisions"}],"predecessor-version":[{"id":3692,"href":"https:\/\/reich-sein.eu\/club\/wp-json\/wp\/v2\/pages\/3691\/revisions\/3692"}],"up":[{"embeddable":true,"href":"https:\/\/reich-sein.eu\/club\/wp-json\/wp\/v2\/pages\/3130"}],"wp:attachment":[{"href":"https:\/\/reich-sein.eu\/club\/wp-json\/wp\/v2\/media?parent=3691"}],"curies":[{"name":"wp","href":"https:\/\/api.w.org\/{rel}","templated":true}]}}