{"id":373,"date":"2013-10-20T17:16:14","date_gmt":"2013-10-20T15:16:14","guid":{"rendered":"http:\/\/reich-sein.eu\/club\/?page_id=373"},"modified":"2022-11-25T22:13:17","modified_gmt":"2022-11-25T20:13:17","slug":"geschaefts-ideen","status":"publish","type":"page","link":"https:\/\/reich-sein.eu\/club\/ressourcen\/geschaefts-ideen\/","title":{"rendered":"Gesch\u00e4fts-Ideen"},"content":{"rendered":"<h2><span style=\"color: #0000ff;\">Quellen f\u00fcr Gesch\u00e4fts-Ideen bzw. Gesch\u00e4fts-M\u00f6glichkeiten<\/span><\/h2>\n<p><strong>Allgemein Gesch\u00e4fts-Ideen:<\/strong><\/p>\n<p><strong>1. <a href=\"http:\/\/www.geschaeftsideen.de\/\" target=\"_blank\" rel=\"noopener\">Gesch\u00e4ftsideen.de<\/a><\/strong><\/p>\n<p><strong>2.\u00a0<a href=\"http:\/\/www.fuer-gruender.de\/\" target=\"_blank\" rel=\"noopener\">fuer-gruender.de<\/a><\/strong><\/p>\n<p><strong>3. <a href=\"http:\/\/www.starting-up.de\/\" target=\"_blank\" rel=\"noopener\">starting-up.de<\/a>\u00a0(Magazin f\u00fcr Gr\u00fcndung und junge Unternehmen in Deutschland)\u00a0<\/strong><a href=\"http:\/\/www.starting-up.de\/\"><br \/>\n<\/a><\/p>\n<p><strong>Gesch\u00e4fts-M\u00f6glichkeiten im Internet:<\/strong><\/p>\n<p><strong>1. Prof. Dr. Oliver Pott: <a href=\"http:\/\/www.founder.de\" target=\"_blank\" rel=\"noopener\">www.founder.de<\/a><\/strong><\/p>\n<p><strong>2. Thomas Klu\u00dfmann: <a href=\"http:\/\/www.gruender.de\" target=\"_blank\" rel=\"noopener\">www.gruender.de<\/a><\/strong><\/p>\n<p><strong>3. Dr. Wolf Barth: <a href=\"http:\/\/www.geld-verdienen.name\" target=\"_blank\" rel=\"noopener\">www.geld-verdienen.name<\/a><\/strong><\/p>\n<p>&nbsp;<\/p>\n<h3><span style=\"color: #0000ff;\"><strong>Gesch\u00e4fts-Arten<\/strong><\/span><\/h3>\n<ul>\n<li class=\"result-title\" title=\"Franchise-Systeme \/ PSSST Bettenhaus \/ franchise-net.de\"><strong><a href=\"http:\/\/www.franchise-net.de\/franchise-systeme\/details-des-systems\/pssst-bettenhaus\/\" target=\"_self\" rel=\"noopener\">Franchise-Systeme<\/a><\/strong><\/li>\n<li><span style=\"color: #0000ff;\"><strong>Dropshipping<\/strong><\/span><\/li>\n<\/ul>\n<p><strong>&#8222;Dropshipping Komplett<\/strong>\u201d &#8211; unserem anf\u00e4nger-optimierten Online-Business.<\/p>\n<p><a href=\"https:\/\/klick.gruender.de\/info\/1r58hzzr78mz1lehkozz1zzqz3\"><strong>&gt;&gt; Hier findest du alle wichtigen Infos, Beispiele und die Bestellm\u00f6glichkeiten &lt;&lt;<\/strong><\/a><\/p>\n<p><strong>Warum genau ist Dropshipping Komplett so stark? Hier die Kurzfassung:<\/strong><\/p>\n<ul>\n<li>Der Online-Handel w\u00e4chst wie nie zuvor. Tendenz: Stark steigend.<\/li>\n<li>Davon profitieren bisher gro\u00dfe Shops wie Amazon \u00fcberproportional. Sie haben die Waren, die Lager, die Mitarbeiter und vor allem das Kapital.<\/li>\n<li>Womit Jeff Bezos und co. nicht gerechnet haben: Um erfolgreich mitzuverdienen, braucht es all das nicht. Du brauchst nur einen professionellen Online-Shop.<\/li>\n<li>Den Shop haben wir dir nach allen Regeln der Kunst aufgebaut. Und dahinter haben wir f\u00fcr dich ein Netzwerk aus Gro\u00dfh\u00e4ndlern und Logistikunternehmen errichtet.<\/li>\n<li>Das hei\u00dft: Die Kunden kaufen Produkte in deinem Online-Shop. Und den Rest erledigen die Partner, die wir akribisch f\u00fcr dich ausgew\u00e4hlt haben. Sie lagern die Waren, verpacken sie nach Bestellung und lassen sie ausliefern.<\/li>\n<li><strong>Du bekommst also das Geld, obwohl du nur den Shop betreibst? Ja!<\/strong><\/li>\n<\/ul>\n<p><a href=\"https:\/\/klick.gruender.de\/info\/1r58hzzr78mz1lehkozz1zzqz3\"><strong>&gt;&gt; Dropshipping Komplett ist unser st\u00e4rkstes Produkt zu DEM Mega-Trend &lt;&lt;<\/strong><\/a><\/p>\n<p><strong>Hast du noch nie einen Online-Shop betrieben? Auch daran haben wir gedacht:<\/strong><\/p>\n<ul>\n<li>Alles ist fertig. Du kannst ab Minute 1 loslegen &#8211; ohne jegliche Vorkenntnisse.<\/li>\n<li>Es geht nichts kaputt &#8211; du kannst deinen Shop ver\u00e4ndern wie du magst.<\/li>\n<li>5 perfekt optimierte Shops sind zur Auswahl. Daf\u00fcr haben wir die umsatzst\u00e4rksten Branchen wie Haustiere oder Elektronik ausgew\u00e4hlt.<\/li>\n<li>Obendrauf bekommst du von uns mehrere exklusive Videokurse. Hier lernst du Texte-Schreiben, Marketing, wie Suchmaschinen funktionieren\u2026 und vieles mehr.<\/li>\n<\/ul>\n<p><strong>100% deines Gesch\u00e4fts sind f\u00fcr dich schon startklar. Du musst es nur noch \u00fcbernehmen. 100% der Gewinne beh\u00e4ltst du!<\/strong><\/p>\n<p><a href=\"https:\/\/klick.gruender.de\/info\/1r58hzzr78mz1lehkozz1zzqz3\"><strong>&gt;&gt; Sicher dir hier noch schnell deinen risikofreien Einstieg ins Online-Business &lt;&lt;<\/strong><\/a><br \/>\nWir zeigen Dir, wie es richtig geht &amp; geben Dir einen Profi-Shop. <a href=\"https:\/\/klick.gruender.de\/info\/1r58hzzr78mz1lehkozz1zzqz3\">Damit du deutlich schneller, deutlich mehr Umsatz machst als ich damals &gt;&gt;<\/a><\/p>\n<p>Gr\u00fcnder.de &#8211; eine Marke der Digital Beat GmbH<br \/>\nThomas Klu\u00dfmann &amp; Christoph J. F. Schreiber<br \/>\nHansaring 97, 50670 K\u00f6ln, Deutschland<br \/>\nHandelsregister: AG K\u00f6ln, HRB 87238<\/p>\n<p>Kundensupport:<br \/>\nschnell &amp; einfach <a href=\"https:\/\/klick.gruender.de\/info\/772uzz18m2dzr78mz1lehkozz1zz11zx\">per Helpdesk<\/a><br \/>\nper E-Mail: <a href=\"mailto:team@gruender.de\">team@gruender.de<\/a><\/p>\n<p>&nbsp;<\/p>\n<p><strong>Was ist das grundlegend Neue an \u201cDropshipping Komplett\u201d?\u00a0<\/strong><\/p>\n<ul>\n<li>Es ist ist dein T\u00fcr\u00f6ffner zum lukrativsten Markt: Dem Online-Handel. Hier steigt der Umsatz j\u00e4hrlich. Bis 2025 werden 119 Mrd \u20ac erwartet.<\/li>\n<li>Es macht das Mitverdienen erstmals f\u00fcr Anf\u00e4nger m\u00f6glich: Auch ich habe damals mit Dropshipping meine Selbstst\u00e4ndigkeit gestartet. Nicht so professionell, wie du das kannst &#8211; und trotzdem hat es sich f\u00fcr mich sehr gelohnt.<\/li>\n<li>Du bist sofort startklar: Und das nicht irgendwie. Wir haben alles f\u00fcr dich vorbereitet. So kannst du ab Minute 1 wie ein Profi arbeiten. Ohne irgendwelche Vorkenntnisse!<\/li>\n<\/ul>\n<p>Klingt gut, oder? Wir haben uns gro\u00dfe M\u00fche gegeben, hier ein echtes Fix-und-fertig-Paket zusammenzustellen. Eine wirklich grundlegende Ver\u00e4nderung der Online-Welt.<\/p>\n<p><a href=\"https:\/\/klick.gruender.de\/info\/1r588zzr782z1lehkozz1zzqz3\"><strong>&gt;&gt; Unser einsteiger-freundlichstes Produkt kannst du dir hier zum Aktionspreis sichern &lt;&lt;<\/strong><\/a><\/p>\n<p>Der Grundgedanke des Dropshippings ist ja auch verf\u00fchrerisch: Du hast einen tollen Online-Shop &#8211; aber die Produkte bleiben im Lager des Gro\u00dfh\u00e4ndlers. Das hei\u00dft: Jemand kauft in deinem Shop und \u00fcberweist dir das Geld &#8211; und du musst nichts mehr tun. Der Gro\u00dfh\u00e4ndler verpackt die Bestellung. Der Logistiker liefert sie aus. Der Kunde freut sich.<\/p>\n<p>An sich mega einfach. Aber wer hat eine professionelle Webseite und Kontakte zu produkt-starken Gro\u00dfh\u00e4ndlern und seri\u00f6sen Logistikunternehmen? <strong>Du hast das &#8211; denn das haben wir dir in Dropshipping Komplett zusammengestellt.<\/strong><\/p>\n<p><strong>Das war aber immer noch nicht alles:<\/strong> Du bekommst nicht nur einen perfekt optimierten Online-Shop von uns.\u27a1\ufe0f <strong>Du kannst ihn dir aus den 5 umsatzst\u00e4rksten Branchen aussuchen.<\/strong><\/p>\n","protected":false},"excerpt":{"rendered":"<p>Quellen f\u00fcr Gesch\u00e4fts-Ideen bzw. Gesch\u00e4fts-M\u00f6glichkeiten Allgemein Gesch\u00e4fts-Ideen: 1. Gesch\u00e4ftsideen.de 2.\u00a0fuer-gruender.de 3. starting-up.de\u00a0(Magazin f\u00fcr Gr\u00fcndung und junge Unternehmen in Deutschland)\u00a0 Gesch\u00e4fts-M\u00f6glichkeiten im Internet: 1. Prof. Dr. Oliver Pott: www.founder.de 2. Thomas Klu\u00dfmann: www.gruender.de 3. Dr. Wolf Barth: www.geld-verdienen.name &nbsp; Gesch\u00e4fts-Arten Franchise-Systeme Dropshipping &#8222;Dropshipping Komplett\u201d &#8211; unserem anf\u00e4nger-optimierten Online-Business. &gt;&gt; Hier findest du alle wichtigen Infos, Beispiele [&hellip;]<\/p>\n","protected":false},"author":1,"featured_media":0,"parent":368,"menu_order":2,"comment_status":"open","ping_status":"closed","template":"members-style1-nosidebar.php","meta":{"footnotes":"","_links_to":"","_links_to_target":""},"class_list":["post-373","page","type-page","status-publish","hentry"],"_links":{"self":[{"href":"https:\/\/reich-sein.eu\/club\/wp-json\/wp\/v2\/pages\/373","targetHints":{"allow":["GET"]}}],"collection":[{"href":"https:\/\/reich-sein.eu\/club\/wp-json\/wp\/v2\/pages"}],"about":[{"href":"https:\/\/reich-sein.eu\/club\/wp-json\/wp\/v2\/types\/page"}],"author":[{"embeddable":true,"href":"https:\/\/reich-sein.eu\/club\/wp-json\/wp\/v2\/users\/1"}],"replies":[{"embeddable":true,"href":"https:\/\/reich-sein.eu\/club\/wp-json\/wp\/v2\/comments?post=373"}],"version-history":[{"count":11,"href":"https:\/\/reich-sein.eu\/club\/wp-json\/wp\/v2\/pages\/373\/revisions"}],"predecessor-version":[{"id":2354,"href":"https:\/\/reich-sein.eu\/club\/wp-json\/wp\/v2\/pages\/373\/revisions\/2354"}],"up":[{"embeddable":true,"href":"https:\/\/reich-sein.eu\/club\/wp-json\/wp\/v2\/pages\/368"}],"wp:attachment":[{"href":"https:\/\/reich-sein.eu\/club\/wp-json\/wp\/v2\/media?parent=373"}],"curies":[{"name":"wp","href":"https:\/\/api.w.org\/{rel}","templated":true}]}}