{"id":375,"date":"2013-10-20T17:16:58","date_gmt":"2013-10-20T15:16:58","guid":{"rendered":"http:\/\/reich-sein.eu\/club\/?page_id=375"},"modified":"2022-11-25T22:22:01","modified_gmt":"2022-11-25T20:22:01","slug":"experten","status":"publish","type":"page","link":"https:\/\/reich-sein.eu\/club\/ressourcen\/experten\/","title":{"rendered":"Experten"},"content":{"rendered":"<h2><strong><span style=\"color: #0000ff;\">Manifestieren allgemein<\/span><\/strong><\/h2>\n<h3><span style=\"color: #0000ff;\"><strong>Andreas K\u00f6rber:\u00a0<\/strong><\/span><span style=\"color: #0000ff;\"><strong>Wortkraftschwingung<\/strong><\/span><\/h3>\n<h3><span style=\"color: #0000ff;\"><strong>Nassim Haramein<\/strong><\/span><\/h3>\n<ul>\n<li class=\"title style-scope ytd-video-primary-info-renderer\"><a href=\"https:\/\/youtu.be\/RV19iCxTHRk\">Wie schaffen Deine Vorstellungen (Gedanken\/Gef\u00fchle\/Worte\/S\u00e4tze\/Saat) Deine Wirklichkeit ?<\/a><\/li>\n<li class=\"title style-scope ytd-video-primary-info-renderer\"><a href=\"https:\/\/youtu.be\/J-kxqHAklQE\">How Do Your Thoughts Create Your Reality? (Engl.)<\/a><\/li>\n<\/ul>\n<h2><span style=\"color: #0000ff;\">Finanzielles Manifestieren<\/span><\/h2>\n<h3><span style=\"color: #0000ff;\"><strong>Bodo Sch\u00e4fer<\/strong><\/span><\/h3>\n<p><a href=\"http:\/\/de.wikipedia.org\/wiki\/Bodo_Sch%C3%A4fer\" target=\"_blank\" rel=\"noopener\">http:\/\/de.wikipedia.org\/wiki\/Bodo_Sch%C3%A4fer<\/a><\/p>\n<p><a href=\"http:\/\/www.bodoschaefer.de\/\" target=\"_blank\" rel=\"noopener\">http:\/\/www.bodoschaefer.de\/<\/a><\/p>\n<h3><span style=\"color: #0000ff;\"><strong>Hans-Peter Holbach<\/strong><\/span><\/h3>\n<p>Der internationale Informationsdienst f\u00fcr den erfolgreichen Kapitalanleger<\/p>\n<p>GELDBRIEF Verlagsanstalt<br \/>\nAm Schr\u00e4gen Weg 14<br \/>\nPostfach 1618<br \/>\nFL-9490 Vaduz<br \/>\nF\u00fcrstentum Liechtenstein<br \/>\nTel.: 00423 \/ 232 85 13<br \/>\nFax: 00423 \/ 232 85 73<br \/>\nDie Geldbrief Verlagsanstalt bietet keine Finanz-, Wirtschafts-, Steuer- oder Rechtsberatung an.<\/p>\n<p><a href=\"http:\/\/www.geldbrief.li\/\">http:\/\/www.geldbrief.li<\/a><\/p>\n<h3><strong><span style=\"color: #0000ff;\">Stephan Kaiser<\/span><\/strong><\/h3>\n<p>FinanzPlan MasterCoach<\/p>\n","protected":false},"excerpt":{"rendered":"<p>Manifestieren allgemein Andreas K\u00f6rber:\u00a0Wortkraftschwingung Nassim Haramein Wie schaffen Deine Vorstellungen (Gedanken\/Gef\u00fchle\/Worte\/S\u00e4tze\/Saat) Deine Wirklichkeit ? How Do Your Thoughts Create Your Reality? (Engl.) Finanzielles Manifestieren Bodo Sch\u00e4fer http:\/\/de.wikipedia.org\/wiki\/Bodo_Sch%C3%A4fer http:\/\/www.bodoschaefer.de\/ Hans-Peter Holbach Der internationale Informationsdienst f\u00fcr den erfolgreichen Kapitalanleger GELDBRIEF Verlagsanstalt Am Schr\u00e4gen Weg 14 Postfach 1618 FL-9490 Vaduz F\u00fcrstentum Liechtenstein Tel.: 00423 \/ 232 85 13 [&hellip;]<\/p>\n","protected":false},"author":1,"featured_media":0,"parent":368,"menu_order":4,"comment_status":"open","ping_status":"closed","template":"members-style1-nosidebar.php","meta":{"footnotes":"","_links_to":"","_links_to_target":""},"class_list":["post-375","page","type-page","status-publish","hentry"],"_links":{"self":[{"href":"https:\/\/reich-sein.eu\/club\/wp-json\/wp\/v2\/pages\/375","targetHints":{"allow":["GET"]}}],"collection":[{"href":"https:\/\/reich-sein.eu\/club\/wp-json\/wp\/v2\/pages"}],"about":[{"href":"https:\/\/reich-sein.eu\/club\/wp-json\/wp\/v2\/types\/page"}],"author":[{"embeddable":true,"href":"https:\/\/reich-sein.eu\/club\/wp-json\/wp\/v2\/users\/1"}],"replies":[{"embeddable":true,"href":"https:\/\/reich-sein.eu\/club\/wp-json\/wp\/v2\/comments?post=375"}],"version-history":[{"count":17,"href":"https:\/\/reich-sein.eu\/club\/wp-json\/wp\/v2\/pages\/375\/revisions"}],"predecessor-version":[{"id":5119,"href":"https:\/\/reich-sein.eu\/club\/wp-json\/wp\/v2\/pages\/375\/revisions\/5119"}],"up":[{"embeddable":true,"href":"https:\/\/reich-sein.eu\/club\/wp-json\/wp\/v2\/pages\/368"}],"wp:attachment":[{"href":"https:\/\/reich-sein.eu\/club\/wp-json\/wp\/v2\/media?parent=375"}],"curies":[{"name":"wp","href":"https:\/\/api.w.org\/{rel}","templated":true}]}}