{"id":3785,"date":"2022-10-04T11:56:41","date_gmt":"2022-10-04T09:56:41","guid":{"rendered":"http:\/\/reich-sein.eu\/club\/?page_id=3785"},"modified":"2022-11-24T15:39:31","modified_gmt":"2022-11-24T13:39:31","slug":"energiesystem-des-menschen","status":"publish","type":"page","link":"https:\/\/reich-sein.eu\/club\/seins-dimensionen\/energie\/energiesystem-des-menschen\/","title":{"rendered":"Energiesystem des Menschen"},"content":{"rendered":"<header class=\"entry-header\">\n<h1 class=\"entry-title\">Das Energiesystem des menschlichen K\u00f6rpers<\/h1>\n<\/header>\n<div class=\"entry-content\">\n<p>Um die Natur der Chakren beschreiben zu k\u00f6nnen gehen wir von folgenden Faktoren aus:<\/p>\n<ul>\n<li><span data-keeper-edited=\"yes\">Der Mensch besteht aus K\u00f6rper, Seele und Geist.<\/span><\/li>\n<li><span data-keeper-edited=\"yes\">Die Physik geht davon aus, dass Energie und Materie unterschiedliche Ausdrucksformen ein und derselben Kraft sind.<\/span><\/li>\n<li><span data-keeper-edited=\"yes\">C.G Jung klassifiziert die psychologischen Ebenen in bewusst, unbewusst, und kollektiv-unbewusst.<\/span><\/li>\n<li><span data-keeper-edited=\"yes\">Im Sinne der heutigen Erkenntnisse kann man sagen, dass das Leben aus einer Vielzahl energetischer Felder besteht, die sich gegenseitig beeinflussen und miteinander und mit der Umwelt im weitesten Sinne in st\u00e4ndigen Austausch stehen.<\/span><\/li>\n<\/ul>\n<p><span data-keeper-edited=\"yes\">Unter diesen Faktoren differenziert\u00a0<a href=\"https:\/\/horstkrohne.de\/\" target=\"_blank\" rel=\"noopener\">Horst Krohne<\/a>\u00a0(einer der profiliertesten deutschen Geistheiler) die Ganzheit des Menschen in drei Ebenen:<\/span><\/p>\n<ol>\n<li><span data-keeper-edited=\"yes\">Der <strong>physische K\u00f6rper<\/strong> mit den<span style=\"color: #0000ff;\"><em><strong> bewussten<\/strong> <strong>Gehirnfunktionen<\/strong><\/em><\/span> wird von <strong>Nervensystem<\/strong> und den f<strong>\u00fcnf Sinnen<\/strong> gesteuert. Es sind dies <strong>bioelektrische Funktionen.<\/strong><\/span><\/li>\n<li><span data-keeper-edited=\"yes\">Die <strong>psychisch- seelischen Funktionen<\/strong> sind <span style=\"color: #0000ff;\"><em><strong>unbewusst<\/strong><\/em><\/span> und werden vom <strong>Meridiansystem<\/strong>, den <strong>Reflexzonen<\/strong>, der <strong>Aura<\/strong> sowie den <strong>Gef\u00fchlen und Emotionen<\/strong> gesteuert und beeinflusst. Es sind dies <strong>biomagnetische Funktionen.<\/strong><\/span><\/li>\n<li><span data-keeper-edited=\"yes\">Die <strong>geistige Ebene<\/strong> ist <span style=\"color: #0000ff;\"><strong><em>kollektiv unbewusst.<\/em><\/strong><\/span> Dazu z\u00e4hlen die<span style=\"color: #0000ff;\"><strong> sieben\u00a0<span class=\"wikilink-no-edit\">Hauptchakren<\/span><\/strong><\/span>\u00a0und die Nebenchakren sowie die <span style=\"color: #0000ff;\"><strong>Kundalini<\/strong><\/span> mit deren Kommunikationssystemen.<\/span><\/li>\n<\/ol>\n<p><span data-keeper-edited=\"yes\">Die ersten beiden Ebenen stehen in st\u00e4ndiger Wechselwirkung zueinander.<\/span><\/p>\n<p><span data-keeper-edited=\"yes\">Verlaufen die Interaktionen zwischen den beiden Ebenen harmonisch, dann sind wir gesund, sind sie gest\u00f6rt und unharmonisch, dann werden wir krank.<\/span><\/p>\n<p><span data-keeper-edited=\"yes\">Die dritte geistige Ebene ist mit den sieben Hauptchakren ein \u00fcbergeordnetes System. Die Chakren steuern nicht nur die beiden untergeordneten bioelektromagnetischen Felder sondern sind auch die Informationstr\u00e4ger aller Lebensprozesse.<\/span><\/p>\n<blockquote><p><strong><span data-keeper-edited=\"yes\">Alles Leben ist Geist.<\/span><\/strong><\/p><\/blockquote>\n<\/div>\n","protected":false},"excerpt":{"rendered":"<p>Das Energiesystem des menschlichen K\u00f6rpers Um die Natur der Chakren beschreiben zu k\u00f6nnen gehen wir von folgenden Faktoren aus: Der Mensch besteht aus K\u00f6rper, Seele und Geist. Die Physik geht davon aus, dass Energie und Materie unterschiedliche Ausdrucksformen ein und derselben Kraft sind. C.G Jung klassifiziert die psychologischen Ebenen in bewusst, unbewusst, und kollektiv-unbewusst. Im [&hellip;]<\/p>\n","protected":false},"author":1,"featured_media":0,"parent":2729,"menu_order":0,"comment_status":"closed","ping_status":"closed","template":"members-style1-nosidebar.php","meta":{"footnotes":"","_links_to":"","_links_to_target":""},"class_list":["post-3785","page","type-page","status-publish","hentry"],"_links":{"self":[{"href":"https:\/\/reich-sein.eu\/club\/wp-json\/wp\/v2\/pages\/3785","targetHints":{"allow":["GET"]}}],"collection":[{"href":"https:\/\/reich-sein.eu\/club\/wp-json\/wp\/v2\/pages"}],"about":[{"href":"https:\/\/reich-sein.eu\/club\/wp-json\/wp\/v2\/types\/page"}],"author":[{"embeddable":true,"href":"https:\/\/reich-sein.eu\/club\/wp-json\/wp\/v2\/users\/1"}],"replies":[{"embeddable":true,"href":"https:\/\/reich-sein.eu\/club\/wp-json\/wp\/v2\/comments?post=3785"}],"version-history":[{"count":1,"href":"https:\/\/reich-sein.eu\/club\/wp-json\/wp\/v2\/pages\/3785\/revisions"}],"predecessor-version":[{"id":3786,"href":"https:\/\/reich-sein.eu\/club\/wp-json\/wp\/v2\/pages\/3785\/revisions\/3786"}],"up":[{"embeddable":true,"href":"https:\/\/reich-sein.eu\/club\/wp-json\/wp\/v2\/pages\/2729"}],"wp:attachment":[{"href":"https:\/\/reich-sein.eu\/club\/wp-json\/wp\/v2\/media?parent=3785"}],"curies":[{"name":"wp","href":"https:\/\/api.w.org\/{rel}","templated":true}]}}