{"id":381,"date":"2013-10-20T17:19:02","date_gmt":"2013-10-20T15:19:02","guid":{"rendered":"http:\/\/reich-sein.eu\/club\/?page_id=381"},"modified":"2022-11-25T22:22:37","modified_gmt":"2022-11-25T20:22:37","slug":"buecher","status":"publish","type":"page","link":"https:\/\/reich-sein.eu\/club\/ressourcen\/buecher\/","title":{"rendered":"B\u00fccher"},"content":{"rendered":"<h2><span style=\"color: #0000ff;\"><strong>Bewu\u00dftsein<\/strong><\/span><\/h2>\n<div id=\"content-header\">\n<h3 class=\"title\"><span style=\"color: #0000ff;\"><strong>Das Urantia Buch<\/strong><\/span><\/h3>\n<\/div>\n<div id=\"content-area\">\n<div id=\"node-7147\" class=\"node node-type-page\">\n<div class=\"node-inner\">\n<div class=\"content\">\n<p><em>Das Urantia Buch<\/em>, das erstmals 1955 von der Urantia Foundation ver\u00f6ffentlicht wurde, zeigt uns den <strong><span style=\"color: #0000ff;\">Ursprung, die Geschichte und das Schicksal der Menschheit<\/span><\/strong>. Es beantwortet Fragen \u00fcber Gott, das Leben im bewohnten Universum, die Geschichte und Zukunft dieser Welt und enth\u00e4lt eine erhebende Erz\u00e4hlung \u00fcber das Leben und die Lehren Jesu.<\/p>\n<p><em>Das Urantia Buch<\/em>\u00a0zeigt unsere Beziehung zu Gott dem Vater. Alle Menschen sind die S\u00f6hne und T\u00f6chter eines liebenden Gottes und daher Br\u00fcder und Schwestern in der Familie Gottes. Das Buch bietet M\u00e4nnern und Frauen unserer Zeit eine neue spirituelle Wahrheit und einen Weg zu einer pers\u00f6nlichen Beziehung zu Gott.<\/p>\n<p>Aufbauend auf dem religi\u00f6sen Erbe der Welt beschreibt\u00a0<em>Das Urantia Buch<\/em>\u00a0ein endloses Schicksal f\u00fcr die Menschheit und lehrt, dass lebendiger Glaube der Schl\u00fcssel zum pers\u00f6nlichen spirituellen Fortschritt und zum ewigen \u00dcberleben ist. Es beschreibt auch Gottes Plan f\u00fcr die fortschreitende Entwicklung des Einzelnen, der menschlichen Gesellschaft und des Universums als Ganzes.<\/p>\n<p>Viele Menschen auf der ganzen Welt haben gesagt, dass das Lesen\u00a0<em>Des Urantia Buches<\/em>\u00a0sie zutiefst dazu inspiriert hat, tiefere Ebenen des spirituellen Wachstums zu erreichen. Es hat ihnen einen neuen Sinn f\u00fcr das Leben und den Wunsch gegeben, der Menschheit zu dienen.<\/p>\n<p>Wir empfehlen Ihnen, es ebenfalls zu lesen und die veredelnde Botschaft selbst zu entdecken.<\/p>\n<\/div>\n<\/div>\n<\/div>\n<\/div>\n<p><a href=\"https:\/\/www.urantia.org\/de\/das-urantia-buch\"><strong>https:\/\/www.urantia.org\/de\/das-urantia-buch<\/strong><\/a><\/p>\n<p><a href=\"https:\/\/zannakeithley.com\/best-manifestation-books\/\"><strong>10 Best Manifestation Books to Read in 2022<\/strong><\/a><\/p>\n<p><strong>Karl Marx: Das Kapital<\/strong> &#8211; Vollst\u00e4ndige Gesamtausgabe in 3 B\u00e4nden<br \/>\n(2014, 2424 S., 9.84 MB)<\/p>\n<p><strong>Udo Reifner: Das Geld : Band 1<\/strong> \u00d6konomie des Geldes &#8211; Kooperation und Akkumulation<br \/>\n(2017, 389 S., 2.82 MB)<\/p>\n<p><strong>Udo Reifner: Das Geld : Band 2<\/strong> Soziologie des Geldes &#8211; Heuristik und Mythos<br \/>\n(2017, 375 S., 2.78 MB)<\/p>\n<p><strong>Udo Reifner: Das Geld:<\/strong> <strong>Band 3<\/strong> Recht des Geldes &#8211; Regulierung und Gerechtigkeit<br \/>\n(2017, 350 S., 3.25 MB)<\/p>\n<p><strong>Tilman Knechtel: Die Rothschilds<\/strong>. Eine Familie beherrscht die Welt<br \/>\n(2015, 312 S. 2.05 MB)<\/p>\n<p><strong>Andreas von R\u00e9tyi: George Soros:<\/strong> Der Multimilliard\u00e4r, sein globales Netzwerk und das Ende der Welt, wie wir sie kennen<br \/>\n(2016, 784 S. 6.89 MB<\/p>\n<p class=\"ebook-title\"><strong>RAIMUND BRICHTA + ANTON VOGLMAIER: Die Wahrheit \u00fcber Geld:<\/strong> Wie kommt unser Geld in die Welt &#8211; und wie wird aus einem Kleinkredit ein gro\u00dfer Finanzcrash?<\/p>\n<p><strong>ULRIKE HERRMANN:<\/strong> <strong>Der Sieg des Kapitals<\/strong>: Wie der Reichtum in die Welt kam: Die Geschichte von Wachstum, Geld und Krisen<\/p>\n<p><strong>Stephen Zarleenga:<\/strong> <strong>Der Mythos vom Geld<\/strong> &#8211; die Geschichte der Macht. Vom Tauschhandel zum Euro: eine Geschichte des Geldes und der W\u00e4hrungen (552 S.)<\/p>\n<p><strong>Matthias Weik &amp; Marc Friedrich:<\/strong> <strong>Der gr\u00f6\u00dfte Raubzug der Geschichte:<\/strong> Warum die Flei\u00dfigen immer \u00e4rmer und die Reichen immer reicher (349 S.)<\/p>\n<p><strong>Melanie B\u00f6wing-Schmalenbrock: Wege zum Reichtum:<\/strong> Die Bedeutung von Erbschaften, Erwerbst\u00e4tigkeit und Pers\u00f6nlichkeit f\u00fcr die Entstehung von Reichtum (268 S.)<\/p>\n<p><strong>Bodo Sch\u00e4fer: Der Weg zur finanziellen Freiheit.<\/strong> In sieben Jahren die erste Million<br \/>\n(2000, 298 S., 2.1 MB)<\/p>\n<p><strong>Felix Brandl: Von der Entstehung des Geldes zur Sicherung der W\u00e4hrung:<\/strong> Die Theorien von Bernhard Laum und Wilhelm Gerloff zur Genese des Geldes (510 S.)<\/p>\n<p><strong>Thomas Druyen &amp; Wolfgang Lauterbach &amp; Matthias Grundmann: Reichtum und Verm\u00f6gen<\/strong>: Zur gesellschaftlichen Bedeutung der Reichtums- und Verm\u00f6gensforschung (289 S.)<\/p>\n<p><strong>Sahra Wagenknecht: Reichtum ohne Gier<\/strong>: Wie wir uns vor dem Kapitalismus retten<br \/>\n(2016, 309 S., 1.68 MB)<\/p>\n<p><strong>Sahra Wagenknecht: Freiheit statt Kapitalismus<\/strong><br \/>\n(2012, 571 S., 1.98 MB)<\/p>\n<p><strong>J\u00fcrgen Roth: Der stille Putsch:<\/strong> Wie eine geheime Elite aus Wirtschaft und Politik sich Europa und unser Land unter den Nagel rei\u00dft<br \/>\n(2014, 171 S. 1.11 MB)<\/p>\n<p><strong>Tony Robbins: Money<\/strong>: Die 7 einfachen Schritte zur finanziellen Freiheit<br \/>\n(2016, 698 S., 6.33 MB)<\/p>\n<p><strong>Carsten Maschmeyer: Die Million\u00e4rsformel:<\/strong> Der Weg zur finanziellen Unabh\u00e4ngigkeit<br \/>\n(2016, 302 S., 2.78 MB)<\/p>\n<p><strong>Rich Dad Poor Dad: Was die Reichen ihren Kindern \u00fcber Geld beibringen<\/strong><br \/>\n(2016, 261 S., 5 MB)<\/p>\n<p><strong>Andre Kostolany: Die Kunst uber Geld nachzudenken<\/strong><br \/>\n(2001, 266 S., 1.02 MB)<\/p>\n<p><strong>Benjamin Graham: Intelligent investieren:<\/strong> Der Bestseller \u00fcber die richtige Anlagstrategie<br \/>\n(2013, 641 S., 199.16 MB)<\/p>\n<p><strong>Christine Bortenl\u00e4nger &amp; Ulrich Kirstein: B\u00f6rse f\u00fcr Dummies:<\/strong> Machen Sie mehr Geld aus Ihrem Geld!<br \/>\n(2009, 379 S., 129.08 MB)<\/p>\n<p><strong>Max Otte: Endlich mit Aktien Geld verdienen<\/strong>: Die Strategien und Techniken, die Erfolg versprechen<br \/>\n(2012, 304 S., 3.44 MB)<\/p>\n<p><strong>Susan Levermann: Der entspannte Weg zum Reichtum<\/strong><br \/>\n(2010, 282 S., 9.59 MB)<\/p>\n<p><strong>Tom Burgis: Der Fluch des Reichtums<\/strong>. Warlords, Konzerne, Schmuggler und die Pl\u00fcnderung Afrikas<br \/>\n(2016, 475 S., 4.08 MB)<\/p>\n<p><strong>Thomas Bronder: Spiel, Zufall und Kommerz:<\/strong> Theorie und Praxis des Spiels um Geld zwischen Mathematik, Recht und Realit\u00e4t<br \/>\n(2016, 329 S., 7.18 MB)<\/p>\n<p><strong>Silvia Breier: Geld Macht Gef\u00fchle:<\/strong> Wie Geld unser Denken, F\u00fchlen und Handeln beeinflusst<br \/>\n(2017, 230 S., 15.82 MB)<\/p>\n<p><strong>Antonio Sommese: So werden Sie Ihr eigener Finanzcoach:<\/strong> Finden Sie die Erfolgsstrategie, die zu Ihnen passt<br \/>\n(2010, 225 S., 3.85 MB)<\/p>\n<p><strong>Gabor Steingart: Weltkrieg um Wohlstand.<\/strong> Wie Macht und Reichtum neu verteilt werden<br \/>\n(2006, 409 S., 6.34 MB)<\/p>\n<p><strong>Daron Acemoglu &amp; James A. Robinson: Warum Nationen scheitern<\/strong> &#8211; Die Urspr\u00fcnge von Macht, Wohlstand und Armut<br \/>\n(2013, 418 S., 2.48 MB)<\/p>\n<p><strong>Rainer Mausfeld: Warum schweigen die L\u00e4mmer?<\/strong> Wie Elitendemokratie und Neoliberalismus unsere Gesellschaft und unsere Lebensgrundlagen zerst\u00f6ren<br \/>\n(1999, 306 S., 6.36 MB)<\/p>\n<h2><span style=\"color: #0000ff;\"><strong>Mensch und Menschheit<\/strong><\/span><\/h2>\n<p><strong>Zecharia Sitchin: Das erste Zeitalter:<\/strong> Wie die Annunaki die Entwicklung des Menschen beinflu\u00dften und wie sie uns noch heute lenken<br \/>\n(2004, 354 S., 15.44 MB)<\/p>\n<p><strong>Zecharia Sitchin: Das verschollene Buch ENKI<\/strong><br \/>\n(2012, 232 S., 1.6 MB)<\/p>\n<h2><span style=\"color: #0000ff;\">Wohlbefinden<\/span><\/h2>\n<p><strong>Brian Little: Mein Ich, die anderen und wir:<\/strong> Die Psychologie der Pers\u00f6nlichkeit und die Kunst des Wohlbefindens<br \/>\n(2015, 408 S., 2.62 MB)<\/p>\n<p><strong>Rolf Dobelli: Die Kunst des klaren Denkens:\u00a0<\/strong>52 Denkfehler, die Sie besser anderen \u00fcberlassen<br \/>\n(2015, 133 S., 1 MB)<\/p>\n<p><strong>Daniel Kahneman: Schnelles Denken, langsames Denken<\/strong><br \/>\n(2016, 613 S., 35.15 MB)<\/p>\n<p><strong>Rolf Dobelli: Die Kunst des klugen Handelns<\/strong>: 52 Irrwege, die Sie besser anderen \u00fcberlassen<br \/>\n(2016, 181 S., 3.26 MB)<\/p>\n<p><strong>Ruth Enzler Denzler: Die Kunst des klugen Umgangs mit Konflikten:<\/strong> Psychologie in Gedanken und Geschichten<br \/>\n(2014, S. 217 S., 1.4 MB)<\/p>\n<p><strong>Kerry Patterson &amp; Joseph Grenny &amp; Ron McMillan &amp; Al Switzler:<\/strong><br \/>\n<strong>Die Kunst, alles zu ver\u00e4ndern:<\/strong> So nehmen Sie wirksam Einfluss auf Ihren Beruf, Ihre Familie, Ihr Leben<br \/>\n(2011, 304 S., 2.64 MB)<\/p>\n<p><strong>Charles Duhigg: Die Macht der Gewohnheit<\/strong> &#8211; Warum wir tun, was wir tun<br \/>\n(2012, 384 S., 2.57 MB)<\/p>\n","protected":false},"excerpt":{"rendered":"<p>Bewu\u00dftsein Das Urantia Buch Das Urantia Buch, das erstmals 1955 von der Urantia Foundation ver\u00f6ffentlicht wurde, zeigt uns den Ursprung, die Geschichte und das Schicksal der Menschheit. Es beantwortet Fragen \u00fcber Gott, das Leben im bewohnten Universum, die Geschichte und Zukunft dieser Welt und enth\u00e4lt eine erhebende Erz\u00e4hlung \u00fcber das Leben und die Lehren Jesu. [&hellip;]<\/p>\n","protected":false},"author":1,"featured_media":0,"parent":368,"menu_order":7,"comment_status":"open","ping_status":"closed","template":"members-style1-nosidebar.php","meta":{"footnotes":"","_links_to":"","_links_to_target":""},"class_list":["post-381","page","type-page","status-publish","hentry"],"_links":{"self":[{"href":"https:\/\/reich-sein.eu\/club\/wp-json\/wp\/v2\/pages\/381","targetHints":{"allow":["GET"]}}],"collection":[{"href":"https:\/\/reich-sein.eu\/club\/wp-json\/wp\/v2\/pages"}],"about":[{"href":"https:\/\/reich-sein.eu\/club\/wp-json\/wp\/v2\/types\/page"}],"author":[{"embeddable":true,"href":"https:\/\/reich-sein.eu\/club\/wp-json\/wp\/v2\/users\/1"}],"replies":[{"embeddable":true,"href":"https:\/\/reich-sein.eu\/club\/wp-json\/wp\/v2\/comments?post=381"}],"version-history":[{"count":46,"href":"https:\/\/reich-sein.eu\/club\/wp-json\/wp\/v2\/pages\/381\/revisions"}],"predecessor-version":[{"id":2837,"href":"https:\/\/reich-sein.eu\/club\/wp-json\/wp\/v2\/pages\/381\/revisions\/2837"}],"up":[{"embeddable":true,"href":"https:\/\/reich-sein.eu\/club\/wp-json\/wp\/v2\/pages\/368"}],"wp:attachment":[{"href":"https:\/\/reich-sein.eu\/club\/wp-json\/wp\/v2\/media?parent=381"}],"curies":[{"name":"wp","href":"https:\/\/api.w.org\/{rel}","templated":true}]}}