{"id":383,"date":"2013-10-20T17:19:46","date_gmt":"2013-10-20T15:19:46","guid":{"rendered":"http:\/\/reich-sein.eu\/club\/?page_id=383"},"modified":"2022-11-25T22:22:53","modified_gmt":"2022-11-25T20:22:53","slug":"audios","status":"publish","type":"page","link":"https:\/\/reich-sein.eu\/club\/ressourcen\/audios\/","title":{"rendered":"Audios"},"content":{"rendered":"<h2><span style=\"color: #0000ff;\"><strong>Sinn<\/strong><\/span><\/h2>\n<h3><span style=\"color: #0000ff;\"><strong>Simon &amp; Garfunkel:\u00a0Der Klang der Stille<\/strong><\/span><\/h3>\n<p><strong>Hallo Dunkelheit,<\/strong> mein alter Freund,\u00a0ich bin gekommen, um wieder mit dir zu sprechen,<br \/>\nweil eine sanft schleichende Vision\u00a0ihre Samen hinterlie\u00df, w\u00e4hrend ich schlief, und die Vision, die in mein Gehirn gepflanzt wurde, immer noch\u00a0im Klang der Stillebleibt\u00a0, in ruhelosen Tr\u00e4umen, ging ich allein\u00a0Enge Gassen aus Kopfsteinpflaster\u00a0Unter dem Heiligenschein einer Stra\u00dfenlaterne\u00a0drehte ich meinen Kragen der K\u00e4lte und Feuchtigkeit entgegen\u00a0Als meine Augen von dem Blitz eines Neonlichts gestochen wurden, das\u00a0die Nacht teilte\u00a0und den Klang der Stille ber\u00fchrte.<\/p>\n<p>Und im offenen Licht sah ich\u00a0zehntausend Menschen, vielleicht mehr\u00a0Menschen, die redeten, ohne zu sprechen ,<br \/>\nMenschen, die h\u00f6rten, ohne zuzuh\u00f6ren,\u00a0Menschen, die Lieder schrieben, deren Stimmen niemals geteilt wurden,<br \/>\nniemand wagte es ,\u00a0den Klang der Stille zu st\u00f6ren<\/p>\n<p>. \u201eNarren\u201c, sagte ich, \u201eDu kennst die\u00a0Stille nicht\u00a0wie ein Krebs w\u00e4chst, h\u00f6re meine Worte, die ich dich lehren k\u00f6nnte,<br \/>\nnimm meine Arme, damit ich dich erreichen kann.\u201c<br \/>\nAber meine Worte fielen wie stille Regentropfen\u00a0und hallten in den Brunnen der Stille wider,\u00a0und die Menschen <strong>verneigten sich und beteten\u00a0<\/strong><strong>zu dem Neongott,<\/strong> den sie gemacht hatten,\u00a0und dem Zeichen blitzte seine Warnung aus mit\u00a0den Worten, die es formte.<br \/>\nUnd das Schild sagte: \u201eDie Worte der Propheten sind an den W\u00e4nden der U-Bahn\u00a0in den Mietsh\u00e4usern geschrieben\u201c<br \/>\nund fl\u00fcsterten in den Ger\u00e4uschen der Stille.<\/p>\n<p><strong>Simon And Garfunkel The Sound of Silence Version Original 1964<\/strong><\/p>\n<p><iframe loading=\"lazy\" title=\"YouTube video player\" src=\"https:\/\/www.youtube.com\/embed\/nkUOACGtGfA\" width=\"560\" height=\"315\" frameborder=\"0\" allowfullscreen=\"allowfullscreen\"><\/iframe><\/p>\n<h2><span style=\"color: #0000ff;\"><strong>LEBEN<\/strong><\/span><\/h2>\n<p><em><strong>\u201eEs ist nicht der Tod, den ein Mensch f\u00fcrchten sollte, aber er sollte sich f\u00fcrchten, niemals zu leben.\u201c<\/strong><\/em> (Marcus Aurelius)<\/p>\n<h3 class=\"title style-scope ytd-video-primary-info-renderer\"><span style=\"color: #0000ff;\"><strong>Gladiator: JETZT sind wir frei! (432 HZ)<\/strong><\/span><\/h3>\n<p><iframe loading=\"lazy\" title=\"YouTube video player\" src=\"https:\/\/www.youtube.com\/embed\/PV4GKu_A10U\" width=\"560\" height=\"315\" frameborder=\"0\" allowfullscreen=\"allowfullscreen\"><\/iframe><\/p>\n<h3 class=\"title style-scope ytd-video-primary-info-renderer\"><span style=\"color: #0000ff;\"><strong>Unheilig: Geboren um zu leben<\/strong><\/span><\/h3>\n<p><em>Wir waren geboren um zu leben<\/em><br \/>\n<em>Mit den Wundern jener Zeit<\/em><br \/>\n<em>Sich niemals zu vergessen<\/em><br \/>\n<em>Bis in alle Ewigkeit<\/em><br \/>\n<em>Wir waren geboren um zu leben<\/em><br \/>\n<em>F\u00fcr den einen Augenblick<\/em><br \/>\n<em>Bei dem jeder von uns sp\u00fcrte<\/em><br \/>\n<em>Wie wertvoll Leben ist<\/em><\/p>\n<p><iframe loading=\"lazy\" title=\"YouTube video player\" src=\"https:\/\/www.youtube.com\/embed\/VfItMzC-SgY\" width=\"560\" height=\"315\" frameborder=\"0\" allowfullscreen=\"allowfullscreen\"><\/iframe><\/p>\n<h3 class=\"title-h2 direction-ltr\"><span style=\"color: #0000ff;\"><strong>Die Saga (K\u00f6nnt ihr mich h\u00f6ren \/ Ich bring dich heim)<\/strong><\/span><\/h3>\n<div id=\"song-body\">\n<div class=\"ltf direction-ltr\">\n<div class=\"par\">\n<div class=\"ll-0-1\">[Gesprochen:]<\/div>\n<\/div>\n<div class=\"emptyline\"><strong>-Wer von euch w\u00e4re Manns genug, es mit dem Teufel aufzunehmen?<\/strong> Von euch Arschgeigen hier h\u00e4tte keiner den Mumm, es mit dem Teufel aufzunehmen. Keiner von euch!<\/div>\n<div class=\"emptyline\"><strong style=\"color: #0000ff;\">-Hast du Geld?<\/strong><\/div>\n<div class=\"emptyline\"><strong>-Geld&#8230; Ich habe alles Geld der Welt gehabt<\/strong>. Vor einer Ewigkeit habe ich dem Teufel meine Seele verkauft. Er hat mir im Gegenzug daf\u00fcr Unsterblichkeit zugesichert. Ein guter Handel, wie ich meinte. Wer ewig lebt, braucht im Jenseits seine Seele nicht. Doch wenn der Teufel sich verrechnet, dann selten zu seinen Ungunsten. Nach einem viel zu langen Leben voller K\u00e4mpfe und Abenteuer hat mir eine wundersch\u00f6ne Frau &#8211; Gott hab&#8216; sie selig &#8211; meine Tochter geboren. Meine Tochter&#8230; Und dann hat mir der Teufel meine Tochter genommen, anstatt meiner vernarbten, d\u00fcsteren Seele. Er brachte sie an einen Ort, an den ich nicht gelangen kann. Einen Ort, an den <strong>nur Menschenkinder mit einem reinen Herzen<\/strong> gelangen k\u00f6nnen.<\/div>\n<div class=\"emptyline\">-Wo w\u00e4re denn dieser Ort?<\/div>\n<div class=\"emptyline\">-Eine Insel, hinter den ewigen Nebelb\u00e4nken am Ende der Welt. An euren Augen sehe ich, dass ihr es mit ihm aufnehmen k\u00f6nnt. Hier, nehmt dies! Hieran k\u00f6nnt ihr meine Tochter erkennen. Dieses Medaillon hab ich ihr zur Geburt geschenkt. Bringt ihr mir nur dies Medaillon, hab ich zumindest eine Erinnerung an sie. Aber denkt daran: Wer ans Ende der Welt will, muss unter dem Meer hindurch!<\/div>\n<div class=\"emptyline\"><\/div>\n<div class=\"par\">\n<div class=\"ll-6-1\">[Lied: K\u00f6nnt ihr mich h\u00f6ren]<\/div>\n<\/div>\n<div class=\"emptyline\">Folgt meinem Ruf durch kalte Fluten<\/div>\n<div class=\"par\">\n<div class=\"ll-7-2\">\u00dcber die Gischt in schwarzer Nacht<\/div>\n<div class=\"ll-7-3\">Gebt eure Hoffnung nie verloren<\/div>\n<div class=\"ll-7-4\">M\u00fcht euch voran mit letzter Kraft<\/div>\n<\/div>\n<div class=\"emptyline\"><\/div>\n<div class=\"par\">\n<div class=\"ll-8-1\">Das ferne Ziel, sp\u00fcrt ihr es schwinden?<\/div>\n<div class=\"ll-8-2\">Ganz gleich wie hart der Sturm euch trifft<\/div>\n<div class=\"ll-8-3\">Folgt meinem Ruf, auch wenn es euer Letztes ist<\/div>\n<\/div>\n<div class=\"emptyline\"><\/div>\n<div class=\"par\">\n<div class=\"ll-9-1\"><em>K\u00f6nnt ihr mich h\u00f6r&#8217;n?<\/em><\/div>\n<div class=\"ll-9-2\"><em>Durch Raum und Zeit<\/em><\/div>\n<div class=\"ll-9-3\"><em>Folgt meinem Ruf, ich schenke euch Unsterblichkeit<\/em><\/div>\n<div class=\"ll-9-4\"><em>K\u00f6nnt ihr mich h\u00f6r&#8217;n, so fahrt hinaus<\/em><\/div>\n<div class=\"ll-9-5\"><em>Gebt eure Seelen f\u00fcr mich auf<\/em><\/div>\n<div class=\"ll-9-6\"><em>K\u00f6nnt ihr mich h\u00f6r&#8217;n?<\/em><\/div>\n<div class=\"ll-9-7\"><em>Durch Raum und Zeit<\/em><\/div>\n<\/div>\n<div class=\"emptyline\"><\/div>\n<div class=\"par\">\n<div class=\"ll-10-1\">Nur immer weiter, schlie\u00dft die Augen<\/div>\n<div class=\"ll-10-2\">Nur immer weiter geradeaus<\/div>\n<div class=\"ll-10-3\">Das Ziel liegt irgendwo da drau\u00dfen<\/div>\n<div class=\"ll-10-4\">Ihr m\u00fcsst nur weit genug hinaus<\/div>\n<\/div>\n<div class=\"emptyline\"><\/div>\n<div class=\"par\">\n<div class=\"ll-11-1\">Gebt, was euch noch an Kraft geblieben<\/div>\n<div class=\"ll-11-2\">Haltet euch alle Zeit an mich<\/div>\n<div class=\"ll-11-3\">Folgt meinem Ruf, auch wenn es euer Letztes ist<\/div>\n<\/div>\n<div class=\"emptyline\"><\/div>\n<div class=\"par\">\n<div class=\"ll-12-1\"><em>K\u00f6nnt ihr mich h\u00f6r&#8217;n?<\/em><\/div>\n<div class=\"ll-12-2\"><em>Durch Raum und Zeit<\/em><\/div>\n<div class=\"ll-12-3\"><em>Folgt meinem Ruf, ich schenke euch Unsterblichkeit<\/em><\/div>\n<div class=\"ll-12-4\"><em>K\u00f6nnt ihr mich h\u00f6r&#8217;n, so fahrt hinaus<\/em><\/div>\n<div class=\"ll-12-5\"><em>Gebt eure Seelen f\u00fcr mich auf<\/em><\/div>\n<div class=\"ll-12-6\"><em>K\u00f6nnt ihr mich h\u00f6r&#8217;n?<\/em><\/div>\n<div class=\"ll-12-7\"><em>Durch Raum und Zeit<\/em><\/div>\n<\/div>\n<div class=\"emptyline\"><\/div>\n<div class=\"par\">\n<div class=\"ll-13-1\">Ihr k\u00f6nnt unsterblich sein<\/div>\n<div class=\"ll-13-2\">Ihr k\u00f6nnt unsterblich sein<\/div>\n<\/div>\n<div class=\"emptyline\"><\/div>\n<div class=\"par\">\n<div class=\"ll-14-1\">Das ferne Ziel, sp\u00fcrt ihr es schwinden?<\/div>\n<div class=\"ll-14-2\">Was immer kommt, verzweifelt nicht<\/div>\n<div class=\"ll-14-3\">Folgt meinem Ruf, auch wenn es euer Letztes ist<\/div>\n<\/div>\n<div class=\"emptyline\"><\/div>\n<div class=\"par\">\n<div class=\"ll-15-1\"><em>K\u00f6nnt ihr mich h\u00f6r&#8217;n? (h\u00f6r&#8217;n, h\u00f6r&#8217;n)<\/em><\/div>\n<div class=\"ll-15-2\"><em>Durch Raum und Zeit<\/em><\/div>\n<div class=\"ll-15-3\"><em>Folgt meinem Ruf, ich schenke euch Unsterblichkeit<\/em><\/div>\n<div class=\"ll-15-4\"><em>K\u00f6nnt ihr mich h\u00f6r&#8217;n, so fahrt hinaus<\/em><\/div>\n<div class=\"ll-15-5\"><em>Gebt eure Seelen f\u00fcr mich auf<\/em><\/div>\n<div class=\"ll-15-6\"><em>K\u00f6nnt ihr mich h\u00f6r&#8217;n?<\/em><\/div>\n<div class=\"ll-15-7\"><em>Durch Raum und Zeit<\/em><\/div>\n<\/div>\n<div class=\"emptyline\"><\/div>\n<div class=\"par\">\n<div class=\"ll-16-1\">Ihr k\u00f6nnt unsterblich sein<\/div>\n<div class=\"ll-16-2\">Ihr k\u00f6nnt unsterblich sein<\/div>\n<\/div>\n<div class=\"emptyline\"><\/div>\n<div class=\"par\">\n<div class=\"ll-17-1\">Das ferne Ziel, sp\u00fcrt ihr es schwinden?<\/div>\n<div class=\"ll-17-2\">Was immer kommt, verzweifelt nicht<\/div>\n<div class=\"ll-17-3\">Folgt meinem Ruf, auch wenn es euer Letztes ist<\/div>\n<\/div>\n<div class=\"emptyline\"><\/div>\n<div class=\"par\">\n<div class=\"ll-18-1\"><em>K\u00f6nnt ihr mich h\u00f6r&#8217;n? (h\u00f6r&#8217;n, h\u00f6r&#8217;n)<\/em><\/div>\n<div class=\"ll-18-2\"><em>Durch Raum und Zeit<\/em><\/div>\n<div class=\"ll-18-3\"><em>Folgt meinem Ruf, ich schenke euch Unsterblichkeit<\/em><\/div>\n<div class=\"ll-18-4\"><em>K\u00f6nnt ihr mich h\u00f6r&#8217;n, so fahrt hinaus<\/em><\/div>\n<div class=\"ll-18-5\"><em>Gebt eure Seelen f\u00fcr mich auf<\/em><\/div>\n<div class=\"ll-18-6\"><em>K\u00f6nnt ihr mich h\u00f6r&#8217;n?<\/em><\/div>\n<div class=\"ll-18-7\"><em>Durch Raum und Zeit<\/em><\/div>\n<\/div>\n<div class=\"emptyline\"><\/div>\n<div class=\"par\">\n<div class=\"ll-19-1\">Ihr k\u00f6nnt unsterblich sein<\/div>\n<div class=\"ll-19-2\">Ihr k\u00f6nnt unsterblich sein<\/div>\n<\/div>\n<div class=\"emptyline\"><\/div>\n<div class=\"par\">\n<div class=\"ll-20-1\">[Lied: Ich bring dich heim]<\/div>\n<\/div>\n<div class=\"emptyline\"><\/div>\n<div class=\"par\">\n<div class=\"ll-21-1\">Die Wellen wiegen uns, doch schlafe nicht<\/div>\n<div class=\"ll-21-2\">Im Morgenlicht sind wir da<\/div>\n<div class=\"ll-21-3\">Du und ich<\/div>\n<div class=\"ll-21-4\">Such&#8216; mit am Horizont den Weg nach Haus<\/div>\n<div class=\"ll-21-5\">Und gib nicht auf<\/div>\n<div class=\"ll-21-6\">Wir sind stark, du und ich<\/div>\n<\/div>\n<div class=\"emptyline\"><\/div>\n<div class=\"par\">\n<div class=\"ll-22-1\">Siehst du das ferne Licht?<\/div>\n<div class=\"ll-22-2\">Wir sind schon nah<\/div>\n<div class=\"ll-22-3\">Glaube mir, bald sind wir da<\/div>\n<\/div>\n<div class=\"emptyline\"><\/div>\n<div class=\"par\">\n<div class=\"ll-23-1\">Ich bring&#8216; dich heim<\/div>\n<div class=\"ll-23-2\">Durch tausend Meilen Einsamkeit<\/div>\n<div class=\"ll-23-3\">Ich bring&#8216; dich heim<\/div>\n<div class=\"ll-23-4\">Ist unser Weg auch noch so weit<\/div>\n<div class=\"ll-23-5\">Zur\u00fcck nach Haus<\/div>\n<div class=\"ll-23-6\">Zur\u00fcck, wo deine Liebsten sind<\/div>\n<div class=\"ll-23-7\">Ich bring&#8216; dich heim<\/div>\n<div class=\"ll-23-8\">Ich bring&#8216; dich heim<\/div>\n<div class=\"ll-23-9\">Zur\u00fcck nach Haus<\/div>\n<\/div>\n<div class=\"emptyline\"><\/div>\n<div class=\"par\">\n<div class=\"ll-24-1\">Ich bring&#8216; dich heim<\/div>\n<div class=\"ll-24-2\">Ich bring&#8216; dich heim<\/div>\n<div class=\"ll-24-3\">Ich bring&#8216; dich heim<\/div>\n<div class=\"ll-24-4\">Zur\u00fcck nach Haus<\/div>\n<\/div>\n<\/div>\n<\/div>\n<p><iframe loading=\"lazy\" title=\"YouTube video player\" src=\"https:\/\/www.youtube.com\/embed\/cM0w7CrKAr0\" width=\"560\" height=\"315\" frameborder=\"0\" allowfullscreen=\"allowfullscreen\"><\/iframe><\/p>\n<h2><span style=\"color: #0000ff;\"><strong>REICH-SEIN\/REICH-TUM<\/strong><\/span><\/h2>\n<h3 class=\"title style-scope ytd-video-primary-info-renderer\"><span style=\"color: #0000ff;\"><strong>Led Zeppelin &#8211; Stairway To Heaven (Live at Earls Court 1975)\u00a0<\/strong><\/span><\/h3>\n<p><iframe loading=\"lazy\" title=\"YouTube video player\" src=\"https:\/\/www.youtube.com\/embed\/Ly6ZhQVnVow\" width=\"560\" height=\"315\" frameborder=\"0\" allowfullscreen=\"allowfullscreen\"><\/iframe><\/p>\n<h3 class=\"style-scope ytd-watch-metadata\"><span style=\"color: #0000ff;\"><strong>&#8222;ICH BIN REICH&#8220; | Geld Affirmationen <\/strong><\/span><\/h3>\n<p class=\"style-scope ytd-watch-metadata\">H\u00f6re es vor dem Einschlafen<\/p>\n<p><iframe loading=\"lazy\" title=\"YouTube video player\" src=\"https:\/\/www.youtube.com\/embed\/8DNWcObp5Fs\" width=\"560\" height=\"315\" frameborder=\"0\" allowfullscreen=\"allowfullscreen\"><\/iframe><\/p>\n<p>&nbsp;<\/p>\n<h3 class=\"title style-scope ytd-video-primary-info-renderer\"><span style=\"color: #0000ff;\"><strong>Ich brauche keine Millionen (Musik, Musik, Musik)<\/strong><\/span><\/h3>\n<p>Marika R\u00f6kk in &#8222;Hallo Janine&#8220; (1939), Musik von Peter Kreuder.<\/p>\n<p><em>Ich brauche keine Millionen,<\/em><br \/>\n<em>Mir fehlt kein Pfennig zum Gl\u00fcck,<\/em><br \/>\n<em>Ich brauch&#8216; nur deine Liebe<\/em><br \/>\n<em>Und Musik, Musik, Musik.<\/em><\/p>\n<p><iframe loading=\"lazy\" title=\"YouTube video player\" src=\"https:\/\/www.youtube.com\/embed\/G54J4Imb2ss\" width=\"560\" height=\"315\" frameborder=\"0\" allowfullscreen=\"allowfullscreen\"><\/iframe><\/p>\n<p>&nbsp;<\/p>\n","protected":false},"excerpt":{"rendered":"<p>Sinn Simon &amp; Garfunkel:\u00a0Der Klang der Stille Hallo Dunkelheit, mein alter Freund,\u00a0ich bin gekommen, um wieder mit dir zu sprechen, weil eine sanft schleichende Vision\u00a0ihre Samen hinterlie\u00df, w\u00e4hrend ich schlief, und die Vision, die in mein Gehirn gepflanzt wurde, immer noch\u00a0im Klang der Stillebleibt\u00a0, in ruhelosen Tr\u00e4umen, ging ich allein\u00a0Enge Gassen aus Kopfsteinpflaster\u00a0Unter dem Heiligenschein [&hellip;]<\/p>\n","protected":false},"author":1,"featured_media":0,"parent":368,"menu_order":8,"comment_status":"open","ping_status":"closed","template":"members-style1-nosidebar.php","meta":{"footnotes":"","_links_to":"","_links_to_target":""},"class_list":["post-383","page","type-page","status-publish","hentry"],"_links":{"self":[{"href":"https:\/\/reich-sein.eu\/club\/wp-json\/wp\/v2\/pages\/383","targetHints":{"allow":["GET"]}}],"collection":[{"href":"https:\/\/reich-sein.eu\/club\/wp-json\/wp\/v2\/pages"}],"about":[{"href":"https:\/\/reich-sein.eu\/club\/wp-json\/wp\/v2\/types\/page"}],"author":[{"embeddable":true,"href":"https:\/\/reich-sein.eu\/club\/wp-json\/wp\/v2\/users\/1"}],"replies":[{"embeddable":true,"href":"https:\/\/reich-sein.eu\/club\/wp-json\/wp\/v2\/comments?post=383"}],"version-history":[{"count":17,"href":"https:\/\/reich-sein.eu\/club\/wp-json\/wp\/v2\/pages\/383\/revisions"}],"predecessor-version":[{"id":4356,"href":"https:\/\/reich-sein.eu\/club\/wp-json\/wp\/v2\/pages\/383\/revisions\/4356"}],"up":[{"embeddable":true,"href":"https:\/\/reich-sein.eu\/club\/wp-json\/wp\/v2\/pages\/368"}],"wp:attachment":[{"href":"https:\/\/reich-sein.eu\/club\/wp-json\/wp\/v2\/media?parent=383"}],"curies":[{"name":"wp","href":"https:\/\/api.w.org\/{rel}","templated":true}]}}