{"id":3834,"date":"2022-10-04T21:04:35","date_gmt":"2022-10-04T19:04:35","guid":{"rendered":"http:\/\/reich-sein.eu\/club\/?page_id=3834"},"modified":"2022-11-24T15:10:23","modified_gmt":"2022-11-24T13:10:23","slug":"beten-gebet","status":"publish","type":"page","link":"https:\/\/reich-sein.eu\/club\/mittel\/beten-gebet\/","title":{"rendered":"Beten, Gebet"},"content":{"rendered":"<h2><span style=\"color: #0000ff;\"><strong>Gebet<\/strong><\/span><\/h2>\n<p>Ein Gebet \u00f6ffnet alle Kan\u00e4le, bis hin zur allerh\u00f6chsten\u00a0Ebene des Seins.<\/p>\n<p style=\"text-align: left;\" align=\"center\"><strong>Allerh\u00f6chste Sch\u00f6pferkraft<\/strong><br \/>\n<strong>voller Liebe und Gnade<\/strong><br \/>\n<strong>befreie meinen Geist und<\/strong><br \/>\n<strong>reinige mein Herz<\/strong><br \/>\n<strong>damit ich die Wahrheit erkenne<\/strong><br \/>\n<strong>und die Liebe in mir, zu dir und zu<\/strong><br \/>\n<strong>meinen Mitmenschen entfalten kann.<\/strong><br \/>\n<strong>Damit wir alle<\/strong><br \/>\n<strong>in Liebe und Freiheit,<\/strong><br \/>\n<strong>Sicherheit, Wohlstand und Gerechtigkeit<\/strong><br \/>\n<strong>leben k\u00f6nnen.<\/strong><\/p>\n<p style=\"text-align: left;\" align=\"center\"><strong>So sei es.<\/strong><\/p>\n<p align=\"left\"><b>Frei nach Daskalus.<\/b><\/p>\n","protected":false},"excerpt":{"rendered":"<p>Gebet Ein Gebet \u00f6ffnet alle Kan\u00e4le, bis hin zur allerh\u00f6chsten\u00a0Ebene des Seins. Allerh\u00f6chste Sch\u00f6pferkraft voller Liebe und Gnade befreie meinen Geist und reinige mein Herz damit ich die Wahrheit erkenne und die Liebe in mir, zu dir und zu meinen Mitmenschen entfalten kann. Damit wir alle in Liebe und Freiheit, Sicherheit, Wohlstand und Gerechtigkeit leben [&hellip;]<\/p>\n","protected":false},"author":1,"featured_media":0,"parent":5069,"menu_order":0,"comment_status":"closed","ping_status":"closed","template":"members-style1-nosidebar.php","meta":{"footnotes":"","_links_to":"","_links_to_target":""},"class_list":["post-3834","page","type-page","status-publish","hentry"],"_links":{"self":[{"href":"https:\/\/reich-sein.eu\/club\/wp-json\/wp\/v2\/pages\/3834","targetHints":{"allow":["GET"]}}],"collection":[{"href":"https:\/\/reich-sein.eu\/club\/wp-json\/wp\/v2\/pages"}],"about":[{"href":"https:\/\/reich-sein.eu\/club\/wp-json\/wp\/v2\/types\/page"}],"author":[{"embeddable":true,"href":"https:\/\/reich-sein.eu\/club\/wp-json\/wp\/v2\/users\/1"}],"replies":[{"embeddable":true,"href":"https:\/\/reich-sein.eu\/club\/wp-json\/wp\/v2\/comments?post=3834"}],"version-history":[{"count":2,"href":"https:\/\/reich-sein.eu\/club\/wp-json\/wp\/v2\/pages\/3834\/revisions"}],"predecessor-version":[{"id":4500,"href":"https:\/\/reich-sein.eu\/club\/wp-json\/wp\/v2\/pages\/3834\/revisions\/4500"}],"up":[{"embeddable":true,"href":"https:\/\/reich-sein.eu\/club\/wp-json\/wp\/v2\/pages\/5069"}],"wp:attachment":[{"href":"https:\/\/reich-sein.eu\/club\/wp-json\/wp\/v2\/media?parent=3834"}],"curies":[{"name":"wp","href":"https:\/\/api.w.org\/{rel}","templated":true}]}}