{"id":3839,"date":"2022-10-08T18:20:52","date_gmt":"2022-10-08T16:20:52","guid":{"rendered":"http:\/\/reich-sein.eu\/club\/?page_id=3839"},"modified":"2022-11-24T16:07:37","modified_gmt":"2022-11-24T14:07:37","slug":"zirbeldruese","status":"publish","type":"page","link":"https:\/\/reich-sein.eu\/club\/mittel\/zirbeldruese\/","title":{"rendered":"Zirbeldr\u00fcse"},"content":{"rendered":"<p>Inhaltsangabe \/ Zusammenfassung Zirbeldr\u00fcse<\/p>\n<p>\ud83c\udf34Holistische Gesundheit Heilung und Aufkl\u00e4rung<\/p>\n<p>\ud83d\udcccUnsere Empfehlung f\u00fcr Sie und ihre Familie (Zirbeldr\u00fcsenreinigung) (https:\/\/t.me\/HolistischeGesundheitHeilung\/4579)\ud83d\udccc<\/p>\n<p>Erkl\u00e4rungen, Ansichten und Erfahrungswerte von Chlordioxid<\/p>\n<p>1.Die geheimnisvolle Kraft der Zirbeldr\u00fcse: Was Du \u00fcber Deinen Schlaf wissen musst!<\/p>\n<p>(https:\/\/t.me\/HolistischeGesundheitHeilung\/1514)2.SELF-emPower 04 | Melatonin, Schlafprobleme, Zirbeldr\u00fcse &amp; Blaulicht-Blocker<\/p>\n<p>(https:\/\/t.me\/HolistischeGesundheitHeilung\/2016)3.5G &#8211; WARUM technisch erzeugte 5G Frequenzen unsere Gesundheit gef\u00e4hrden Quelle:Dieter Broers<\/p>\n<p>(https:\/\/t.me\/HolistischeGesundheitHeilung\/2526)4.So kannst Du deine ZIRBELDR\u00dcSE wieder aktivieren \/ freilegen<\/p>\n<p>(https:\/\/t.me\/HolistischeGesundheitHeilung\/2559)5.Was passiert hier wirklich Was geht hier wirklich vor? Dr. Dietrich Klinghardt<\/p>\n<p>(https:\/\/t.me\/HolistischeGesundheitHeilung\/3183)6.So kannst Du deine ZIRBELDR\u00dcSE wieder aktivieren \/ freilegen<\/p>\n<p>(https:\/\/t.me\/HolistischeGesundheitHeilung\/3926)7.Zirbeldr\u00fcse aktivieren: 9 Ma\u00dfnahmen, die das Dritte Auge \u00f6ffnen<\/p>\n<p>(https:\/\/t.me\/HolistischeGesundheitHeilung\/3927)8.Die Zirbeldr\u00fcse entkalken, reinigen und aktivieren<\/p>\n<p>(https:\/\/t.me\/HolistischeGesundheitHeilung\/3928)9.Inhaltsangabe\/Zusammenfassung Frequenzen 432\/440Hz Solfeggiofrequenz, Musik<\/p>\n<p>(https:\/\/t.me\/HolistischeGesundheitHeilung\/3348)10.Die Zirbeldr\u00fcse &#8211; wichtiger denn je! &#8211; Dr. Heidi Wichmann &amp; Dieter Broers<\/p>\n<p>(https:\/\/t.me\/HolistischeGesundheitHeilung\/4065)11.Alterung stoppen | Zirbeldr\u00fcse aktivieren | Denkleistung erh\u00f6hen &#8211; Prof. Dr. Dr. Enrico Edinger<\/p>\n<p>(https:\/\/t.me\/HolistischeGesundheitHeilung\/4097)12.Zirbeldr\u00fcse, Melatonin und Alterung Teil 1 Fachvortrag vom Arzt Karl Hartner<\/p>\n<p>(https:\/\/t.me\/HolistischeGesundheitHeilung\/4152)13.Die Zirbeldr\u00fcse st\u00e4rken: Diese Lebensmittel unterst\u00fctzen uns dabei<\/p>\n<p>(https:\/\/t.me\/HolistischeGesundheitHeilung\/4154)14.Meisterdr\u00fcse unter Beschuss: Die Zirbeldr\u00fcse und der neue Mobilfunk<\/p>\n<p>(https:\/\/t.me\/HolistischeGesundheitHeilung\/4188)15.Die Zirbeldr\u00fcse: Kleines Organ mit gro\u00dfer Wirkung \/ inklusive Ratgeber f\u00fcr die Zirbeldr\u00fcse<\/p>\n<p>(https:\/\/t.me\/HolistischeGesundheitHeilung\/4208)16.K\u00fcnstliches Melatonin zerst\u00f6rt Ihre Zirbeldr\u00fcse \/ Terra Pro-Essence of life Academy<\/p>\n<p>(https:\/\/t.me\/HolistischeGesundheitHeilung\/4209)17.DMT das Geistesmolek\u00fcl. Zirbeldr\u00fcse \/ K\u00f6rpereigenes DMT \u2013 Stand 2020<\/p>\n<p>(https:\/\/t.me\/HolistischeGesundheitHeilung\/4237)18.Chakren im feinstofflichen und Dr\u00fcsen im grobstofflichen. Das eine geht ohne das andere nicht.<\/p>\n<p>(https:\/\/t.me\/HolistischeGesundheitHeilung\/4403)19.Die Zirbeldr\u00fcse hat sich im Laufe unserer Evolution sehr stark zur\u00fcck gebildet<\/p>\n","protected":false},"excerpt":{"rendered":"<p>Inhaltsangabe \/ Zusammenfassung Zirbeldr\u00fcse \ud83c\udf34Holistische Gesundheit Heilung und Aufkl\u00e4rung \ud83d\udcccUnsere Empfehlung f\u00fcr Sie und ihre Familie (Zirbeldr\u00fcsenreinigung) (https:\/\/t.me\/HolistischeGesundheitHeilung\/4579)\ud83d\udccc Erkl\u00e4rungen, Ansichten und Erfahrungswerte von Chlordioxid 1.Die geheimnisvolle Kraft der Zirbeldr\u00fcse: Was Du \u00fcber Deinen Schlaf wissen musst! (https:\/\/t.me\/HolistischeGesundheitHeilung\/1514)2.SELF-emPower 04 | Melatonin, Schlafprobleme, Zirbeldr\u00fcse &amp; Blaulicht-Blocker (https:\/\/t.me\/HolistischeGesundheitHeilung\/2016)3.5G &#8211; WARUM technisch erzeugte 5G Frequenzen unsere Gesundheit gef\u00e4hrden Quelle:Dieter [&hellip;]<\/p>\n","protected":false},"author":1,"featured_media":0,"parent":5069,"menu_order":0,"comment_status":"closed","ping_status":"closed","template":"members-style1-nosidebar.php","meta":{"footnotes":"","_links_to":"","_links_to_target":""},"class_list":["post-3839","page","type-page","status-publish","hentry"],"_links":{"self":[{"href":"https:\/\/reich-sein.eu\/club\/wp-json\/wp\/v2\/pages\/3839","targetHints":{"allow":["GET"]}}],"collection":[{"href":"https:\/\/reich-sein.eu\/club\/wp-json\/wp\/v2\/pages"}],"about":[{"href":"https:\/\/reich-sein.eu\/club\/wp-json\/wp\/v2\/types\/page"}],"author":[{"embeddable":true,"href":"https:\/\/reich-sein.eu\/club\/wp-json\/wp\/v2\/users\/1"}],"replies":[{"embeddable":true,"href":"https:\/\/reich-sein.eu\/club\/wp-json\/wp\/v2\/comments?post=3839"}],"version-history":[{"count":1,"href":"https:\/\/reich-sein.eu\/club\/wp-json\/wp\/v2\/pages\/3839\/revisions"}],"predecessor-version":[{"id":3840,"href":"https:\/\/reich-sein.eu\/club\/wp-json\/wp\/v2\/pages\/3839\/revisions\/3840"}],"up":[{"embeddable":true,"href":"https:\/\/reich-sein.eu\/club\/wp-json\/wp\/v2\/pages\/5069"}],"wp:attachment":[{"href":"https:\/\/reich-sein.eu\/club\/wp-json\/wp\/v2\/media?parent=3839"}],"curies":[{"name":"wp","href":"https:\/\/api.w.org\/{rel}","templated":true}]}}