{"id":387,"date":"2013-10-20T17:20:58","date_gmt":"2013-10-20T15:20:58","guid":{"rendered":"http:\/\/reich-sein.eu\/club\/?page_id=387"},"modified":"2022-11-25T22:23:23","modified_gmt":"2022-11-25T20:23:23","slug":"bilder","status":"publish","type":"page","link":"https:\/\/reich-sein.eu\/club\/ressourcen\/bilder\/","title":{"rendered":"Bilder"},"content":{"rendered":"<h3><span style=\"color: #0000ff;\"><strong>Einzelne Bilder<\/strong><\/span><\/h3>\n<p>Das Internet bietet viele Quellen f\u00fcr (sogar kostenfreie) Bilder zur Visualisierung. Beachte dabei jeweils die AGBs und Nutzungsbedingungen bez\u00fcglich der Rechte.<br \/>\nHier eine unverbindliche Sammlung von Adressen:<\/p>\n<p>https:\/\/www.pexels.com\/de-de\/<br \/>\nhttps:\/\/unsplash.com\/<br \/>\nhttps:\/\/pixabay.com\/de\/<br \/>\nhttps:\/\/www.freepik.com\/<br \/>\nhttps:\/\/stocksnap.io\/<\/p>\n<blockquote class=\"wp-embedded-content\" data-secret=\"sbTKvhhQm3\"><p><a href=\"https:\/\/picjumbo.com\/\">Home<\/a><\/p><\/blockquote>\n<p><iframe loading=\"lazy\" class=\"wp-embedded-content\" sandbox=\"allow-scripts\" security=\"restricted\" style=\"position: absolute; visibility: hidden;\" title=\"&#8220;Home&#8221; &#8212; picjumbo\" src=\"https:\/\/picjumbo.com\/embed\/#?secret=Lbsnoe7gnX#?secret=sbTKvhhQm3\" data-secret=\"sbTKvhhQm3\" width=\"500\" height=\"282\" frameborder=\"0\" marginwidth=\"0\" marginheight=\"0\" scrolling=\"no\"><\/iframe><br \/>\nhttps:\/\/kaboompics.com\/<br \/>\nhttps:\/\/www.splitshire.com\/<br \/>\nhttps:\/\/burst.shopify.com\/<br \/>\nhttps:\/\/www.reshot.com\/<\/p>\n<blockquote class=\"wp-embedded-content\" data-secret=\"aLMsFKd9dc\"><p><a href=\"https:\/\/www.foodiesfeed.com\/\">Pictures of food<\/a><\/p><\/blockquote>\n<p><iframe loading=\"lazy\" class=\"wp-embedded-content\" sandbox=\"allow-scripts\" security=\"restricted\" style=\"position: absolute; visibility: hidden;\" title=\"&#8220;Pictures of food&#8221; &#8212; Pictures of food \u2022 Foodiesfeed \u2022 Food pictures\" src=\"https:\/\/www.foodiesfeed.com\/embed\/#?secret=kXUKxqxtx7#?secret=aLMsFKd9dc\" data-secret=\"aLMsFKd9dc\" width=\"500\" height=\"282\" frameborder=\"0\" marginwidth=\"0\" marginheight=\"0\" scrolling=\"no\"><\/iframe><br \/>\nhttps:\/\/gratisography.com\/<br \/>\nhttps:\/\/freestocks.org\/<br \/>\nhttps:\/\/picography.co\/<\/p>\n<blockquote class=\"wp-embedded-content\" data-secret=\"nQKoKhzyFh\"><p><a href=\"https:\/\/focastock.com\/\">Home<\/a><\/p><\/blockquote>\n<p><iframe loading=\"lazy\" class=\"wp-embedded-content\" sandbox=\"allow-scripts\" security=\"restricted\" style=\"position: absolute; visibility: hidden;\" title=\"&#8220;Home&#8221; &#8212; FOCA Stock\" src=\"https:\/\/focastock.com\/embed\/#?secret=hbqRmzg1ms#?secret=nQKoKhzyFh\" data-secret=\"nQKoKhzyFh\" width=\"500\" height=\"282\" frameborder=\"0\" marginwidth=\"0\" marginheight=\"0\" scrolling=\"no\"><\/iframe><br \/>\nhttps:\/\/www.lifeofpix.com\/<br \/>\nhttps:\/\/nos.twnsnd.co\/<\/p>\n<blockquote class=\"wp-embedded-content\" data-secret=\"mRlGnuubyC\"><p><a href=\"https:\/\/isorepublic.com\/\">Best Royalty Free High Resolution Stock Photos &#038; Videos<\/a><\/p><\/blockquote>\n<p><iframe loading=\"lazy\" class=\"wp-embedded-content\" sandbox=\"allow-scripts\" security=\"restricted\" style=\"position: absolute; visibility: hidden;\" title=\"&#8220;Best Royalty Free High Resolution Stock Photos &#038; Videos&#8221; &#8212; ISO Republic\" src=\"https:\/\/isorepublic.com\/embed\/#?secret=HQ5pqS5j33#?secret=mRlGnuubyC\" data-secret=\"mRlGnuubyC\" width=\"500\" height=\"282\" frameborder=\"0\" marginwidth=\"0\" marginheight=\"0\" scrolling=\"no\"><\/iframe><\/p>\n<blockquote class=\"wp-embedded-content\" data-secret=\"eqma0JihOn\"><p><a href=\"https:\/\/styledstock.co\/\">Home<\/a><\/p><\/blockquote>\n<p><iframe loading=\"lazy\" class=\"wp-embedded-content\" sandbox=\"allow-scripts\" security=\"restricted\" style=\"position: absolute; visibility: hidden;\" title=\"&#8220;Home&#8221; &#8212; Styled Stock - Free styled stock photography\" src=\"https:\/\/styledstock.co\/embed\/#?secret=IthnouMpBP#?secret=eqma0JihOn\" data-secret=\"eqma0JihOn\" width=\"500\" height=\"282\" frameborder=\"0\" marginwidth=\"0\" marginheight=\"0\" scrolling=\"no\"><\/iframe><br \/>\nhttps:\/\/fancycrave.com\/<br \/>\nhttps:\/\/wunderstock.com\/<\/p>\n<h3 class=\"title title_big\"><span style=\"color: #0000ff;\"><strong>VISIONBOARD-SET<\/strong><\/span><\/h3>\n<p class=\"subtitle\">Das Visionboard-Set f\u00fcr Selbstst\u00e4ndige,<br \/>\nUnternehmer und alle, die es werden wollen<\/p>\n<p>Du erh\u00e4ltst einen Visionboard Guide, dir dabei hilft, deine W\u00fcnsche, Tr\u00e4ume und Ziele f\u00fcr die n\u00e4chsten Jahre herauszufinden.<\/p>\n<p><a href=\"https:\/\/visionbook.de\/visionboard\">https:\/\/visionbook.de\/visionboard<\/a><\/p>\n<div class=\"title-block\">\n<div class=\"title title_md\"><span style=\"color: #0000ff;\"><strong>VISIONBOOK-PROGRAMM<\/strong><\/span><\/div>\n<div class=\"subtitle subtitle_big\">In 6 Wochen zum Leben deiner Tr\u00e4ume<\/div>\n<\/div>\n<p>Das Ziel des Visionbook-Programms ist, dass du eine kristallklare Vision f\u00fcr das Leben deiner Tr\u00e4ume in allen 12 Lebensbereichen definierst und gemeinsam mit uns einen konkreten Aktionsplan und leicht durchf\u00fchrbare Strategien entwickelst, um auch tats\u00e4chlich Schritt f\u00fcr Schritt von Punkt A zu Punkt B zu gelangen.<\/p>\n<p><a href=\"https:\/\/visionbook.de\/visionbook-program\">https:\/\/visionbook.de\/visionbook-program<\/a><\/p>\n<p><strong>Vision Board\u00a0<em>Workbook<\/em>\u00a0(33 Seiten)<\/strong><br \/>\nEine farbenfrohe und effiziente Anleitung zun Vision Boards, f\u00fcr Menschen, die schneller das Manifestieren wollen, was sie sich w\u00fcnschen<br \/>\n<a href=\"https:\/\/www.stephymagney.com\/gratis\/\">https:\/\/www.stephymagney.com\/gratis\/<\/a><\/p>\n","protected":false},"excerpt":{"rendered":"<p>Einzelne Bilder Das Internet bietet viele Quellen f\u00fcr (sogar kostenfreie) Bilder zur Visualisierung. Beachte dabei jeweils die AGBs und Nutzungsbedingungen bez\u00fcglich der Rechte. Hier eine unverbindliche Sammlung von Adressen: https:\/\/www.pexels.com\/de-de\/ https:\/\/unsplash.com\/ https:\/\/pixabay.com\/de\/ https:\/\/www.freepik.com\/ https:\/\/stocksnap.io\/ Home https:\/\/kaboompics.com\/ https:\/\/www.splitshire.com\/ https:\/\/burst.shopify.com\/ https:\/\/www.reshot.com\/ Pictures of food https:\/\/gratisography.com\/ https:\/\/freestocks.org\/ https:\/\/picography.co\/ Home https:\/\/www.lifeofpix.com\/ https:\/\/nos.twnsnd.co\/ Best Royalty Free High Resolution Stock Photos [&hellip;]<\/p>\n","protected":false},"author":1,"featured_media":0,"parent":368,"menu_order":10,"comment_status":"open","ping_status":"closed","template":"members-style1-nosidebar.php","meta":{"footnotes":"","_links_to":"","_links_to_target":""},"class_list":["post-387","page","type-page","status-publish","hentry"],"_links":{"self":[{"href":"https:\/\/reich-sein.eu\/club\/wp-json\/wp\/v2\/pages\/387","targetHints":{"allow":["GET"]}}],"collection":[{"href":"https:\/\/reich-sein.eu\/club\/wp-json\/wp\/v2\/pages"}],"about":[{"href":"https:\/\/reich-sein.eu\/club\/wp-json\/wp\/v2\/types\/page"}],"author":[{"embeddable":true,"href":"https:\/\/reich-sein.eu\/club\/wp-json\/wp\/v2\/users\/1"}],"replies":[{"embeddable":true,"href":"https:\/\/reich-sein.eu\/club\/wp-json\/wp\/v2\/comments?post=387"}],"version-history":[{"count":7,"href":"https:\/\/reich-sein.eu\/club\/wp-json\/wp\/v2\/pages\/387\/revisions"}],"predecessor-version":[{"id":4073,"href":"https:\/\/reich-sein.eu\/club\/wp-json\/wp\/v2\/pages\/387\/revisions\/4073"}],"up":[{"embeddable":true,"href":"https:\/\/reich-sein.eu\/club\/wp-json\/wp\/v2\/pages\/368"}],"wp:attachment":[{"href":"https:\/\/reich-sein.eu\/club\/wp-json\/wp\/v2\/media?parent=387"}],"curies":[{"name":"wp","href":"https:\/\/api.w.org\/{rel}","templated":true}]}}