{"id":389,"date":"2013-10-20T17:21:31","date_gmt":"2013-10-20T15:21:31","guid":{"rendered":"http:\/\/reich-sein.eu\/club\/?page_id=389"},"modified":"2022-11-25T22:23:36","modified_gmt":"2022-11-25T20:23:36","slug":"symbole","status":"publish","type":"page","link":"https:\/\/reich-sein.eu\/club\/ressourcen\/symbole\/","title":{"rendered":"Symbole"},"content":{"rendered":"<h2><span style=\"color: #0000ff;\"><b>Bedeutung von Symbolen<\/b>\u00a0<\/span><\/h2>\n<p><em>&#8222;Symbole stellen Antennen dar, durch welche Resonanzen in jeweils bestimmten Frequenzen erzeugt und entsprechende Medien-Teilchen oder -Cluster absorbiert (aufgenommen) oder emittiert (ausgesandt) werden.&#8220;<\/em><\/p>\n<p><a href=\"https:\/\/www.paranormal.de\/paramirr\/geo\/symbol\/info\/other\/symbol.htm\">https:\/\/www.paranormal.de\/paramirr\/geo\/symbol\/info\/other\/symbol.htm<\/a><\/p>\n<h3><span style=\"color: #0000ff;\"><strong>Kurze \u00dcbersicht \u00fcber gebr\u00e4uchliche kosmische Symbole<\/strong><\/span><\/h3>\n<p><a href=\"https:\/\/www.everyday-feng-shui.de\/die-wirk-kraefte-der-symbole-energetisches-fengshui-mit-freier-energie\/\"><strong>Irmgard Brottrager<\/strong><\/a><\/p>\n<p>Damit lassen sich Entwicklungen anregen und energetische Ungleichgewichte bereinigen.<\/p>\n<p>Diese Symbole k\u00f6nnen allerdings keine Bewusstseinsarbeit ersetzen. Sie sollten daher nicht wie eine Medizin verabreicht werden, um Symptome zu bek\u00e4mpfen.<\/p>\n<p>Gesundheitliche St\u00f6rungen sind die Sprache des K\u00f6rpers und wollen nicht weggemacht, sondern verstanden und gemeistert werden!<\/p>\n<p>Es kommt letztlich auf die Gesamt-Schwingung im Raum an. Eines oder mehrere Symbole n\u00fctzen wenig, wenn der Rest des Raumes voller ung\u00fcnstiger Informationen bleibt, die dem gew\u00fcnschten Ziel widersprechen.<\/p>\n<p><strong>1) Die 8 Archetypen des Europ\u00e4ischen Fengshui:\u00a0<\/strong><\/p>\n<p><strong>1.a) Die Bogen-, Zelt, oder Kreis-Form<\/strong>\u00a0hat sch\u00fctzende und bewahrende Qualit\u00e4ten (Jahreszeit Winter, Himmelsrichtung Norden).<\/p>\n<p><strong>1.b) Die Wellen- oder Kurven-Form<\/strong>\u00a0steht f\u00fcr sanft flie\u00dfende Bewegungen (Jahreszeit Vorfr\u00fchling, Himmelsrichtung Nordosten).<\/p>\n<p><strong>1.c) Die Schalen-Form<\/strong>\u00a0steht f\u00fcr aufnehmende und empf\u00e4ngliche Qualit\u00e4ten (Jahreszeit Fr\u00fchling, Himmelsrichtung Osten).<\/p>\n<p><strong>1.d) Die Ybsilon-Form oder Gabelung<\/strong>\u00a0bedeutet Zweisamkeit und Verbundenheit (Jahreszeit Fr\u00fchsommer, Himmelsrichtung S\u00fcdosten).<\/p>\n<p><strong>1.e) Die gerade Linie<\/strong>\u00a0steht f\u00fcr Selbstbewusstsein, Klarheit und Entscheidungsfreude (Jahreszeit Sommer, Himmelsrichtung S\u00fcden).<\/p>\n<p><strong>1.f) Die Karo- oder Kreuz-Form<\/strong>\u00a0ist ein Zeichen f\u00fcr Funktionalit\u00e4t und Pragmatismus (Jahreszeit Sp\u00e4tsommer, Himmelsrichtung S\u00fcdwesten).<\/p>\n<p><strong>1.g) Die Diagonale<\/strong>\u00a0hat sehr dynamische Qualit\u00e4ten, sie steht f\u00fcr Ehrgeiz und Kampfgeist (Jahreszeit Herbst, Himmelsrichtung Westen).<\/p>\n<p><strong>1.h) Streifen-Muster<\/strong>\u00a0dienen als Symbol f\u00fcr Aufl\u00f6sung, Loslassen und Transformation (Jahreszeit Sp\u00e4therbst, Himmelsrichtung Nordwesten).<\/p>\n<figure id=\"attachment_37486\" class=\"wp-caption aligncenter\" aria-describedby=\"caption-attachment-37486\"><a href=\"https:\/\/www.everyday-feng-shui.de\/feng-shui-news\/wp-content\/uploads\/2013\/06\/Spiralen-flickr.jpg\"><img loading=\"lazy\" decoding=\"async\" class=\"size-medium wp-image-37486\" src=\"https:\/\/www.everyday-feng-shui.de\/feng-shui-news\/wp-content\/uploads\/2013\/06\/Spiralen-flickr-300x199.jpg\" sizes=\"auto, (max-width: 300px) 100vw, 300px\" srcset=\"https:\/\/www.everyday-feng-shui.de\/feng-shui-news\/wp-content\/uploads\/2013\/06\/Spiralen-flickr-300x199.jpg 300w, https:\/\/www.everyday-feng-shui.de\/feng-shui-news\/wp-content\/uploads\/2013\/06\/Spiralen-flickr-468x311.jpg 468w, https:\/\/www.everyday-feng-shui.de\/feng-shui-news\/wp-content\/uploads\/2013\/06\/Spiralen-flickr.jpg 640w\" alt=\"Spiralen im chinesischen Tempel Mo Man, Foto (C) Nicolas Vollmer \/ flickr\" width=\"300\" height=\"199\" \/><\/a><figcaption id=\"caption-attachment-37486\" class=\"wp-caption-text\">Spiralen im chinesischen Tempel Mo Man, Foto (C) Nicolas Vollmer \/ flickr<\/figcaption><\/figure>\n<p><strong>2) Spiral-Formen:\u00a0<\/strong><\/p>\n<p>Man unterscheidet zwischen rechts drehenden, links drehenden und Doppelspiralen. Letztere machen eine Kehrtwende und drehen dann in die entgegen gesetzte Richtung. Die rechts drehenden wirken aktivierend und belebend. Die links drehenden werden eingesetzt, wenn etwas abgebremst oder beruhigt werden soll. Doppelspiralen haben eine ausgleichende und transformierende Wirkung. Sie sind ein Symbol f\u00fcr Werden und Vergehen und\u00a0k\u00f6nnen belastete Raum-Bereiche in Balance bringen. Man kann sie auch verwenden, um die Energie von Lebensmitteln anzuheben.<\/p>\n<p><a href=\"http:\/\/www.paranormal.de\/paramirr\/geo\/symbol\/antares\/matrix.htm\"><strong>3) Das\u00a0Antares-System von Werner Neuner<\/strong><\/a><\/p>\n<p>Die Antares-Symbol-Reihe wurde 2001 von Werner Neuner ins Leben gerufen. Er f\u00fchrt den Ursprung auf den Stern Antares und die dort lebenden Wesenheiten zur\u00fcck. Die lebhaft geschwungenen Formen wirken direkt auf den Emotional-K\u00f6rper.<\/p>\n<p><a href=\"http:\/\/www.paranormal.de\/paramirr\/geo\/symbol\/larimar\/matrix.htm\"><strong>4) Das\u00a0Larimar-System von Wolfgang Becvar<\/strong><\/a><\/p>\n<p>soll von unseren Nachbarn auf dem Stern Sirius B \u00fcbermittelt worden sein. Wolfgang Becvar hat es im Jahr 2000 empfangen. Das Symbol mit der Bezeichnung FLOR erinnert an einen Mercedes-Stern, es wirkt neutralisierend und wird auch gegen Elektro-Smog eingesetzt.<\/p>\n<p><a href=\"http:\/\/www.paranormal.de\/paramirr\/geo\/symbol\/ingmar\/matrix.htm\"><strong>5) Das\u00a0Ingmar-System von Wolfgang Becvar<\/strong><\/a><\/p>\n<p>wurde 1998 von Wesenheiten des Sternen-Systems Aldebaran gechannelt. Es wirkt vor allem auf den physischen K\u00f6rper und kann bei gesundheitlichen Beschwerden zur Anwendung kommen.<\/p>\n<p><strong>6) Heilige Geometrie und Numerologie.<\/strong><\/p>\n<p>Die Blume des Lebens, die Venusblume, das Pentagon, das Lebensrad mit 8 Speichen, die Fibonacci-Spirale, der Torus und viele andere elementare geometrische Figuren sind direkt mit Zahlen-Verh\u00e4ltnissen verbunden und streng geometrisch konstruierbar. Das Delta-Zeichen wirkt zum Beispiel als Schutz vor Diebstahl. Mit dem Zeichen \u201eTodoxin\u201c, das aus drei ineinander verschr\u00e4nkten Kreisen besteht, lassen sich sch\u00e4dliche Strukturen und Stoffe unwirksam machen.<\/p>\n<p><a href=\"http:\/\/www.runenmagie.de\/runenmagieruneng.html\"><strong>7) Runen<\/strong><\/a><\/p>\n<p>Die urspr\u00fcnglich schamanischen Runen-Symbole aus Skandinavien sind die Vorl\u00e4ufer, aus denen sich sp\u00e4ter die germanischen Schriftzeichen entwickelten. Die geometrischen Zeichen sind mehr als 2000 Jahre alt und haben ihre magische Bedeutungen nicht verloren. Besonders interessant: Die Lage der Buchstaben-Linien l\u00e4sst sich mit den Achsen der Lebensblume (siehe Heilige Geometrie) in Deckung bringen.<\/p>\n<p><strong>8) Medizin zum Aufmalen \u2013 K\u00f6rbler Zeichen<\/strong><\/p>\n<h3 class=\"product_title wd-entities-title\"><span style=\"color: #0000ff;\"><strong>Helmut Ranalter: Affirmationskarten &#8222;F\u00fclle &amp; Reichtum&#8220;<\/strong><\/span><\/h3>\n<p><a href=\"https:\/\/limarutti-verlag.at\/produkt\/fuelle-reichtum\/\">Lemuria Mandala Affirmations-Karten<\/a><\/p>\n<p>Kraftvolle Affirmationen f\u00fcr jeden Tag \u2013 Die Affirmationskarten sind pers\u00f6nliche Impulsgeber! Affirmationen sind kraftvolle, positive Bewusstseins-Formeln. Die Affirmationskarten sind entsprechend den lemurianischen Meister Mandalas in sechs gro\u00dfe Themenkomplexe gegliedert und bieten ein breites Spektrum an M\u00f6glichkeiten. Sie geben klare, eindeutige Antworten auf unsere Fragen. Die Affirmationskarten f\u00f6rdern unsere Eigenverantwortung sowie die F\u00e4higkeit Entscheidungen zu treffen und regen uns an, selbst aktiv zu werden. Sie unterst\u00fctzen uns dabei, Bed\u00fcrfnisse und Ziele exakt zu formulieren, damit sie sich rasch verwirklichen und bringen uns verst\u00e4rkt mit unserem Sch\u00f6pferpotenzial in Verbindung. Diese Karten entfalten kraftvolle, konzentrierte Energien, die L\u00f6sungswege f\u00fcr unsere Themen \u00f6ffnen.<br \/>\nDie Affirmationskarten sind \u201eTurbo-Karten\u201c f\u00fcr ganz spezielle Fragen oder Anliegen! Im jedem Affirmationskarten-Set gibt es Karten, die den blockierten Zustand des jeweiligen Themas, aber auch den gel\u00f6sten Zustand anzeigen.<\/p>\n<p>Die wichtigsten Themen:<br \/>\n\u2013 F\u00fclle und Reichtum ins Leben integrieren<br \/>\n\u2013 positive Lebenseinstellung<br \/>\n\u2013 sich auf sein \u201cBauchgef\u00fchl\u201d verlassen<br \/>\n\u2013 sich entwickeln, an Erfahrungen wachsen und reifen<br \/>\n\u2013 die richtigen Schritte setzen f\u00fcr unsere Ziele<\/p>\n<p><a href=\"http:\/\/reich-sein.eu\/club\/wp-content\/uploads\/2022\/02\/Fuelle-und-Reichtum_Affirmationskarten_1.jpg\"><img loading=\"lazy\" decoding=\"async\" class=\"size-full wp-image-1714 alignnone\" src=\"http:\/\/reich-sein.eu\/club\/wp-content\/uploads\/2022\/02\/Fuelle-und-Reichtum_Affirmationskarten_1.jpg\" alt=\"\" width=\"720\" height=\"446\" srcset=\"https:\/\/reich-sein.eu\/club\/wp-content\/uploads\/2022\/02\/Fuelle-und-Reichtum_Affirmationskarten_1.jpg 720w, https:\/\/reich-sein.eu\/club\/wp-content\/uploads\/2022\/02\/Fuelle-und-Reichtum_Affirmationskarten_1-300x186.jpg 300w\" sizes=\"auto, (max-width: 720px) 100vw, 720px\" \/><\/a><\/p>\n<h3><span style=\"color: #0000ff;\"><strong>Energiekarte Erfolg und Reichtum<\/strong><\/span><\/h3>\n<p><a href=\"https:\/\/limarutti-verlag.at\/produkt\/energiekarte-erfolg-und-reichtum\/\"><strong>Wolfgang Becvar: Kosmisch-energetische Symbole (Freie Energien)<\/strong><\/a><\/p>\n<p>Auf diesen Karten werden Symbole dargestellt, welche \u201cFreie Energien\u201d b\u00fcndeln, um sie f\u00fcr den Menschen nutzbar zu machen. S\u00e4mtliche Symbole sind im Pr\u00e4gedruck dargestellt, um ihre energetische Wirkung \u00fcber den Tastsinn aufnehmen zu k\u00f6nnen. Die Karten entfalten vor allem dann ihre Wirkung, wenn sie am K\u00f6rper oder in K\u00f6rpern\u00e4he getragen werden. Dies kann in der Geldb\u00f6rse, im Terminplaner oder in einer Hosen- bzw. Hemdtasche sein.<\/p>\n<p>Energiekarten gibt es auch zu diesen Themen:<\/p>\n<ul>\n<li><a href=\"http:\/\/produkt\/energiekarte-schutz-und-klarheit\/\" target=\"_blank\" rel=\"noopener\">Schutz und Klarheit<\/a><\/li>\n<li><a href=\"http:\/\/produkt\/energiekarte-selbstbewusstsein-und-urvertrauen\/\" target=\"_blank\" rel=\"noopener\">Selbstbewusstsein und Urvertrauen<\/a><\/li>\n<li><a href=\"http:\/\/produkt\/energiekarte-gesundheit-und-wohlbefinden\/\" target=\"_blank\" rel=\"noopener\">Gesundheit und Wohlbefinden<\/a><\/li>\n<li><a href=\"http:\/\/produkt\/energiekarte-liebe-und-partnerschaft\/\" target=\"_blank\" rel=\"noopener\">Liebe und Partnerschaft<\/a><\/li>\n<li><a href=\"http:\/\/produkt\/energiekarte-stressabbau-und-harmonisierung\/\" target=\"_blank\" rel=\"noopener\">Stressabbau und Harmonisierung<\/a><\/li>\n<li><a href=\"http:\/\/produkt\/energiekarte-entstoerung-und-belebung\/\" target=\"_blank\" rel=\"noopener\">Entst\u00f6rung und Belebung<\/a><\/li>\n<\/ul>\n<p><a href=\"http:\/\/reich-sein.eu\/club\/wp-content\/uploads\/2022\/02\/Energiekarte-Erfolg-und-Reichtum_1.0.jpg\"><img loading=\"lazy\" decoding=\"async\" class=\"alignleft size-full wp-image-1717\" src=\"http:\/\/reich-sein.eu\/club\/wp-content\/uploads\/2022\/02\/Energiekarte-Erfolg-und-Reichtum_1.0.jpg\" alt=\"\" width=\"449\" height=\"720\" srcset=\"https:\/\/reich-sein.eu\/club\/wp-content\/uploads\/2022\/02\/Energiekarte-Erfolg-und-Reichtum_1.0.jpg 449w, https:\/\/reich-sein.eu\/club\/wp-content\/uploads\/2022\/02\/Energiekarte-Erfolg-und-Reichtum_1.0-187x300.jpg 187w\" sizes=\"auto, (max-width: 449px) 100vw, 449px\" \/><\/a><\/p>\n","protected":false},"excerpt":{"rendered":"<p>Bedeutung von Symbolen\u00a0 &#8222;Symbole stellen Antennen dar, durch welche Resonanzen in jeweils bestimmten Frequenzen erzeugt und entsprechende Medien-Teilchen oder -Cluster absorbiert (aufgenommen) oder emittiert (ausgesandt) werden.&#8220; https:\/\/www.paranormal.de\/paramirr\/geo\/symbol\/info\/other\/symbol.htm Kurze \u00dcbersicht \u00fcber gebr\u00e4uchliche kosmische Symbole Irmgard Brottrager Damit lassen sich Entwicklungen anregen und energetische Ungleichgewichte bereinigen. Diese Symbole k\u00f6nnen allerdings keine Bewusstseinsarbeit ersetzen. Sie sollten daher nicht [&hellip;]<\/p>\n","protected":false},"author":1,"featured_media":0,"parent":368,"menu_order":11,"comment_status":"open","ping_status":"closed","template":"members-style1-nosidebar.php","meta":{"footnotes":"","_links_to":"","_links_to_target":""},"class_list":["post-389","page","type-page","status-publish","hentry"],"_links":{"self":[{"href":"https:\/\/reich-sein.eu\/club\/wp-json\/wp\/v2\/pages\/389","targetHints":{"allow":["GET"]}}],"collection":[{"href":"https:\/\/reich-sein.eu\/club\/wp-json\/wp\/v2\/pages"}],"about":[{"href":"https:\/\/reich-sein.eu\/club\/wp-json\/wp\/v2\/types\/page"}],"author":[{"embeddable":true,"href":"https:\/\/reich-sein.eu\/club\/wp-json\/wp\/v2\/users\/1"}],"replies":[{"embeddable":true,"href":"https:\/\/reich-sein.eu\/club\/wp-json\/wp\/v2\/comments?post=389"}],"version-history":[{"count":11,"href":"https:\/\/reich-sein.eu\/club\/wp-json\/wp\/v2\/pages\/389\/revisions"}],"predecessor-version":[{"id":1723,"href":"https:\/\/reich-sein.eu\/club\/wp-json\/wp\/v2\/pages\/389\/revisions\/1723"}],"up":[{"embeddable":true,"href":"https:\/\/reich-sein.eu\/club\/wp-json\/wp\/v2\/pages\/368"}],"wp:attachment":[{"href":"https:\/\/reich-sein.eu\/club\/wp-json\/wp\/v2\/media?parent=389"}],"curies":[{"name":"wp","href":"https:\/\/api.w.org\/{rel}","templated":true}]}}