{"id":3959,"date":"2022-10-12T11:27:50","date_gmt":"2022-10-12T09:27:50","guid":{"rendered":"http:\/\/reich-sein.eu\/club\/?page_id=3959"},"modified":"2022-11-24T15:40:27","modified_gmt":"2022-11-24T13:40:27","slug":"energie-raub","status":"publish","type":"page","link":"https:\/\/reich-sein.eu\/club\/seins-dimensionen\/energie\/energie-raub\/","title":{"rendered":"Energie-Raub"},"content":{"rendered":"<h2><span style=\"color: #0000ff;\">SIE leben von Deiner Energie<\/span><\/h2>\n<p><strong>SIE sind die Seelenlosen Nicht-Menschen, die seit Jahrtausenden die Menschheit versklavt, indem SIE uns in einer k\u00fcnstlichen Illusion bzw. T\u00e4uschung als Gefangene halten<\/strong><\/p>\n<p>Da drau\u00dfen hat nie was existiert und fast jeder MENSCH wei\u00df das.<br \/>\nDie Quelllosen werden es jedoch niemals zugeben, <strong>weil sie Energie von denen ernten wollen<\/strong>, die nicht erkennen k\u00f6nnen, dass sie Selbst die G\u00f6ttlichkeit sind.<br \/>\nALLes ist ein Programm, das von der Matrix auf unserem Unterbewusstsein gespielt wird<br \/>\nDas ergibt f\u00fcr dich kein Sinn und du kannst es auch nicht sehen, ansonsten w\u00fcrde es doch niemals funktionieren wie es funktioniert.<br \/>\nDu kannst es nur f\u00fchlen, wie du es immer gef\u00fchlt hast!<br \/>\nDu wusstest es schon immer!<br \/>\nEs gab da diese Erlebnisse die dich immer wissen lassen haben.<br \/>\n(Aber verdr\u00e4ngt wurden)<\/p>\n<p>Das Bewusstsein des Unterbewusstseins entspringt dem tief empfundenen Verst\u00e4ndnis der ethischen Moral.<br \/>\nEs ist wirklich nur, wie hell dein Herz schl\u00e4gt, das die Wahrheit in der menschlichen G\u00f6ttlichkeit zeigt und auch widerspiegelt.<\/p>\n<p>Du bist leider blind von der Programmierung und deshalb spielst du mit.<br \/>\nSo spendest du brav deine Energie.<br \/>\n\u00dcberhaupt dar\u00fcber zu sprechen ist schon an L\u00e4cherlichkeit nicht mehr zu \u00fcberbieten.<\/p>\n<p>Diese k\u00fcnstlichen Leute besitzen das Geld, sie k\u00f6nnen mit einem Fingerschnipsen den Welthunger beenden.<br \/>\nSie haben genug Ressourcen, um JEDES Land wieder aufzuf\u00fcllen und sogar die Ozeane zu reinigen, aber diese [Philanthropen] haben sich entschieden, stattdessen GVO-M\u00fccken und k\u00fcnstliches Fleisch zu injizieren, die Sonnenstrahlen zu verhindern und Milliarden von Menschen Gifte zu injizieren.<br \/>\nWarum?<br \/>\nWeil sie die dualistischen B\u00f6sewichte sind, gegen die \u201eguten\u201c dualistischen Puppen angeblich k\u00e4mpfen.<br \/>\nSie lassen dich glauben, dass es ein Krieg zwischen M\u00e4chten gibt.<br \/>\nEs war schon immer so.<\/p>\n<p>Wenn du nicht bereit bist, die M\u00f6glichkeit zu akzeptieren, get\u00e4uscht worden zu sein, dann geh\u00f6rst du zu den Menschen, die sich am leichtesten t\u00e4uschen lassen.<\/p>\n<p>https:\/\/t.me\/AstroDoQu\/3526<\/p>\n<p>&nbsp;<\/p>\n<p><strong>Der Schwanz des Satans.<\/strong><\/p>\n<p>Du tr\u00e4gst ein Organ in dir, das erst sp\u00e4ter implantiert wurde.<br \/>\nGenannt wird das Organ \u201eKundabuffer\u201c.<\/p>\n<p>Dadurch siehst du nur die H\u00e4lfte und auch nur einen Mond.<\/p>\n<p><a href=\"http:\/\/reich-sein.eu\/club\/wp-content\/uploads\/2022\/10\/Schwanz-des-Satans.jpg\"><img loading=\"lazy\" decoding=\"async\" class=\"alignnone wp-image-3967\" src=\"http:\/\/reich-sein.eu\/club\/wp-content\/uploads\/2022\/10\/Schwanz-des-Satans-916x1024.jpg\" alt=\"\" width=\"600\" height=\"671\" srcset=\"https:\/\/reich-sein.eu\/club\/wp-content\/uploads\/2022\/10\/Schwanz-des-Satans-916x1024.jpg 916w, https:\/\/reich-sein.eu\/club\/wp-content\/uploads\/2022\/10\/Schwanz-des-Satans-268x300.jpg 268w, https:\/\/reich-sein.eu\/club\/wp-content\/uploads\/2022\/10\/Schwanz-des-Satans-768x859.jpg 768w, https:\/\/reich-sein.eu\/club\/wp-content\/uploads\/2022\/10\/Schwanz-des-Satans.jpg 1074w\" sizes=\"auto, (max-width: 600px) 100vw, 600px\" \/><\/a><br \/>\nDieses Organ klaut deine Energie und ohne diese Energien, w\u00e4re diese Ebene nicht wie sie ist.<br \/>\nSomit w\u00fcrde der ganze Wahnsinn und ALLes ohne Zweck aufh\u00f6ren zu existieren.<br \/>\nDie Menschheit als Ganzes ist ein Organ der Natur.<br \/>\nDieses Organ sammelt und assimiliert kosmische Energien, die f\u00fcr die Entwicklung der Spielmacher auf dieser Ebene notwendig sind.<\/p>\n<p>Aber der Mensch wei\u00df davon nichts.<\/p>\n<p>Dabei belasse ich das nat\u00fcrlich nicht!<br \/>\nIch kl\u00e4re dich detailliert auf.<br \/>\nDieser Punkt in deinem Herzen wird entfernt, von dir Selbst und ich werde dir zeigen wie.<\/p>\n<p>@AstroDoQu<\/p>\n<p>https:\/\/t.me\/AstroDoQu\/3539<\/p>\n<p>Vor ganz langer begann die lemurische Wurzelrasse die wahren Motive ihrer eigenen Existenz zu erraten.<br \/>\nDies war eine sehr elende Existenz mit nur mechanischen Motiven.<br \/>\nSie erkannten, dass sie wirklich nur Batterien f\u00fcr die gr\u00f6\u00dfere Maschine waren.<br \/>\nUnd dadurch wurde etwas entwickelt und uns zugef\u00fcgt, was uns ver\u00e4ndert hat.<\/p>\n<p>Das Kundabuffer-Organ lie\u00df Unsere Sklaverei angenehmer erscheinen.<br \/>\nDas Organ wurde in die Menschheit implantiert, um den Kummer der Anpassung an die Stabilisierungszeit zu minimieren.<br \/>\nDies war zu der Zeit, in der die beiden Monde Luna und Anulios in eine ausgeglichene Umlaufbahn um die Ebene zur\u00fcckkehren w\u00fcrden.<br \/>\nJa, du hast richtig gelesen, tats\u00e4chlich sind es zwei Monde.<br \/>\nWarum?<br \/>\nWeil jede Version als Projektion im Himmel einprogrammiert ist und nicht gel\u00f6scht werden kann.<br \/>\nDer Himmel ist voll von \u00e4therischer Energie.<br \/>\nWie innen, so au\u00dfen.<\/p>\n<p>Nach dem gro\u00dfen Krieg schafften es zwei gro\u00dfe Menschen das Organ zu entfernen.<\/p>\n<p>Nachdem die kosmische Katastrophe neutralisiert worden war, gingen Menschen zwei unterschiedliche Wege.<br \/>\nDies war die Trennung.<br \/>\nDas implantierte und entfernte Organ hatte jedoch NEBENWIRKUNGEN.<br \/>\nErstens, dass Menschen regelm\u00e4\u00dfig gegeneinander Krieg f\u00fchrten, sich gegenseitig ausbeuteten und t\u00f6teten.<\/p>\n<p>ZWEITENS, dass sie dazu neigten, ALLes auf den Kopf zu stellen, verg\u00e4ngliche Ereignisse mit ewigen Zust\u00e4nden zu verwechseln und dazu neigten, s\u00fcchtig nach Dingen zu werden und von Dingen abh\u00e4ngig zu sein, die ihnen Sinnesfreuden bereiteten.<\/p>\n<p>DRITTENS, dass Menschen verbal kommunizierten Gedanken zu viel Gewicht beimessen und nicht genug Gewicht darauf, was in der menschlichen Erfahrung verifiziert werden k\u00f6nnte.<br \/>\nEs scheint, dass dieses Organ als eine Art virtuelles Restorgan im menschlichen K\u00f6rper verblieben ist.<\/p>\n<p>Pass auf:<br \/>\nDas Kundabuffer-Organ ist nur die negative Entwicklung des Feuers der Kundalini.<br \/>\nDie aufsteigende Schlange ist die Kundalini.<br \/>\nDas Kundabuffer-Organ ist die absteigende Schlange, die sich vom Stei\u00dfbein nach unten zu den atomaren H\u00f6llen des Menschen herabst\u00fcrzt.<\/p>\n<p>Wenn sich die Schlange durch den R\u00fcckenmarkskanal erhebt, ist es symbolisch die eherne Schlange, die die Israeliten in der W\u00fcste geheilt hat.<\/p>\n<p>Doch die fallende Schlange ist die verlockende Schlange von Eden, die schreckliche Schlange Python mit sieben K\u00f6pfen, die Apollo w\u00fctend mit seinen Pfeilen jagt.<\/p>\n<p>Die herabsteigende Schlange projizierte sich nach unten in Richtung der atomaren H\u00f6llen des Menschen und wurde biblisch zum Schwanz Satans.<br \/>\nHeute liegen die Folgen des Kundabuffers innerhalb der PHIve-Zylinder Intellekt, Emotionen, Bewegung, Instinkt und Sex der organischen menschlichen Maschine.<br \/>\nDas Herz wurde mit einem Punkt \u00fcbersehen, dieser klaut jeden Moment Energie und zwingt den Menschen ein kaltes Herz auf Dauer zu tragen.<\/p>\n<p>Wisse, dass der Mensch keine Maschine ist und daher die kosmische Energien einf\u00e4ngt und umwandelt, dann passt er diese Energien unbewusst an die inneren Schichten der Ebene an.<br \/>\nWir sind g\u00f6ttliche menschliche Wesen.<br \/>\nWas w\u00e4re diese Welt ohne die menschliche Wesen?<\/p>\n<p>Ich werde dir zeigen wie du diesen Punkt eliminierst und die Liebe aus deinem Herzen leben kannst.<\/p>\n<p>@AstroDoQu<\/p>\n<p>Pass auf:<br \/>\nPhotonen sind als Messenger-Partikel bekannt.<br \/>\nChristus ist als Gesandter des LICHTS bekannt.<\/p>\n<p>Im Bild ist eine mikroskopische Ansicht eines Photons.<br \/>\nVerbinde ALLe Punkte.<\/p>\n<p>Was ich damit sagen m\u00f6chte,<br \/>\nDU MENSCH,<br \/>\nDU BIST CHRISTUS und wei\u00dft es nicht!<\/p>\n<p>@AstroDoQu<\/p>\n","protected":false},"excerpt":{"rendered":"<p>SIE leben von Deiner Energie SIE sind die Seelenlosen Nicht-Menschen, die seit Jahrtausenden die Menschheit versklavt, indem SIE uns in einer k\u00fcnstlichen Illusion bzw. T\u00e4uschung als Gefangene halten Da drau\u00dfen hat nie was existiert und fast jeder MENSCH wei\u00df das. Die Quelllosen werden es jedoch niemals zugeben, weil sie Energie von denen ernten wollen, die [&hellip;]<\/p>\n","protected":false},"author":1,"featured_media":0,"parent":2729,"menu_order":0,"comment_status":"closed","ping_status":"closed","template":"members-style1-nosidebar.php","meta":{"footnotes":"","_links_to":"","_links_to_target":""},"class_list":["post-3959","page","type-page","status-publish","hentry"],"_links":{"self":[{"href":"https:\/\/reich-sein.eu\/club\/wp-json\/wp\/v2\/pages\/3959","targetHints":{"allow":["GET"]}}],"collection":[{"href":"https:\/\/reich-sein.eu\/club\/wp-json\/wp\/v2\/pages"}],"about":[{"href":"https:\/\/reich-sein.eu\/club\/wp-json\/wp\/v2\/types\/page"}],"author":[{"embeddable":true,"href":"https:\/\/reich-sein.eu\/club\/wp-json\/wp\/v2\/users\/1"}],"replies":[{"embeddable":true,"href":"https:\/\/reich-sein.eu\/club\/wp-json\/wp\/v2\/comments?post=3959"}],"version-history":[{"count":6,"href":"https:\/\/reich-sein.eu\/club\/wp-json\/wp\/v2\/pages\/3959\/revisions"}],"predecessor-version":[{"id":3970,"href":"https:\/\/reich-sein.eu\/club\/wp-json\/wp\/v2\/pages\/3959\/revisions\/3970"}],"up":[{"embeddable":true,"href":"https:\/\/reich-sein.eu\/club\/wp-json\/wp\/v2\/pages\/2729"}],"wp:attachment":[{"href":"https:\/\/reich-sein.eu\/club\/wp-json\/wp\/v2\/media?parent=3959"}],"curies":[{"name":"wp","href":"https:\/\/api.w.org\/{rel}","templated":true}]}}