{"id":3975,"date":"2022-10-13T20:06:25","date_gmt":"2022-10-13T18:06:25","guid":{"rendered":"http:\/\/reich-sein.eu\/club\/?page_id=3975"},"modified":"2022-11-24T15:57:39","modified_gmt":"2022-11-24T13:57:39","slug":"armuts-bewusstsein","status":"publish","type":"page","link":"https:\/\/reich-sein.eu\/club\/seins-dimensionen\/informieren\/armuts-bewusstsein\/","title":{"rendered":"Armuts-Bewu\u00dftsein"},"content":{"rendered":"<h2><span style=\"color: #0000ff;\"><strong>7 Arten von \u201eArmutsbewusstsein\u201c <\/strong><\/span><\/h2>\n<p><em><strong>1) Ein unbewusstes Gef\u00fchl der Wertlosigkeit:<\/strong>\u00a0<\/em><\/p>\n<p><em>Oft sagt das Bildungssystem den Menschen schon in jungen Jahren, dass sie nicht gut genug sind.\u00a0Beim Streben nach Verbesserung, selbst nachdem Sie Ihre Schn\u00fcrsenkel zugebunden haben, sagen Ihnen die Leute oft: \u201eSie k\u00f6nnten es besser machen\u201c.\u00a0Unterbewusst sagt dir das: \u201eDu bist nicht gut genug\u201c.\u00a0Wenn das, was du wirklich bist, im Kern deines Seins, Perfektion ist!\u00a0Arbeiten Sie also an vollst\u00e4ndiger Selbstakzeptanz, indem Sie das Bed\u00fcrfnis nach Verbesserung aufgeben.\u00a0Beachten Sie jedoch, dass Verbesserungen nat\u00fcrlich dadurch entstehen k\u00f6nnen, dass Sie nicht um den Erfolg k\u00e4mpfen.<\/em><\/p>\n<p><em><strong>2) Nicht auf den Fluss vertrauen:<\/strong>\u00a0<\/em><\/p>\n<p><em>Uns wird beigebracht, dass Dinge in der Gesellschaft passieren, weil \u201edu sie geschehen l\u00e4sst\u201c.\u00a0Es gibt ein gut eingebettetes System von Regeln und Logik \u2013 \u201eDinge werden nicht einfach aus dem Nichts magisch\u201c, obwohl tats\u00e4chlich, wenn Sie wirklich glauben, Situationen wirklich aus der Magie entstehen werden.\u00a0Dieser Mangel an Vertrauen wird auch ein Armutsbewusstsein schaffen.\u00a0Es ist also wichtig, dies aufzuschl\u00fcsseln, indem man den Zeichen und der Synchronizit\u00e4t folgt \u2013 indem man t\u00e4glich Risiken eingeht, dass die Dinge irgendwie klappen werden.<\/em><\/p>\n<p><em><strong>3) Die Sch\u00f6pfung folgt den Ressourcen:<\/strong><\/em><\/p>\n<p><em>Ihnen wird oft gesagt, dass Sie die richtige Menge an Ressourcen ben\u00f6tigen, um das zu erf\u00fcllen, wonach Sie sich wirklich sehnen.\u00a0Wenn Sie diese noch nicht haben, sollten Sie zun\u00e4chst einen Weg finden, diese zu sichern \u2013 zum Beispiel den \u201erichtigen Geldbetrag\u201c.\u00a0Wenn tats\u00e4chlich Ressourcen (einschlie\u00dflich Geld, wenn n\u00f6tig) Ihrem kreativen Impuls folgen.\u00a0Wenn Sie anfangen, mit dem zu erschaffen, was Sie gerade haben, dann beginnen die Ressourcen zu flie\u00dfen, um Sie auf die n\u00e4chste Ebene zu bringen.\u00a0Aber von Anfang an m\u00fcssen Sie in die Richtung Ihrer Leidenschaft gehen und darauf vertrauen, dass die richtigen Ressourcen dieser kreativen Absicht folgen.<\/em><\/p>\n<p><em><strong>4) Mangel an Konzentration und Engagement:<\/strong>\u00a0<\/em><\/p>\n<p><em>Die Gesellschaft ist voll von Ablenkung und versucht, Sie in Situationen und Umst\u00e4nde zu ziehen, die nicht dienen.\u00a0Es wird nicht durch die Reflexionen unterst\u00fctzt, die wir st\u00e4ndig von den Massen bekommen, die sich t\u00e4glich damit abfinden.\u00a0Zum Gl\u00fcck wachen immer mehr auf, aber es ist wichtig, dass Sie sich dar\u00fcber im Klaren sind, wohin Sie sich auf Seelenebene hinsehnen und sich darauf konzentrieren, anstatt auf die Neinsager und Zweifler zu h\u00f6ren.\u00a0Andernfalls schr\u00e4nkt die Ablenkung den Energieaufbau in Richtung deiner Seele ein, was wiederum zu einem Armutsbewusstsein f\u00fchren kann.\u00a0Konzentrieren Sie sich weiter und achten Sie auf das Wachstum und die Richtung Ihrer Seele.<\/em><\/p>\n<p><em><strong>5) \u201eUnpopul\u00e4re\u201c Schritte f\u00fchren zu Einsamkeit:<\/strong>\u00a0<\/em><\/p>\n<p><em>Oft besteht die Bef\u00fcrchtung, dass man, wenn man einen Schritt ins Unbekannte macht und alte Umst\u00e4nde und Beziehungen hinter sich l\u00e4sst, am Ende allein und ungeliebt ist, was wiederum eine Form von Armut ist Bewusstsein.\u00a0Indem Sie tats\u00e4chlich den Raum f\u00fcr ein neues Seinsgef\u00fchl schaffen, werden Sie \u201eV\u00f6gel einer Feder\u201c anziehen, die enger mit Ihrer neuen Schwingung mitschwingen.\u00a0Aber du musst dich zuerst im Alleinsein wohlf\u00fchlen \u2013 dem \u201eAlles-Eins-Sein\u201c.\u00a0Wisse, dass in deinem Innersten alles vollst\u00e4ndig und ganz ist.\u00a0Weichen Sie in diesen Ort ein.<\/em><\/p>\n<p><em><strong>6) Dass Sie unterst\u00fctzendes Feedback von Ihren Mitmenschen brauchen:<\/strong>\u00a0<\/em><\/p>\n<p><em>Wenn Sie wichtige Ver\u00e4nderungen in Ihrem Leben vornehmen und sich zum Ausdruck bringen, in eine bestimmte Richtung zu gehen, werden Sie zweifellos Kn\u00f6pfe in Ihren Mitmenschen dr\u00fccken.\u00a0Sie projizieren oft ihre eigenen Beschr\u00e4nkungen auf Sie, weil Ihr Handeln die Sicherheit ihres Egos bedroht.\u00a0Es ist also wichtig, genau zu \u00fcberlegen, welchen Rat man nehmen sollte.\u00a0Ist es eine, die Sie erm\u00e4chtigt, Ihre eigenen h\u00f6chsten Entscheidungen zu treffen?\u00a0Hilft es Ihnen, Angst und Begrenzungen zu \u00fcberwinden?\u00a0Suchen Sie nach R\u00fcckkopplungsschleifen, die die Souver\u00e4nit\u00e4t erh\u00f6hen und Ihr Bewusstsein mit M\u00f6glichkeiten erweitern.<\/em><\/p>\n<p><em><strong>7) Versagen bedeutet, dass Sie nicht gut genug sind:<\/strong>\u00a0<\/em><\/p>\n<p><em>Schon in jungen Jahren werden wir von der Gesellschaft darauf programmiert, in Dingen erfolgreich zu sein, und wenn Sie dies nicht tun, dann \u201eversagen\u201c Sie.\u00a0Dies allein kann ein Armutsbewusstsein und eine Angst davor aufbauen, \u00c4nderungen vorzunehmen oder etwas zu tun, nach dem man sich wirklich sehnt.\u00a0Tats\u00e4chlich lernen wir am meisten, wenn die Dinge NICHT funktionieren.\u00a0Das Leben lernt aus seinen Fehlern.\u00a0Der Schl\u00fcssel liegt darin, bereit zu sein, in einer bestimmten Situation zu \u201escheitern\u201c, aber dann klar zu sein, daraus zu lernen und zu wachsen.\u00a0In diesem Fall scheitern Sie \u00fcberhaupt nie.\u00a0Dies an sich baut Vertrauen und Glauben an sich selbst als Wesen auf und dass Sie in allen Situationen positiv gedeihen k\u00f6nnen.<\/em><\/p>\n<p><a href=\"https:\/\/www.openhandweb.org\/do-you-have-poverty-consciousness-heres-how-to-ditch-it\">https:\/\/www.openhandweb.org\/do-you-have-poverty-consciousness-heres-how-to-ditch-it<\/a><\/p>\n","protected":false},"excerpt":{"rendered":"<p>7 Arten von \u201eArmutsbewusstsein\u201c 1) Ein unbewusstes Gef\u00fchl der Wertlosigkeit:\u00a0 Oft sagt das Bildungssystem den Menschen schon in jungen Jahren, dass sie nicht gut genug sind.\u00a0Beim Streben nach Verbesserung, selbst nachdem Sie Ihre Schn\u00fcrsenkel zugebunden haben, sagen Ihnen die Leute oft: \u201eSie k\u00f6nnten es besser machen\u201c.\u00a0Unterbewusst sagt dir das: \u201eDu bist nicht gut genug\u201c.\u00a0Wenn das, [&hellip;]<\/p>\n","protected":false},"author":1,"featured_media":0,"parent":1672,"menu_order":0,"comment_status":"closed","ping_status":"closed","template":"members-style1-nosidebar.php","meta":{"footnotes":"","_links_to":"","_links_to_target":""},"class_list":["post-3975","page","type-page","status-publish","hentry"],"_links":{"self":[{"href":"https:\/\/reich-sein.eu\/club\/wp-json\/wp\/v2\/pages\/3975","targetHints":{"allow":["GET"]}}],"collection":[{"href":"https:\/\/reich-sein.eu\/club\/wp-json\/wp\/v2\/pages"}],"about":[{"href":"https:\/\/reich-sein.eu\/club\/wp-json\/wp\/v2\/types\/page"}],"author":[{"embeddable":true,"href":"https:\/\/reich-sein.eu\/club\/wp-json\/wp\/v2\/users\/1"}],"replies":[{"embeddable":true,"href":"https:\/\/reich-sein.eu\/club\/wp-json\/wp\/v2\/comments?post=3975"}],"version-history":[{"count":2,"href":"https:\/\/reich-sein.eu\/club\/wp-json\/wp\/v2\/pages\/3975\/revisions"}],"predecessor-version":[{"id":3977,"href":"https:\/\/reich-sein.eu\/club\/wp-json\/wp\/v2\/pages\/3975\/revisions\/3977"}],"up":[{"embeddable":true,"href":"https:\/\/reich-sein.eu\/club\/wp-json\/wp\/v2\/pages\/1672"}],"wp:attachment":[{"href":"https:\/\/reich-sein.eu\/club\/wp-json\/wp\/v2\/media?parent=3975"}],"curies":[{"name":"wp","href":"https:\/\/api.w.org\/{rel}","templated":true}]}}