{"id":4018,"date":"2022-10-16T18:35:03","date_gmt":"2022-10-16T16:35:03","guid":{"rendered":"http:\/\/reich-sein.eu\/club\/?page_id=4018"},"modified":"2022-11-23T16:19:20","modified_gmt":"2022-11-23T14:19:20","slug":"opfern","status":"publish","type":"page","link":"https:\/\/reich-sein.eu\/club\/opfern\/","title":{"rendered":"1. Opfern"},"content":{"rendered":"<h2><span style=\"color: #0000ff;\"><strong>1. Stufe: &#8222;Opfer-Bewusstsein&#8220;<\/strong><\/span><\/h2>\n<h3><span style=\"color: #0000ff;\"><strong>Dunkelheit in mir \/ unbewu\u00dftes Leben<\/strong><\/span><\/h3>\n<h3><span style=\"color: #0000ff;\"><strong>DAS LEBEN PASSIERT MIR (OPFERN):\u00a0 F\u00dcR MICH(<\/strong><\/span><span style=\"color: #0000ff;\"><strong>zu mir, in mir)<\/strong><\/span><\/h3>\n<p><span style=\"color: #0000ff;\"><strong>(\u201eOpfer-Bewusstsein\u201c:<\/strong>\u00a0Gefangener und Opfer,\u00a0<em><strong>bewertete<\/strong>\u00a0<\/em>Materie, Trennung von der Geistwelt)<\/span><\/p>\n<p><strong><span style=\"color: #0000ff;\">ICH OPFERE MICH<\/span><\/strong><\/p>\n<p>Glauben: <em><strong>ES geschieht mir (einfach so)<\/strong><\/em>. <em><strong>Das Leben ist ein Drama!<\/strong><\/em><\/p>\n<p>Du f\u00fchlst Dich machtlos und besiegt, weil die Ereignisse des Lebens Dir zusto\u00dfen und \u00e4u\u00dfere Faktoren Deine Freude, Deinen Erfolg, Deinen Wohlstand und Dein Schicksal bestimmen. Du nimmst das Leben als schmerzhaft und ungerecht wahr, voll von Menschen und Umst\u00e4nden, die Dich daran hindern, die Lebenserfahrung zu machen, die Du Dir w\u00fcnschst.<\/p>\n<p>In dieser Phase findet positives Wachstum statt, wenn Du die Schuld losl\u00e4\u00dft, was dazu f\u00fchrt, dass Du pers\u00f6nliche Verantwortung \u00fcbernimmst.<\/p>\n<h3><span style=\"color: #0000ff;\"><strong>Katalysator<\/strong>\u00a0f\u00fcr dieses Wachstum ist <\/span><\/h3>\n<p>entweder<\/p>\n<ul>\n<li>\n<h3><span style=\"color: #0000ff;\"><strong>Schmerz\u00a0<\/strong><\/span><em><strong>(Aus Schaden wird man klug.)<\/strong><\/em><\/h3>\n<\/li>\n<\/ul>\n<p>oder<\/p>\n<ul>\n<li>\n<h3><span style=\"color: #0000ff;\"><strong>Einsicht\u00a0<\/strong><\/span><strong><em>(Einsicht ist der erste Schritt zur Besserung.)<\/em><\/strong><\/h3>\n<\/li>\n<\/ul>\n<p>Man hat es satt, sich krank und m\u00fcde zu f\u00fchlen, aber anstatt weiter zu fragen \u201eWarum ich?\u201c, sucht man nach einem Fenster der M\u00f6glichkeiten, indem man aktiv in seinem eigenen Leben handelt.<br \/>\nDu bist bestimmt auch mit vielen Schmerzen, Beulen, Tiefschl\u00e4ge, Niederlagen usw. in Deinem Leben vertraut, und Du mu\u00dft Dir gestehen, da\u00df es eine chaotische Reise ist, die von Dir verlangt, denjenigen (anderen + Dir) zu\u00a0<strong>vergeben,\u00a0<\/strong>die Dir das angetan haben,\u00a0und die\u00a0<strong>Entschuldigungen zu akzeptieren<\/strong>, die Du nie erhalten hast, aber gerne erhalten h\u00e4ttest\u2026<\/p>\n<p>Und obwohl das nicht sch\u00f6n ist, mu\u00dft Du Dich daran\u00a0<strong>erinnern, da\u00df es das wert war\/ist\u00a0<\/strong><em>(ich etwas gelernt habe)<\/em><\/p>\n<ol>\n<li><strong>Fremdsteuerung <\/strong>(statt Selbst-Steuerung)<\/li>\n<li><strong>Macht-\u00dcbergabe an andere, auch Fremd-Besetzungen <\/strong>(statt Selbst-Erm\u00e4chtigung)<\/li>\n<li><strong>Abgabe der Verantwortung, a<\/strong><strong>ndere sind verantwortlich\u00a0<\/strong>(statt Selbst-Verantwortung \u00fcbernehmen, in eigene H\u00e4nde nehmen)<\/li>\n<li><strong>Einschr\u00e4nkung eigener F\u00e4higkeiten <\/strong>(statt Selbstbewu\u00dftsein und Selbstvertrauen)<\/li>\n<li><strong>Re-Agieren auf \u00e4u\u00dfere Welt\/Umst\u00e4nde\u00a0<\/strong>(statt Agieren, Generieren aus der Innenwelt)<\/li>\n<li><strong>Gegen-Wehr, Abwehr, Hass und Aggression\u00a0<\/strong>(statt Frieden, Zufriedenheit)<\/li>\n<li><strong>Schuld und Scham\u00a0<\/strong>(statt L\u00f6sen von Schuldgef\u00fchlen, &#8222;Ich habe verursacht&#8220;)<\/li>\n<\/ol>\n<p>Die erste Stufe der spirituellen Entwicklung nennt Beckwith die \u201eF\u00fcr mich\u201c-Stufe. Sie wird auch als\u00a0<strong>Opferstadium<\/strong>\u00a0bezeichnet, da es sich um eine fr\u00fche Stufe des Bewusstseins handelt, in der wir in erster Linie wahrnehmen, dass das Leben \u201euns\u201c widerf\u00e4hrt. Wie ein Kind, das neu auf der Welt ist, oder jemand, der noch nicht die volle Verantwortung f\u00fcr sein Leben \u00fcbernommen hat, erleben wir uns in der \u201eF\u00fcr mich\u201c-Phase als die Wirkung der Menschen und Umst\u00e4nde unseres Lebens.<\/p>\n<p>In jedem von uns gibt es Zeiten, in denen wir das Gef\u00fchl haben, dass wir Herausforderungen, Gelegenheiten, Beziehungen, Arbeitsaufgaben usw. ausgesetzt sind, und obwohl wir uns vielleicht andere Umst\u00e4nde w\u00fcnschen, f\u00fchlt es sich in diesem Moment wirklich so an, als ob \u201edas Leben uns zust\u00f6\u00dft\u201c.<\/p>\n<p>Wie bei jeder der vier Phasen m\u00fcssen wir, um von einer Phase zur n\u00e4chsten zu gelangen, nach Beckwith bereit sein, etwas\u00a0<strong>loszulassen<\/strong>, um einen neuen Aspekt unseres Wesens zu beanspruchen. Um von der \u201eF\u00fcr mich\u201c-Stufe unserer Entwicklung in die zweite Stufe \u00fcberzugehen, m\u00fcssen wir bereit sein, etwas loszulassen\u2026 die<strong>\u00a0Schuld<\/strong>. Nachdem wir reagiert, uns gewehrt und andere (oder das Leben selbst) f\u00fcr unsere Umst\u00e4nde verantwortlich gemacht haben, kommen wir schlie\u00dflich an einen Punkt, an dem wir bereit sind, mehr Eigenverantwortung zu \u00fcbernehmen und zu einer st\u00e4rkeren generativen Kraft in unserem Leben zu werden. Aus freien St\u00fccken oder aus der Notwendigkeit heraus machen wir eine Ver\u00e4nderung und beginnen zu erleben, dass wir die Angelegenheiten unseres Lebens in die eigenen H\u00e4nde nehmen.<\/p>\n<p>***********************<\/p>\n<p>Seit der Zeit des Erfolgsbuches \u201eThe Secret\u201c ist das Thema Realit\u00e4tsgestaltung pr\u00e4senter denn je, was auch gut ist und einen deutlichen Fortschritt im kollektiven Geist der Menschheit darstellt. Der Mensch erkennt nach und nach seine eigene Kraft wieder und begreift, dass er nicht Opfer, sondern Gestalter seiner Lebensumst\u00e4nde ist.<\/p>\n<p>Quantenphysikalisch ist bereits seit Jahren bewiesen, dass auf uns elektromagnetische Impulse einwirken, die dann wiederum von unseren Sinnen, in die uns sichtbare Realit\u00e4t \u00fcbersetzt werden. Wir filtern jedoch nur einen winzig kleinen Teil aller Informationen und bilden daraus unser Weltbild.<\/p>\n<p><strong>Der Filter ist unser Glaubenssatzsystem.<\/strong> Dies ist sehr wichtig zu verstehen. Wenn also unsere Glaubenss\u00e4tze letztlich f\u00fcr die korrekte Interpretationen von denen uns zur Verf\u00fcgung gestellten Informationen dienen, dann liegt es letztlich an diesen, wie wir unsere Welt wahrnehmen.<\/p>\n<p>Schlu\u00dffolgerung: Wechsle Deinen Glaube von<\/p>\n<p><span style=\"color: #ff0000;\"><strong><em>\u201eIch sehe, also glaube ich.\u201c<\/em> <\/strong><\/span>(Ich glaube nur, was ich sehe)\u00a0 zu<\/p>\n<p><span style=\"color: #0000ff;\"><em><strong>\u201eIch glaube, also sehe ich.\u201c<\/strong><\/em><\/span>\u00a0Dadurch entsteht Deine wahre Macht.<\/p>\n<p>&nbsp;<\/p>\n<p><em><strong>\u201eEs ist nicht der Tod, den ein Mensch f\u00fcrchten sollte, aber er sollte sich f\u00fcrchten, niemals zu leben.\u201c<\/strong><\/em><br \/>\n(Marcus Aurelius)<\/p>\n<p>Deine Seele und Dein H\u00f6heres Selbst erinnern sich an den Grund, warum Du Dich entschieden hast, schmerzhafte Situationen zu erleben und auszudr\u00fccken ~ nicht als Strafe, sondern zur L\u00f6sung, zur Befreiung.<\/p>\n<p>Es ist von entscheidender Bedeutung, dass Du danach strebst,<\/p>\n<p>Deine Selbstbestimmung und<\/p>\n<p>Deinen Wunsch nach Erf\u00fcllung zu st\u00e4rken.<\/p>\n<p>Du mu\u00dft Dich von einem Egoselbst-Dienst-Modus zu einem seelendienenden Zustand entwickeln.<\/p>\n<p>Du erreichst Mitgef\u00fchl auf dem <span style=\"color: #ff0000;\"><strong>harten Weg<\/strong><\/span><\/p>\n<ul>\n<li>durch <span style=\"color: #ff0000;\"><strong>Schmerz und Leiden<\/strong><\/span>\u00a0<em>(Ego-angetrieben)<\/em>\u00a0oder<\/li>\n<li>auf dem einfachen Weg durch den <strong><span style=\"color: #0000ff;\">Prozess der Wiedervereinigung mit eurem H\u00f6heren Selbst und Gottes-Strahl<\/span>\u00a0<\/strong><em>(seelisch inspiriert).<\/em><\/li>\n<\/ul>\n<p>Weiche Leid und Schmerz mit den negativen Gef\u00fchlen<strong><em> nicht<\/em> <\/strong>aus:<\/p>\n<ul>\n<li>Manchmal mu\u00dft Du Dich selbst gen\u00fcgend lieben, um Dich durch ein negatives Gef\u00fchl hindurchzuarbeiten, ehe Du Deine Schwingung erh\u00f6hen kannst.<\/li>\n<li>Manchmal mu\u00dft Du Dich ein wenig im Leid suhlen, bevor Du es \u00fcberwinden kannst.<\/li>\n<li>Manchmal mu\u00dft Du es an jemand anderem auslassen, auf ihn projizieren,\u00a0 um zu sehen, da\u00df das nicht funktioniert, ehe Du Deine innere Kraft zur\u00fcckgewinnen kannst.<\/li>\n<\/ul>\n<p>Es ist in Ordnung! Diese Dinge sind Teil der menschlichen Erfahrung und Du lernt aus diesen.<\/p>\n<p>Die h\u00f6heren Frequenzen von Licht, Denken und Klang schwingen durch euer Blut, eure Zellen, Organe, Knochen, Muskeln und Gewebe und bereichern euer Wohlbefinden. Die tieferen Frequenzen der dreidimensionalen Umgebung schr\u00e4nken den Fluss der lebensspendenden Energie ein und erh\u00f6hen die Dichte in euren vier Unterk\u00f6rpersystemen. Euer Blut tr\u00e4gt Erinnerungs-Saat-Atome, genetische Kodierungen eurer irdischen Linie, aber noch wichtiger, eure kosmische Linie und euer g\u00f6ttliches Erbe.<\/p>\n<p>Betrachte jede Pr\u00fcfung und Herausforderung als eine Gelegenheit, veraltete Gedanken und Schwingungsmuster loszulassen, die nicht mehr Deinem gr\u00f6\u00dferen Wohl dienen.<\/p>\n<p>Betrachte Deine Lebenserfahrungen durch die Filter Deines Heiligen Herzens und Geistes, w\u00e4hrend Du die Diamantstrahlpartikel des Lebens und Lichts hervorbringst und sie mit Deiner Liebe durchdringst, bevor Du sie in die Welt und zur Menschheit ausstrahlst.<\/p>\n<p>EEMichael:\u00a0<a href=\"http:\/\/torindiegalaxien.de\/eem16\/0119lm.html\">http:\/\/torindiegalaxien.de\/eem16\/0119lm.html<\/a><\/p>\n<p>Die chaotischen Wetterereignisse, die die Erde gegenw\u00e4rtig scheinbar ununterbrochen erlebt, sind Facetten des energetischen Reinigungsprozesses der Erde. Die Erde muss zuerst die angesammelte niedrig schwingende Energie bereinigen, um die h\u00f6heren Lichtfrequenzen zu integrieren und flie\u00dfen zu lassen, die notwendig sind, um eine neue und spirituellere Welt zu manifestieren. Denselben Prozess durchlaufen in dieser Zeit auch die Menschen.<\/p>\n<p>&nbsp;<\/p>\n<p><em>Bereinigung und Kl\u00e4rung sind der Prozess des Entfernens der Schichten der Falschheit aus dem eigenen Bewusstsein, die sich im Laufe der Zeit in den vielen in der drittdimensionalen Energie gelebten Lebenszeiten gebildet haben. Jeder Mensch hat verschiedene Arten von Schichten, manche dick, manche d\u00fcnn und manche fest an ihm haftend. Der Prozess des Entfernens dieser Schichten kann sehr schmerzhaft sein und ist es oft auch, weil sich die Menschen an ihre Sch\u00f6pfungen gew\u00f6hnt haben und mit ihnen zufrieden sind. Zu dieser Zeit findet ein intensiver Aufr\u00e4um- und Bereinigungsprozess statt. \u00a0<\/em><\/p>\n<blockquote class=\"wp-embedded-content\" data-secret=\"3vzWWRNWpc\"><p><a href=\"https:\/\/erstkontakt.wordpress.com\/2022\/09\/27\/sternenbotschaft-die-arkturianische-gruppe-durch-marily-raffaele-18-september-2022\/\">Sternenbotschaft: Die Arkturianische Gruppe (durch Marily Raffaele) \u2013 18.September&nbsp;2022<\/a><\/p><\/blockquote>\n<p><iframe loading=\"lazy\" class=\"wp-embedded-content\" sandbox=\"allow-scripts\" security=\"restricted\" style=\"position: absolute; visibility: hidden;\" title=\"&#8222;Sternenbotschaft: Die Arkturianische Gruppe (durch Marily Raffaele) \u2013 18.September&nbsp;2022&#8220; &#8212; erstkontakt blog \" src=\"https:\/\/erstkontakt.wordpress.com\/2022\/09\/27\/sternenbotschaft-die-arkturianische-gruppe-durch-marily-raffaele-18-september-2022\/embed\/#?secret=lOww1MteDF#?secret=3vzWWRNWpc\" data-secret=\"3vzWWRNWpc\" width=\"500\" height=\"282\" frameborder=\"0\" marginwidth=\"0\" marginheight=\"0\" scrolling=\"no\"><\/iframe><\/p>\n<p>&nbsp;<\/p>\n<p><em>Die Energien, die im kollektiven Bewusstsein der Welt verk\u00f6rpert sind, werden von den ihnen entsprechenden Energien angezogen, die jeweils im Bewusstsein des einzelnen Menschen enthalten sind. Ein Mensch, der \u00fcberm\u00e4\u00dfig besorgt und \u00e4ngstlich \u00fcber Gesundheit und Krankheit ist, wird automatisch Gedanken und \u00dcberzeugungen \u00fcber Gesundheit und Krankheit anziehen und sie oft selbst erschaffen. Ein Mensch, die st\u00e4ndig \u00fcber Geldfragen nachdenkt, sich Sorgen macht und ihnen Macht verleiht, wird ebenfalls Konzepte, \u00dcberzeugungen und Erfahrungen des Mangels und der Begrenzung und sogar des \u00dcberflusses anziehen (drittdimensionale Dualit\u00e4t). Das Gleiche gilt f\u00fcr alle \u00dcberzeugungen \u2013 Beziehungen, das Altern usw. usf.<\/em><\/p>\n<blockquote class=\"wp-embedded-content\" data-secret=\"i7DhnMoqXO\"><p><a href=\"https:\/\/erstkontakt.wordpress.com\/2022\/08\/27\/sternenbotschaft-die-arkturianische-gruppe-durch-marilyn-raffaele-21-august-2022\/\">Sternenbotschaft: Die Arkturianische Gruppe durch Marilyn Raffaele) &#8211; 21.August&nbsp;2022<\/a><\/p><\/blockquote>\n<p><iframe loading=\"lazy\" class=\"wp-embedded-content\" sandbox=\"allow-scripts\" security=\"restricted\" style=\"position: absolute; visibility: hidden;\" title=\"&#8222;Sternenbotschaft: Die Arkturianische Gruppe durch Marilyn Raffaele) &#8211; 21.August&nbsp;2022&#8220; &#8212; erstkontakt blog \" src=\"https:\/\/erstkontakt.wordpress.com\/2022\/08\/27\/sternenbotschaft-die-arkturianische-gruppe-durch-marilyn-raffaele-21-august-2022\/embed\/#?secret=NxjqHYVvNs#?secret=i7DhnMoqXO\" data-secret=\"i7DhnMoqXO\" width=\"500\" height=\"282\" frameborder=\"0\" marginwidth=\"0\" marginheight=\"0\" scrolling=\"no\"><\/iframe><\/p>\n<p>&nbsp;<\/p>\n","protected":false},"excerpt":{"rendered":"<p>1. Stufe: &#8222;Opfer-Bewusstsein&#8220; Dunkelheit in mir \/ unbewu\u00dftes Leben DAS LEBEN PASSIERT MIR (OPFERN):\u00a0 F\u00dcR MICH(zu mir, in mir) (\u201eOpfer-Bewusstsein\u201c:\u00a0Gefangener und Opfer,\u00a0bewertete\u00a0Materie, Trennung von der Geistwelt) ICH OPFERE MICH Glauben: ES geschieht mir (einfach so). Das Leben ist ein Drama! Du f\u00fchlst Dich machtlos und besiegt, weil die Ereignisse des Lebens Dir zusto\u00dfen und \u00e4u\u00dfere [&hellip;]<\/p>\n","protected":false},"author":1,"featured_media":0,"parent":0,"menu_order":4,"comment_status":"closed","ping_status":"closed","template":"members-style1-nosidebarUS.php","meta":{"footnotes":"","_links_to":"","_links_to_target":""},"class_list":["post-4018","page","type-page","status-publish","hentry"],"_links":{"self":[{"href":"https:\/\/reich-sein.eu\/club\/wp-json\/wp\/v2\/pages\/4018","targetHints":{"allow":["GET"]}}],"collection":[{"href":"https:\/\/reich-sein.eu\/club\/wp-json\/wp\/v2\/pages"}],"about":[{"href":"https:\/\/reich-sein.eu\/club\/wp-json\/wp\/v2\/types\/page"}],"author":[{"embeddable":true,"href":"https:\/\/reich-sein.eu\/club\/wp-json\/wp\/v2\/users\/1"}],"replies":[{"embeddable":true,"href":"https:\/\/reich-sein.eu\/club\/wp-json\/wp\/v2\/comments?post=4018"}],"version-history":[{"count":33,"href":"https:\/\/reich-sein.eu\/club\/wp-json\/wp\/v2\/pages\/4018\/revisions"}],"predecessor-version":[{"id":4789,"href":"https:\/\/reich-sein.eu\/club\/wp-json\/wp\/v2\/pages\/4018\/revisions\/4789"}],"wp:attachment":[{"href":"https:\/\/reich-sein.eu\/club\/wp-json\/wp\/v2\/media?parent=4018"}],"curies":[{"name":"wp","href":"https:\/\/api.w.org\/{rel}","templated":true}]}}