{"id":4021,"date":"2022-10-16T18:36:35","date_gmt":"2022-10-16T16:36:35","guid":{"rendered":"http:\/\/reich-sein.eu\/club\/?page_id=4021"},"modified":"2022-12-01T23:15:57","modified_gmt":"2022-12-01T21:15:57","slug":"manifestieren","status":"publish","type":"page","link":"https:\/\/reich-sein.eu\/club\/manifestieren\/","title":{"rendered":"2. Manifestieren"},"content":{"rendered":"<h2><span style=\"color: #0000ff;\"><strong>2. Stufe: &#8222;Manifestations-Bewusstsein&#8220;<\/strong><\/span><\/h2>\n<h3><span style=\"color: #0000ff;\"><strong>LEBEN PASSIERT DURCH MICH (MANIFESTIEREN)<\/strong><\/span><\/h3>\n<h3><span style=\"color: #0000ff;\"><strong>LICHT KOMMT <em>VON MIR<\/em><\/strong><\/span><\/h3>\n<p><span style=\"color: #0000ff;\"><strong>(\u201eManifestations-Bewusstsein\u201c =<\/strong>\u00a0Verwirklichung und Manifestation, meine\u00a0<em><strong>m\u00e4nnliche<\/strong><\/em>\u00a0Seite)<\/span><\/p>\n<p><span style=\"color: #0000ff;\"><strong>ICH MANIFESTIERE MICH<\/strong><\/span><\/p>\n<p><em>Wir erfinden unseren Auftrag in dieser Welt nicht, wir entdecken ihn, er liegt in uns und wartet darauf, verwirklicht zu werden.<\/em> (Viktor Frankl)<\/p>\n<p><strong><em>\u201eDein Wille geschehe\u00a0wie im Himmel so auf Erden\u201c<\/em><\/strong><\/p>\n<p><strong>Wessen Wille?<\/strong> Der Wille Deines <strong>h\u00f6heren Selbstes<\/strong> (Gott) oder der Wille von Deinem <strong>niederen Ego<\/strong>?<\/p>\n<p><em>Die <strong>Materialisierung<\/strong> bzw. <strong>die Trennung von der Einheit<\/strong> wird in den <\/em><strong>unteren<\/strong><em> Dimensionen durch K\u00f6rperlichkeit erfahren.<\/em><br \/>\n<em>Wir haben alle h\u00f6here Anteile, die mit uns verbunden sind. Wir sind nat\u00fcrlich alle eins. <\/em><br \/>\n<em>In wieweit die Materialisierung bzw. die K\u00f6rperlichkeit noch in Erscheinung tritt, ist relativ. <\/em><br \/>\n<em>Was uns bekannt ist aus alten Schriften und uns auch h\u00f6here Wesen vermitteln, ist, dass ab der<strong> sechsten<\/strong> Dimension das Kollektiv wirkt und es immer einheitlicher wird, um es einfach auszudr\u00fccken.\u00a0<\/em><\/p>\n<h3><span style=\"color: #0000ff;\"><strong>Manifestieren-Wollen aus Mangel\u00a0<\/strong><\/span><\/h3>\n<p>Manifestieren ist Erf\u00fcllung von W\u00fcnschen, Befriedigung von Bed\u00fcrfnissen, die immer mit meinem <span style=\"color: #0000ff;\"><strong>Mangel-Bewu\u00dftsein<\/strong><\/span> verbunden sind.<\/p>\n<p>Bewu\u00dftes Manifestieren ist jeweils die Durchsetzung <em><strong>meines<\/strong><\/em> Willens? (nicht SEINES Willens).<\/p>\n<p>Gott bzw. ein g\u00f6ttliches Wesen hat keine Bed\u00fcrfnisse, lebt in der<strong> F\u00fclle aller M\u00f6glichkeiten<\/strong>.<\/p>\n<p>Manifestieren bezieht sich meist auf <em><strong>materielle<\/strong><\/em><strong>\u00a0bzw. finanzielle<\/strong> Bed\u00fcrfnisse und entsprechende W\u00fcnsche: Ich will eine Auto, Haus, Urlaub, Partner.<\/p>\n<p><strong>\u00dcbung:<\/strong> <span style=\"color: #0000ff;\"><strong><em>Was willst Du eigentlich in Deinem Leben erreichen?<\/em><\/strong><\/span><\/p>\n<p>Wenn Du Dich lange genug und immer wieder selbst befragst: <em>Was will ich in meinem Leben eigentlich und wirklich erreichen?<\/em>, dann wirst Du bei solchen Begriffen ankommen, wie gesund, gl\u00fccklich und zufrieden!<\/p>\n<p><em>Solange eine Wahrheit nicht zu dem von einem Menschen erreichten Bewusstseinsstatus geworden ist, kann sie sich nicht vollst\u00e4ndig im \u00c4u\u00dferen manifestieren. Es ist kein spirituelles Versagen, verf\u00fcgbare Hilfe in Anspruch zu nehmen, wenn sie ben\u00f6tigt wird, denn Hilfe wird euch auf allen Ebenen des Bewusstseins angeboten. Denkt nur daran, dass diese Hilfe ein Sprungbrett und kein dauerhafter Aufenthaltsort ist. Seid wachsam gegen\u00fcber mentalen Fallen wie: \u201eIch habe nicht\u2026. Ich Armer. Ich versage immer. Nie klappt was bei mir. Es wird nicht funktionieren\u201c, und so weiter und so fort \u2013 Fallen, die einzig darin dienen, euch in dieser Energie zu halten. Denkt daran, Bewusstsein ist die Grundsubstanz der Form.<\/em><\/p>\n<blockquote class=\"wp-embedded-content\" data-secret=\"u51TaHLmJS\"><p><a href=\"https:\/\/erstkontakt.wordpress.com\/2022\/07\/26\/sternenbotschaft-die-arkturianische-gruppe-durch-marilyn-raffaele-17-juli-2022\/\">Sternenbotschaft: Die Arkturianische Gruppe (durch Marilyn Raffaele) \u2013 17.Juli&nbsp;2022<\/a><\/p><\/blockquote>\n<p><iframe loading=\"lazy\" class=\"wp-embedded-content\" sandbox=\"allow-scripts\" security=\"restricted\" style=\"position: absolute; visibility: hidden;\" title=\"&#8222;Sternenbotschaft: Die Arkturianische Gruppe (durch Marilyn Raffaele) \u2013 17.Juli&nbsp;2022&#8220; &#8212; erstkontakt blog \" src=\"https:\/\/erstkontakt.wordpress.com\/2022\/07\/26\/sternenbotschaft-die-arkturianische-gruppe-durch-marilyn-raffaele-17-juli-2022\/embed\/#?secret=cr6CLQRroY#?secret=u51TaHLmJS\" data-secret=\"u51TaHLmJS\" width=\"500\" height=\"282\" frameborder=\"0\" marginwidth=\"0\" marginheight=\"0\" scrolling=\"no\"><\/iframe><\/p>\n<p><a href=\"http:\/\/reich-sein.eu\/club\/wp-content\/uploads\/2022\/11\/Ego-Selbst.jpg\"><img loading=\"lazy\" decoding=\"async\" class=\"size-full wp-image-4812 alignnone\" src=\"http:\/\/reich-sein.eu\/club\/wp-content\/uploads\/2022\/11\/Ego-Selbst.jpg\" alt=\"\" width=\"312\" height=\"391\" srcset=\"https:\/\/reich-sein.eu\/club\/wp-content\/uploads\/2022\/11\/Ego-Selbst.jpg 312w, https:\/\/reich-sein.eu\/club\/wp-content\/uploads\/2022\/11\/Ego-Selbst-239x300.jpg 239w\" sizes=\"auto, (max-width: 312px) 100vw, 312px\" \/><\/a><\/p>\n<p><a href=\"http:\/\/reich-sein.eu\/club\/wp-content\/uploads\/2022\/10\/11401436_10206850461759396_4079371891705245478_n.jpg\"><img loading=\"lazy\" decoding=\"async\" class=\"wp-image-4087 size-full alignnone\" src=\"http:\/\/reich-sein.eu\/club\/wp-content\/uploads\/2022\/10\/11401436_10206850461759396_4079371891705245478_n.jpg\" alt=\"\" width=\"502\" height=\"682\" srcset=\"https:\/\/reich-sein.eu\/club\/wp-content\/uploads\/2022\/10\/11401436_10206850461759396_4079371891705245478_n.jpg 502w, https:\/\/reich-sein.eu\/club\/wp-content\/uploads\/2022\/10\/11401436_10206850461759396_4079371891705245478_n-221x300.jpg 221w\" sizes=\"auto, (max-width: 502px) 100vw, 502px\" \/><\/a><\/p>\n<p><a href=\"http:\/\/reich-sein.eu\/club\/wp-content\/uploads\/2022\/10\/Beduerfnispyramide-Maslow-Grafik-Selbstverwirklichung-650x434.jpg\"><img loading=\"lazy\" decoding=\"async\" class=\"size-full wp-image-4090 alignnone\" src=\"http:\/\/reich-sein.eu\/club\/wp-content\/uploads\/2022\/10\/Beduerfnispyramide-Maslow-Grafik-Selbstverwirklichung-650x434.jpg\" alt=\"\" width=\"650\" height=\"434\" srcset=\"https:\/\/reich-sein.eu\/club\/wp-content\/uploads\/2022\/10\/Beduerfnispyramide-Maslow-Grafik-Selbstverwirklichung-650x434.jpg 650w, https:\/\/reich-sein.eu\/club\/wp-content\/uploads\/2022\/10\/Beduerfnispyramide-Maslow-Grafik-Selbstverwirklichung-650x434-300x200.jpg 300w\" sizes=\"auto, (max-width: 650px) 100vw, 650px\" \/><\/a><\/p>\n<p>Wie kann ich mein EGO dort herauslassen und die <span style=\"color: #0000ff;\"><strong>goldenen Regeln<\/strong> <\/span>einhalten:<\/p>\n<p>Hexentum: <span style=\"color: #0000ff;\"><strong><em>Tu, was Du willst, aber schade niemanden!<\/em><\/strong><\/span><\/p>\n<p>Deutsches Sprichworts:\u00a0<span style=\"color: #0000ff;\"><strong><i>Was du nicht willst, das man dir tu\u2019, das f\u00fcg\u2019 auch keinem anderen zu<\/i>.<\/strong><\/span><\/p>\n<h3><span style=\"color: #0000ff;\"><strong>Manifestieren von\u00a0Reich-Sein (Sein)\u00a0<\/strong><\/span><\/h3>\n<p><strong><em>Es besteht keine Notwendigkeit, sich absichtlich zu manifestieren.<\/em><\/strong><br \/>\n<strong><em>Es gibt bereits einen vollkommenen Zustand in Deinem (g\u00f6ttlichen) Kern.<\/em><\/strong><br \/>\n<strong><em>Grabe tief durch die Schichten hinein und lasse alles von dort aus nat\u00fcrlich flie\u00dfen.<\/em><\/strong><br \/>\n<strong><em>Dann sieh zu, wie sich die Realit\u00e4t um Dich biegt.\u00a0<\/em><\/strong>(<a href=\"https:\/\/www.openhandweb.org\/intentional-manifestation\">Openhand bef\u00e4higt Menschen,<\/a><\/p>\n<ol>\n<li>sich mit seinem<span style=\"color: #0000ff;\"><strong>\u00a0G\u00d6TTLICHEN 5D-WESEN<\/strong> <strong>zu verbinden,<\/strong><\/span><\/li>\n<li>sich mit <strong><span style=\"color: #0000ff;\">dem nat\u00fcrlichen Fluss des Universums in Einklang zu bringen<\/span><\/strong> und<\/li>\n<li>sich <strong><span style=\"color: #0000ff;\">Gaias AUFSTIEGS-Verschiebung in h\u00f6here 5D-Dimensionen des Bewusstseins anzuschlie\u00dfen<\/span><\/strong>.)<\/li>\n<\/ol>\n<p><a href=\"https:\/\/www.openhandweb.org\/\">https:\/\/www.openhandweb.org<\/a><\/p>\n<p><em>\u201eW\u00fcnsche sollte man sich stets erf\u00fcllen: Denn, sehen Sie: damit sind sie erledigt! Und was erledigt ist, das plagt uns nicht mehr.\u201c<\/em>\u00a0(Hermann Hesse, \u201eJenseits der Mauer\u201c)<\/p>\n<p><span style=\"color: #0000ff;\"><b>Weltbild: Lebens-Weisheit \u00fcber den Reichtum des Lebens<\/b><\/span><\/p>\n<p>Deine Gedanken diktieren deine Emotionen.<br \/>\nDeine Emotionen diktieren deine Frequenz.<br \/>\nWenn du ALL deine Energie und Gedanken auf das konzentrierst, was du wirklich willst, dann wirst du deine Schwingung erh\u00f6hen und dich mit deinen W\u00fcnschen synchron ausrichten.<br \/>\n<strong><span style=\"color: #0000ff;\">ES IST ALLES AUSRICHTUNG.<\/span><\/strong><\/p>\n<p>Genauso beginnen Wunder zu geschehen.<br \/>\nOft verstehst du mich vielleicht nicht, aber du f\u00fchlst mich immer, so wie ich dich f\u00fchle\u2026.<\/p>\n<p><strong><span style=\"color: #0000ff;\"><em>&#8222;Die im h\u00f6chsten Sinn getroffene Wahl ist jene, die das h\u00f6chste Wohl f\u00fcr euch bewirkt.&#8220;<\/em><\/span><br \/>\n<\/strong><em>GmG 1, Seite 201<\/em><em>\u00a0<\/em><\/p>\n<p><em><span style=\"color: #0000ff;\"><strong>\u201eErst kommt euer Gedanke \u00fcber euch selbst, dann folgt die \u00e4u\u00dfere Welt der physischen<\/strong> Manifestation.\u201c<\/span><\/em> (GmG 3, Seite 325)<\/p>\n<p>Weisheit \u00fcber das Leben, \u00fcber Reichtum und Geld sowie Unternehmertum<\/p>\n<p><i><span style=\"color: #0000ff;\">\u201e<strong>Das Gesch\u00e4ftemachen und der Reichtum kann den Menschen nicht volle Zufriedenheit geben<\/strong>. Und jene, die in einem gewissen Lebensabschnitt ihre ganze Energie ins Geldmachen stecken, werden eines Tages merken, da\u00df dies nicht die Antwort auf ihr Leben ist.\u201c<\/span> (<\/i>Dalai Lama)<\/p>\n<p><strong><span style=\"color: #0000ff;\">Wesentlich ist ein Leben<\/span><\/strong> mit Gesundheit, Gl\u00fcck, Erf\u00fcllung, Zufriedenheit und Entwicklung.<\/p>\n<p><strong><span style=\"color: #0000ff;\">Moderner Luxus<\/span> <\/strong>und in diesem Sinne &#8222;Reich-Sein&#8220; ist:<\/p>\n<ul>\n<li><strong>Sein<\/strong>\u00a0(statt Haben).<\/li>\n<li><strong>\u00dcber sich selbst verf\u00fcgen.<\/strong><\/li>\n<li><strong>Zu wirken verm\u00f6gen.<\/strong><\/li>\n<li><strong>\u00dcber Zeit verf\u00fcgen.<\/strong><\/li>\n<\/ul>\n<h3><span style=\"color: #0000ff;\"><strong>Starborn-\u00dcbungen:\u00a0<em>Zukunft erschaffen<\/em><\/strong><\/span><\/h3>\n<p><strong>Zukunft erschaffen<\/strong><br \/>\n<strong>Suche Dir einen stillen Ort.<\/strong><br \/>\n<strong>Gehe in Dein Innerstes.<\/strong><br \/>\n<strong>Bewege diese Fragen in Dir.<\/strong><\/p>\n<ul>\n<li><strong>Welche Zukunft erschaffst Du Dir gerade?<\/strong><\/li>\n<li><strong>Welche Gegenwart hast Du Dir erschaffen?<\/strong><\/li>\n<li><strong>Was hast Du f\u00fcr das Gro\u00dfe Ganze getan?<\/strong><\/li>\n<li><strong>Was kannst Du f\u00fcr das Gro\u00dfe Ganze tun?<\/strong><\/li>\n<li><strong>Worin hast Du Deinen Seelenauftrag\/ Berufung erkannt?<\/strong><\/li>\n<\/ul>\n<p><strong>Schaue in Dein Leben,\u00a0<\/strong><strong>in Deinen Alltag und ziehe Bilanz.<\/strong><br \/>\n<strong>Wie soll Deine Zukunft und die Zukunft der Erde, der Menschheit\u00a0<\/strong><strong>aussehen?<\/strong><\/p>\n<p><strong>Schaue in Deine Empfindungen, Gef\u00fchle, Gedanken \u2013\u00a0<\/strong><strong>in Deine Hoffnungen, Erwartungen und \u00c4ngste.<\/strong><br \/>\n<strong>Was erkennst Du in Dir?<\/strong><br \/>\n<strong>Ziehe Bilanz.<\/strong><\/p>\n<p><strong>Welche inneren Bilder und Visionen m\u00f6chtest Du bewusst von\u00a0<\/strong><strong>Deiner Zukunft und von der Zukunft des Planeten Erde\u00a0<\/strong><strong>entwickeln?<\/strong><\/p>\n<p><strong>Fokussiere Dich darauf,\u00a0<\/strong><strong>lege es in Dein HerzChakra,\u00a0<\/strong><strong>aktiviere Deine innere Flamme.<\/strong><\/p>\n<p><strong>Setze Priorit\u00e4ten,\u00a0<\/strong><strong>konzentriere Dich auf das,\u00a0<\/strong><strong>was Du erschaffen m\u00f6chtest\u00a0<\/strong><strong>und handle danach!<\/strong><\/p>\n","protected":false},"excerpt":{"rendered":"<p>2. Stufe: &#8222;Manifestations-Bewusstsein&#8220; LEBEN PASSIERT DURCH MICH (MANIFESTIEREN) LICHT KOMMT VON MIR (\u201eManifestations-Bewusstsein\u201c =\u00a0Verwirklichung und Manifestation, meine\u00a0m\u00e4nnliche\u00a0Seite) ICH MANIFESTIERE MICH Wir erfinden unseren Auftrag in dieser Welt nicht, wir entdecken ihn, er liegt in uns und wartet darauf, verwirklicht zu werden. (Viktor Frankl) \u201eDein Wille geschehe\u00a0wie im Himmel so auf Erden\u201c Wessen Wille? Der Wille [&hellip;]<\/p>\n","protected":false},"author":1,"featured_media":0,"parent":0,"menu_order":5,"comment_status":"closed","ping_status":"closed","template":"members-style1-nosidebarUS.php","meta":{"footnotes":"","_links_to":"","_links_to_target":""},"class_list":["post-4021","page","type-page","status-publish","hentry"],"_links":{"self":[{"href":"https:\/\/reich-sein.eu\/club\/wp-json\/wp\/v2\/pages\/4021","targetHints":{"allow":["GET"]}}],"collection":[{"href":"https:\/\/reich-sein.eu\/club\/wp-json\/wp\/v2\/pages"}],"about":[{"href":"https:\/\/reich-sein.eu\/club\/wp-json\/wp\/v2\/types\/page"}],"author":[{"embeddable":true,"href":"https:\/\/reich-sein.eu\/club\/wp-json\/wp\/v2\/users\/1"}],"replies":[{"embeddable":true,"href":"https:\/\/reich-sein.eu\/club\/wp-json\/wp\/v2\/comments?post=4021"}],"version-history":[{"count":30,"href":"https:\/\/reich-sein.eu\/club\/wp-json\/wp\/v2\/pages\/4021\/revisions"}],"predecessor-version":[{"id":5293,"href":"https:\/\/reich-sein.eu\/club\/wp-json\/wp\/v2\/pages\/4021\/revisions\/5293"}],"wp:attachment":[{"href":"https:\/\/reich-sein.eu\/club\/wp-json\/wp\/v2\/media?parent=4021"}],"curies":[{"name":"wp","href":"https:\/\/api.w.org\/{rel}","templated":true}]}}