{"id":4023,"date":"2022-10-16T18:37:40","date_gmt":"2022-10-16T16:37:40","guid":{"rendered":"http:\/\/reich-sein.eu\/club\/?page_id=4023"},"modified":"2022-11-23T22:49:57","modified_gmt":"2022-11-23T20:49:57","slug":"lieben","status":"publish","type":"page","link":"https:\/\/reich-sein.eu\/club\/lieben\/","title":{"rendered":"3. LIEBE geben"},"content":{"rendered":"<h2><span style=\"color: #0000ff;\"><strong>3. Stufe:\u00a0 &#8222;Kanalisierung des Bewusstseins&#8220;<\/strong><\/span><\/h2>\n<h2><span style=\"color: #0000ff;\"><strong>LIEBE (durch mich) ICH BIN LIEBE<\/strong><\/span><\/h2>\n<p><span style=\"color: #0000ff;\"><strong>LEBEN ALS FLUSS durch mich.<\/strong><\/span><\/p>\n<p><span style=\"color: #0000ff;\"><strong>Das Leben ist ein Flu\u00df durch mich (LIEBE)<\/strong><\/span><\/p>\n<p><span style=\"color: #0000ff;\"><strong>ICH LIEBE ES:<\/strong><\/span><\/p>\n<p><em>Euch selbst verstehen und diesen Teil von euch, den ihr von der Sch\u00f6pferquelle bekommen habt, zu lieben. Es ist nicht der Ego-Teil, sondern der Liebes-Teil. Und diesen Boden anzulegen ist der Ort f\u00fcr alle weiteren Samen.<\/em><\/p>\n<p>Wir sind erschaffen nach Gottes Bilde. Das ist Liebe!<\/p>\n<p><em>&#8222;Diese ganze herrliche Sch\u00f6pfung\u00a0einschlie\u00dflich deiner selbst\u00a0wurde nicht einzig f\u00fcr dich erschaffen. Dies ist kein egozentrisches Universum. Die G\u00f6tter haben die Losung ausgegeben: \u201eEs liegt gr\u00f6\u00dferer Segen im Geben als im Empfangen.\u201c Und euer Meistersohn sagte: \u201eWer von euch der Gr\u00f6\u00dfte sein m\u00f6chte, m\u00f6ge zum Diener aller werden.\u201c<\/em> (Urantiabuch &#8211;<a href=\"https:\/\/r20.rs6.net\/tn.jsp?f=001fBv2CNLb6SNGSBqlxVQH2nHzdI8kuDIpwUy69alX4RRcqEtWYAwrw2X3HB0_2turuFDwfBOpMn7cPO4N5hCFMg1cs1FOtB5inqz3ypk9qkDx1YPp8l3ZxzVkT4M6J95wditk-oUhaXFDFsl-hpCzz3hP2tGc02wcLo1kde1m2SuU4_lx_I6hzD0VrX9WfdlUzol7onxAecCjv2sVcsecltQ7Gwu_D_lnCrU61Gnrt3nN1S375ovUsy3Lha-TH4w9QST4GbJklmYbPgvTXAMBQjkxI9gX1yEoHDknT65CHr76Pk5MouAgebkl8L546n3fcLiGO_diBbQ=&amp;c=-LDwjsPwLcNrHhxCxXWVRSv4GskP9_eAYIzgAQit9UE4mjzlWY-vcQ==&amp;ch=Ij-goddLWfV3Sm7lFx_nDQPiWmRs1x7m3P_K2wZHfjPMvTmrXNBzEg==\">28:6.18 (316.5)<\/a><\/p>\n<p>[aus Fabijenna &#8211; eine deutsche Liebe]<\/p>\n<p>Ehre ohne Liebe macht hochm\u00fctig.<br \/>\nPflichtbewusstsein ohne Liebe macht verdrie\u00dflich.<br \/>\nBesitz ohne Liebe macht geizig.<br \/>\nGlaube ohne Liebe macht fanatisch.<br \/>\nKlugheit ohne Liebe macht betr\u00fcgerisch.<br \/>\nWahrhaftigkeit ohne Liebe macht kritiks\u00fcchtig.<br \/>\nOrdnung ohne Liebe macht kleinlich.<br \/>\nGerechtigkeit ohne Liebe macht hart.<br \/>\nSachkenntnis ohne Liebe macht rechthaberisch.<br \/>\nFreundlichkeit ohne Liebe macht heuchlerisch.<br \/>\nVerantwortung ohne Liebe macht r\u00fccksichtslos.<br \/>\nMacht ohne Liebe macht grausam!<br \/>\nOhne Liebe macht das Leben keinen Sinn!<\/p>\n<p>Aus den Liebes-Bewu\u00dftsein heraus leben!<\/p>\n<p>Sich der LIEBE gewahr sein (Drei Aspekte).<\/p>\n<ol>\n<li><span style=\"color: #0000ff;\"><strong>Gottes-Liebe (mein h\u00f6heres Selbst, geistige Hierarchie)<\/strong><\/span><\/li>\n<li><span style=\"color: #0000ff;\"><strong>Selbst-Liebe\u00a0<\/strong><\/span><\/li>\n<li><span style=\"color: #0000ff;\"><strong>N\u00e4chsten-Liebe:\u00a0<\/strong><\/span><\/li>\n<\/ol>\n<p><em><strong><span style=\"color: #0000ff;\">\u201eLiebe deinen N\u00e4chsten wie dich selbst\u201c<\/span>\u00a0<\/strong><\/em>(Jesus in\u00a0\u00a0<a href=\"https:\/\/www.keine-tricks-nur-jesus.de\/2013-09\/liebe-deinen-nchsten-wie-dich-selbst-markus-1231.html\" target=\"_self\" rel=\"noopener\">Markus 12:31)<\/a><\/p>\n<p>Liebe deinen\u00a0<b>N\u00e4chsten<\/b>\u00a0NICHT wie\u00a0<b>dich<\/b>\u00a0selbst! Liebe\u00a0<b>dich<\/b>\u00a0wie deinen\u00a0<b>N\u00e4chsten<\/b>!?<\/p>\n<p><em><a href=\"https:\/\/www.sein.de\/brandenburg\/liebe-deine-naechsten-wie-dich-selbst\/\"><strong>Liebend zu sein,<\/strong> <\/a>ist ein <strong>Bewusstseinsprozess<\/strong> vom Verstand ins Herz. <\/em><\/p>\n<p><em>In diesem Prozess geht es darum,\u00a0<strong>sich der Liebe <span style=\"color: #0000ff;\">gewahr<\/span> zu werden<\/strong>. <\/em><\/p>\n<p><em><strong>Aus diesem Liebesbewusstsein<\/strong> heraus \u00f6ffnet sich ein Horizont des Mitgef\u00fchls, der Dankbarkeit und der liebevollen Selbstumarmung.<\/em><\/p>\n<p>Jetzt wird der Kontakt und die Kommunikation <strong>mit Gott<\/strong>, <strong>mit sich selbst<\/strong> und <strong>mit Anderen<\/strong>\u00a0(den N\u00e4chsten) auf Augenh\u00f6he (gleich: gleichberechtigt, gleichwertig, gleichf\u00e4hig) m\u00f6glich.<\/p>\n<p>Zusammenleben, Zusammenarbeit wie Therapieren oder Coachen basiert\u00a0auf der Anerkennung des universellen <strong>Spiegel-Prinzips.<\/strong><\/p>\n<p><span style=\"color: #0000ff;\"><strong>Sei Dir immer bewusst, da\u00df die LIEBE Wunder wirkt, weil sie <\/strong><\/span><\/p>\n<ul>\n<li><span style=\"color: #0000ff;\"><strong>nicht eingreift, <\/strong><\/span><\/li>\n<li><span style=\"color: #0000ff;\"><strong>nicht dr\u00e4ngt, <\/strong><\/span><\/li>\n<li><span style=\"color: #0000ff;\"><strong>nicht ver\u00e4ndern will, <\/strong><\/span><\/li>\n<li><span style=\"color: #0000ff;\"><strong>nicht einmal heilen will; <\/strong><\/span><\/li>\n<\/ul>\n<p><span style=\"color: #0000ff;\"><strong>sie l\u00e4sst zu und l\u00e4sst\u00a0<em>sein<\/em>.<\/strong><\/span><\/p>\n<blockquote class=\"wp-embedded-content\" data-secret=\"lfTMJlcnSP\"><p><a href=\"https:\/\/erstkontakt.wordpress.com\/2022\/09\/06\/botschaft-von-maria-magdalena-die-kraft-eures-bauches-durch-pamela-kribbe-03-september-2022\/\">Botschaft von Maria Magdalena: &#8222;Die Kraft eures Bauches&#8220; (durch Pamela Kribbe) &#8211; 03.September&nbsp;2022<\/a><\/p><\/blockquote>\n<p><iframe loading=\"lazy\" class=\"wp-embedded-content\" sandbox=\"allow-scripts\" security=\"restricted\" style=\"position: absolute; visibility: hidden;\" title=\"&#8222;Botschaft von Maria Magdalena: &#8222;Die Kraft eures Bauches&#8220; (durch Pamela Kribbe) &#8211; 03.September&nbsp;2022&#8220; &#8212; erstkontakt blog \" src=\"https:\/\/erstkontakt.wordpress.com\/2022\/09\/06\/botschaft-von-maria-magdalena-die-kraft-eures-bauches-durch-pamela-kribbe-03-september-2022\/embed\/#?secret=C3NH62ucad#?secret=lfTMJlcnSP\" data-secret=\"lfTMJlcnSP\" width=\"500\" height=\"282\" frameborder=\"0\" marginwidth=\"0\" marginheight=\"0\" scrolling=\"no\"><\/iframe><\/p>\n","protected":false},"excerpt":{"rendered":"<p>3. Stufe:\u00a0 &#8222;Kanalisierung des Bewusstseins&#8220; LIEBE (durch mich) ICH BIN LIEBE LEBEN ALS FLUSS durch mich. Das Leben ist ein Flu\u00df durch mich (LIEBE) ICH LIEBE ES: Euch selbst verstehen und diesen Teil von euch, den ihr von der Sch\u00f6pferquelle bekommen habt, zu lieben. Es ist nicht der Ego-Teil, sondern der Liebes-Teil. Und diesen Boden [&hellip;]<\/p>\n","protected":false},"author":1,"featured_media":0,"parent":0,"menu_order":0,"comment_status":"closed","ping_status":"closed","template":"members-style1-nosidebar.php","meta":{"footnotes":"","_links_to":"","_links_to_target":""},"class_list":["post-4023","page","type-page","status-publish","hentry"],"_links":{"self":[{"href":"https:\/\/reich-sein.eu\/club\/wp-json\/wp\/v2\/pages\/4023","targetHints":{"allow":["GET"]}}],"collection":[{"href":"https:\/\/reich-sein.eu\/club\/wp-json\/wp\/v2\/pages"}],"about":[{"href":"https:\/\/reich-sein.eu\/club\/wp-json\/wp\/v2\/types\/page"}],"author":[{"embeddable":true,"href":"https:\/\/reich-sein.eu\/club\/wp-json\/wp\/v2\/users\/1"}],"replies":[{"embeddable":true,"href":"https:\/\/reich-sein.eu\/club\/wp-json\/wp\/v2\/comments?post=4023"}],"version-history":[{"count":19,"href":"https:\/\/reich-sein.eu\/club\/wp-json\/wp\/v2\/pages\/4023\/revisions"}],"predecessor-version":[{"id":5023,"href":"https:\/\/reich-sein.eu\/club\/wp-json\/wp\/v2\/pages\/4023\/revisions\/5023"}],"wp:attachment":[{"href":"https:\/\/reich-sein.eu\/club\/wp-json\/wp\/v2\/media?parent=4023"}],"curies":[{"name":"wp","href":"https:\/\/api.w.org\/{rel}","templated":true}]}}