{"id":4174,"date":"2022-10-20T14:36:11","date_gmt":"2022-10-20T12:36:11","guid":{"rendered":"http:\/\/reich-sein.eu\/club\/?page_id=4174"},"modified":"2022-11-24T16:06:40","modified_gmt":"2022-11-24T14:06:40","slug":"zeichen","status":"publish","type":"page","link":"https:\/\/reich-sein.eu\/club\/mittel\/zeichen\/","title":{"rendered":"Zeichen"},"content":{"rendered":"<h3><span style=\"color: #0000ff;\"><strong>SYNCHRONIZIT\u00c4T \u2013 DIE SPRACHE DES UNIVERSUMS<\/strong><\/span><\/h3>\n<p>Alles was du denkst oder tust hinterl\u00e4sst eine kleine Spur, eine leichte Kr\u00e4uselung im Akashafeld des Universums. Du telegraphierst unbewusst deine Gedanken und Gef\u00fchle in dein Umfeld. Alles ist mit Allem verbunden durch uns unbekannte Kraftfelder. Alles, Vergangenheit, Gegenwart und Zukunft ist miteinander verlinkt. Es gibt kein Getrenntsein zwischen dir und irgendjemandem oder irgendetwas. Jede einzelne deiner Regungen, so klein sie auch sein mag, wird irgendwann von uns allen gesp\u00fcrt werden. <a href=\"https:\/\/transinformation.net\/synchronizitaet-die-sprache-des-universums\/\">Wir sind letztlich alle miteinander \u201esynchronisiert\u201c.<\/a><\/p>\n<p>&nbsp;<\/p>\n","protected":false},"excerpt":{"rendered":"<p>SYNCHRONIZIT\u00c4T \u2013 DIE SPRACHE DES UNIVERSUMS Alles was du denkst oder tust hinterl\u00e4sst eine kleine Spur, eine leichte Kr\u00e4uselung im Akashafeld des Universums. Du telegraphierst unbewusst deine Gedanken und Gef\u00fchle in dein Umfeld. Alles ist mit Allem verbunden durch uns unbekannte Kraftfelder. Alles, Vergangenheit, Gegenwart und Zukunft ist miteinander verlinkt. Es gibt kein Getrenntsein zwischen [&hellip;]<\/p>\n","protected":false},"author":1,"featured_media":0,"parent":5069,"menu_order":0,"comment_status":"closed","ping_status":"closed","template":"members-style1-nosidebar.php","meta":{"footnotes":"","_links_to":"","_links_to_target":""},"class_list":["post-4174","page","type-page","status-publish","hentry"],"_links":{"self":[{"href":"https:\/\/reich-sein.eu\/club\/wp-json\/wp\/v2\/pages\/4174","targetHints":{"allow":["GET"]}}],"collection":[{"href":"https:\/\/reich-sein.eu\/club\/wp-json\/wp\/v2\/pages"}],"about":[{"href":"https:\/\/reich-sein.eu\/club\/wp-json\/wp\/v2\/types\/page"}],"author":[{"embeddable":true,"href":"https:\/\/reich-sein.eu\/club\/wp-json\/wp\/v2\/users\/1"}],"replies":[{"embeddable":true,"href":"https:\/\/reich-sein.eu\/club\/wp-json\/wp\/v2\/comments?post=4174"}],"version-history":[{"count":1,"href":"https:\/\/reich-sein.eu\/club\/wp-json\/wp\/v2\/pages\/4174\/revisions"}],"predecessor-version":[{"id":4175,"href":"https:\/\/reich-sein.eu\/club\/wp-json\/wp\/v2\/pages\/4174\/revisions\/4175"}],"up":[{"embeddable":true,"href":"https:\/\/reich-sein.eu\/club\/wp-json\/wp\/v2\/pages\/5069"}],"wp:attachment":[{"href":"https:\/\/reich-sein.eu\/club\/wp-json\/wp\/v2\/media?parent=4174"}],"curies":[{"name":"wp","href":"https:\/\/api.w.org\/{rel}","templated":true}]}}