{"id":4207,"date":"2022-10-21T13:59:57","date_gmt":"2022-10-21T11:59:57","guid":{"rendered":"http:\/\/reich-sein.eu\/club\/?page_id=4207"},"modified":"2022-11-24T15:20:41","modified_gmt":"2022-11-24T13:20:41","slug":"sri-yantra-sri-chakra","status":"publish","type":"page","link":"https:\/\/reich-sein.eu\/club\/mittel\/meditieren\/sri-yantra-sri-chakra\/","title":{"rendered":"Sri Yantra (Sri Chakra)"},"content":{"rendered":"<h2><span style=\"color: #0000ff;\"><strong>Sri Yantra: Die K\u00f6nigin der Yantras und ihre Bedeutung<\/strong><\/span><\/h2>\n<p><strong>20.12.2021,\u00a0 Autor:\u00a0<a href=\"https:\/\/mystischerrabe.de\/author\/naira\/\">Naira<\/a><\/strong><\/p>\n<p>&nbsp;<\/p>\n<p><a href=\"http:\/\/reich-sein.eu\/club\/wp-content\/uploads\/2022\/10\/Sri-Yantra_-visuelles-Symbol-eines-urspr\u00fcnglichen-Klangs-OM.png\"><img loading=\"lazy\" decoding=\"async\" class=\"size-full wp-image-4215 alignnone\" src=\"http:\/\/reich-sein.eu\/club\/wp-content\/uploads\/2022\/10\/Sri-Yantra_-visuelles-Symbol-eines-urspr\u00fcnglichen-Klangs-OM.png\" alt=\"\" width=\"500\" height=\"501\" srcset=\"https:\/\/reich-sein.eu\/club\/wp-content\/uploads\/2022\/10\/Sri-Yantra_-visuelles-Symbol-eines-urspr\u00fcnglichen-Klangs-OM.png 500w, https:\/\/reich-sein.eu\/club\/wp-content\/uploads\/2022\/10\/Sri-Yantra_-visuelles-Symbol-eines-urspr\u00fcnglichen-Klangs-OM-150x150.png 150w, https:\/\/reich-sein.eu\/club\/wp-content\/uploads\/2022\/10\/Sri-Yantra_-visuelles-Symbol-eines-urspr\u00fcnglichen-Klangs-OM-300x300.png 300w\" sizes=\"auto, (max-width: 500px) 100vw, 500px\" \/><\/a><\/p>\n<p>&nbsp;<\/p>\n<h3><a href=\"http:\/\/reich-sein.eu\/club\/wp-content\/uploads\/2022\/10\/Sri-Yantra-Die-K\u00f6nigin-der-Yantras-und-ihre-Bedeutung.pdf\"><span style=\"color: #0000ff;\"><strong>HIER PDF-Datei herunterladen\u00a0<\/strong><\/span><\/a><\/h3>\n<p>Das <strong>Sri Yantra<\/strong>, auch bekannt als <strong>Sri Chakra,<\/strong> ist ein mystisches Diagramm, das in der Sri Vidya Schule des Hinduismus verwendet wird.<\/p>\n<p>Unter Hunderten von Yantras, die sich auf <strong>Prinzipien, Gottheiten und Planeten<\/strong> beziehen, gilt das Sri Yantra als eines der verhei\u00dfungsvollsten und m\u00e4chtigsten von allen.<\/p>\n<p>Es wird die <strong>\u201eK\u00f6nigin der Yantras\u201c<\/strong> genannt, weil alle anderen Yantras von ihm abgeleitet wurden. Es wird auch h\u00e4ufig in hinduistischen Zeremonien und Meditationspraktiken verwendet.<\/p>\n<p>Das Sri Yantra wird im Hinduismus als<strong> heiliges Objekt<\/strong> betrachtet, das normalerweise auf Papier, Stoff oder Holz gezeichnet wird.<\/p>\n<p>Es kann auch in Metalle oder andere Materialien eingraviert sein und wird sogar in 3D-Form in Metall, Schlamm oder Sand gestaltet.<\/p>\n<p><strong>Was ist ein Sri Yantra?<\/strong><\/p>\n<p>Das Sri Yantra, auch bekannt als das Yantra von Tripura Sundari oder Shri Yantra, ist das m\u00e4chtigste Yantra, weil es ein Symbol unseres gesamten Kosmos ist.<\/p>\n<p>Das Shri Yantra stellt die g\u00f6ttliche Vereinigung der Polarit\u00e4ten zwischen dem m\u00e4nnlichen und dem weiblichen Prinzip dar und erhellt die Natur der tantrischen Praxis.<\/p>\n<p>Die Geometrie des Shri Yantra scheint einfach zu zeichnen zu sein, aber sie ist in Wirklichkeit sehr fortgeschritten, weil es nicht einfach ist, alle Dreiecke in einer wohlproportionierten Weise zusammenzubringen.<\/p>\n<p>Ein \u201eYantra\u201c ist ein mystisches Diagramm, das zur Kontemplation und zur Betrachtung der breiteren metaphysischen Aspekte des Universums und all der verschiedenen Teile, die das Ganze ausmachen, verwendet wird.<\/p>\n<p>Insbesondere dieses Design gilt als eines der m\u00e4chtigsten Yantras und wird verwendet, um Reichtum in die spirituelle und physische Welt zu bringen.<\/p>\n<p>Reichtum bedeutet in diesem Sinne nicht unbedingt Geld, sondern allgemeines Wohlbefinden und Freiheit von negativen Einfl\u00fcssen.<\/p>\n<p>Tats\u00e4chlich bedeutet \u201eSri\u201c Reichtum, und \u201eYantra\u201c wird frei mit \u201eInstrument\u201c \u00fcbersetzt, so dass es in diesem Beispiel der heiligen Geometrie darum geht, Reichtum durch dieses besondere Instrument zu bringen.<\/p>\n<p>Wenn wir einen Blick auf dieses Symbol werfen, ist leicht zu erkennen, warum es schon so lange als heiliges geometrisches Symbol verehrt wird.<\/p>\n<p>Als erstes fallen die neun ineinander greifenden Dreiecke auf, die M\u00e4nnlichkeit (f\u00fcnf Dreiecke zeigen nach unten) und Weiblichkeit (vier Dreiecke zeigen nach oben) symbolisieren.<\/p>\n<p>Sie stehen auch f\u00fcr das Konzept des Gleichgewichts im Universum, das auch mit den chinesischen philosophischen Konzepten von Yin und Yang in Verbindung gebracht werden k\u00f6nnte.<\/p>\n<p>Der runde Punkt in der Mitte des Musters ist das \u201eBindu\u201c, das den Ursprung der Sch\u00f6pfung und die Beziehung zwischen dem Hindu-Gott Shiva und Shakti darstellen soll.<\/p>\n<p><strong>Symbolik des Sri Yantra<\/strong><\/p>\n<p>Das Sri Yantra-Symbol besteht aus neun ineinander greifenden Dreiecken, weshalb es auch als Navayoni Chakra bekannt ist.<\/p>\n<p>Die Dreiecke umgeben einen zentralen Punkt, der \u201abindu\u2018 genannt wird, und stehen f\u00fcr die Gesamtheit des Kosmos und des menschlichen K\u00f6rpers.<\/p>\n<p>Wenn es in drei Dimensionen dargestellt wird, nennt man es Mahameru, woher der Berg Meru seinen Namen hat.<\/p>\n<p>Das Yantra ist eines der Kontemplations- und Meditationswerkzeuge, die von Tantra-Praktizierenden verwendet werden, die glauben, dass ein Yantra ein Symbol der kosmischen Einheit ist.<\/p>\n<p>Yantras sind eine heilige Darstellung einer Gottheit und k\u00f6nnen als Schutzschilde gegen negative Energien wirken.<\/p>\n<p>Yantra bedeutet w\u00f6rtlich \u201eMaschine\u201c oder \u201eInstrument\u201c, und alle echten Yantras bestehen aus einer Kombination weniger geometrischer Formen:<\/p>\n<p>\u2013 Quadrat mit vier, T-f\u00f6rmigen \u201eToren\u201c (Bhupura)<br \/>\n\u2013 Dreiecke (Trikona)<br \/>\nKreis (Chakra)<br \/>\nPunkt (Bindu)<br \/>\nLotusblume mit Bl\u00fctenbl\u00e4ttern (Padma)<\/p>\n<p>Was ist also die Beziehung zwischen heiliger Geometrie und Tantra?<\/p>\n<p>Alle Yantra-Elemente entsprechen verschiedenen Aspekten von Energie und Bewusstsein.<\/p>\n<p>Die Vereinigung zwischen Shiva (repr\u00e4sentiert durch Bindu) und Shakti (weibliche Gottheit, repr\u00e4sentiert durch Trikona) ist symbolisch f\u00fcr die Quellenenergie der Sch\u00f6pfung.<\/p>\n<p>Das Sri Yantra soll die symbolische Form aller G\u00f6tter und G\u00f6ttinnen im Hinduismus sein. Nach hinduistischem Glauben besa\u00df es Brahma (der Herr der Erde) und Vishnu (der Sch\u00f6pfer des Universums) lobte es. Das Symbol besteht aus mehreren Elementen, die wir zun\u00e4chst untersuchen wollen.<\/p>\n<p><strong>Sri Yantra Geometrie<\/strong><\/p>\n<p>Ein wichtiger Aspekt dieses Themas ist das Zusammentreffen von Mathematik und Spiritualit\u00e4t. Alle Yantras sind geometrische Gebilde, die als Hilfsmittel in der Meditation und Verehrung verwendet werden.<\/p>\n<p>Sie zeichnen sich durch einen zentralen Punkt aus, von dem aus sich geometrische Formen ausbreiten.<\/p>\n<p>Sri Yantra ist ein 12.000 Jahre altes mystisches Symbol, das als die \u201eMutter aller Yantras\u201c gilt. Der Name bedeutet \u00fcbersetzt \u201eheiliges Instrument\u201c und basiert auf der Goldenen Proportion.<\/p>\n<p>Was das ist, fragen Sie sich?<\/p>\n<p>Nun, ein Teil der mathematischen Anziehungskraft liegt darin, dass man sie \u00fcberall in der Natur sieht, und das ist nirgendwo so wahr wie im Fall der magischen Zahl 1,1618, besser bekannt als die Goldene Proportion.<\/p>\n<p>Jedes nat\u00fcrliche Muster ist nach diesem Verh\u00e4ltnis aufgebaut, vom Verh\u00e4ltnis der Radien aufeinander folgender Spiralen auf einer Muschel bis hin zur Ausrichtung unseres Geh\u00f6rgangs.<\/p>\n<p>Ja, sogar unser Geh\u00f6r basiert auf diesem Verh\u00e4ltnis!<\/p>\n<p>Mathematisch gesehen bildet das Sri Yantra auch das Wellenmuster nach, das durch die Schwingung des OM-Samenmantras entsteht.<\/p>\n<p>Au\u00dfer in der Natur findet man dieses Symbol auch in der Kunst (Leonardo da Vincis vitruvianischer Mensch) und in der Architektur (die Anordnung der gro\u00dfen Pyramiden von Gizeh).<\/p>\n<p>Das Sri Yantra basiert also auf einem kraftvollen, mathematischen Konzept, das eng mit unserer Welt verbunden ist.<\/p>\n<p><strong>Die innere Figur der ineinandergreifenden Dreiecke<\/strong><\/p>\n<p>Diese Figur ist symmetrisch zu einer vertikalen Mittelachse und enth\u00e4lt nach oben und nach unten gerichtete Dreiecke.<\/p>\n<p>Die nach oben zeigenden Dreiecke symbolisieren das m\u00e4nnliche Element, die nach unten zeigenden Dreiecke den weiblichen Aspekt der G\u00f6ttlichkeit. Vier der Dreiecke sind weiblich und 5 sind m\u00e4nnlich.<\/p>\n<p>Das Ineinandergreifen der Dreiecke symbolisiert die gegens\u00e4tzlichen Prinzipien, die sich gegenseitig erg\u00e4nzen, und die allgemeine Ausgewogenheit und Symmetrie der gesamten Figur steht f\u00fcr die Einheit Gottes.<\/p>\n<p><strong>Die zwei konzentrischen Ringe mit dem Lotus-Muster<\/strong><\/p>\n<p>Das \u00e4u\u00dfere Muster tr\u00e4gt 16 Lotusbl\u00fctenbl\u00e4tter, w\u00e4hrend das innere Muster 8 Bl\u00fctenbl\u00e4tter hat. Diese Bl\u00fctenbl\u00e4tter stehen f\u00fcr die Heiligkeit des Diagramms im Inneren, das als Werkzeug f\u00fcr die Yoga-Meditation dient.<\/p>\n<p>Jedes der 8 Bl\u00fctenbl\u00e4tter regiert eine Aktivit\u00e4t wie Sprache, Bewegung, Greifen, Abscheu, Vergn\u00fcgen, Anziehung, Gleichmut und Ausscheidung.<\/p>\n<p>Die 16 Bl\u00fctenbl\u00e4tter stehen f\u00fcr die vollst\u00e4ndige Erf\u00fcllung aller Hoffnungen und W\u00fcnsche. Sie stehen f\u00fcr die zehn Wahrnehmungsorgane und die f\u00fcnf Elemente: Erde, Feuer, Wasser, Raum und Luft.<\/p>\n<p>Das sechzehnte Bl\u00fctenblatt steht f\u00fcr den Geist, der die Informationen aus den Wahrnehmungen der interagierenden Elemente sammelt und interpretiert.<\/p>\n<p><strong>Wo soll das Sri Yantra stehen?<\/strong><\/p>\n<p>Wenn Sie erw\u00e4gen, Sri Yantra Kunst in Ihrem Haus zu platzieren, ist wahrscheinlich der beste Platz einer Ihrer gr\u00f6\u00dften R\u00e4ume.<\/p>\n<p>Das Sri Yantra-Symbol ist von Natur aus fesselnd f\u00fcr den Sehsinn, daher w\u00fcrde ich empfehlen, es an einem Ort aufzustellen, an dem es von allen Seiten gesehen werden kann \u2013 idealerweise an einer Wand, die nach Westen ausgerichtet ist.<\/p>\n<p><strong>Wie benutzt man das Sri Yantra?<\/strong><\/p>\n<p>Die beste Art und Weise, das Sri Yantra zu besitzen und es anschlie\u00dfend f\u00fcr die Meditation zu verwenden, ist die Anschaffung von Sri Yantra-Schmuck, wie z.B. Halsketten oder Armb\u00e4nder.<\/p>\n<p>Sie k\u00f6nnen \u00fcberallhin mitgenommen werden und werden Sie immer daran erinnern, langsamer zu werden, sich zu konzentrieren und zu meditieren.<\/p>\n<p><strong>Sri Yantra-Schmuck tragen<\/strong><\/p>\n<p>Das Design des Sri Yantra ist f\u00fcr den menschlichen Geist nat\u00fcrlich sehr ansprechend, so dass Sie auch in Betracht ziehen k\u00f6nnen, es an Ihre Wand oder einen anderen Ort in Ihrem Haus zu h\u00e4ngen.<\/p>\n<p>Zusammenfassend l\u00e4sst sich sagen, dass das Sri Yantra ein einfaches und doch kompliziertes Ger\u00e4t ist, das Sie in Ihrem t\u00e4glichen Leben einsetzen k\u00f6nnen, um Ihre Konzentration zu steigern und in tiefere meditative Zust\u00e4nde einzutauchen.<\/p>\n<p>Wahrscheinlich ist eine der einfachsten M\u00f6glichkeiten, die Energie dieses heiligen Symbols in Ihr Leben zu bringen, Sri Yantra-Schmuck zu tragen.<\/p>\n<p><strong>Sri Yantra Vorteile \u2013 Wie man mit Sri Yantra meditiert<\/strong><\/p>\n<p>In der obigen Beschreibung haben Sie vielleicht schon herausgefunden, dass diese Art von Design eine F\u00fclle von M\u00f6glichkeiten zur Kontemplation \u00fcber das Leben und das Universum bietet.<\/p>\n<p>Tats\u00e4chlich soll dieses Muster den kosmischen Plan darstellen und uns helfen, Einblick in die h\u00f6chste Form des Bewusstseins zu gewinnen.<\/p>\n<p>Wenn Sie dieses Muster als Werkzeug zur Selbsterkenntnis oder f\u00fcr tiefere metaphysische Einsichten nutzen m\u00f6chten, bietet das Sri Yantra viele Vorteile.<\/p>\n<p>Es ist auch n\u00fctzlich, dieses Symbol auf achtsame Weise zu betrachten, sei es auf einem Bildschirm oder in Form von Schmuck, Tattoos oder Kleidung.<\/p>\n<p>Eine M\u00f6glichkeit, dies zu tun, ist, dar\u00fcber zu meditieren. Suchen Sie sich wie bei jeder anderen Meditationsart einen bequemen Sitzplatz und beginnen Sie, das Muster zu betrachten.<\/p>\n<p>Sie k\u00f6nnen in der Mitte beginnen und sich langsam und achtsam auf den Rahmen des Symbols bewegen, wobei Sie jede einzelne Ebene der Symbolik in sich aufnehmen.<\/p>\n<p>Wenn Sie dies getan haben, k\u00f6nnen Sie beginnen, sich nach innen zu arbeiten. Sie k\u00f6nnen dies etwa 15 Minuten lang tun, aber denken Sie daran, sich danach etwas Zeit zum Ausruhen zu nehmen (5-25 Minuten), um den vollen Nutzen dieser Meditation zu erhalten.<\/p>\n<p>Wenn Sie sich die Zeit nehmen, dieses heilige geometrische Muster auf diese Weise zu untersuchen, werden Sie viele Gelegenheiten haben, \u00fcber all seine Geheimnisse nachzudenken und einfach alle Grundformen zu sch\u00e4tzen, aus denen unser komplexes Universum besteht.<\/p>\n<p><strong>Was sind die Vorteile der Sri Yantra Meditation?<\/strong><\/p>\n<p>Es wird gesagt, dass die Meditation auf das Sri Yantra Ihnen Zufriedenheit, Geistesfrieden und Konzentration bringen wird.<\/p>\n<p>Die Sri Yantra-Meditation kann Ihnen auch Ruhe bringen, indem sie die Unordnung im Geist beseitigt und Ihre Lebensenergie ausgleicht.<\/p>\n<p>Das Sri Yantra enth\u00e4lt sehr starke g\u00f6ttliche Schwingungen und hohe Energien.<\/p>\n<p>Die Meditation mit diesem heiligen Symbol erm\u00f6glicht es Ihnen, Ihr Bewusstsein zu erweitern, eine sch\u00fctzende Aura um Ihren K\u00f6rper zu schaffen und mehr finanziellen Reichtum anzuziehen.<\/p>\n<p>Wie f\u00fchrt man also die Sri Yantra-Meditation am besten durch?<\/p>\n<p>Ihr Ziel sollte es sein, \u00fcber das Symbol zu meditieren, bis es sich in Ihrem Geist festgesetzt hat. Dies wird Sie der Erleuchtung n\u00e4her bringen, und alle Geheimnisse des Universums werden sich Ihnen offenbaren.<\/p>\n<p>Es ist erwiesen, dass allein das Anstarren des zentralen Punktes des Sri Yantra, bekannt als Bindu, den Geist positiv beeinflussen kann, indem es die Zirbeldr\u00fcse stimuliert.<\/p>\n<p>Die Zirbeldr\u00fcse (Drittes-Augen-Chakra) ist einer der wichtigsten Schl\u00fcssel zu Ihrem spirituellen Erwachen.<\/p>\n<p>In einem Leben, das immer hektischer und stressiger wird, zeichnet sich das Sri Yantra-Symbol als Spender der dringend ben\u00f6tigten Ruhe aus und erinnert uns daran, wie wichtig eine tiefe, meditative Konzentration ist.<\/p>\n","protected":false},"excerpt":{"rendered":"<p>Sri Yantra: Die K\u00f6nigin der Yantras und ihre Bedeutung 20.12.2021,\u00a0 Autor:\u00a0Naira &nbsp; &nbsp; HIER PDF-Datei herunterladen\u00a0 Das Sri Yantra, auch bekannt als Sri Chakra, ist ein mystisches Diagramm, das in der Sri Vidya Schule des Hinduismus verwendet wird. Unter Hunderten von Yantras, die sich auf Prinzipien, Gottheiten und Planeten beziehen, gilt das Sri Yantra als [&hellip;]<\/p>\n","protected":false},"author":1,"featured_media":0,"parent":3333,"menu_order":0,"comment_status":"closed","ping_status":"closed","template":"members-style1-nosidebar.php","meta":{"footnotes":"","_links_to":"","_links_to_target":""},"class_list":["post-4207","page","type-page","status-publish","hentry"],"_links":{"self":[{"href":"https:\/\/reich-sein.eu\/club\/wp-json\/wp\/v2\/pages\/4207","targetHints":{"allow":["GET"]}}],"collection":[{"href":"https:\/\/reich-sein.eu\/club\/wp-json\/wp\/v2\/pages"}],"about":[{"href":"https:\/\/reich-sein.eu\/club\/wp-json\/wp\/v2\/types\/page"}],"author":[{"embeddable":true,"href":"https:\/\/reich-sein.eu\/club\/wp-json\/wp\/v2\/users\/1"}],"replies":[{"embeddable":true,"href":"https:\/\/reich-sein.eu\/club\/wp-json\/wp\/v2\/comments?post=4207"}],"version-history":[{"count":5,"href":"https:\/\/reich-sein.eu\/club\/wp-json\/wp\/v2\/pages\/4207\/revisions"}],"predecessor-version":[{"id":4220,"href":"https:\/\/reich-sein.eu\/club\/wp-json\/wp\/v2\/pages\/4207\/revisions\/4220"}],"up":[{"embeddable":true,"href":"https:\/\/reich-sein.eu\/club\/wp-json\/wp\/v2\/pages\/3333"}],"wp:attachment":[{"href":"https:\/\/reich-sein.eu\/club\/wp-json\/wp\/v2\/media?parent=4207"}],"curies":[{"name":"wp","href":"https:\/\/api.w.org\/{rel}","templated":true}]}}