{"id":4223,"date":"2022-10-21T14:29:50","date_gmt":"2022-10-21T12:29:50","guid":{"rendered":"http:\/\/reich-sein.eu\/club\/?page_id=4223"},"modified":"2022-11-24T16:00:55","modified_gmt":"2022-11-24T14:00:55","slug":"magische-gabe","status":"publish","type":"page","link":"https:\/\/reich-sein.eu\/club\/mittel\/magische-gabe\/","title":{"rendered":"Magische Gabe"},"content":{"rendered":"<div class=\"header-singluar\">\n<div class=\"wrapper\">\n<h2 class=\"article-heading\"><span style=\"color: #0000ff;\"><strong>Welche magische Gabe hast du, nach deinem Geburtstag?<\/strong><\/span><\/h2>\n<div class=\"article-meta\">\n<p><span class=\"posted-on\"><time class=\"entry-date\" datetime=\"2020-06-02T18:16:00+00:00\">2.6.2020,<\/time><\/span>\u00a0<span class=\"byline\"><span class=\"screen-reader-text\">Autor:\u00a0<\/span><a class=\"url fn n\" href=\"https:\/\/mystischerrabe.de\/author\/mara\/\">Mara<\/a><\/span><\/p>\n<p>Quelle:\u00a0<a href=\"https:\/\/mystischerrabe.de\/numerologie\/welche-magische-gabe-hast-du-nach-deinem-geburtstag\/\">https:\/\/mystischerrabe.de<\/a><\/p>\n<\/div>\n<\/div>\n<\/div>\n<div class=\"content-container-before-post\"><\/div>\n<article class=\"article\"><img loading=\"lazy\" decoding=\"async\" id=\"mv-trellis-img-1\" class=\"size-mv_trellis_16x9 size-ratio-mv_trellis_16x9 wp-image-5308 article-featured-img aligncenter lazyload\" src=\"https:\/\/mystischerrabe.de\/wp-content\/uploads\/2019\/05\/geburtszahl-gabe.jpg.webp\" sizes=\"auto, (max-width: 581px) calc(100vw - 48px), 581px\" srcset=\"https:\/\/mystischerrabe.de\/wp-content\/uploads\/2019\/05\/geburtszahl-gabe.jpg.webp 960w, https:\/\/mystischerrabe.de\/wp-content\/uploads\/2019\/05\/geburtszahl-gabe-640x446.jpg.webp 640w, https:\/\/mystischerrabe.de\/wp-content\/uploads\/2019\/05\/geburtszahl-gabe-768x535.jpg.webp 768w, https:\/\/mystischerrabe.de\/wp-content\/uploads\/2019\/05\/geburtszahl-gabe-360x250.jpg.webp 360w, https:\/\/mystischerrabe.de\/wp-content\/uploads\/2019\/05\/geburtszahl-gabe-400x279.jpg.webp 400w\" alt=\"Welche magische Gabe hast du, nach deinem Geburtstag\" width=\"581\" height=\"405\" data-webp=\"true\" data-src=\"https:\/\/mystischerrabe.de\/wp-content\/uploads\/2019\/05\/geburtszahl-gabe.jpg.webp\" data-pin-media=\"https:\/\/mystischerrabe.de\/wp-content\/uploads\/2019\/05\/geburtszahl-gabe.jpg\" data-srcset=\"https:\/\/mystischerrabe.de\/wp-content\/uploads\/2019\/05\/geburtszahl-gabe.jpg.webp 960w, https:\/\/mystischerrabe.de\/wp-content\/uploads\/2019\/05\/geburtszahl-gabe-640x446.jpg.webp 640w, https:\/\/mystischerrabe.de\/wp-content\/uploads\/2019\/05\/geburtszahl-gabe-768x535.jpg.webp 768w, https:\/\/mystischerrabe.de\/wp-content\/uploads\/2019\/05\/geburtszahl-gabe-360x250.jpg.webp 360w, https:\/\/mystischerrabe.de\/wp-content\/uploads\/2019\/05\/geburtszahl-gabe-400x279.jpg.webp 400w\" \/><\/p>\n<div id=\"post-5307\" class=\"article-post post-5307 post type-post status-publish format-standard has-post-thumbnail hentry category-numerologie mv-content-wrapper grow-content-body mvt-content\" data-content-ads-inserted=\"true\">\n<p>Hexen glauben nicht an Gl\u00fcck. Wir haben so viele Zauberspr\u00fcche f\u00fcr gutes Gl\u00fcck, und genau deswegen glauben wir nicht an Zufall. Hexen zaubern sich und verwirklichen ihre W\u00fcnsche! Wir glauben wirklich daran, dass die Energie das \u00c4hnliche anzieht.<\/p>\n<p><strong>Es gibt keine Zuf\u00e4lle, alles hat einen Grund. Nichts passiert einfach so, zuf\u00e4llig.<\/strong><\/p>\n<p><strong>In alchemischen Terminen, Okkultismus und Numerologie ist dein Geburtstag kein Zufall und kein Gl\u00fcckstreffer.<\/strong><\/p>\n<p><strong>Der Tag kann deine magische Gabe offenbaren, auch wenn du keine Ahnung hast, dass du sie besitzt. \u00a0<\/strong><\/p>\n<p>Dein Geburtstag offenbart deine magische Gabe. Er sagt viel \u00fcber dich und deinen Charakter aus. Er ist die pers\u00f6nlichste Zahl \u00fcberhaupt.<\/p>\n<p><em>Bist du von denen die in Magie glauben? Oder eher nicht? Egal ob du glaubst oder nicht, du hast eine magische Zahl, die nach deinem Geburtsdatum ausgerechnet wird.<\/em><\/p>\n<p data-slot-rendered-dynamic=\"true\"><em>S<\/em><em>ie sagt dir, was deine Gabe ist, egal ob du dir dieser bewusst bist oder nicht. Wenn du wei\u00dft welche deine Zahl ist, oder sie jetzt ausrechnest, kannst du deine magische Gabe erkennen und ein Meister in diesem Bereich werden.<\/em><\/p>\n<div class=\"mv-ad-box\" data-slotid=\"content_btf\">\n<div class=\"mv-rail-frame\" data-slotid=\"content_btf\">\n<div class=\"mv-rail-slide mv-inview-sticky\" data-slotid=\"content_btf\">\n<div class=\"mv-rail-sticky mv-inview-sticky\" data-slotid=\"content_btf\">\n<div id=\"content_btf_wrapper\" class=\"adunitwrapper content_btf_wrapper mv-size-300x250 mv-dynamic-size\" data-wrapper=\"content_btf\" data-nosnippet=\"\">\n<div id=\"content_btf\" class=\"content_btf adunit\" data-google-query-id=\"CNiR_duo8foCFUuK3godF3kB7w\">\n<div id=\"google_ads_iframe_\/1030006,21792944988\/mystischerrabe\/content_1__container__\">Um deine geheime Gabe zu lernen, musst du alle Zahlen deines Geburtsdatums zusammenrechnen, bis du auf eine einstellige Zahl kommst. Zum Beispiel, wenn du am 12.03.1988. geboren bist, rechnest du es so aus 1+2+3+1+9+8+8= 32=3+2=5. Deine Geburtszahl ist die 5!<\/div>\n<\/div>\n<\/div>\n<\/div>\n<\/div>\n<\/div>\n<\/div>\n<p>Wie du unten sehen kannst, ist die Bedeutung deiner einstelligen Zahl von unsch\u00e4tzbarem Wert.<\/p>\n<p><strong>Indem du lernst, was deine Geburtszahl bedeutet, wirst du dem Zweck deines Lebens n\u00e4her kommen.<\/strong><\/p>\n<h3><span style=\"color: #0000ff;\"><strong>Die Zahl 1 \u2013\u00a0<em>Der Zauberer<\/em><\/strong><\/span><\/h3>\n<p>Die erste Zahl, die Zahl 1 ist die Zahl der Erschaffung. Ihr habt einen starken Willen. Man glaubt, dass diejenigen, die unter dem Einfluss dieser Zahl geboren sind gute Hexen sind, da sie die Macht haben, ihren Willen durchzusetzen.<\/p>\n<p>Aber ihr solltet nicht versuchen Menschen um euch herum zu kontrollieren und manipulieren. Sie sind auch unabh\u00e4ngig, kreativ und ehrgeizig, also richtige Gewinnertypen.<\/p>\n<p><strong>Dein magischer Beruf: Manifestation &amp; Mut<\/strong><\/p>\n<h3><span style=\"color: #0000ff;\"><strong>Die Zahl 2\u00a0<em>\u2013 der Empatische<\/em><\/strong><\/span><\/h3>\n<p data-slot-rendered-dynamic=\"true\">Du bist sehr empfindlich auf die Energien um dich herum. Schon w\u00e4hrend du ein Kind warst, lerntest du zu mitzuf\u00fchlen und zu sp\u00fcren was andere tun und wie es ihnen geht, und bist deswegen sehr mitf\u00fchlend geworden.<\/p>\n<div class=\"mv-ad-box\" data-slotid=\"content_2_btf\">\n<div class=\"mv-rail-frame\" data-slotid=\"content_2_btf\">\n<div class=\"mv-rail-slide mv-inview-sticky\" data-slotid=\"content_2_btf\">\n<div class=\"mv-rail-sticky mv-inview-sticky\" data-slotid=\"content_2_btf\">\n<div id=\"content_2_btf_wrapper\" class=\"adunitwrapper content_btf_wrapper mv-size-336x280\" data-wrapper=\"content_2_btf\" data-nosnippet=\"\">\n<div id=\"content_2_btf\" class=\"content_btf adunit\" data-google-query-id=\"COXznJao8foCFdmg3godc4UDbQ\">\n<div id=\"google_ads_iframe_\/1030006,21792944988\/mystischerrabe\/content_2__container__\">Das ist die Zahl der Sinnlichkeit und Gerechtigkeit.<\/div>\n<\/div>\n<\/div>\n<\/div>\n<\/div>\n<\/div>\n<\/div>\n<p>Deine magische Kraft liegt in deinem Herzen und deinem dritten Auge, mit dem du st\u00e4ndig diese Energie um dich sp\u00fcrst. Du solltest sie benutzen, um die Schmerzen anderer zu lindern, aber auch, um schnell deine Energie wiederherzustellen.<\/p>\n<p>Das kannst du, wenn du wieder mehr mit der Natur in Kontakt kommst.<\/p>\n<p>Du bist gro\u00dfz\u00fcgig, humorvoll, harmoniebed\u00fcrftig und einf\u00fchlsam. Dein Bauchgef\u00fchl tauscht dich nur selten.<\/p>\n<p><strong>Dein magischer Beruf: Tr\u00e4ume &amp; Intuition<\/strong><\/p>\n<h3><span style=\"color: #0000ff;\"><strong>Die Zahl 3 \u2013\u00a0<em>Der dreifache Mond<\/em><\/strong><\/span><\/h3>\n<p>Diese Zahl verk\u00f6rpert die drei Phasen des Mondes. Hexen glauben, dass du ein \u201eWerkzeug\u201c des \u201edreifachen Gottes\u201c und\/oder der \u201edreifachen G\u00f6ttin\u201c bist. Deshalb liegen in dir die Kr\u00e4fte der Sch\u00f6pfung und Zerst\u00f6rung.<\/p>\n<p data-slot-rendered-dynamic=\"true\">Die alte Regel, \u201eSei vorsichtig, was du dir w\u00fcnschst\u201c, gilt f\u00fcr dich, denn deine magische Gabe ist, dass deine Gedanken und W\u00fcnsche schnell Realit\u00e4t werden k\u00f6nnen.<\/p>\n<div class=\"mv-ad-box\" data-slotid=\"content_3_btf\">\n<div class=\"mv-rail-frame\" data-slotid=\"content_3_btf\">\n<div class=\"mv-rail-slide mv-inview-sticky\" data-slotid=\"content_3_btf\">\n<div class=\"mv-rail-sticky mv-inview-sticky\" data-slotid=\"content_3_btf\">\n<div id=\"content_3_btf_wrapper\" class=\"adunitwrapper content_btf_wrapper mv-size-336x280\" data-wrapper=\"content_3_btf\" data-nosnippet=\"\">\n<div id=\"content_3_btf\" class=\"content_btf adunit\" data-google-query-id=\"CObznJao8foCFdmg3godc4UDbQ\">\n<div id=\"google_ads_iframe_\/1030006,21792944988\/mystischerrabe\/content_3__container__\">Die Zahl 3 bedeutet in der Numerologie auch Optimismus. Diese Menschen haben viele Begabungen und unterschiedlichste Talente.<\/div>\n<\/div>\n<\/div>\n<\/div>\n<\/div>\n<\/div>\n<\/div>\n<p><strong>Dein magischer Beruf: Erschaffung &amp; Zerst\u00f6rung<\/strong><\/p>\n<h3><span style=\"color: #0000ff;\"><strong>Die Zahl 4 \u2013\u00a0<em>The Elementarmagier<\/em><\/strong><\/span><\/h3>\n<p>Die Zahl 4 korreliert mit den 4 Elementen der Erde: Feuer, Luft, Wasser und Erde.<\/p>\n<p>Deine Essenz ist im Gleichgewicht mit den vier Elementen oder der Erde, und deshalb bist du sehr rational mit einem starken Geist.<\/p>\n<p>Da ihr st\u00e4ndig Energie aus den Elementen bezieht, ist es\u00a0 sehr schwierig, euch zu verfluchen.<\/p>\n<p>Da Feuer, Wasser, Luft und Erde ein magisches Kraftfeld um dich herum erzeugen, lenkst du die Negativit\u00e4t ab.<\/p>\n<p data-slot-rendered-dynamic=\"true\">In der Numerologie bedeutet die Zahl 4: Ausdauer, Zielstrebigkeit und Geduld, und das sind die St\u00e4rken der Menschen deren Geburtszahl die 4 ist. Sie sind pflichtbewusst, bodenst\u00e4ndig und praktisch.<\/p>\n<div class=\"mv-ad-box\" data-slotid=\"content_4_btf\">\n<div class=\"mv-rail-frame\" data-slotid=\"content_4_btf\">\n<div class=\"mv-rail-slide mv-inview-sticky\" data-slotid=\"content_4_btf\">\n<div class=\"mv-rail-sticky mv-inview-sticky\" data-slotid=\"content_4_btf\">\n<div id=\"content_4_btf_wrapper\" class=\"adunitwrapper content_btf_wrapper mv-size-336x280\" data-wrapper=\"content_4_btf\" data-nosnippet=\"\">\n<div id=\"content_4_btf\" class=\"content_btf adunit\" data-google-query-id=\"CMD9hJao8foCFckM4AodYw4BbQ\">\n<div id=\"google_ads_iframe_\/1030006,21792944988\/mystischerrabe\/content_0__container__\"><strong>Dein magischer Beruf: Elementarmagie<\/strong><\/div>\n<\/div>\n<\/div>\n<\/div>\n<\/div>\n<\/div>\n<\/div>\n<h3><span style=\"color: #0000ff;\"><strong>Die Zahl 5 \u2013\u00a0<em>der Spiritualist<\/em><\/strong><\/span><\/h3>\n<p>W\u00e4hrend die Zahl 4 die vier Elemente der Natur symbolisiert (Feuer, Luft, Wasser und Erde), symbolisiert die Zahl 5 das f\u00fcnfte Element:<\/p>\n<p>Diejenigen, die unter seinem Einfluss geboren wurden, stehen in Kontakt mit dem geistigen Reich und k\u00f6nnen leicht Kr\u00e4fte aus dem Jenseits auftreiben.<\/p>\n<p>Deshalb sind sie perfekte Spiritisten, da sie vom f\u00fcnften Element regiert werden \u2013 dem Geist! in der Numerologie die Zahl der Freiheitsliebe, aber auch der Unruhe.<\/p>\n<p>5er-Menschen sind neugierig und ausdrucksstark. Sie begeben sich laut Numerologie immer wieder auf die Suche nach neuen Abenteuern und scheuen kaum ein Risiko.<\/p>\n<p><strong>Dein magischer Beruf: Kontaktaufnahme mit Geistern &amp; Ur-Magie<\/strong><\/p>\n<h3><span style=\"color: #0000ff;\"><strong>Die Zahl 6 \u2013\u00a0<em>Der Solare Lehrling<\/em><\/strong><\/span><\/h3>\n<p>Die Zahl 6 symbolisiert die Sonne und alles, das von dieser Lichtquelle kommt.<\/p>\n<p data-slot-rendered-dynamic=\"true\">Du hast in deinem Inneren einen starken Energiefluss. Deine magische Gabe kommt von der Sonne.<\/p>\n<div class=\"mv-ad-box\" data-slotid=\"content_5_btf\">\n<div class=\"mv-rail-frame\" data-slotid=\"content_5_btf\">\n<div class=\"mv-rail-slide mv-inview-sticky\" data-slotid=\"content_5_btf\">\n<div class=\"mv-rail-sticky mv-inview-sticky\" data-slotid=\"content_5_btf\">\n<div id=\"content_5_btf_wrapper\" class=\"adunitwrapper content_btf_wrapper mv-size-336x280\" data-wrapper=\"content_5_btf\" data-nosnippet=\"\">\n<div id=\"content_5_btf\" class=\"content_btf adunit\" data-google-query-id=\"CND5_5ao8foCFUrvEQgdSekJ7w\">\n<div id=\"google_ads_iframe_\/1030006,21792944988\/mystischerrabe\/content_4__container__\">Dies das verk\u00f6rpert alle Segen des Lebens und ihre Macht. Du bist ein Heiler und ein F\u00fchrer.<\/div>\n<\/div>\n<\/div>\n<\/div>\n<\/div>\n<\/div>\n<\/div>\n<p>Mit gro\u00dfer Macht kommt aber auch gro\u00dfe Verantwortung. Lerne wie du gro\u00dfartige Macht auf ethische Weise nutzen kannst.<\/p>\n<p>Sie haben laut Numerologie einen ausgepr\u00e4gten Sinn f\u00fcr Sch\u00f6nheit\u00a0und brauchen viel Harmonie, um sich zu entfalten. Diese Menschen sind zuverl\u00e4ssig, ernsthaft, treu und gerecht.<\/p>\n<p><strong>Dein magischer Beruf: Rituelle Magie, alle Zauberei &amp; Heilung<\/strong><\/p>\n<h3><span style=\"color: #0000ff;\"><strong>Die Zahl 7 \u2013\u00a0<em>der Mond Lehrling<\/em><\/strong><\/span><\/h3>\n<p>Die Zahl 7 symbolisiert den Mond und all die Magie die von der Dame der Nacht kommt.<\/p>\n<p>Deine magische Gabe ist rein, die ungez\u00e4hmte Magie des Mondes. Es f\u00fchlt sich sehr seltsam an, dass du der rituellen Magie folgst, da du instinktiv wei\u00dft, was zu tun ist.<\/p>\n<p data-slot-rendered-dynamic=\"true\">Und normalerweise machst du nicht zweimal das Gleiche. Du improvisierst aufgrund deiner\u00a0 Intuition.<\/p>\n<div class=\"mv-ad-box\" data-slotid=\"content_6_btf\">\n<div class=\"mv-rail-frame\" data-slotid=\"content_6_btf\">\n<div class=\"mv-rail-slide mv-inview-sticky\" data-slotid=\"content_6_btf\">\n<div class=\"mv-rail-sticky mv-inview-sticky\" data-slotid=\"content_6_btf\">\n<div id=\"content_6_btf_wrapper\" class=\"adunitwrapper content_btf_wrapper mv-size-468x280\" data-wrapper=\"content_6_btf\" data-nosnippet=\"\">\n<div id=\"content_6_btf\" class=\"content_btf adunit\" data-google-query-id=\"CL-wlcmo8foCFezQEQgdJyYJ2A\">\n<div id=\"google_ads_iframe_\/1030006,21792944988\/mystischerrabe\/content_5__container__\">Au\u00dferdem ist eine weitere magische Gabe von dir, prophetische Tr\u00e4ume zu tr\u00e4umen. Wenn du sie richtig interpretierst und ihnen vertraust, kannst du Wunder vollbringen. Die Lebenszahl 7 gilt als\u00a0Gl\u00fcckszahl\u00a0in der Numerologie.<\/div>\n<\/div>\n<\/div>\n<\/div>\n<\/div>\n<\/div>\n<\/div>\n<p>Sie steht f\u00fcr Visionen und Fantasie. \u00a0Diese Menschen sind laut Numerologie sensibel, eigenst\u00e4ndig und oft k\u00fcnstlerisch sehr begabt.<\/p>\n<p><strong>Dein magischer Beruf: Visionen &amp; Prophetische Tr\u00e4ume<\/strong><\/p>\n<h3><span style=\"color: #0000ff;\"><strong>Die Zahl 8 \u2013\u00a0<em>Die traditionelle Hexe<\/em>\u00a0<\/strong><\/span><\/h3>\n<p>Diese Zahl ist eine der magischsten. Die Zahl 8 entspricht den 8 Hexensabbaten, den 8 Ecken der Welt. Wenn dein Geburtstag auf 8 Uhr f\u00e4llt, dann hast du eine gro\u00dfe magische Kraft, die durch dich hindurchl\u00e4uft, aber sie wird nur dann weiter aktiviert, wenn du es schaffst, die Sabbate zu stimmen und zu feiern.<\/p>\n<p>Du hast einen sehr genauen inneren Kompass und deshalb kannst du richtig von falsch unterscheiden. Diese Menschen \u00fcberzeugen durch Pers\u00f6nlichkeit. Sie treten laut Numerologie selbstbewusst auf, sind vital, kraftvoll, ideenreich und zudem echte Organisationstalente.<\/p>\n<p><strong>Dein magischer Beruf: Energiemanipulation &amp; Alchemie<\/strong><\/p>\n<h3><span style=\"color: #0000ff;\"><strong>Die Zahl 9 \u2013\u00a0<em>Der Schamane<\/em><\/strong><\/span><\/h3>\n<p data-slot-rendered-dynamic=\"true\">Die letzte Zahl symbolisiert die Vereinigung aller oben genannten Punkte. Es ist das Tor, von dem aus alles endet und alles wieder von vorne beginnt. Deshalb siehst du Dinge wie kein anderer.<\/p>\n<div class=\"mv-ad-box\" data-slotid=\"content_7_btf\">\n<div class=\"mv-rail-frame\" data-slotid=\"content_7_btf\">\n<div class=\"mv-rail-slide mv-inview-sticky\" data-slotid=\"content_7_btf\">\n<div class=\"mv-rail-sticky mv-inview-sticky\" data-slotid=\"content_7_btf\">\n<div id=\"content_7_btf_wrapper\" class=\"adunitwrapper content_btf_wrapper mv-size-336x280\" data-wrapper=\"content_7_btf\" data-nosnippet=\"\">\n<div id=\"content_7_btf\" class=\"content_btf adunit\" data-google-query-id=\"CIDo3Mmo8foCFfC8ewodRwwIXA\">\n<div id=\"google_ads_iframe_\/1030006,21792944988\/mystischerrabe\/content_6__container__\">Deine magische Gabe ist deine k\u00fcnstlerische und kreative Natur und dass du oft Situationen aus einer sehr interessanten Perspektive siehst. Deshalb kannst du heilen.<\/div>\n<\/div>\n<\/div>\n<\/div>\n<\/div>\n<\/div>\n<\/div>\n<p>Da die Zahl dem Tod und der Wiedergeburt entspricht, hast du eine nat\u00fcrliche F\u00e4higkeit, Geister zu sp\u00fcren, aber wenn du lernst, diese F\u00e4higkeit zu nutzen, kannst du sogar die Welt transzendieren, wie es alle Schamanen tun.<\/p>\n<p>Laut Numerologie sind diese Menschen idealistisch und mitf\u00fchlend. Sie verlieren selbst unter Druck nicht den Kopf und l\u00f6sen Probleme mit klarem Verstand.<\/p>\n<p><strong>Dein magischer Beruf: Astrale Projektion &amp; Totem Magie<\/strong><\/p>\n<\/div>\n<\/article>\n","protected":false},"excerpt":{"rendered":"<p>Welche magische Gabe hast du, nach deinem Geburtstag? 2.6.2020,\u00a0Autor:\u00a0Mara Quelle:\u00a0https:\/\/mystischerrabe.de Hexen glauben nicht an Gl\u00fcck. Wir haben so viele Zauberspr\u00fcche f\u00fcr gutes Gl\u00fcck, und genau deswegen glauben wir nicht an Zufall. Hexen zaubern sich und verwirklichen ihre W\u00fcnsche! Wir glauben wirklich daran, dass die Energie das \u00c4hnliche anzieht. Es gibt keine Zuf\u00e4lle, alles hat einen [&hellip;]<\/p>\n","protected":false},"author":1,"featured_media":0,"parent":5069,"menu_order":0,"comment_status":"closed","ping_status":"closed","template":"members-style1-nosidebar.php","meta":{"footnotes":"","_links_to":"","_links_to_target":""},"class_list":["post-4223","page","type-page","status-publish","hentry"],"_links":{"self":[{"href":"https:\/\/reich-sein.eu\/club\/wp-json\/wp\/v2\/pages\/4223","targetHints":{"allow":["GET"]}}],"collection":[{"href":"https:\/\/reich-sein.eu\/club\/wp-json\/wp\/v2\/pages"}],"about":[{"href":"https:\/\/reich-sein.eu\/club\/wp-json\/wp\/v2\/types\/page"}],"author":[{"embeddable":true,"href":"https:\/\/reich-sein.eu\/club\/wp-json\/wp\/v2\/users\/1"}],"replies":[{"embeddable":true,"href":"https:\/\/reich-sein.eu\/club\/wp-json\/wp\/v2\/comments?post=4223"}],"version-history":[{"count":2,"href":"https:\/\/reich-sein.eu\/club\/wp-json\/wp\/v2\/pages\/4223\/revisions"}],"predecessor-version":[{"id":4225,"href":"https:\/\/reich-sein.eu\/club\/wp-json\/wp\/v2\/pages\/4223\/revisions\/4225"}],"up":[{"embeddable":true,"href":"https:\/\/reich-sein.eu\/club\/wp-json\/wp\/v2\/pages\/5069"}],"wp:attachment":[{"href":"https:\/\/reich-sein.eu\/club\/wp-json\/wp\/v2\/media?parent=4223"}],"curies":[{"name":"wp","href":"https:\/\/api.w.org\/{rel}","templated":true}]}}