{"id":4234,"date":"2022-10-21T14:45:34","date_gmt":"2022-10-21T12:45:34","guid":{"rendered":"http:\/\/reich-sein.eu\/club\/?page_id=4234"},"modified":"2022-11-24T10:25:53","modified_gmt":"2022-11-24T08:25:53","slug":"seele-verkaufen","status":"publish","type":"page","link":"https:\/\/reich-sein.eu\/club\/manifestieren\/kurs-bewusstes-erschaffen\/magischer-prozess\/seele-verkaufen\/","title":{"rendered":"Seele verkaufen"},"content":{"rendered":"<div class=\"header-singluar\">\n<div class=\"wrapper\">\n<h2 class=\"article-heading\"><span style=\"color: #0000ff;\"><strong>Wie verkauft man dem Teufel seine Seele?<\/strong><\/span><\/h2>\n<p><strong>Schwarze Magie<\/strong><\/p>\n<div class=\"article-meta\">\n<p><span class=\"posted-on\">6.4.<time class=\"entry-date\" datetime=\"2022-04-06T12:49:35+00:00\">2022,<\/time><\/span>\u00a0<span class=\"byline\"><span class=\"screen-reader-text\">Autor:\u00a0<\/span><a class=\"url fn n\" href=\"https:\/\/mystischerrabe.de\/author\/nermin\/\">Fran<\/a><\/span><\/p>\n<p>Quelle:\u00a0<a href=\"https:\/\/mystischerrabe.de\/schwarze-magie\/wie-verkauft-man-dem-teufel-seine-seele\/\">https:\/\/mystischerrabe.de<\/a><\/p>\n<\/div>\n<\/div>\n<\/div>\n<div class=\"content-container-before-post\"><\/div>\n<article class=\"article\"><img loading=\"lazy\" decoding=\"async\" id=\"mv-trellis-img-1\" class=\"size-mv_trellis_16x9_high_res size-ratio-mv_trellis_16x9 wp-image-39673 article-featured-img aligncenter lazyload\" src=\"https:\/\/mystischerrabe.de\/wp-content\/uploads\/2022\/03\/Wie-verkauft-man-dem-Teufel-seine-Seele-720x405.jpg.webp\" sizes=\"auto, (max-width: 720px) calc(100vw - 48px), 720px\" srcset=\"https:\/\/mystischerrabe.de\/wp-content\/uploads\/2022\/03\/Wie-verkauft-man-dem-Teufel-seine-Seele-720x405.jpg.webp 720w, https:\/\/mystischerrabe.de\/wp-content\/uploads\/2022\/03\/Wie-verkauft-man-dem-Teufel-seine-Seele-480x270.jpg.webp 480w, https:\/\/mystischerrabe.de\/wp-content\/uploads\/2022\/03\/Wie-verkauft-man-dem-Teufel-seine-Seele-320x180.jpg.webp 320w\" alt=\"Wie verkauft man dem Teufel seine Seele?\" width=\"720\" height=\"405\" data-webp=\"true\" data-src=\"https:\/\/mystischerrabe.de\/wp-content\/uploads\/2022\/03\/Wie-verkauft-man-dem-Teufel-seine-Seele-720x405.jpg.webp\" data-pin-media=\"https:\/\/mystischerrabe.de\/wp-content\/uploads\/2022\/03\/Wie-verkauft-man-dem-Teufel-seine-Seele-scaled.jpg\" data-srcset=\"https:\/\/mystischerrabe.de\/wp-content\/uploads\/2022\/03\/Wie-verkauft-man-dem-Teufel-seine-Seele-720x405.jpg.webp 720w, https:\/\/mystischerrabe.de\/wp-content\/uploads\/2022\/03\/Wie-verkauft-man-dem-Teufel-seine-Seele-480x270.jpg.webp 480w, https:\/\/mystischerrabe.de\/wp-content\/uploads\/2022\/03\/Wie-verkauft-man-dem-Teufel-seine-Seele-320x180.jpg.webp 320w\" \/><\/p>\n<div id=\"post-39645\" class=\"article-post post-39645 post type-post status-publish format-standard has-post-thumbnail hentry category-religion category-schwarze-magie mv-content-wrapper grow-content-body mvt-content\" data-content-ads-inserted=\"true\">\n<p>Jeder Mensch hat eine Seele. Es ist die Energieeinheit, die in jedem von uns sitzt.<\/p>\n<p>Diese Art von Energie ist f\u00fcr dunkle M\u00e4chte extrem wichtig. Licht oder Himmel brauchen auch diese Art von Energie.<\/p>\n<p>Daher ist es klar, warum es zwischen den dunklen M\u00e4chten und Gott einen st\u00e4ndigen Kampf um menschliche Seelen gibt.<\/p>\n<p>Der Verkauf der Seele an den Teufel ist ein Vertrag mit den dunklen M\u00e4chten, bei dem ein Mensch im Austausch f\u00fcr seine Seele alle irdischen Freuden, Reichtum, Ruhm, Erfolg, Liebe erh\u00e4lt.<\/p>\n<p>Versuchen wir zu verstehen, was diese Transaktion beinhaltet, welche Folgen sie hat und was passieren wird, wenn wir unsere Seele an den Teufel verkaufen.<\/p>\n<h3><span style=\"color: #0000ff;\"><strong>Warum ist der Teufel daran interessiert, menschliche Seelen zu kaufen?<\/strong><\/span><\/h3>\n<p>Die Antwort ist sehr einfach. Menschen, die ihre Seelen an Satan verkauft haben, werden nach dem Tod zu D\u00e4monen, Soldaten der Armee des Teufels.<\/p>\n<p data-slot-rendered-dynamic=\"true\">Die M\u00e4chte von Licht und Dunkelheit haben einen endlosen Krieg um die menschlichen Seelen begonnen. Wenn der Teufel mehr Anh\u00e4nger sammelt als Gott, wird das Gleichgewicht gest\u00f6rt und der Teufel wird die Welt regieren.<\/p>\n<p>Der F\u00fcrst der Finsternis versammelt seine Armee f\u00fcr den entscheidenden Kampf gegen Gott. Deshalb ist ihm jede Seele sehr wichtig.<\/p>\n<p>Eine Seele an den Teufel zu verkaufen, ist ganz einfach. Mann muss nur die Dienste eines kompetenten Vermittlers zwischen den Welten in Anspruch nehmen.<\/p>\n<p>Au\u00dferdem braucht es viel Verlangen, die Seele gegen bestimmte materielle oder immaterielle Vorteile einzutauschen.<\/p>\n<p>Der Teufel ist meistens an reinen und s\u00fcndlosen Seelen interessiert.<\/p>\n<p>Schlie\u00dflich werden M\u00f6rder, Wahnsinnige, Alkoholiker und Drogens\u00fcchtige ihre Seelen nach dem Tod mit Sicherheit dem Teufel \u00fcbergeben, also hat es keinen Sinn, dass der Teufel ihre Seelen kauft.<\/p>\n<p>Sie haben zwar alle Zeit zur Umkehr, aber nur wenige nutzen diese Gelegenheit.<\/p>\n<h3><span style=\"color: #0000ff;\"><strong>Wie verkauft man seine Seele an den Teufel?<\/strong><\/span><\/h3>\n<p data-slot-rendered-dynamic=\"true\">Der eigentliche Prozess des Verkaufs der Seele an den Teufel wird als eine sehr schwierige Sache dargestellt, die eine Reihe von Schritten umfasst:<\/p>\n<p>Zu Beginn m\u00fcssen wir einen Antrag erstellen, in dem wir unsere Idee vorstellen, unsere Seele f\u00fcr Ruhm und Geld an den Teufel zu verkaufen.<\/p>\n<p>Dann hei\u00dft es warten, bis der Teufel kommt. Er erscheint normalerweise in einem Traum in Form eines gro\u00dfen, schlanken Mannes in teurer, stilvoller Kleidung.<\/p>\n<p>Dieser Mann (Teufel) muss ein Gegenangebot erstellen und der \u201eVerk\u00e4ufer\u201c wird dieses Angebot annehmen.<\/p>\n<p>Danach muss eine pers\u00f6nliche Unterschrift gesetzt werden (nach einigen Quellen wird erw\u00e4hnt, dass die Unterschrift mit Blut geschrieben werden muss).<\/p>\n<p>Es ist wichtig zu wissen, dass die Seele kann nicht f\u00fcr das Gl\u00fcck einer anderen Person verkauft werden. Dieser Verkauf funktioniert nur bei geringen, allt\u00e4glichen pers\u00f6nlichen W\u00fcnschen \u2013 sonst kann der Teufel ablehnen.<\/p>\n<p><strong>1. Indem diese Person ihre Seele an den Teufel verkauft, muss sie Gott aufgeben.<\/strong><\/p>\n<p>Diese Person darf nicht mehr zu Gott beten oder in die Kirche gehen. Es ist notwendig, alle Kreuze, die wir im Haus haben oder an uns tragen, abzunehmen.<\/p>\n<p data-slot-rendered-dynamic=\"true\"><strong>2. Das Ritual des Seelenverkaufs wird nachts durchgef\u00fchrt.<\/strong><\/p>\n<p>Es ist w\u00fcnschenswert, dass die Zeremonie nachts zwischen 00:00 und 00:30 Uhr stattfindet.<\/p>\n<p><strong>3. F\u00fcr diejenigen, die das ganze Ritual beschleunigen m\u00f6chten, sind schwarze Gebete sehr n\u00fctzlich und st\u00e4rken die Verbindung mit dem D\u00e4mon.<\/strong><\/p>\n<p><strong>4. Man sollte nicht versuchen, den Teufel zu t\u00e4uschen, sondern ganz ehrlich sein und nur 3 W\u00fcnsche \u00e4u\u00dfern.<\/strong><\/p>\n<ul>\n<li><span style=\"color: #ff0000;\"><strong>GELD? \u2013 Satan kann dir alles Geld der Welt geben<\/strong><\/span><\/li>\n<li><span style=\"color: #ff0000;\"><strong>LIEBE? \u2013 Luzifer wird diesen Wunsch sehr leicht erf\u00fcllen<\/strong><\/span><\/li>\n<li><span style=\"color: #ff0000;\"><strong>KRAFT? \u2013 Der D\u00e4mon Adramelech wird dir beispiellose St\u00e4rke verleihen<\/strong><\/span><\/li>\n<li><span style=\"color: #ff0000;\"><strong>WISSEN? \u2013 Alle Weisen der Vergangenheit haben ihre Seelen verkauft<\/strong><\/span><\/li>\n<li><span style=\"color: #ff0000;\"><strong>GL\u00dcCK? \u2013 D\u00e4mon Beherit wird dir dein Gluck geben<\/strong><\/span><\/li>\n<li><span style=\"color: #ff0000;\"><strong>MAGIE? \u2013 D\u00e4mon Haborim verleiht dir die Kraft eines Magiers<\/strong><\/span><\/li>\n<\/ul>\n<p><strong>6. Nach der Unterzeichnung des Vertrages mit dem Teufel ist es jedem verboten, \u00fcber diesen Vertrag zu sprechen.<\/strong><\/p>\n<h3><span style=\"color: #0000ff;\"><strong>Vertragsbedingungen<\/strong><\/span><\/h3>\n<p data-slot-rendered-dynamic=\"true\">Es ist wichtig, dass alle Punkte in der Vereinbarung mit dem Teufel klar angegeben sind. Wenn jemand beispielsweise eine Milliarde Euro erhalten m\u00f6chte, muss er nicht nur den Betrag, sondern auch den Zeitpunkt seines Erhalts klar angeben.<\/p>\n<p>Vergessen Sie nur nicht, dass der Teufel eine heimt\u00fcckische Kreatur ist und bereit ist, verschiedene unehrenhafte Taten zu begehen. Das bedeutet, dass der Vertrag verlangt, dass alle Punkte schriftlich festgehalten werden.<\/p>\n<p>Die menschliche Seele wird nach der Unterzeichnung des Abkommens Eigentum des Teufels. Daher wird der Teufel eine Bedingung angeben, die auf die Unm\u00f6glichkeit hinweist, die Vertragsbedingungen zu \u00e4ndern.<\/p>\n<p>Zweitens sollte der Vertrag festlegen, dass der Teufel von diesem Moment an verpflichtet ist, sich um die Gesundheit dieser Person zu k\u00fcmmern.<\/p>\n<p>Sobald der Vertrag unterschrieben ist, kann nichts mehr ge\u00e4ndert werden.<\/p>\n<h3><span style=\"color: #0000ff;\"><strong>Was bedeutet es, seine Seele dem Teufel zu verkaufen?<\/strong><\/span><\/h3>\n<p>Es ist kein Geheimnis, dass der Teufel der Antipode Gottes ist, der Meister des B\u00f6sen, und all negativen Dinge, die auf der Erde existieren.<\/p>\n<p data-slot-rendered-dynamic=\"true\">Wenn jemand also einen Vertrag mit einer solchen Kreatur abgeschlossen hat, ist es schwierig, sich auf die Gewissenhaftigkeit des Teufels zu verlassen.<\/p>\n<p>Er wird sicherlich versuchen, so schnell wie m\u00f6glich von der Seele der Person Besitz zu ergreifen.<\/p>\n<p>Sobald sie reich geworden ist, wird diese Person sehr traurig, wenn sie Ruhm und Geld verliert. Oft dauert das Leben von Menschen, die ihre Seele verkaufen, nach dem Verkauf nur wenige Jahre.<\/p>\n<p>Nach Vertragsunterzeichnung kann man genau 13 Jahre leben, nicht einmal einen Tag l\u00e4nger!<\/p>\n<p>Damit der Teufel seinen Verpflichtungen nachkommen kann, ist es notwendig, so viel B\u00f6ses wie m\u00f6glich auf der Erde zu erschaffen.<\/p>\n<p>Nachdem eine Person ihre Seele verkauft hat, ist sie dazu verdammt, andere Menschen zu suchen, die ihre Seele verkaufen wollen \u2013 nur so kann sie ihre Lebenskraft bewahren.<\/p>\n<h3><span style=\"color: #0000ff;\"><strong>Leben nach einem Deal mit dem Teufel<\/strong><\/span><\/h3>\n<p>Wenn das Ritual, die Seele an den Teufel zu verkaufen, abgeschlossen ist, sind Ver\u00e4nderungen sofort zu sp\u00fcren.<\/p>\n<p data-slot-rendered-dynamic=\"true\">Die innere Kraft des Menschen wird gest\u00e4rkt, ein Energieschub und Inspiration f\u00fcr neue Errungenschaften werden sp\u00fcrbar. Aber nach einer gewissen Zeit geht alles bergab. Langsam zur H\u00f6lle.<\/p>\n<p>Nach dem Tod wartet der Mensch, der seine Seele verkauft hat, auf die H\u00f6lle \u2013 weil er sein Leben den dunklen M\u00e4chten und der schwarzen Magie \u00fcbergeben hat.<\/p>\n<p>Der Vertrag schreibt normalerweise den Zeitraum vor, den eine Person in der Sklaverei Satans verbringen wird.<\/p>\n<p>So leidet ein Mensch, der seine Seele verkauft hat, wenn er mit Hilfe dunkler M\u00e4chte Erfolg hat, oft an Schlaflosigkeit, obsessiven Albtr\u00e4umen, leichten st\u00e4ndigen Krankheiten und pl\u00f6tzlichen Wutausbr\u00fcchen.<\/p>\n<p>Nicht jeder kann den kommenden Versuchungen widerstehen, daher ist es notwendig, noch einmal genau nachzudenken, bevor die Seele an den Teufel verkauft wird.<\/p>\n<p>Der Verkauf der Seele f\u00fcr einen bestimmten Vorteil ist eine Realit\u00e4t, die manche lieber ignorieren, w\u00e4hrend andere einfach Angst davor haben.<\/p>\n<p data-slot-rendered-dynamic=\"true\">In jedem Fall wird das durchgef\u00fchrte Ritual die menschliche Seele beeinflussen, und es h\u00e4ngt nur von ihm ab, welche Auswirkungen es haben wird.<\/p>\n<h3><strong><span style=\"color: #0000ff;\">Fazit<\/span><\/strong><\/h3>\n<p>Jetzt wissen wir also, wie man einen Pakt mit dem Teufel schlie\u00dft und seine Seele verkauft. Die Sache ist, wie Sie sehen k\u00f6nnen, ganz einfach.<\/p>\n<p>Es ist notwendig, eine ernsthafte psychologische Einstellung zu haben, die sich darin ausdr\u00fcckt, Gott und angemessene Gef\u00fchle zu ignorieren.<\/p>\n<p>Aber lohnt es sich, die m\u00e4chtigen, dunklen M\u00e4chte zu kontaktieren? Jahre werden vergehen, ein fatales Ende wird kommen und die verkaufte Seele wird direkt in die Unterwelt gehen.<\/p>\n<p>Sie wird f\u00fcr immer aus dem Paradies verbannt sein, wo es so viele Wunder und Gl\u00fccksmomente gibt, die man sich nicht vorstellen kann.<\/p>\n<p>Jeder von uns hat jedoch das Recht, seine eigenen Entscheidungen zu treffen, aber in jedem Fall gibt es Grund zum Nachdenken.<\/p>\n<p>Mit einer freiwilligen Zustimmung kommt der Deal zustande. Die Formalit\u00e4ten sind eingehalten, der Vertrag ist unterschrieben und die W\u00fcnsche werden abgewartet.<\/p>\n<p data-slot-rendered-dynamic=\"true\">Es ist nicht m\u00f6glich, seine Seele f\u00fcr das Wohl eines anderen Menschen an den Teufel zu verkaufen. Es werden nur pers\u00f6nliche W\u00fcnsche erf\u00fcllt. Niemand wird gezwungen, jeder muss diese Entscheidung bewusst treffen.<\/p>\n<p>Dem Teufel ist die finanzielle Situation und Gesundheit seiner Kunden gleichg\u00fcltig. Er braucht nur ihre Seele. Je fr\u00fcher die Seele den K\u00f6rper verl\u00e4sst, desto besser f\u00fcr ihn.<\/p>\n<p>Das Leben nach einem Pakt mit dem Teufel kann maximal 13 Jahre dauern. Meistens dauert es nicht lange.<\/p>\n<p>Eine Handlung kann das Leben seiner Klienten verl\u00e4ngern, und zwar so viele Menschen wie m\u00f6glich zu finden, die bereit sind, ihre Seele dem Teufel zu verkaufen.<\/p>\n<\/div>\n<\/article>\n","protected":false},"excerpt":{"rendered":"<p>Wie verkauft man dem Teufel seine Seele? Schwarze Magie 6.4.2022,\u00a0Autor:\u00a0Fran Quelle:\u00a0https:\/\/mystischerrabe.de Jeder Mensch hat eine Seele. Es ist die Energieeinheit, die in jedem von uns sitzt. Diese Art von Energie ist f\u00fcr dunkle M\u00e4chte extrem wichtig. Licht oder Himmel brauchen auch diese Art von Energie. Daher ist es klar, warum es zwischen den dunklen M\u00e4chten [&hellip;]<\/p>\n","protected":false},"author":1,"featured_media":0,"parent":2298,"menu_order":0,"comment_status":"closed","ping_status":"closed","template":"members-style1-nosidebar.php","meta":{"footnotes":"","_links_to":"","_links_to_target":""},"class_list":["post-4234","page","type-page","status-publish","hentry"],"_links":{"self":[{"href":"https:\/\/reich-sein.eu\/club\/wp-json\/wp\/v2\/pages\/4234","targetHints":{"allow":["GET"]}}],"collection":[{"href":"https:\/\/reich-sein.eu\/club\/wp-json\/wp\/v2\/pages"}],"about":[{"href":"https:\/\/reich-sein.eu\/club\/wp-json\/wp\/v2\/types\/page"}],"author":[{"embeddable":true,"href":"https:\/\/reich-sein.eu\/club\/wp-json\/wp\/v2\/users\/1"}],"replies":[{"embeddable":true,"href":"https:\/\/reich-sein.eu\/club\/wp-json\/wp\/v2\/comments?post=4234"}],"version-history":[{"count":8,"href":"https:\/\/reich-sein.eu\/club\/wp-json\/wp\/v2\/pages\/4234\/revisions"}],"predecessor-version":[{"id":4501,"href":"https:\/\/reich-sein.eu\/club\/wp-json\/wp\/v2\/pages\/4234\/revisions\/4501"}],"up":[{"embeddable":true,"href":"https:\/\/reich-sein.eu\/club\/wp-json\/wp\/v2\/pages\/2298"}],"wp:attachment":[{"href":"https:\/\/reich-sein.eu\/club\/wp-json\/wp\/v2\/media?parent=4234"}],"curies":[{"name":"wp","href":"https:\/\/api.w.org\/{rel}","templated":true}]}}