{"id":4249,"date":"2022-10-21T15:16:18","date_gmt":"2022-10-21T13:16:18","guid":{"rendered":"http:\/\/reich-sein.eu\/club\/?page_id=4249"},"modified":"2022-11-24T16:01:36","modified_gmt":"2022-11-24T14:01:36","slug":"tiroler-zahlenrad","status":"publish","type":"page","link":"https:\/\/reich-sein.eu\/club\/mittel\/tiroler-zahlenrad\/","title":{"rendered":"Tiroler Zahlenrad"},"content":{"rendered":"<h2 id=\"nativendo-title\" class=\"pane-title\"><span style=\"color: #0000ff;\"><strong>Tiroler Zahlenrad \u2013 deine Geburtszahlen geben einiges \u00fcber dich preis&#8230;<\/strong><\/span><\/h2>\n<article id=\"nativendo-article\" class=\"node node--article node--full node--article--full node--article--category-27 node--article--category-child-27\" role=\"article\">\n<div class=\"field--created\">Quelle:\u00a0<a href=\"https:\/\/www.emotion.de\/tiroler-zahlenrad\">https:\/\/www.emotion.de\/tiroler-zahlenrad<\/a><\/div>\n<div class=\"field--person field--person--article\">Auf Basis unserer Geburtszahlen soll uns das Tiroler Zahlenrad dabei helfen, unsere Talente besser einzuordnen und Ver\u00e4nderungen voranzutreiben. Wir verraten dir alles, was du dazu wissen musst.<\/div>\n<div class=\"field--story field--story--article\">\n<h3 class=\"h2\"><span style=\"color: #0000ff;\"><strong>Was ist das Tiroler Zahlenrad?\u00a0<\/strong><\/span><\/h3>\n<p>Die Autorin Johanna Paungger besch\u00e4ftigt sich seit vielen Jahren mit den Einflussrhytmen des Mondes auf unser Leben und unseren Alltag \u2013 dieses Thema begleitet sie seit ihrer Kindheit. Ihr Gro\u00dfvater brachte ihr viel \u00fcber dieses Alltagswissen, das in ihrer Familie von Generation zu Generation weitergereicht wurde, bei. Er war es auch,\u00a0der ihr das Tiroler Zahlenrad, ein System, mit dem man seine Geburtszahlen untersuchen kann,\u00a0n\u00e4herbrachte. Gemeinsam mit ihrem Ehemann Thomas Poppe, der ebenfalls Schriftsteller ist,\u00a0ging Johanna Paungger diesem alten Glauben, dass\u00a0unsere Geburtszahlen Einfluss auf unser Leben haben, auf den Grund. Das Autorenpaar geht davon aus, dass alle Zahlen in unserem Geburtsdatum uns Auskunft \u00fcber besondere Talente geben, die\u00a0von Beginn unseres Lebens an in uns schlummern. Wer diese Zahlen entschl\u00fcsselt, soll dadurch seine F\u00e4higkeiten besser einsch\u00e4tzen k\u00f6nnen.\u00a0Es sei wie die &#8222;Kombination f\u00fcr einen Safe&#8220;, dessen Inhalt nur f\u00fcr einen selbst bestimmt ist, erkl\u00e4rt Paungger.<\/p>\n<h2 class=\"h2\">Wie funktioniert das Tiroler Zahlenrad?<\/h2>\n<p>\u00c4hnlich wie die\u00a0<a href=\"https:\/\/www.emotion.de\/schoenes-neues\/numerologie\" target=\"_blank\" rel=\"noopener\">Numerologie<\/a>\u00a0geht das Konzept des Tiroler Zahlenrades davon aus, dass Zahlen, besonders die in unserem Geburtsdatum, eine gro\u00dfe symbolische Bedeutung haben. Beim Tiroler Zahlenrad werden die Zahlen von 1 bis 9 wiederum Himmelsrichtungen und Farben zugeordnet, die ebenfalls viel \u00fcber uns aussagen sollen. Jede Ziffer unseres Geburtstages soll so aufdecken, welche St\u00e4rken in uns schlummern \u2013 und jene Ziffern, die fehlen, decken unsere Unzul\u00e4nglichkeiten auf.<\/p>\n<figure class=\"align-center caption caption-img add-copyright-processed\"><img decoding=\"async\" src=\"https:\/\/www.emotion.de\/sites\/www.emotion.de\/files\/styles\/in_story\/public\/tiroler_zahlenrad.png?itok=m4HVv6LK\" alt=\"Tiroler Zahlenrad \" data-entity-id=\"44833\" data-entity-type=\"file\" data-image-style=\"in_story\" \/><figcaption><span class=\"copyright\">Bild:\u00a0Goldmann<\/span><\/figcaption><\/figure>\n<div class=\"adtile--desktop--iqadtile4\">\n<div id=\"iqadtile4\" class=\"iqlabel iqlabel-centered iqlabel-customtxt iqadtile-space-tb\" data-google-query-id=\"CIO_h-ix8foCFauQ_QcdJ7kNMQ\">\n<div id=\"google_ads_iframe_\/183\/iqdemotion\/schoenes_neues\/artikel_1__container__\"><iframe loading=\"lazy\" id=\"google_ads_iframe_\/183\/iqdemotion\/schoenes_neues\/artikel_1\" tabindex=\"0\" title=\"3rd party ad content\" role=\"region\" src=\"https:\/\/3932c3af078e01a274b2fd9ea65ce3a1.safeframe.googlesyndication.com\/safeframe\/1-0-38\/html\/container.html\" name=\"\" width=\"1000\" height=\"333\" frameborder=\"0\" marginwidth=\"0\" marginheight=\"0\" scrolling=\"no\" sandbox=\"allow-forms allow-popups allow-popups-to-escape-sandbox allow-same-origin allow-scripts allow-top-navigation-by-user-activation\" data-is-safeframe=\"true\" aria-label=\"Advertisement\" data-google-container-id=\"2\" data-load-complete=\"true\" data-mce-fragment=\"1\"><\/iframe><\/div>\n<\/div>\n<\/div>\n<h2 class=\"h2\">So entschl\u00fcsselst du mit dem Tiroler Zahlenrad deine Geburtszahlen<\/h2>\n<p>Mit unserer\u00a0<strong>Step-by-Step-Anleitung<\/strong>\u00a0kannst du die Bedeutung deiner Geburtszahlen ergr\u00fcnden und deinen Charakter besser verstehen.<\/p>\n<ul>\n<li>Schreibe dein Geburtsdatum auf ein Blatt Papier<\/li>\n<li>Ordne nun\u00a0<strong>jede\u00a0einzelne<\/strong>\u00a0Ziffer\u00a0deines Geburtsdatums den einzelnen Himmelsrichtungen nach dem Tiroler Zahlenrad zu. Hast du an einem Tag oder Monat mit zwei Ziffern (zum Beispiel dem 12.10.) Geburtstag, nimm jede Ziffer f\u00fcr sich und teile sie der entsprechenden Himmelsrichtung zu. Die beiden Ziffern 5 und 0 werden keiner konkreten Himmelsrichtung zugeteilt, sondern bilden sozusagen die goldene Mitte.<\/li>\n<li>Dein\u00a0<strong>Geburtsjahr<\/strong>\u00a0bildet eine Ausnahme \u2013 dort ordnest du nicht jede Ziffer einer Himmelsrichtung zu, sondern lediglich die\u00a0<strong>letzten beiden Ziffern<\/strong>\u00a0(beim Geburtsjahr 1990 zum Beispiel die 9 und die 0)<\/li>\n<li>Je nach Geburtsdatum solltest du nun zwischen vier und sechs Ziffern haben<\/li>\n<\/ul>\n<h2 class=\"h2\">Die Bedeutungen der einzelnen Zahlen, Himmelsrichtungen und Farben<\/h2>\n<h2 class=\"h2\">Ziffern 1 und 6: der blaue Norden<\/h2>\n<p>In der Farbenlehre steht Blau f\u00fcr Sanftmut, Besonnenheit und Objektivit\u00e4t. Menschen, die\u00a0Geburtszahlen im Norden haben, gelten laut dem Tiroler Zahlenrad als wissensdurstig, intelligent und charismatisch. Negative Eigenschaften sind meist Gereiztheit oder das Streben nach Macht und Kontrolle. Berufe, in denen all jene mit den Geburtszahlen 1 und 6 sich besonders entfalten k\u00f6nnen: Lehrer:innen, Schriftsteller:innen, Anw\u00e4lt:innen und T\u00e4tigkeiten im Medienbereich.<\/p>\n<h2 class=\"h2\">Ziffern 3 und 8: der gr\u00fcne Osten<\/h2>\n<p>Gr\u00fcn ist laut Farbenlehre nicht nur die Farbe der Hoffnung, sondern auch der Gelassenheit. All jene mit den Geburtszahlen 3 und 8 sind nach Auffassung des Tiroler Zahlenrades besonders harmondiebed\u00fcrftig, naturverbunden und tolerant \u2013 aber oft auch sehr neugierig und manipulativ. Berufe, die f\u00fcr alle mit Geburtszahlen im gr\u00fcnen Osten interessant sein k\u00f6nnten: \u00c4rzt:in, Pfleger:in, Kinderg\u00e4rtner:in und Psycholog:in.<\/p>\n<h2 class=\"h2\">Ziffern 2 und 7: der rote S\u00fcden<\/h2>\n<div class=\"adtile--desktop--iqadtile99\"><\/div>\n<p>Die Farbe Rot steht f\u00fcr Kraft und Leidenschaft. Das trifft auch auf die Zahlen zu, die im Tiroler Zahlenrad im S\u00fcden verortet sind, denn sie stehen f\u00fcr Energie, Unabh\u00e4ngigkeit und Begeisterungsf\u00e4higkeit. Menschen mit diesen Geburtszahlen haben ein starkes Temperament, das manchmal aber auch in Hysterie und Rechthaberei umschlagen kann. Ideale Berufe f\u00fcr diese kreativen und energievollen Geburtszahlen sind: Architekt:in, K\u00fcnstler:in oder Wissenschaftler:in.<\/p>\n<h2 class=\"h2\">Ziffern 4 und 9: der wei\u00dfe Westen<\/h2>\n<p>In der Farbenlehre ist die Farbe Wei\u00df ein Symbol f\u00fcr Unschuld und Erleuchtung. Menschen, deren Geburtszahlen dem Westen zugerechnet werden, sind oft starke Pers\u00f6nlichkeiten: scharfsinnig, ehrgeizig und durchsetzungsf\u00e4hig, aber auch egoistisch. Ideale Berufe f\u00fcr alle mit diesen Eigenschaften sind beispielsweise: Sportler:in, Manager:in, Handwerker:in und Techniker:in.<\/p>\n<h2 class=\"h2\">Ziffern 5 und 0: die gelbe Mitte<\/h2>\n<p>Gelb steht f\u00fcr die meisten von uns f\u00fcr die Sonne und Fr\u00f6hlichkeit. Die Geburtszahlen 5 und 0, die das Tiroler Zahlenrad der gelben Mitte zurechnet, stehen f\u00fcr Gro\u00dfz\u00fcgigkeit, Bodenst\u00e4ndigkeit und Hilfsbereitschaft. All jene\u00a0mit Geburtszahlen in der Mitte k\u00f6nnen aber auch verschwenderisch und typische &#8218;Overthinker&#8216;\u00a0sein und\u00a0ihren Tagtr\u00e4umen zu sehr nachh\u00e4ngen. Berufe, die sich f\u00fcr Menschen mit den Geburtszahlen 5 und 0 anbieten, sind: Politiker:in, G\u00e4rtner:in oder Landwirt:in.<\/p>\n<figure class=\"align-right caption caption-img add-copyright-processed\"><img decoding=\"async\" src=\"https:\/\/www.emotion.de\/sites\/www.emotion.de\/files\/styles\/in_story\/public\/bildschirmfoto_2022-06-02_um_16.16.03.png?itok=U14hGvOZ\" alt=\"Tiroler Zahlenrad\" data-entity-id=\"44835\" data-entity-type=\"file\" data-image-style=\"in_story\" \/><figcaption><span class=\"copyright\">Bild:\u00a0Goldmann Verlag<\/span><\/figcaption><\/figure>\n<h2 class=\"h2\">Selbstreflexion mit dem Tiroler Zahlenrad<\/h2>\n<p>Das Tiroler Zahlenrad kann uns dabei helfen, \u00fcber uns selbst und unsere St\u00e4rken und Schw\u00e4chen zu reflektieren und uns Gedanken dar\u00fcber zu machen, was wir in unserem Leben machen und erreichen wollen. Au\u00dferdem kann es uns aufzeigen, welche pers\u00f6nlichen Defizite wir haben\u00a0und welche Menschen gut zu uns passen, weil sie diese Mankos mit ihrem Charakter ausgleichen k\u00f6nnen. Wenn ihr mehr \u00fcber das Tiroler Zahlenrad erfahren wollt, k\u00f6nnt ihr euch im Buch von Johanna Paungger und Thomas Poppe noch mehr Informationen \u00fcber das traditionsreiche Konzept holen (&#8222;Das Tiroler Zahlenrad&#8220;, 304 Seiten, ca. 10\u20ac, ISBN:\u00a0978-3-442-17583-3).<\/p>\n<\/div>\n<\/article>\n","protected":false},"excerpt":{"rendered":"<p>Tiroler Zahlenrad \u2013 deine Geburtszahlen geben einiges \u00fcber dich preis&#8230; Quelle:\u00a0https:\/\/www.emotion.de\/tiroler-zahlenrad Auf Basis unserer Geburtszahlen soll uns das Tiroler Zahlenrad dabei helfen, unsere Talente besser einzuordnen und Ver\u00e4nderungen voranzutreiben. Wir verraten dir alles, was du dazu wissen musst. Was ist das Tiroler Zahlenrad?\u00a0 Die Autorin Johanna Paungger besch\u00e4ftigt sich seit vielen Jahren mit den Einflussrhytmen [&hellip;]<\/p>\n","protected":false},"author":1,"featured_media":0,"parent":5069,"menu_order":0,"comment_status":"closed","ping_status":"closed","template":"members-style1-nosidebar.php","meta":{"footnotes":"","_links_to":"","_links_to_target":""},"class_list":["post-4249","page","type-page","status-publish","hentry"],"_links":{"self":[{"href":"https:\/\/reich-sein.eu\/club\/wp-json\/wp\/v2\/pages\/4249","targetHints":{"allow":["GET"]}}],"collection":[{"href":"https:\/\/reich-sein.eu\/club\/wp-json\/wp\/v2\/pages"}],"about":[{"href":"https:\/\/reich-sein.eu\/club\/wp-json\/wp\/v2\/types\/page"}],"author":[{"embeddable":true,"href":"https:\/\/reich-sein.eu\/club\/wp-json\/wp\/v2\/users\/1"}],"replies":[{"embeddable":true,"href":"https:\/\/reich-sein.eu\/club\/wp-json\/wp\/v2\/comments?post=4249"}],"version-history":[{"count":3,"href":"https:\/\/reich-sein.eu\/club\/wp-json\/wp\/v2\/pages\/4249\/revisions"}],"predecessor-version":[{"id":4252,"href":"https:\/\/reich-sein.eu\/club\/wp-json\/wp\/v2\/pages\/4249\/revisions\/4252"}],"up":[{"embeddable":true,"href":"https:\/\/reich-sein.eu\/club\/wp-json\/wp\/v2\/pages\/5069"}],"wp:attachment":[{"href":"https:\/\/reich-sein.eu\/club\/wp-json\/wp\/v2\/media?parent=4249"}],"curies":[{"name":"wp","href":"https:\/\/api.w.org\/{rel}","templated":true}]}}