{"id":4277,"date":"2022-10-21T21:09:38","date_gmt":"2022-10-21T19:09:38","guid":{"rendered":"http:\/\/reich-sein.eu\/club\/?page_id=4277"},"modified":"2022-11-24T15:34:43","modified_gmt":"2022-11-24T13:34:43","slug":"richtig","status":"publish","type":"page","link":"https:\/\/reich-sein.eu\/club\/seins-dimensionen\/informieren\/richtig\/","title":{"rendered":"RICHTIG"},"content":{"rendered":"<h3>richtig (in die richtige Richtung)<\/h3>\n<h4>Bedeutung\/Definition<\/h4>\n<dl>\n<dd>1) der\u00a0Wirklichkeit\u00a0entsprechend,\u00a0wahr, nicht\u00a0falsch<\/dd>\n<dd>2) den Absichten, Vorgaben oder Vorschriften entsprechend<\/dd>\n<\/dl>\n<blockquote><p>der Wirklichkeit entsprechend, wahr, nicht falsch<\/p><\/blockquote>\n<blockquote><p>den Absichten, Vorgaben oder Vorschriften entsprechend<\/p><\/blockquote>\n<blockquote><p>wirklich<\/p><\/blockquote>\n<blockquote><p>als Entscheidung, Verhalten dem tats\u00e4chlichen Sachverhalt, der realen Gegebenheit entsprechend; zutreffend, nicht verkehrt<\/p><\/blockquote>\n<blockquote><p>keinen\u00a0<i>(logischen)<\/i>\u00a0Fehler oder Widerspruch, keine Ungenauigkeiten, Unstimmigkeiten enthaltend<\/p><\/blockquote>\n<blockquote><p>f\u00fcr jemanden, etwas am besten geeignet, passend<\/p><\/blockquote>\n<blockquote><p>den Erwartungen, die an eine bestimmte Person oder Sache gestellt werden, entsprechend; wie es sich geh\u00f6rt; ordentlich<\/p><\/blockquote>\n<blockquote><p>in der wahren Bedeutung eines Wortes; nicht scheinbar, sondern echt; wirklich, tats\u00e4chlich<\/p><\/blockquote>\n<blockquote><p>regelrecht, richtiggehend<\/p><\/blockquote>\n<blockquote><p>sehr; ausgesprochen<\/p><\/blockquote>\n<p>Bedeutung:\u00a0<b>recht<\/b><\/p>\n<p>Bedeutung:\u00a0<b>regelm\u00e4\u00dfig<\/b><\/p>\n<p>regelm\u00e4\u00dfig richtig gew\u00f6hnlich naturgem\u00e4\u00df schematisch rhythmisch ausgemacht erwartungsgem\u00e4\u00df allt\u00e4glich s\u00fcchtig<br \/>\ngesetzm\u00e4\u00dfig notorisch gewohnheitsm\u00e4\u00dfig aufger\u00e4umt wirklich so gewohnterma\u00dfen buchst\u00e4blich immer so aus Gewohnheit sich wiederholend regelm\u00e4\u00dfig wiederkehrend<\/p>\n<p>Bedeutung:\u00a0<b>wirklich<\/b><\/p>\n<p>tats\u00e4chlich rein wirklich wahr real richtig konkret effektiv echt glaubhaft auch<br \/>\nregelrecht aufrichtig wahrlich wahrhaftig begreiflich f\u00fcrwahr wirklichkeitsnah bestehend realiter faktisch wahrlich<\/p>\n","protected":false},"excerpt":{"rendered":"<p>richtig (in die richtige Richtung) Bedeutung\/Definition 1) der\u00a0Wirklichkeit\u00a0entsprechend,\u00a0wahr, nicht\u00a0falsch 2) den Absichten, Vorgaben oder Vorschriften entsprechend der Wirklichkeit entsprechend, wahr, nicht falsch den Absichten, Vorgaben oder Vorschriften entsprechend wirklich als Entscheidung, Verhalten dem tats\u00e4chlichen Sachverhalt, der realen Gegebenheit entsprechend; zutreffend, nicht verkehrt keinen\u00a0(logischen)\u00a0Fehler oder Widerspruch, keine Ungenauigkeiten, Unstimmigkeiten enthaltend f\u00fcr jemanden, etwas am besten geeignet, [&hellip;]<\/p>\n","protected":false},"author":1,"featured_media":0,"parent":1672,"menu_order":0,"comment_status":"closed","ping_status":"closed","template":"members-style1-nosidebar.php","meta":{"footnotes":"","_links_to":"","_links_to_target":""},"class_list":["post-4277","page","type-page","status-publish","hentry"],"_links":{"self":[{"href":"https:\/\/reich-sein.eu\/club\/wp-json\/wp\/v2\/pages\/4277","targetHints":{"allow":["GET"]}}],"collection":[{"href":"https:\/\/reich-sein.eu\/club\/wp-json\/wp\/v2\/pages"}],"about":[{"href":"https:\/\/reich-sein.eu\/club\/wp-json\/wp\/v2\/types\/page"}],"author":[{"embeddable":true,"href":"https:\/\/reich-sein.eu\/club\/wp-json\/wp\/v2\/users\/1"}],"replies":[{"embeddable":true,"href":"https:\/\/reich-sein.eu\/club\/wp-json\/wp\/v2\/comments?post=4277"}],"version-history":[{"count":5,"href":"https:\/\/reich-sein.eu\/club\/wp-json\/wp\/v2\/pages\/4277\/revisions"}],"predecessor-version":[{"id":4282,"href":"https:\/\/reich-sein.eu\/club\/wp-json\/wp\/v2\/pages\/4277\/revisions\/4282"}],"up":[{"embeddable":true,"href":"https:\/\/reich-sein.eu\/club\/wp-json\/wp\/v2\/pages\/1672"}],"wp:attachment":[{"href":"https:\/\/reich-sein.eu\/club\/wp-json\/wp\/v2\/media?parent=4277"}],"curies":[{"name":"wp","href":"https:\/\/api.w.org\/{rel}","templated":true}]}}