{"id":4324,"date":"2022-10-22T16:10:41","date_gmt":"2022-10-22T14:10:41","guid":{"rendered":"http:\/\/reich-sein.eu\/club\/?page_id=4324"},"modified":"2022-12-06T17:17:49","modified_gmt":"2022-12-06T15:17:49","slug":"weg","status":"publish","type":"page","link":"https:\/\/reich-sein.eu\/club\/weg\/","title":{"rendered":"Weg"},"content":{"rendered":"<h2><span style=\"color: #0000ff;\"><strong>Entwicklung vom Opfer zum Sch\u00f6pfer<\/strong><\/span><\/h2>\n<p><em><strong>Die Entscheidungsgewalt des Menschen erm\u00f6glicht es ihm, wie ein Engel oder ein Teufel, ein K\u00f6nig oder ein Sklave zu denken. Was auch immer er w\u00e4hlt, der Geist wird es erschaffen und manifestieren.<\/strong><\/em> (Friedrich Bailes)<\/p>\n<h3><strong><span style=\"color: #0000ff;\"><em>\u201eIhr k\u00f6nnt nicht Gott dienen und dem Mammon.\u201c<\/em><\/span> (Mt 6,24)<\/strong><\/h3>\n<p>&nbsp;<\/p>\n<p><span style=\"color: #0000ff;\"><strong>Aufgrund Kausalit\u00e4t gibt es\u00a02 Aspekte in der Erden-Welt: <em>Erschaffen oder<\/em>\u00a0<em>Folgen<\/em><\/strong><\/span><\/p>\n<p>Der eine hat den Gedanken, ein Unternehmen aufzubauen. Die anderen folgen seiner Idee und sind Angestellte in seinem Unternehmen.<\/p>\n<p>Der eine schreibt Texte f\u00fcr seine Webseite. Viele andere lesen diesen Text.<\/p>\n<p>Der eine gestaltet Videos f\u00fcr soziale Internet-Plattformen.\u00a0Die anderen konsumieren seine Videos und folgen ihm.<\/p>\n<ul>\n<li>Woraus (aus was) besteht gr\u00f6\u00dftenteils mein Leben ?<\/li>\n<li>Was m\u00f6chte ich eigentlich wirklich?!<\/li>\n<li>M\u00f6chte\u00a0 ich ein ein Erschaffer (Creator) oder ein Folger (Follower) sein?<\/li>\n<\/ul>\n<p>Beides ist nicht als gut oder schlecht zu bewerten, sondern <strong>Deine Entscheidung!!<\/strong><\/p>\n<p>Manchmal lassen wir uns im Leben f\u00fchren (oder auch verf\u00fchren), manchmal f\u00fchren wir selbst andere.<\/p>\n<p>Hinterfrage in diesem Sinne Dein Leben. Es ist Deine Entscheidung!<\/p>\n<p>Wenn Du nicht bewu\u00dft entscheidest, dann entscheiden andere f\u00fcr Dich, welche Rolle Du einnimmst.<\/p>\n<p>&nbsp;<\/p>\n<h3 class=\"title-h2 direction-ltr\"><span style=\"color: #0000ff;\"><strong>Vangelis: Eroberung des Paradieses<\/strong><\/span><\/h3>\n<div class=\"ltf direction-ltr\">\n<div class=\"par\">\n<div class=\"ll-0-1\">Hmm&#8230;<\/div>\n<\/div>\n<div class=\"emptyline\"><\/div>\n<div class=\"par\">\n<div class=\"ll-1-1\">Es scheint ein Licht im Herzen der Menschen,<\/div>\n<div class=\"ll-1-2\">es trotzt dem Dunkel der Mitternacht,<\/div>\n<div class=\"ll-1-3\">ein Strahl, der in jeder Seele gl\u00fcht<\/div>\n<div class=\"ll-1-4\">wie Fl\u00fcgel der Hoffnung den Flug aufnehmend.<\/div>\n<\/div>\n<div class=\"emptyline\"><\/div>\n<div class=\"par\">\n<div class=\"ll-2-1\">Ein sonniger Tag, wenn ein Baby geboren wird,<\/div>\n<div class=\"ll-2-2\">die kleinen Dinge, die wir nennen,<\/div>\n<div class=\"ll-2-3\">ein ungew\u00f6hnliches Funkeln in jemandes Augen,<\/div>\n<div class=\"ll-2-4\">ganz einfache Gaben, an jedem Tag.<\/div>\n<\/div>\n<div class=\"emptyline\"><\/div>\n<div class=\"par\">\n<div class=\"ll-3-1\">Irgendwo ist ein Paradies,<\/div>\n<div class=\"ll-3-2\">wo jedermann Befreiung findet,<\/div>\n<div class=\"ll-3-3\">es ist hier auf Erden und zwischen deinen Augen,<\/div>\n<div class=\"ll-3-4\">ein Ort, wo wir alle unseren Frieden finden.<\/div>\n<\/div>\n<div class=\"emptyline\"><\/div>\n<div class=\"par\">\n<div class=\"ll-4-1\">Refrain:<\/div>\n<div class=\"ll-4-2\">Komm &#8211; \u00f6ffne dein Herz,<\/div>\n<div class=\"ll-4-3\">greif nach den Sternen,<\/div>\n<div class=\"ll-4-4\">glaube an deine eigene Kraft,<\/div>\n<div class=\"ll-4-5\">jetzt &#8211; hier an diesem Ort,<\/div>\n<div class=\"ll-4-6\">hier auf dieser Erde,<\/div>\n<div class=\"ll-4-7\">zu dieser Stunde.<\/div>\n<\/div>\n<div class=\"emptyline\"><\/div>\n<div class=\"par\">\n<div class=\"ll-5-1\">Es ist einfach ein Ort, den wir Paradies nennen,<\/div>\n<div class=\"ll-5-2\">jeder von uns hat sein eigenes,<\/div>\n<div class=\"ll-5-3\">es hat keinen Namen, nein, es hat keinen Preis,<\/div>\n<div class=\"ll-5-4\">es ist einfach ein Ort, den wir Heimat nennen.<\/div>\n<\/div>\n<div class=\"emptyline\"><\/div>\n<div class=\"par\">\n<div class=\"ll-6-1\">Ein Traum, der bis jenseits der Sterne reicht,<\/div>\n<div class=\"ll-6-2\">das endlose Blau des Himmels,<\/div>\n<div class=\"ll-6-3\">immer sich fragend: wer sind wir?<\/div>\n<div class=\"ll-6-4\">Immer die Frage stellend: warum?<\/div>\n<\/div>\n<div class=\"emptyline\"><\/div>\n<div class=\"par\">\n<div class=\"ll-7-1\">Refrain<\/div>\n<\/div>\n<div class=\"emptyline\"><\/div>\n<div class=\"par\">\n<div class=\"ll-8-1\">Es scheint ein Licht im Herzen der Menschen,<\/div>\n<div class=\"ll-8-2\">es trotzt dem Dunkel der Mitternacht,<\/div>\n<div class=\"ll-8-3\">ein Strahl, der in jeder Seele gl\u00fcht<\/div>\n<div class=\"ll-8-4\">wie Fl\u00fcgel der Hoffnung den Flug aufnehmend.<\/div>\n<\/div>\n<div class=\"emptyline\"><\/div>\n<div class=\"par\">\n<div class=\"ll-9-1\">Wie Fl\u00fcgel der Hoffnung den Flug startend.<\/div>\n<\/div>\n<\/div>\n<p><iframe loading=\"lazy\" title=\"YouTube video player\" src=\"https:\/\/www.youtube.com\/embed\/WYeDsa4Tw0c\" width=\"560\" height=\"315\" frameborder=\"0\" allowfullscreen=\"allowfullscreen\"><\/iframe><\/p>\n<p><em><strong>\u00abSollte ein Mann in der Schlacht tausend Gegner besiegen und noch einmal tausend, und ein anderer besiegte sich selbst, so w\u00e4re des zweiten der gr\u00f6\u00dfere Sieg, denn von allen Siegen der gr\u00f6\u00dfte ist der Sieg eines Menschen \u00fcber sich selbst.<\/strong><\/em><\/p>\n<p><em><strong>Und weder die G\u00f6tter im Himmel noch die D\u00e4monen in der Unterwelt verm\u00f6gen den Sieg eines solchen Menschen in eine Niederlage zu verwandeln.\u00bb<\/strong><\/em><\/p>\n<p>Es geht im Leben um besseres Bewu\u00dftsein und die H\u00f6her-Entwicklung als Mensch.<\/p>\n<p>Mein geistig-seelisches Wesen will sich als Teil der Sch\u00f6pfung mit eigener Sch\u00f6pfungskraft befreien aus der Opferrolle in der materialistischen und technischen Matrix, um letztlich in der F\u00fclle der Sch\u00f6pfung als Sch\u00f6pfer der F\u00fclle einfach (gl\u00fccklich und zufrieden) zu sein.<\/p>\n<h2><span style=\"color: #0000ff;\"><strong>Praxisgerechte Vorgehensweise:<\/strong><\/span><\/h2>\n<h3><strong><span style=\"color: #0000ff;\">1) Heilen<\/span><\/strong><\/h3>\n<p><strong>Heilungs-Paket<\/strong> &#8211; im Falle von Krankheit, Ungl\u00fccks-F\u00e4llen und Schicksals-Schl\u00e4gen<\/p>\n<h3><strong><span style=\"color: #0000ff;\">2) Harmonisieren<\/span><\/strong><\/h3>\n<p><strong>Harmonisierungs-Paket<\/strong> &#8211; im Falle von Disharmonien, Konflikt, Streit und dergleichen<\/p>\n<h3><strong><span style=\"color: #0000ff;\">3) Erfolgen<\/span><\/strong><\/h3>\n<p><strong>Erfolgs-Paket<\/strong> &#8211; um eine Absicht zu verwirklichen bzw. an ein gew\u00fcnschtes Ziel zu gelangen, sofern dieses im Rahmen der pers\u00f6nlichen wahrscheinlichen M\u00f6glichkeiten enthalten ist.<\/p>\n<p>&nbsp;<\/p>\n<h3><span style=\"color: #0000ff;\"><strong>Die menschlichen T\u00f6ne (\u201eDer g\u00f6ttliche Heilstrom\u201c) sind MAHAN:<\/strong><\/span><\/h3>\n<p>Ein Mensch, der die Lernschritte geht, wird den\u00a0<strong>g\u00f6ttlichen Heilstrom\u00a0MAHAN<\/strong>\u00a0erhalten,<\/p>\n<ol>\n<li>zun\u00e4chst als\u00a0<strong>\u00dcbertragung<\/strong>\u00a0(<span style=\"color: #0000ff;\"><strong>empfangen<\/strong>\u00a0<strong>von LIEBE<\/strong><\/span>\u00a0als gr\u00f6\u00dfte Heilkraft),<\/li>\n<li>sp\u00e4ter als\u00a0<strong>Einbettung<\/strong>\u00a0(<span style=\"color: #0000ff;\"><strong>Kanalisation<\/strong>:\u00a0<strong>LIEBE sein<\/strong><\/span>)<\/li>\n<li>In einer weiteren Unterweisung lernt er,\u00a0<strong><span style=\"color: #0000ff;\">MAHAN als g\u00f6ttlichen Heilstrom zu lenken,<\/span> um damit\u00a0Segen zu geben,<\/strong>\u00a0f\u00fcr Menschen, Tiere, Pflanzen, Orte\u00a0<span style=\"color: #0000ff;\"><strong>(<em>Sch\u00f6pfung<\/em>)<\/strong><\/span><\/li>\n<li>Zum Abschluss der Lern-Sequenz \u201eSternentor \u2013 I\u201c\u00a0<strong>wird <span style=\"color: #0000ff;\">g\u00f6ttlicher Heilstrom MAHAN an Mutter Erde \u00fcbertragen,<\/span><\/strong>\u00a0unsere Heimat \u2013 das strahlende Blau.<\/li>\n<\/ol>\n<p>&nbsp;<\/p>\n<p><strong>G\u00fcnter Dziomba und Dr. Ingo Wuddel<\/strong><\/p>\n<p>\u201eGenerationswechsel \u2013 Versuch einer AQAL-Analyse\u201d<\/p>\n<p><em>\u00a0<\/em><\/p>\n<p><em>\u00a0<\/em><\/p>\n<h3><span style=\"color: #0000ff;\"><strong>Sechs\u00a0Bedingungen\u00a0f\u00fcr\u00a0Ver\u00e4nderung<\/strong><\/span><\/h3>\n<p><strong>Um einen Ver\u00e4nderungsprozess erfolgreich durchf\u00fchren zu k\u00f6nnen, m\u00fcssen eine Reihe von Bedingungen erf\u00fcllt sein. Je mehr Bedingungen erf\u00fcllt sind, desto umfassender und tiefer kann der angestrebte Wandel sein. Sind alle 6 Bedingungen gegeben, ist der \u00dcbergang zur n\u00e4chst h\u00f6heren Meme-Stufe m\u00f6glich. Die 6 Bedingungen sind:<\/strong><strong>\u00a0<\/strong><strong>\u00a0<\/strong><\/p>\n<ol>\n<li><strong>Ein\u00a0hinreichendes\u00a0(individuelles\u00a0oder\u00a0kollektives)\u00a0mentales<\/strong><\/li>\n<\/ol>\n<p><strong><em>Potenzial<\/em><\/strong><strong>, d.h. eine Offenheit f\u00fcr Ver\u00e4nderung in die beabsichtigte Richtung ist vorhanden.<\/strong><strong>\u00a0<\/strong><\/p>\n<ol start=\"2\">\n<li><em>L\u00f6sungen<\/em><\/li>\n<\/ol>\n<p><strong>f\u00fcr aktuelle (und fr\u00fchere) Existenzprobleme (im aktuellen Spiralzustand)sind gefunden und befriedigend umgesetzt.<\/strong><strong>\u00a0<\/strong><\/p>\n<ol start=\"3\">\n<li><strong>Im\u00a0System\u00a0ist\u00a0ein\u00a0Gef\u00fchl\u00a0von <span style=\"color: #0000ff;\"><em>Dissonanz<\/em><\/span><\/strong><\/li>\n<\/ol>\n<p><strong>gegenw\u00e4rtig. Dissonanz meint die f\u00fcr jede Ver\u00e4nderung notwendige innere Ersch\u00fctterung.<\/strong><strong>\u00a0<\/strong><\/p>\n<ol start=\"4\">\n<li><strong>Die\u00a0(inneren\u00a0und\u00a0\u00e4u\u00dferen) <span style=\"color: #0000ff;\"><em>Hindernisse<\/em><\/span><\/strong><\/li>\n<\/ol>\n<p><strong>f\u00fcr den Wandel sind erkannt, (in ihren Folgen sowie Risiken bei ihrer Beseitigung) verstanden und \u00fcberwunden.<\/strong><strong>\u00a0<\/strong><\/p>\n<ol start=\"5\">\n<li><strong><span style=\"color: #0000ff;\"><em>Einsicht<\/em><\/span><\/strong><\/li>\n<\/ol>\n<p><strong>in die Gr\u00fcnde der Krise und erkennbare Alternativen sind vorhanden. Eswird verstanden, was schief l\u00e4uft, und alternativen Szenarien sind verf\u00fcgbar.<\/strong><strong>\u00a0<\/strong><\/p>\n<ol start=\"6\">\n<li><span style=\"color: #0000ff;\"><strong><em>Verst\u00e4rkung und Unterst\u00fctzung<\/em><\/strong><\/span><\/li>\n<\/ol>\n<p><strong>w\u00e4hrend des \u00dcbergangs sind gegeben. Schwankungen bei der Anpassung werden abgefedert, Lernprozesse akzeptiert.<\/strong><strong>\u00a0<\/strong><\/p>\n<h3><span style=\"color: #0000ff;\"><strong>F\u00fcnf\u00a0Phasen\u00a0in\u00a0Ver\u00e4nderungsprozessen<\/strong><\/span><\/h3>\n<p><strong>Ver\u00e4nderungsprozesse zwischen 2 Meme-Stufen laufen nach Beck und Cowan durcheinen Zyklus von 5 Phasen:<\/strong><strong>\u00a0<\/strong><\/p>\n<p><strong><span style=\"color: #0000ff;\">(1) Die <em>Alpha-Phase<\/em><\/span><\/strong><\/p>\n<p><strong>ist stabil und ausbalanciert, aber kein permanenter Zustand. DieUmgebung bzw. die Bed\u00fcrfnisse der Menschen im System ver\u00e4ndern sich.<\/strong><strong>\u00a0<\/strong><\/p>\n<p><strong><span style=\"color: #0000ff;\">(2) Die <em>Beta-Phase<\/em><\/span><\/strong><\/p>\n<p><strong>ist eine Zeit von Unsicherheit und Fragen. Die alten Wege funktionieren nicht mehr richtig. Man f\u00fchlt, etwas ist falsch, wei\u00df aber nicht, was. Beta kann durch eine fr\u00fche Reform (evolution\u00e4re Ver\u00e4nderung) direkt zum neuen Alphaf\u00fchren oder in einem revolution\u00e4ren Prozess \u00fcber den Umweg von Gamma und Delta:<\/strong><strong>\u00a0<\/strong><\/p>\n<p><strong><span style=\"color: #0000ff;\">(3) Die <em>Gamma Phase<\/em><\/span><\/strong><\/p>\n<p><strong>ist ein Zustand von Angst, Hoffnungslosigkeit und \u00c4rger. Man scheint von un\u00fcberwindlichen H\u00fcrden umgeben zu sein. Ein ungeduldiges Verlangen nach Tatenf\u00fchrt schlie\u00dflich zu einem Angriff auf die Barrieren. Sind sie zerbrochen, wird Deltainitiiert.<\/strong><strong>\u00a0<\/strong><\/p>\n<p><strong><span style=\"color: #0000ff;\">(4) Der <em>Delta-Aufstieg<\/em><\/span><\/strong><\/p>\n<p><strong>ist inspirierter Enthusiasmus: aufregend und von schnellem Wandel gepr\u00e4gt. Ein gro\u00dfartiges neues Alpha ist in Aussicht, aber noch nicht er-reicht.<\/strong><strong>\u00a0<\/strong><\/p>\n<p><strong><span style=\"color: #0000ff;\">(5) Im <em>neuen Alpha<\/em><\/span><\/strong><\/p>\n<p><strong>ist das System zur Stabilit\u00e4t zur\u00fcckgekehrt \u2013 auf der n\u00e4chst h\u00f6heren oder niedrigeren Ebene der Spirale. Sind die Entwicklungs-Phase und -Stufe des betrachteten Systems erkannt, liefert das Modell der Spiraldynamik Hinweise darauf, in welcher Richtung Ver\u00e4nderung beim geplanten Wandel essenziell ist.<\/strong><\/p>\n","protected":false},"excerpt":{"rendered":"<p>Entwicklung vom Opfer zum Sch\u00f6pfer Die Entscheidungsgewalt des Menschen erm\u00f6glicht es ihm, wie ein Engel oder ein Teufel, ein K\u00f6nig oder ein Sklave zu denken. Was auch immer er w\u00e4hlt, der Geist wird es erschaffen und manifestieren. (Friedrich Bailes) \u201eIhr k\u00f6nnt nicht Gott dienen und dem Mammon.\u201c (Mt 6,24) &nbsp; Aufgrund Kausalit\u00e4t gibt es\u00a02 Aspekte [&hellip;]<\/p>\n","protected":false},"author":1,"featured_media":0,"parent":0,"menu_order":0,"comment_status":"closed","ping_status":"closed","template":"members-style1-nosidebar.php","meta":{"footnotes":"","_links_to":"","_links_to_target":""},"class_list":["post-4324","page","type-page","status-publish","hentry"],"_links":{"self":[{"href":"https:\/\/reich-sein.eu\/club\/wp-json\/wp\/v2\/pages\/4324","targetHints":{"allow":["GET"]}}],"collection":[{"href":"https:\/\/reich-sein.eu\/club\/wp-json\/wp\/v2\/pages"}],"about":[{"href":"https:\/\/reich-sein.eu\/club\/wp-json\/wp\/v2\/types\/page"}],"author":[{"embeddable":true,"href":"https:\/\/reich-sein.eu\/club\/wp-json\/wp\/v2\/users\/1"}],"replies":[{"embeddable":true,"href":"https:\/\/reich-sein.eu\/club\/wp-json\/wp\/v2\/comments?post=4324"}],"version-history":[{"count":18,"href":"https:\/\/reich-sein.eu\/club\/wp-json\/wp\/v2\/pages\/4324\/revisions"}],"predecessor-version":[{"id":5310,"href":"https:\/\/reich-sein.eu\/club\/wp-json\/wp\/v2\/pages\/4324\/revisions\/5310"}],"wp:attachment":[{"href":"https:\/\/reich-sein.eu\/club\/wp-json\/wp\/v2\/media?parent=4324"}],"curies":[{"name":"wp","href":"https:\/\/api.w.org\/{rel}","templated":true}]}}