{"id":4415,"date":"2022-10-22T21:37:03","date_gmt":"2022-10-22T19:37:03","guid":{"rendered":"http:\/\/reich-sein.eu\/club\/?page_id=4415"},"modified":"2022-11-25T21:46:55","modified_gmt":"2022-11-25T19:46:55","slug":"heilung-von-emotionen","status":"publish","type":"page","link":"https:\/\/reich-sein.eu\/club\/opfern\/heilung-von-emotionen\/","title":{"rendered":"Heilung von Emotionen"},"content":{"rendered":"<h2 class=\"Stil7\" style=\"text-align: left;\" align=\"center\"><span style=\"color: #0000ff;\"><strong><em>The Kryon Teachings<\/em>\u00a0&#8211; Beschleunigter Heilprozess f\u00fcr Emotionen<\/strong><\/span><\/h2>\n<p class=\"Stil7\" align=\"center\"><a href=\"http:\/\/www.kryon.org.za\/\">http:\/\/www.kryon.org.za\/<\/a><\/p>\n<table width=\"100%\" cellpadding=\"0\">\n<tbody>\n<tr>\n<td class=\"Stil7\" width=\"100%\">Das ist ein Heilungsprozess, der geschaffen ist, Gef\u00fchle in feiner Art wachzurufen.<br \/>\nWenn Emotionen wachgerufen werden, kann Heilung durch Anerkennung oder Erl\u00f6sung stattfinden.<br \/>\nErinnere Dich, dass Emotion eine alte Programmierung ist, die zur\u00fcckgeht auf unsere Kindheit.<br \/>\nWenn unsere Emotionen nicht klar sind, ist es wie mit einem Schiff zu fahren, das vor Anker liegt.<br \/>\nDer zweite Teil der Meditation ist ein Akt der Vergebung auf Zellebene.<\/td>\n<\/tr>\n<\/tbody>\n<\/table>\n<ul class=\"Stil7\">\n<li>Schlie\u00dfe Deine Augen<\/li>\n<li>Atme Deine Seele ein. Halte die Seele den ganzen Prozess lang in Deinem K\u00f6rper<\/li>\n<li>W\u00e4hle eine Person, die Emotionen in Deinem Leben wachruft.<br \/>\n(Dein Vater oder Deine Mutter im besonderen sind besonders wert, dass Du mit Ihnen arbeitest, aber nat\u00fcrlich wird es auch jede andere Person tun.)<\/li>\n<li>Schau in die Augen der Person mit der Du arbeitest&#8230;<\/li>\n<li>Erkenne die Emotionen in den Augen der anderen Person.<br \/>\n(Falls die andere Person es nicht erlaubt, dass Du ihr in die Augen siehst, dann f\u00fchle einfach die Emotionen, die Widerstand und Trennung hervorrufen.)<\/li>\n<li>F\u00fchle dieselben Emotionen in Dir<\/li>\n<li>Verschmelze Deine Emotionen mit den Emotionen der Person, mit der Du arbeitest.<br \/>\n(Du musst ihre Emotion f\u00fchlen, genau wie sie Deine Emotionen f\u00fchlen muss, und erlaube Dir keinen Widerstand.)<\/li>\n<li>Erkenne die Emotionen an und gib sie frei<\/li>\n<li>Gibt es noch weitere Emotionen, die jetzt hochkommen?<br \/>\n(Arbeite mit ihnen in gleicher Weise.)<\/li>\n<li>Umarme die andere Person<\/li>\n<li>\u00d6ffne Dein Herz der anderen Person gegen\u00fcber und erlaube der Liebe in das offene Herz dieser Person zu flie\u00dfen. Sei sicher, dass die Liebe zu Dir zur\u00fcckkehren darf, und lasse flie\u00dfen, bis die Liebe frei in beide Richtungen flie\u00dft. So wie die Liebe w\u00e4chst, sieh euch beide in einem Kokon aus Licht<\/li>\n<li>Entferne Dich einen Schritt von dieser Person. Schau Dir alle Energieb\u00e4nder an, die Euch aneinander binden<\/li>\n<li>Kl\u00e4re die Energie zwischen Euch, indem Du alle B\u00e4nder freigibst, z. B. ben\u00fctze eine Schere um die B\u00e4nder durchzuschneiden oder frage Merlin den Zauberer, ob er Zaubernebel \u00fcber die B\u00e4nder spr\u00fcht und sie damit aufl\u00f6st. Versichere Dich, dass die Energie vollkommen klar ist<\/li>\n<li>Erschaffe ein neues Band aus sch\u00f6nem Licht zwischen Euch, von Herzchakra zu Herzchakra und erlaube nur bedingungsloser Liebe von Herz zu Herz zu flie\u00dfen. Wo noch Widerstand in Deinem Herzen ist, lasse die bedingungslose Liebe den Widerstand kl\u00e4ren<\/li>\n<li>Frage die andere Person, ob es noch etwas gibt, was zwischen Euch noch nicht beendet ist. Wenn ja, dann bring es zu einem Abschluss, indem Du Deine eigene Intuition und Vorstellungskraft ben\u00fctzt. (Gebrauche Magie in diesem Prozess.)<\/li>\n<li>Bedanke Dich bei der Person f\u00fcr die Lektionen in der Vergangenheit<\/li>\n<li>Gib die andere Person in Liebe frei. F\u00fchle k\u00f6rperlich wie die Energie der anderen Person sich von Dir wegbewegt<\/li>\n<li>Wenn Du fertig bist, komme langsam in das normale Wachbewusstsein zur\u00fcck<\/li>\n<\/ul>\n<p class=\"Stil7\">\u00dcbersetzung: Christine Jordan<\/p>\n<p>Quelle:\u00a0<a href=\"http:\/\/www.herzdenken.info\/Seiten\/Kryon%20SA%20Emotionen%20heilen.htm\">http:\/\/www.herzdenken.info\/Seiten\/Kryon%20SA%20Emotionen%20heilen.htm<\/a><\/p>\n","protected":false},"excerpt":{"rendered":"<p>The Kryon Teachings\u00a0&#8211; Beschleunigter Heilprozess f\u00fcr Emotionen http:\/\/www.kryon.org.za\/ Das ist ein Heilungsprozess, der geschaffen ist, Gef\u00fchle in feiner Art wachzurufen. Wenn Emotionen wachgerufen werden, kann Heilung durch Anerkennung oder Erl\u00f6sung stattfinden. Erinnere Dich, dass Emotion eine alte Programmierung ist, die zur\u00fcckgeht auf unsere Kindheit. Wenn unsere Emotionen nicht klar sind, ist es wie mit einem [&hellip;]<\/p>\n","protected":false},"author":1,"featured_media":0,"parent":4018,"menu_order":0,"comment_status":"closed","ping_status":"closed","template":"members-style1-nosidebar.php","meta":{"footnotes":"","_links_to":"","_links_to_target":""},"class_list":["post-4415","page","type-page","status-publish","hentry"],"_links":{"self":[{"href":"https:\/\/reich-sein.eu\/club\/wp-json\/wp\/v2\/pages\/4415","targetHints":{"allow":["GET"]}}],"collection":[{"href":"https:\/\/reich-sein.eu\/club\/wp-json\/wp\/v2\/pages"}],"about":[{"href":"https:\/\/reich-sein.eu\/club\/wp-json\/wp\/v2\/types\/page"}],"author":[{"embeddable":true,"href":"https:\/\/reich-sein.eu\/club\/wp-json\/wp\/v2\/users\/1"}],"replies":[{"embeddable":true,"href":"https:\/\/reich-sein.eu\/club\/wp-json\/wp\/v2\/comments?post=4415"}],"version-history":[{"count":1,"href":"https:\/\/reich-sein.eu\/club\/wp-json\/wp\/v2\/pages\/4415\/revisions"}],"predecessor-version":[{"id":4416,"href":"https:\/\/reich-sein.eu\/club\/wp-json\/wp\/v2\/pages\/4415\/revisions\/4416"}],"up":[{"embeddable":true,"href":"https:\/\/reich-sein.eu\/club\/wp-json\/wp\/v2\/pages\/4018"}],"wp:attachment":[{"href":"https:\/\/reich-sein.eu\/club\/wp-json\/wp\/v2\/media?parent=4415"}],"curies":[{"name":"wp","href":"https:\/\/api.w.org\/{rel}","templated":true}]}}