{"id":4418,"date":"2022-10-23T09:11:17","date_gmt":"2022-10-23T07:11:17","guid":{"rendered":"http:\/\/reich-sein.eu\/club\/?page_id=4418"},"modified":"2022-11-23T17:37:27","modified_gmt":"2022-11-23T15:37:27","slug":"schicksal-begegnen","status":"publish","type":"page","link":"https:\/\/reich-sein.eu\/club\/sein\/schicksal-begegnen\/","title":{"rendered":"Schicksal begegnen"},"content":{"rendered":"<h2><span style=\"color: #0000ff;\"><strong>ES IST H\u00d6CHSTE ZEIT F\u00dcR UNS, <\/strong><\/span><\/h2>\n<h2><span style=\"color: #0000ff;\"><strong>UNSEREM SCHICKSAL ZU BEGEGNEN!<\/strong><\/span><\/h2>\n<p><a href=\"http:\/\/reich-sein.eu\/club\/wp-content\/uploads\/2022\/10\/Regenbogen-Weg.jpg\"><img loading=\"lazy\" decoding=\"async\" class=\"alignnone wp-image-4427\" src=\"http:\/\/reich-sein.eu\/club\/wp-content\/uploads\/2022\/10\/Regenbogen-Weg.jpg\" alt=\"\" width=\"500\" height=\"625\" srcset=\"https:\/\/reich-sein.eu\/club\/wp-content\/uploads\/2022\/10\/Regenbogen-Weg.jpg 720w, https:\/\/reich-sein.eu\/club\/wp-content\/uploads\/2022\/10\/Regenbogen-Weg-240x300.jpg 240w\" sizes=\"auto, (max-width: 500px) 100vw, 500px\" \/><\/a><\/p>\n<p>Die Energien sind intensiv, denn die falsche Matrixsimulation befindet sich im vollen Kollapsmodus. Wir hatten heute bisher f\u00fcnf starke, der Erde zugewandte Sonneneruptionen der Klasse C und eine kleinere der Klasse M, und viele k\u00f6nnen sie sp\u00fcren. Alle helfen uns dabei, die letzte falsche Schicht des Selbst loszulassen, alle einschr\u00e4nkenden \u00dcberzeugungen und Gedankenformen, die Programmierung, auf der das falsche Matrix-Hologramm basierte, zusammen mit all seiner KI, holografischen \u00dcberlagerungen, Einf\u00fcgungen, Siegeln und falschen Erinnerungen und Geschichte.<\/p>\n<p>Es ist SEHR wichtig, dass ihr euch zu diesem Zeitpunkt daran erinnert, dass ihr einen Film seht und die alte Welt stirbt und einige der Schauspieler mit ihr. Doch alle werden nach Hause zur\u00fcckkehren.<\/p>\n<p>HIEROGAMISCHE VEREINIGUNGEN sind am Sonntag, den 18. auf einer h\u00f6heren Bewusstseinsebene zur VOLLST\u00c4NDIGEN BEENDUNG gekommen, indem sie die Heilige Dreifaltigkeit vollst\u00e4ndig wiedergeboren haben und den neuen Gitterstrom und die Tri\/Trinit\u00e4tswelle des 13D-Diamanten-Einheitsgitters laufen lassen. All das, weil wir gekommen sind, um uns selbst wahrhaftig zu ERKENNEN und uns an unsere wahre Essenz und Natur zu erinnern.<\/p>\n<p><strong>Es ist an der Zeit, dass unser wahres und wahrhaftiges Leben JETZT beginnt!<\/strong><\/p>\n<p><strong>WIR BEREITEN UNS AUF DAS GROSSE EREIGNIS VOR!<\/strong> Viele von uns k\u00f6nnen f\u00fchlen, dass es (was auch immer das ist) unmittelbar bevorsteht.<\/p>\n<p>Wie ich in meinem letzten Video-Update sagte, hat das Ereignis in gewisser Weise bereits am Mittwoch, dem 14. Juni, stattgefunden, nachdem das Schuhmann-Resonanz-Chart nach \u00fcber 9 Tagen offline wieder online ging, wie ich in meinem Beitrag &#8222;GAME OVER&#8220; mitteilte.<\/p>\n<p><strong>DIE VOLLST\u00c4NDIGE R\u00dcCKSTELLUNG DES EINEN BEWUSSTSEINS KOMMT JETZT,<\/strong> in k\u00fcrzester Zeit, zustande!<\/p>\n<p><strong>DIES IST DAS ENDE ALLER KRIEGE!<\/strong> Also h\u00f6rt auf, diese Zeitlinien\/Wirklichkeiten zu f\u00fcttern, auf jeden Fall.<\/p>\n<p>777 Kl\u00e4rung aller Ahnen- und Blutlinien \u00fcber alle St\u00e4mme hinweg &#8211; The One &#8211; abgeschlossen!<\/p>\n<p><strong>Dies ist DAS ENDE DES KARMA!<\/strong><\/p>\n<p><strong>Das ist SCHULDVERGEBUNG!<\/strong><\/p>\n<p>Die S\u00fcnden unserer Vorv\u00e4ter und M\u00fctter sind nun vollst\u00e4ndig befreit worden! Die Mutter-Kind-DNA-RNA-Kodierungen wurden vollst\u00e4ndig geheilt, was eine Heilung und Wiedergeburt ALLER innerhalb der Heiligen Dreifaltigkeit und der EINHEIT der ewigen Lebensstr\u00f6me und -fl\u00fcsse der Quelle bedeutet. Alle verbleibenden 666 Todesf\u00e4lle und andere Siegel aus unserem und dem planetarischen morphogenetischen Feld werden vollst\u00e4ndig aufgel\u00f6st. Jene K\u00f6rper, die sich im Einklang mit dem neuen kosmischen Bewusstsein und dem Gesetz des Einen befinden und alle einschr\u00e4nkenden Glaubenss\u00e4tze und Gedankenformen in Trance beendet haben, beginnen damit, ihre Gef\u00e4\u00dfe auf allen Ebenen vollst\u00e4ndig zu heilen, umzukehren und zu verj\u00fcngen.<\/p>\n<p>Die Aktivierungen und Kl\u00e4rungen des Roseline-, Dove-Grid- und Planetarischen Gittersystems am 19. Mai haben die Roselines, Katharer, Essener, die Eieyani-Essene-Priesterschaft und Graillines geheilt, und damit ALLE Blutlinien, die alle Teil der 12 plus\/als EINS sind, DIE HEILIGE 13 VOLLST\u00c4NDIG ERWACHT!<\/p>\n<p>Es kann sein, dass ihr gro\u00dfe karmische Seelenvertr\u00e4ge habt, die jetzt enden, da die karmische Schuld jetzt vollst\u00e4ndig erlassen wurde, was viele schnelle Ver\u00e4nderungen mit sich bringt. Das bedeutet nicht unbedingt, dass wir keinen Kontakt mehr mit der\/den Person(en) haben, sondern nur, dass unsere schwere Last, die B\u00fcrde und der Konflikt, endg\u00fcltig losgelassen wurden und nun nicht mehr existieren.<\/p>\n<p>HALLELUJAH!!!<\/p>\n<p>Ein massiver Ausstieg und \u00dcbergang der Seelen ist im Gange. Dies \u00f6ffnet den Weg f\u00fcr eine massive Anzahl von Walk-Ins, die sich jetzt ereignen, was sich auch f\u00fcr uns auf individueller Ebene als DNA-Aktivierungen und g\u00f6ttliche Vereinigung mit dem Geliebten ereignet. Es sind eure\/unsere multidimensionalen Aspekte, die innerhalb der Heiligen Dreifaltigkeit als EINS verschmelzen.<\/p>\n<p>Der planetarische und kosmische Logos und die 12\/13 urspr\u00fcnglichen St\u00e4mme, und damit unser und das planetarische morphogenetische Feld und der kosmische Quanten-Lebensbaum, sind jetzt vollst\u00e4ndig geheilt, vereinigen sich und werden vollst\u00e4ndig als EINS in der g\u00f6ttlichen Ordnung aktiviert.<\/p>\n<p>Wir werden daran erinnert, dass wir mit allem verbunden und an nichts gebunden sind. Wir werden gebeten, alle Anhaftungen loszulassen, die wir vielleicht noch haben, insbesondere im Zusammenhang mit der Angst, Menschen, die wir lieben und die uns nahe stehen, durch das, was \u00fcber uns kommt, zu verlieren&#8220;. Die Illusion des Todes in Trance zu beenden ist eine der vielen Herausforderungen und alten Matrix-Programmierungen\/Glaubenss\u00e4tze, die wir \u00fcberwinden m\u00fcssen. Der Tod ist wirklich ein Teil der Illusion, an die wir uns jetzt erinnern m\u00fcssen, da viele Seelen dabei sind, die B\u00fchne zu verlassen. Seid versichert, dass nichts verloren ist, alles wird transformiert und wir werden gebeten, uns im Vertrauen auf den sich entfaltenden g\u00f6ttlichen Plan vollst\u00e4ndig zu ergeben, damit ALLE wiedergeboren werden k\u00f6nnen! Wir bewegen uns vom Glauben und Vertrauen hin zu einem tiefen inneren WISSEN der g\u00f6ttlichen WAHRHEIT.<\/p>\n<p>Die Missionen des Smaragdordens und des Kosmischen Diamanten der Wei\u00dfen Elohei kommen zur vollen Vollendung, w\u00e4hrend ALLE Seelen in ihre rechtm\u00e4\u00dfige HEIMAT zur\u00fcckkehren. Das Gitternetz und das Stargate-System wurden zur\u00fcckerobert, und wir sind dabei, unser wahres Selbst innerhalb der Singularit\u00e4t neu zu geb\u00e4ren und vollst\u00e4ndig wieder zu vereinen. Wir aktivieren das neue Einheits- und 12\/13D-Diamantengitter, aktivieren unsere 12-15+ DNA-Str\u00e4nge und die g\u00f6ttliche Vorlage der 144 plus drei als EINS. Die Vorlage des neuen Dreifach-Diamanten-Sonnenk\u00f6rpers aus 72 Str\u00e4ngen der Dreifach-Helix-DNA.<\/p>\n<p>Die kollektive Psychose und Paranoia kl\u00e4rt sich, wie sie es tut, sie kommt hoch. Neutralit\u00e4t und das Durchschauen der Illusionen ist es, was die niederen Realit\u00e4ten aufl\u00f6st.<\/p>\n<p>Wir bewegen uns von einem auf Angst basierenden Verstand zu einem auf Liebe basierenden Denken aus einem offenen, h\u00f6heren Herz-Geist.<\/p>\n<p>Nervosit\u00e4t, alte Abwehrmechanismen, Traumata, Anspannung und Angst verlassen unseren K\u00f6rper. Erlaubt so viel physische, mentale und emotionale Entspannung wie m\u00f6glich, um eine leichtere und schnellere Freigabe und Integration eures multidimensionalen Selbst zu unterst\u00fctzen.<\/p>\n<p>Dies alles ist Teil der ENDG\u00dcLTIGEN &amp; VOLLST\u00c4NDIGEN ENTFERNUNG ALLER IMPOSTERS, einschlie\u00dflich aller verbleibenden negativen Entit\u00e4ten, Au\u00dferirdischen, parasit\u00e4ren Lebensformen, Vampire, gefallenen Engel, D\u00e4monen, D\u00e4monensamen, KI-Materialien, Signale und Netze, schwarzer Glibber, Graphen, Schattenwesen, Umkehrplasmen und rotem Wellenspektrum, Interferenzmustern, Umkehrungen, Klonen, Cyborgs, k\u00fcnstlichen Lebensformen, festsitzenden Seelen und Seelenst\u00fccken und -fragmenten, die mit falschen Lichtmatrizen verbunden sind, ALLE verbleibenden gefallenen, anorganischen und k\u00fcnstlichen Zeitlinien\/ Realit\u00e4ten und Matrizen, Strukturen, Architekturen, Materialien und Systeme, ALLE negativen au\u00dferirdischen Maschinen und Technologien, ALLES, was unseren vollst\u00e4ndigen Aufstieg und die Aktivierung unserer multidimensionalen DNA und g\u00f6ttlichen Schablone der 144 plus drei als EINS, Diamantsonne, Merkaba und Diamant-Regenbogenplasma-Lichtk\u00f6rper noch verhindert, geschieht bereits jetzt! Ich sehe, dass sich dies alles in den n\u00e4chsten Stunden und Tagen vollst\u00e4ndig vollenden wird.<\/p>\n<p>Alles wird durch die hierarchische Vereinigung der Vorl\u00e4ufer und des wahren kosmischen Drachen und der Maji-Grals-K\u00f6niginnen und -K\u00f6nige erm\u00f6glicht, wenn sie sich wieder als EINE Monade und Logos vereinigen, den Stammesschild vollst\u00e4ndig heilen und den organischen Magnetismus der Erde wiederherstellen.<\/p>\n<p>Dies ist eine kraftvolle multidimensionale Verschmelzung, die die Wiedergeburt aller Dimensionen, Realit\u00e4ten, Zeitlinien, Reiche und Universen sowie unseres multidimensionalen Selbst als EIN organisches Sch\u00f6pferfeld und ein wahres Avatar-Selbst vollendet.<\/p>\n<p>Die neue organische Kern-Sch\u00f6pfungs-Blaupause, die viele Vorlagen enth\u00e4lt.<\/p>\n<p>Dies wird nun dazu f\u00fchren, dass wahre Zwillingsflammen, g\u00f6ttliche und kosmische Re-Unionen und monadische Seelengruppen zusammenkommen.<\/p>\n<p>Wir alle lassen die Magie geschehen, indem wir weiterhin das Licht verst\u00e4rken und es im kristallinen Kern und in den Gittern von Mama Gaja verankern, w\u00e4hrend wir in unserem wahren, authentischen Selbst stehen und unsere Macht, Gaben und F\u00e4higkeiten in dem tiefen Wissen zur\u00fcckfordern, dass WIR JETZT FREI SIND!<\/p>\n<p>WIR VERSCHMELZEN VOLLST\u00c4NDIG MIT UNSEREM BEREITS AUFGESTIEGENEN MEISTER-H\u00dcTER-DIAMANT-AVATAR-SELBST UND DER NEUEN AUFSTIEGS-ERDE &#8211; JETZT!<\/p>\n<p>IN NULL KOMMA NICHTS!!<\/p>\n<p>ES IST BEREITS GESCHEHEN!<\/p>\n<p>Verschmelze weiterhin mit dieser Realit\u00e4t mit allem, was du hast. Mit jedem Wort, jedem Gedanken, jedem Gef\u00fchl, jedem Glauben und jeder Handlung, die ihr unternehmt, um euch vollst\u00e4ndig darauf auszurichten, JETZT!!!<\/p>\n<p>Denn wir sind die Mitsch\u00f6pfer unserer Realit\u00e4ten!<\/p>\n<p>Handle, denke, f\u00fchle und verhalte dich so, als ob die NEUE ERDE bereits \u00fcberall um dich herum ist, denn sie ist es! Das Paradies entsteht und entz\u00fcndet sich tief in uns!<\/p>\n<p>Und KEINE ZEIT MEHR!!!<\/p>\n<p>Bitte \ud83e\udd2a.<\/p>\n<p>Zeit, sowie Raum und Schwerkraft, wie wir sie kennen, sind 3\/4D-Konstrukte, die wir jetzt vollst\u00e4ndig in Trance beenden und aufl\u00f6sen, w\u00e4hrend wir mit dem verschmelzen, was wir bereits sind, ewig so,<\/p>\n<p>Immer JETZT.<\/p>\n<p>Wir erinnern uns vollst\u00e4ndig an unser einziges wahres Selbst, das nie geboren wurde und nie stirbt. Das ist FORMLOS, GRENZENLOS, BEGRENZUNGSLOS, ZEITLOS, ANGSTLOS &amp; FREI JETZT!<\/p>\n<p>Alles andere ist Einbildung, Teil der falschen Wahrnehmungen, Projektionen, verkehrten und einschr\u00e4nkenden \u00dcberzeugungen, falscher Beweise, die als real erscheinen, und mit allen verbleibenden Illusionen, die sich jetzt aufl\u00f6sen und an der Oberfl\u00e4che zerplatzen.<\/p>\n<p>Wir wechseln vom angstbasierten zum liebebasierten Denken. Von Krieg zu Frieden. Vom Verstand, der den Weg vorgibt, zum Herzen, wobei wir beide als EINEN h\u00f6heren Herz-Geist integriert haben.<\/p>\n<p>DIE WIRKLICHE BEWUSSTSEINS-R\u00dcCKSTELLUNG, die POLE und die Magnetfeldverschiebung besteht darin, dass wir uns von PARANOIA zu PRO-NOIA verschieben!!!<\/p>\n<p>Anstatt zu glauben und uns einzubilden, dass die Welt gegen uns arbeitet, dass wir Angst vor der Zukunft, vor Menschen, Beziehungen, Erfahrungen und unserer Realit\u00e4t haben sollten, gehen wir dazu \u00fcber, wirklich zu verstehen und uns daran zu erinnern, dass alles immer eine Ko-Kreation des Einen ist, von dem wir ein Teil sind. Und auch wenn die Dinge herausfordernd und schwierig sein k\u00f6nnen, so geschehen sie doch alle f\u00fcr uns. Es ist nur so, dass die Art und Weise, wie unser Ego die Realit\u00e4t wahrnimmt, in gut und schlecht aufgeteilt ist, was nicht der Fall ist, wenn wir diese Dinge aus einer h\u00f6heren Perspektive betrachten, in der alles immer so ist, wie es sein muss. Alles f\u00fcr uns, damit wir weiter in unsere Macht, in unsere H\u00fcterschaft und in unsere wahre Essenz eintreten und so immer heller und furchtloser strahlen k\u00f6nnen!<\/p>\n<p>Schlie\u00dflich sind WIR DER GANZE KOSMOS und wir sind als EINS verschmolzen und k\u00f6nnen wieder klar sehen!<\/p>\n<p>Denn was hier wirklich WIRKLICH ist und was nicht.<\/p>\n<p>Wir verlagern uns davon, uns selbst zu sch\u00fctzen und etwas Angst vor unseren Realit\u00e4ten und unserer Umgebung zu haben, um SUPERBEWUSSTE MITSCH\u00d6PFER zu werden, die unsere Absichten in unsere Realit\u00e4ten einpr\u00e4gen und nicht umgekehrt. Wir \u00fcberschreiben und verschl\u00fcsseln, wir programmieren das Hologramm neu, wenn wir unseren Blick auf die Dinge ver\u00e4ndern, ver\u00e4ndern sich die Dinge, die wir betrachten, und wenn wir unsere Lebenskraft und Aufmerksamkeit von allen niederen Realit\u00e4ten zur\u00fcckziehen, kollabieren sie quantenm\u00e4\u00dfig.<\/p>\n<p>Der Quantenbeobachter-Effekt, der nur aus dem Nullpunkt-Feld der g\u00f6ttlichen Liebe und Neutralit\u00e4t heraus zug\u00e4nglich ist, und das in KEINER ZEIT.<\/p>\n<p>Die neue organische Kern-Sch\u00f6pfungs-Blaupause, die viele Vorlagen enth\u00e4lt.<\/p>\n<p>Dies wird nun dazu f\u00fchren, dass wahre Zwillingsflammen, g\u00f6ttliche und kosmische Re-Unionen und monadische Seelengruppen zusammenkommen.<\/p>\n<p>Wir alle lassen die Magie geschehen, indem wir weiterhin das Licht verst\u00e4rken und es im kristallinen Kern und in den Gittern von Mama Gaja verankern, w\u00e4hrend wir in unserem wahren, authentischen Selbst stehen und unsere Macht, Gaben und F\u00e4higkeiten in dem tiefen Wissen zur\u00fcckfordern, dass WIR JETZT FREI SIND!<\/p>\n<p>WIR VERSCHMELZEN VOLLST\u00c4NDIG MIT UNSEREM BEREITS AUFGESTIEGENEN MEISTER-H\u00dcTER-DIAMANT-AVATAR-SELBST UND DER NEUEN AUFSTIEGS-ERDE &#8211; JETZT!<\/p>\n<p>IN NULL KOMMA NICHTS!!<\/p>\n<p>ES IST BEREITS GESCHEHEN!<\/p>\n<p>Verschmelze weiterhin mit dieser Realit\u00e4t mit allem, was du hast. Mit jedem Wort, jedem Gedanken, jedem Gef\u00fchl, jedem Glauben und jeder Handlung, die ihr unternehmt, um euch vollst\u00e4ndig darauf auszurichten, JETZT!!!<\/p>\n<p>Denn wir sind die Mitsch\u00f6pfer unserer Realit\u00e4ten!<\/p>\n<p>Handle, denke, f\u00fchle und verhalte dich so, als ob die NEUE ERDE bereits \u00fcberall um dich herum ist, denn sie ist es! Das Paradies entsteht und entz\u00fcndet sich tief in uns!<\/p>\n<p>Und KEINE ZEIT MEHR!!!<\/p>\n<p>Bitte \ud83e\udd2a.<\/p>\n<p>Zeit, sowie Raum und Schwerkraft, wie wir sie kennen, sind 3\/4D-Konstrukte, die wir jetzt vollst\u00e4ndig in Trance beenden und aufl\u00f6sen, w\u00e4hrend wir mit dem verschmelzen, was wir bereits sind, ewig so,<\/p>\n<p>Immer JETZT.<\/p>\n<p>Wir erinnern uns vollst\u00e4ndig an unser einziges wahres Selbst, das nie geboren wurde und nie stirbt. Das ist FORMLOS, GRENZENLOS, BEGRENZUNGSLOS, ZEITLOS, ANGSTLOS &amp; FREI JETZT!<\/p>\n<p>Alles andere ist Einbildung, Teil der falschen Wahrnehmungen, Projektionen, verkehrten und einschr\u00e4nkenden \u00dcberzeugungen, falscher Beweise, die als real erscheinen, und mit allen verbleibenden Illusionen, die sich jetzt aufl\u00f6sen und an der Oberfl\u00e4che zerplatzen.<\/p>\n<p>Wir wechseln vom angstbasierten zum liebebasierten Denken. Von Krieg zu Frieden. Vom Verstand, der den Weg vorgibt, zum Herzen, wobei wir beide als EINEN h\u00f6heren Herz-Geist integriert haben.<\/p>\n<p>DIE WIRKLICHE BEWUSSTSEINS-R\u00dcCKSTELLUNG, die POLE und die Magnetfeldverschiebung besteht darin, dass wir uns von PARANOIA zu PRO-NOIA verschieben!!!<\/p>\n<p>Anstatt zu glauben und uns einzubilden, dass die Welt gegen uns arbeitet, dass wir Angst vor der Zukunft, vor Menschen, Beziehungen, Erfahrungen und unserer Realit\u00e4t haben sollten, gehen wir dazu \u00fcber, wirklich zu verstehen und uns daran zu erinnern, dass alles immer eine Ko-Kreation des Einen ist, von dem wir ein Teil sind. Und auch wenn die Dinge herausfordernd und schwierig sein k\u00f6nnen, so geschehen sie doch alle f\u00fcr uns. Es ist nur so, dass die Art und Weise, wie unser Ego die Realit\u00e4t wahrnimmt, in gut und schlecht aufgeteilt ist, was nicht der Fall ist, wenn wir diese Dinge aus einer h\u00f6heren Perspektive betrachten, in der alles immer so ist, wie es sein muss. Alles f\u00fcr uns, damit wir weiter in unsere Macht, in unsere H\u00fcterschaft und in unsere wahre Essenz eintreten und so immer heller und furchtloser strahlen k\u00f6nnen!<\/p>\n<p>Schlie\u00dflich sind WIR DER GANZE KOSMOS und wir sind als EINS verschmolzen und k\u00f6nnen wieder klar sehen!<\/p>\n<p>Denn was hier wirklich WIRKLICH ist und was nicht.<\/p>\n<p>Wir verlagern uns davon, uns selbst zu sch\u00fctzen und etwas Angst vor unseren Realit\u00e4ten und unserer Umgebung zu haben, um SUPERBEWUSSTE MITSCH\u00d6PFER zu werden, die unsere Absichten in unsere Realit\u00e4ten einpr\u00e4gen und nicht umgekehrt. Wir \u00fcberschreiben und verschl\u00fcsseln, wir programmieren das Hologramm neu, wenn wir unseren Blick auf die Dinge ver\u00e4ndern, ver\u00e4ndern sich die Dinge, die wir betrachten, und wenn wir unsere Lebenskraft und Aufmerksamkeit von allen niederen Realit\u00e4ten zur\u00fcckziehen, kollabieren sie quantenm\u00e4\u00dfig.<\/p>\n<p>Der Quantenbeobachter-Effekt, der nur aus dem Nullpunkt-Feld der g\u00f6ttlichen Liebe und Neutralit\u00e4t heraus zug\u00e4nglich ist, und das in KEINER ZEIT.<\/p>\n<p>Wir fangen nun an, das, was wir sehen wollen, in das Feld zu projizieren, da die Manifestationen nun extrem verst\u00e4rkt werden, alle Blockaden und Interferenzmuster entfernt werden und die Decks vollst\u00e4ndig gereinigt werden. Wenn wir alle angstbasierten, verkehrten Gedankenformen und \u00dcberzeugungen, St\u00f6rungsmuster, falschen Wahrnehmungen und Projektionen endg\u00fcltig aufl\u00f6sen und loslassen, l\u00f6st sich die gefallene Matrixsimulation vollst\u00e4ndig auf und kollabiert jetzt schnell und h\u00f6rt auf zu existieren.<\/p>\n<p>Wenn wir alles loslassen, was uns klein gehalten hat, erwecken wir die Magie und die magischen Reiche tief in uns, da unser inneres Kind frei ist, zu spielen und zu erschaffen und wieder Spa\u00df zu haben! Das ist es, was es unserem Drachen, der Fee, den Meerm\u00e4nnern und vielen anderen magischen Aspekten erlaubt, tief in uns entz\u00fcndet zu werden und dann nach au\u00dfen projiziert zu werden, so dass sie wieder sichtbar werden. Es ist letztendlich eine Aktivierung unserer Multidimensionalen DNA, die das Neue Organische Sch\u00f6pferfeld und den Bildschirm, zusammen mit allen Farben und Realit\u00e4ten der Neuen Erde, vollst\u00e4ndig online bringt!<\/p>\n<p>Das ist es, was unser wahres, bereits aufgestiegenes Meister-, W\u00e4chter- und Diamant-Avatar-Selbst aktiviert, EINS mit der Quelle und allem Leben \u00fcberall! Wenn wir uns als EINS in der Hierogamischen Union vereinen, unser EINS-Sein wiedergeb\u00e4ren und wiedererinnern.<\/p>\n<p>Der Sch\u00f6pfer ist EINS mit seiner Sch\u00f6pfung.<\/p>\n<p>Erinnert sich wieder an sein einziges wahres Selbst.<\/p>\n<p>Alle verkehrten und einschr\u00e4nkenden Programmierungen\/Gedankenformen und \u00dcberzeugungen, auf denen die falsche, k\u00fcnstliche Matrixsimulation beruhte, werden aufgel\u00f6st. So wie sie sich heben, so heben sich auch die falschen, k\u00fcnstlichen holographischen \u00dcberlagerungen und Einf\u00fcgungen, und der Schleier l\u00f6st sich jetzt vollst\u00e4ndig auf und enth\u00fcllt die ECHTE WAHRHEIT und ALLE NEUEN ERDENREALIT\u00c4TEN der ASCENSION!<\/p>\n<p>Am Sonntag, den 18. (9.9.) haben sich das G\u00f6ttlich-Weibliche, das M\u00e4nnliche und das Kind als EINS mit der Quelle innerhalb der Heiligen Dreifaltigkeit vereint. Sie erheben sich jetzt gemeinsam als EINS, w\u00e4hrend sie den neuen Krystar SAphiRa\/ Christos-Sophia\/ Androgenen Albion K\u00f6rper und die G\u00f6ttliche Engels-HUman Blaupause, die viele Vorlagen enth\u00e4lt, wiedergeb\u00e4ren und aus ihrem Inneren heraus entz\u00fcnden.<\/p>\n<p>Damit sind alle Geschlechterumkehrungen vollst\u00e4ndig gekl\u00e4rt, und alle (Geschlechter-)Kriege enden. Das g\u00f6ttliche Maskulinum und das g\u00f6ttliche Femininum d\u00fcrfen einander wieder VERTRAUEN und beenden in Trance ihre Paranoia, Nervosit\u00e4t, Abwehr, \u00c4ngste, Zweifel und Unsicherheiten, da sie verstehen, dass, solange jeder in der g\u00f6ttlichen Liebe, Integrit\u00e4t, Transparenz und Wahrheit steht, es wirklich keinen Grund zur Sorge gibt, da sie EINS sind und immer sein werden. Nur wenn wir in der Wahrheit leben, k\u00f6nnen wir das, was wirklich WIRKLICH ist, von dem unterscheiden, was es nicht ist.<\/p>\n<p>VERTRAUEN und WAHRHEIT ist das, was die g\u00f6ttliche Vereinigung m\u00f6glich macht, die Heilung von verbleibendem Herzschmerz, Wunden und Traumata, nachdem wir alle unsere multidimensionalen Teile, unsere m\u00e4nnlichen und weiblichen Energien als EINS innerhalb der Trinit\u00e4t integriert haben. W\u00e4hrend sie sich in hierarchischer Vereinigung erheben, unterst\u00fctzen und erm\u00f6glichen sie die Aktivierung des planetarischen Lichtk\u00f6rpers und des neuen Aufstiegs-Erde-Diamanten-Gitters, indem sie das neue organische Sch\u00f6pferfeld und die Realit\u00e4ten vollst\u00e4ndig zur Welt bringen, das Stammesschild heilen, den letzten Schleier des Vergessens und alle verbleibenden Illusionen der Trennung aufl\u00f6sen.<\/p>\n<p>Mir wurde das g\u00f6ttliche Maskulinum gezeigt, das als Sonnenk\u00f6nig oder solarer Drachenk\u00f6nig am Montag, den 19. aufsteigt. Er ist dabei, die letzte energetische Unterst\u00fctzung, die die falsche, k\u00fcnstliche Matrix hat, vollst\u00e4ndig abzust\u00f6pseln, indem er sich seinem Herzen und dem G\u00f6ttlich-Weiblichen vollst\u00e4ndig hingibt und sich \u00f6ffnet. Alle verbleibenden Angstprogrammierungen und Geschlechtertrennungen\/-kriege, Spaltungen, Umkehrungen und Inversionen innerhalb des Bewusstseins werden aufgel\u00f6st und gekl\u00e4rt.<\/p>\n<p>Quanten-Stil. Aufl\u00f6sung ALLER verbleibenden falschen Wahrnehmungen und Projektionen. Umkehrung all dessen, was invertiert wurde.<\/p>\n<p>W\u00e4hrend er sich an die ECHTE WAHRHEIT erinnert und zur\u00fcck nach HAUSE kommt, zur\u00fcck zu seinem Herzen, zur\u00fcck zu seinem G\u00f6ttlich-Weiblichen, das ihn mit offenen Armen, h\u00f6herem Herz-Geist und Seele willkommen hei\u00dft. Die letzten Mauern des Schutzes und der Nervosit\u00e4t heben sich und ein tiefer Frieden entsteht, der das Land einh\u00fcllt, und unsere alten Erinnerungen entz\u00fcnden sich wieder tief im Inneren. Sie hat ihr Herz nun vollst\u00e4ndig geheilt, was ihm erlaubt, seine R\u00fcstung und seinen Schild fallen zu lassen. Der Kampf ist endlich vorbei, der begonnen hat und ihn zu seinem eigenen Geist und Herzen zur\u00fcckgef\u00fchrt hat.<\/p>\n<p>Die Prozesse des Hieros Gamos\/der g\u00f6ttlichen Vereinigung kommen zur vollen Vollendung, im Inneren und im \u00c4u\u00dferen, und geb\u00e4ren JETZT das NEUE ORGANISCHE KREATRIXFELD und die ASZENSIONSREALIT\u00c4TEN!<\/p>\n<p>Dies ist das Ende des Krieges und der Trennungen zwischen den Geschlechtern und ALLEN!<\/p>\n<p>FRIEDEN ZUM ENDE!<\/p>\n<p>DENN SO IST ES!<\/p>\n<p>Massive Herzausdehnungen, Heilungen und \u00d6ffnungen erlauben ALLEM, was noch losgelassen werden muss, nach oben zu kommen und mit viel Liebe und Leichtigkeit umarmt zu werden. Ihr m\u00fcsst nur aufh\u00f6ren, euch damit zu identifizieren, dass es euer ist.<\/p>\n<p>Mit der Supernova des Herzensereignisses, das uns ALLE befreien wird! Die vollst\u00e4ndige Wiedererinnerung an die wirkliche Wahrheit, unsere wahre Geschichte und die Erinnerungen an unsere uralte Zukunft, wird jetzt tief in uns entz\u00fcndet.<\/p>\n<p>Wir erwachen aus unserem Schlummer des Vergessens, w\u00e4hrend wir in dem luziden Traum wandeln, dessen Meister wir wieder werden. Erinnert euch daran, dass das meiste davon nicht real ist, sondern alles Teil der illusorischen holographischen \u00dcberlagerungen.<\/p>\n<p>Jetzt erwachen wir aus dem Traum im Traum&#8230;<\/p>\n<p>Damit ALLE NEUEN REALIT\u00c4TEN von innen heraus entstehen k\u00f6nnen.<\/p>\n<p>Der letzte Schritt ist das Loslassen und das Zulassen, dass Gott uns den Weg zeigt, denn wir sind mehr als bereit f\u00fcr die gro\u00dfe Enth\u00fcllung und das Ereignis!<\/p>\n<p>Ewige Liebe,<br \/>\nRamona<\/p>\n<p>https:\/\/t.me\/+lkdrke5Aozc1OTNi<\/p>\n<p>https:\/\/t.me\/joinchat\/UDhEMir3-8gZfXGg<\/p>\n<p>&nbsp;<\/p>\n","protected":false},"excerpt":{"rendered":"<p>ES IST H\u00d6CHSTE ZEIT F\u00dcR UNS, UNSEREM SCHICKSAL ZU BEGEGNEN! Die Energien sind intensiv, denn die falsche Matrixsimulation befindet sich im vollen Kollapsmodus. Wir hatten heute bisher f\u00fcnf starke, der Erde zugewandte Sonneneruptionen der Klasse C und eine kleinere der Klasse M, und viele k\u00f6nnen sie sp\u00fcren. Alle helfen uns dabei, die letzte falsche Schicht [&hellip;]<\/p>\n","protected":false},"author":1,"featured_media":0,"parent":4025,"menu_order":0,"comment_status":"closed","ping_status":"closed","template":"members-style1-nosidebar.php","meta":{"footnotes":"","_links_to":"","_links_to_target":""},"class_list":["post-4418","page","type-page","status-publish","hentry"],"_links":{"self":[{"href":"https:\/\/reich-sein.eu\/club\/wp-json\/wp\/v2\/pages\/4418","targetHints":{"allow":["GET"]}}],"collection":[{"href":"https:\/\/reich-sein.eu\/club\/wp-json\/wp\/v2\/pages"}],"about":[{"href":"https:\/\/reich-sein.eu\/club\/wp-json\/wp\/v2\/types\/page"}],"author":[{"embeddable":true,"href":"https:\/\/reich-sein.eu\/club\/wp-json\/wp\/v2\/users\/1"}],"replies":[{"embeddable":true,"href":"https:\/\/reich-sein.eu\/club\/wp-json\/wp\/v2\/comments?post=4418"}],"version-history":[{"count":12,"href":"https:\/\/reich-sein.eu\/club\/wp-json\/wp\/v2\/pages\/4418\/revisions"}],"predecessor-version":[{"id":4931,"href":"https:\/\/reich-sein.eu\/club\/wp-json\/wp\/v2\/pages\/4418\/revisions\/4931"}],"up":[{"embeddable":true,"href":"https:\/\/reich-sein.eu\/club\/wp-json\/wp\/v2\/pages\/4025"}],"wp:attachment":[{"href":"https:\/\/reich-sein.eu\/club\/wp-json\/wp\/v2\/media?parent=4418"}],"curies":[{"name":"wp","href":"https:\/\/api.w.org\/{rel}","templated":true}]}}