{"id":4438,"date":"2022-10-23T19:22:29","date_gmt":"2022-10-23T17:22:29","guid":{"rendered":"http:\/\/reich-sein.eu\/club\/?page_id=4438"},"modified":"2022-11-20T16:34:38","modified_gmt":"2022-11-20T14:34:38","slug":"kurs-entspannungs-methoden","status":"publish","type":"page","link":"https:\/\/reich-sein.eu\/club\/spezielles\/kurs-entspannungs-methoden\/","title":{"rendered":"Kurs: Entspannungs-Methoden"},"content":{"rendered":"<h2 draggable=\"false\"><span style=\"color: #0000ff;\"><strong>Kurs: 7 effektive Entspannungs-Methoden<\/strong><\/span><\/h2>\n<div><a href=\"http:\/\/reich-sein.eu\/club\/wp-content\/uploads\/2022\/10\/Entspannungsmethoden2.jpg\"><img loading=\"lazy\" decoding=\"async\" class=\"alignnone wp-image-4441 size-medium\" src=\"http:\/\/reich-sein.eu\/club\/wp-content\/uploads\/2022\/10\/Entspannungsmethoden2-227x300.jpg\" alt=\"\" width=\"227\" height=\"300\" srcset=\"https:\/\/reich-sein.eu\/club\/wp-content\/uploads\/2022\/10\/Entspannungsmethoden2-227x300.jpg 227w, https:\/\/reich-sein.eu\/club\/wp-content\/uploads\/2022\/10\/Entspannungsmethoden2.jpg 669w\" sizes=\"auto, (max-width: 227px) 100vw, 227px\" \/><\/a><\/div>\n<div>Autor: Dr. Wolf Barth<\/div>\n<div>Format: eKurs (8 Lektionen, w\u00f6chentlich)<\/div>\n<div><\/div>\n<div><strong><span draggable=\"false\">1. Was ist Entspannung?<br \/>\n<\/span><\/strong><\/div>\n<div><\/div>\n<div><strong><span draggable=\"false\">2. Entspannung \u00fcber Worte (Suggestionen)<\/span><\/strong><\/div>\n<div><strong><span draggable=\"false\"><br \/>\n3. Entspannung \u00fcber Bilder (Visualisierung<\/span><\/strong><\/div>\n<div><strong><span draggable=\"false\"><br \/>\n4. Entspannung \u00fcber Muskel-Bewegungen<\/span><\/strong><\/div>\n<div><strong><span draggable=\"false\"><br \/>\n5. Entspannung \u00fcber K\u00f6rper-Bewegungen<\/span><\/strong><\/div>\n<div><strong><span draggable=\"false\"><br \/>\n6. Entspannung \u00fcber T\u00f6ne (Musik)<\/span><\/strong><\/div>\n<div><strong><span draggable=\"false\"><br \/>\n7. Entspannung \u00fcber Atmung<\/span><\/strong><\/div>\n<div><strong><span draggable=\"false\"><br \/>\n6. Entspannung \u00fcber Versenkung ins Innere (Meditation)<\/span><\/strong><\/div>\n<div><strong><span draggable=\"false\"><br \/>\n7. Entspannung \u00fcber Gelassenheit<\/span><\/strong><\/div>\n<div><strong><span draggable=\"false\"><br \/>\n8. Entspannung \u00fcber Konflikt-L\u00f6sung<\/span><\/strong><\/div>\n<div><\/div>\n<div>\n<h3 draggable=\"false\"><strong><a title=\"\" draggable=\"false\" href=\"https:\/\/kurse.life-coaching-club.com\/courses\/7-hauptmethoden-zur-entspannung\/\" target=\"_blank\" rel=\"noopener\">Kurs HIER bestellen<\/a><\/strong><\/h3>\n<\/div>\n<div draggable=\"false\">\n<p draggable=\"false\">\n<\/div>\n","protected":false},"excerpt":{"rendered":"<p>Kurs: 7 effektive Entspannungs-Methoden Autor: Dr. Wolf Barth Format: eKurs (8 Lektionen, w\u00f6chentlich) 1. Was ist Entspannung? 2. Entspannung \u00fcber Worte (Suggestionen) 3. Entspannung \u00fcber Bilder (Visualisierung 4. Entspannung \u00fcber Muskel-Bewegungen 5. Entspannung \u00fcber K\u00f6rper-Bewegungen 6. Entspannung \u00fcber T\u00f6ne (Musik) 7. Entspannung \u00fcber Atmung 6. Entspannung \u00fcber Versenkung ins Innere (Meditation) 7. Entspannung \u00fcber Gelassenheit [&hellip;]<\/p>\n","protected":false},"author":1,"featured_media":0,"parent":2194,"menu_order":0,"comment_status":"closed","ping_status":"closed","template":"members-style1-content.php","meta":{"footnotes":"","_links_to":"","_links_to_target":""},"class_list":["post-4438","page","type-page","status-publish","hentry"],"_links":{"self":[{"href":"https:\/\/reich-sein.eu\/club\/wp-json\/wp\/v2\/pages\/4438","targetHints":{"allow":["GET"]}}],"collection":[{"href":"https:\/\/reich-sein.eu\/club\/wp-json\/wp\/v2\/pages"}],"about":[{"href":"https:\/\/reich-sein.eu\/club\/wp-json\/wp\/v2\/types\/page"}],"author":[{"embeddable":true,"href":"https:\/\/reich-sein.eu\/club\/wp-json\/wp\/v2\/users\/1"}],"replies":[{"embeddable":true,"href":"https:\/\/reich-sein.eu\/club\/wp-json\/wp\/v2\/comments?post=4438"}],"version-history":[{"count":9,"href":"https:\/\/reich-sein.eu\/club\/wp-json\/wp\/v2\/pages\/4438\/revisions"}],"predecessor-version":[{"id":4546,"href":"https:\/\/reich-sein.eu\/club\/wp-json\/wp\/v2\/pages\/4438\/revisions\/4546"}],"up":[{"embeddable":true,"href":"https:\/\/reich-sein.eu\/club\/wp-json\/wp\/v2\/pages\/2194"}],"wp:attachment":[{"href":"https:\/\/reich-sein.eu\/club\/wp-json\/wp\/v2\/media?parent=4438"}],"curies":[{"name":"wp","href":"https:\/\/api.w.org\/{rel}","templated":true}]}}