{"id":4455,"date":"2022-10-23T19:42:29","date_gmt":"2022-10-23T17:42:29","guid":{"rendered":"http:\/\/reich-sein.eu\/club\/?page_id=4455"},"modified":"2022-11-24T15:09:17","modified_gmt":"2022-11-24T13:09:17","slug":"ent-spannung","status":"publish","type":"page","link":"https:\/\/reich-sein.eu\/club\/mittel\/ent-spannung\/","title":{"rendered":"Ent-Spannung"},"content":{"rendered":"<h2><span style=\"color: #0000ff;\"><strong>Ent-Spannung<\/strong><\/span><\/h2>\n<p><span draggable=\"false\">Im Deutschen sprechen wir von Ent-Spannung, wenn wir uns von einer An-Spannung oder einer Spannung befreien wollen. Das kann eine k\u00f6rperliche, energetische, seelische, mentale oder ganzheitliche Ausrichtung auf Kampf oder Abwehr bzw. auf zielstrebendes Arbeiten sein.\u00a0<\/span><\/p>\n<div>Richtige Ent-Spannung bedeutet L\u00f6sen von Spannung als eine ganze Haltung.<\/div>\n<div><span draggable=\"false\">&#8211;\u00a0Entspannung ist ein<strong>k\u00f6rperlicher<\/strong>Zustand, in dem deine Muskeln entspannen.<br \/>\n<\/span><\/p>\n<div>&#8211;\u00a0Entspannung ist ein\u00a0<strong>emotionaler\u00a0<\/strong>Zustand, in dem Du weder \u00e4ngstlich noch depressiv bist. Du f\u00fchlst Dich locker, Du f\u00fchlst Dich wohl, Du f\u00fchlst Dich sicher.<\/div>\n<div draggable=\"false\">&#8211; Richtige Entspannung bedeutet\u00a0<strong>mental<\/strong>, die Dinge geschehen lassen zu k\u00f6nnen, viele Themen des Lebens loszulassen (was Du nicht beeinflussen kannst) in dem Wissen, dass alles an seinen richtigen Platz kommen wird und sich von selbst regeln wird.<\/div>\n<div draggable=\"false\">&#8211; Entspannen bedeutet Vertrauen in sich selbst und seine F\u00e4higkeiten zu haben. &#8211; Es bedeutet,<\/div>\n<div>da\u00df Du Deiner Intuition vertrauen kannst,<\/div>\n<div draggable=\"false\">da\u00df Du an das glaubst, was Du im Leben f\u00fcr Dich selbst erschaffen m\u00f6chtest, da\u00df Du an die h\u00f6here Kraft in Dir glaubst.<\/div>\n<div draggable=\"false\"><\/div>\n<\/div>\n<h3 draggable=\"false\"><span style=\"color: #0000ff;\"><strong><span draggable=\"false\">Viele\u00a0<\/span>Techniken und Methoden der Entspannung<\/strong><\/span><\/h3>\n<div draggable=\"false\">&#8211;<strong> Sch\u00f6ne Erinnerungen<\/strong>: schnelle Entspannungs-\u00dcbung<\/div>\n<div draggable=\"false\">\n<div draggable=\"false\"><span draggable=\"false\">&#8211; <a href=\"https:\/\/kurse.life-coaching-club.com\/courses\/entspannen-mit-autogenem-training\/\"><strong>Autogenes Training<\/strong> nach J.H. Schulz<\/a><br \/>\n&#8211; <strong>Progressive Muskelentspannung<\/strong> nach Jacobsen<br \/>\n&#8211; <strong>Meditation<\/strong> als Entspannungs\u00fcbung<br \/>\n&#8211; <strong>Hypnose<\/strong> f\u00fcr mehr Entspannung<br \/>\n&#8211; Die <strong>Silva Mind Control<\/strong> Methode zur Entspannung<br \/>\n&#8211; <strong>Yoga<\/strong> zur k\u00f6rperlichen und geistigen Entspannung<br \/>\n&#8211; Erholsamer <strong>Schlaf\u00a0<\/strong><\/span><\/div>\n<\/div>\n<div draggable=\"false\"><\/div>\n<div draggable=\"false\"><\/div>\n<div draggable=\"false\"><\/div>\n<div draggable=\"false\">\n<h3><span style=\"color: #0000ff;\"><strong>Entspannen mit Autogenem Training<\/strong><\/span><\/h3>\n<p><strong>Lerne durch \u201eAutogenes Training\u201c entspannen<\/strong><strong>\u00a0<\/strong><strong>(Das Original nach Prof. J. H. Schultz)<\/strong><\/p>\n<p><img loading=\"lazy\" decoding=\"async\" class=\"alignleft size-medium wp-image-254\" src=\"http:\/\/kurse.life-coaching-club.com\/wp-content\/uploads\/2019\/10\/Autogenes-Training-300x199.jpg\" sizes=\"auto, (max-width: 300px) 100vw, 300px\" srcset=\"https:\/\/kurse.life-coaching-club.com\/wp-content\/uploads\/2019\/10\/Autogenes-Training-300x199.jpg 300w, https:\/\/kurse.life-coaching-club.com\/wp-content\/uploads\/2019\/10\/Autogenes-Training-768x510.jpg 768w, https:\/\/kurse.life-coaching-club.com\/wp-content\/uploads\/2019\/10\/Autogenes-Training-1024x681.jpg 1024w, https:\/\/kurse.life-coaching-club.com\/wp-content\/uploads\/2019\/10\/Autogenes-Training-400x266.jpg 400w, https:\/\/kurse.life-coaching-club.com\/wp-content\/uploads\/2019\/10\/Autogenes-Training.jpg 1500w\" alt=\"\" width=\"300\" height=\"199\" \/><\/p>\n<ul>\n<li><strong>Lerne mit 3 x t\u00e4glich 2 Minuten \u00dcbung tats\u00e4chlich\u00a0<\/strong><strong>abschalten, loslassen, Dich erholen<\/strong><\/li>\n<li><strong>Die F\u00e4higkeit zur Entspannung ist immer mehr \u00fcberlebenswichtig!!!<\/strong><strong>\u00a0<\/strong><\/li>\n<li><strong>Hier lernst Du das Original innerhalb von zirka 3 Monaten<\/strong><\/li>\n<li><strong>Aufbau der \u00dcbungen:<\/strong><\/li>\n<\/ul>\n<p><strong>1.<\/strong>\u00a0<strong>Schwere (Muskel-Entspannung),<\/strong><\/p>\n<p><strong>2.\u00a0W\u00e4rme (Blutgef\u00e4\u00dfe-Entspannung),<\/strong><\/p>\n<p><strong>3. Atmung (Harmonisierung Atem-Aktivit\u00e4t),<\/strong><\/p>\n<p><strong>4.\u00a0Herz (Harmonisierung Herz-Aktivit\u00e4t),<\/strong><\/p>\n<p><strong>5. Bauch (Harmonisierung Bauch-Aktivit\u00e4t),<\/strong><\/p>\n<p><strong>6. Stirn (Harmonisierung Kopf-Aktivit\u00e4t),<\/strong><\/p>\n<p><strong>7. Kurz\u00fcbung, weiteres \u00dcben<\/strong><\/p>\n<ul>\n<li><strong>Ablauf: Kombination von Kurs-Anleitung, Selbst\u00e4ndigem \u00dcben, w\u00f6chentlichem Coaching per Skype<\/strong><\/li>\n<\/ul>\n<p><a href=\"https:\/\/kurse.life-coaching-club.com\/courses\/entspannen-mit-autogenem-training\/\"><strong>Kurs Hier bestellen<\/strong><\/a><\/p>\n<\/div>\n<div draggable=\"false\"><\/div>\n","protected":false},"excerpt":{"rendered":"<p>Ent-Spannung Im Deutschen sprechen wir von Ent-Spannung, wenn wir uns von einer An-Spannung oder einer Spannung befreien wollen. Das kann eine k\u00f6rperliche, energetische, seelische, mentale oder ganzheitliche Ausrichtung auf Kampf oder Abwehr bzw. auf zielstrebendes Arbeiten sein.\u00a0 Richtige Ent-Spannung bedeutet L\u00f6sen von Spannung als eine ganze Haltung. &#8211;\u00a0Entspannung ist eink\u00f6rperlicherZustand, in dem deine Muskeln entspannen. [&hellip;]<\/p>\n","protected":false},"author":1,"featured_media":0,"parent":5069,"menu_order":0,"comment_status":"closed","ping_status":"closed","template":"members-style1-nosidebar.php","meta":{"footnotes":"","_links_to":"","_links_to_target":""},"class_list":["post-4455","page","type-page","status-publish","hentry"],"_links":{"self":[{"href":"https:\/\/reich-sein.eu\/club\/wp-json\/wp\/v2\/pages\/4455","targetHints":{"allow":["GET"]}}],"collection":[{"href":"https:\/\/reich-sein.eu\/club\/wp-json\/wp\/v2\/pages"}],"about":[{"href":"https:\/\/reich-sein.eu\/club\/wp-json\/wp\/v2\/types\/page"}],"author":[{"embeddable":true,"href":"https:\/\/reich-sein.eu\/club\/wp-json\/wp\/v2\/users\/1"}],"replies":[{"embeddable":true,"href":"https:\/\/reich-sein.eu\/club\/wp-json\/wp\/v2\/comments?post=4455"}],"version-history":[{"count":3,"href":"https:\/\/reich-sein.eu\/club\/wp-json\/wp\/v2\/pages\/4455\/revisions"}],"predecessor-version":[{"id":4458,"href":"https:\/\/reich-sein.eu\/club\/wp-json\/wp\/v2\/pages\/4455\/revisions\/4458"}],"up":[{"embeddable":true,"href":"https:\/\/reich-sein.eu\/club\/wp-json\/wp\/v2\/pages\/5069"}],"wp:attachment":[{"href":"https:\/\/reich-sein.eu\/club\/wp-json\/wp\/v2\/media?parent=4455"}],"curies":[{"name":"wp","href":"https:\/\/api.w.org\/{rel}","templated":true}]}}