{"id":4481,"date":"2022-10-24T20:57:11","date_gmt":"2022-10-24T18:57:11","guid":{"rendered":"http:\/\/reich-sein.eu\/club\/?page_id=4481"},"modified":"2022-11-24T10:25:22","modified_gmt":"2022-11-24T08:25:22","slug":"editor","status":"publish","type":"page","link":"https:\/\/reich-sein.eu\/club\/opfern\/editor\/","title":{"rendered":"Unterbewu\u00dfter Editor"},"content":{"rendered":"<h2><span style=\"color: #0000ff;\"><strong>Basis des Opfer-Lebens<\/strong><\/span><\/h2>\n<p class=\"aphorism maxheight\"><em><strong>In einer L\u00fcge lebt es sich selten gut. <\/strong><\/em><strong>(<\/strong>Pascal Hilgendorf, *1988)<\/p>\n<p><strong>Die Realit\u00e4t, mit der Du bisher\u00a0 gelebt hast, basiert auf 3 Dingen:<\/strong><\/p>\n<p><strong>1) Die Geschichte, die Du erz\u00e4hlst (Dir selbst und anderen Leuten).<\/strong><br \/>\n<strong>2) Deine einschr\u00e4nkenden \u00dcberzeugungen (Glaubenss\u00e4tze).<\/strong><br \/>\n<strong>3) Deine Urteile (und noch mehr Deine Angst vor Konsequenzen).<\/strong><\/p>\n<p>Diese 3 Dinge\u00a0<u>lenken Deine Energie und Aufmerksamkeit.<\/u><\/p>\n<p>DAS IST ES, WAS Dein<strong><span style=\"color: #0000ff;\"> Unterbewusstsein<\/span> IST.<\/strong><br \/>\n<strong>Diese 3 Dinge sind Dein <span style=\"color: #0000ff;\">&#8222;Der Editor\u201c<\/span><\/strong><\/p>\n<p><b>Editor<\/b>\u00a0(von lateinisch\u00a0<b>editor<\/b>\u00a0\u201a<strong>Herausgeber&#8216;, zu edere \u201aherausgeben&#8216;, \u201aedieren&#8216;<\/strong><\/p>\n<p>&nbsp;<\/p>\n<p>&nbsp;<\/p>\n","protected":false},"excerpt":{"rendered":"<p>Basis des Opfer-Lebens In einer L\u00fcge lebt es sich selten gut. (Pascal Hilgendorf, *1988) Die Realit\u00e4t, mit der Du bisher\u00a0 gelebt hast, basiert auf 3 Dingen: 1) Die Geschichte, die Du erz\u00e4hlst (Dir selbst und anderen Leuten). 2) Deine einschr\u00e4nkenden \u00dcberzeugungen (Glaubenss\u00e4tze). 3) Deine Urteile (und noch mehr Deine Angst vor Konsequenzen). Diese 3 Dinge\u00a0lenken [&hellip;]<\/p>\n","protected":false},"author":1,"featured_media":0,"parent":4018,"menu_order":0,"comment_status":"closed","ping_status":"closed","template":"members-style1-nosidebar.php","meta":{"footnotes":"","_links_to":"","_links_to_target":""},"class_list":["post-4481","page","type-page","status-publish","hentry"],"_links":{"self":[{"href":"https:\/\/reich-sein.eu\/club\/wp-json\/wp\/v2\/pages\/4481","targetHints":{"allow":["GET"]}}],"collection":[{"href":"https:\/\/reich-sein.eu\/club\/wp-json\/wp\/v2\/pages"}],"about":[{"href":"https:\/\/reich-sein.eu\/club\/wp-json\/wp\/v2\/types\/page"}],"author":[{"embeddable":true,"href":"https:\/\/reich-sein.eu\/club\/wp-json\/wp\/v2\/users\/1"}],"replies":[{"embeddable":true,"href":"https:\/\/reich-sein.eu\/club\/wp-json\/wp\/v2\/comments?post=4481"}],"version-history":[{"count":5,"href":"https:\/\/reich-sein.eu\/club\/wp-json\/wp\/v2\/pages\/4481\/revisions"}],"predecessor-version":[{"id":4816,"href":"https:\/\/reich-sein.eu\/club\/wp-json\/wp\/v2\/pages\/4481\/revisions\/4816"}],"up":[{"embeddable":true,"href":"https:\/\/reich-sein.eu\/club\/wp-json\/wp\/v2\/pages\/4018"}],"wp:attachment":[{"href":"https:\/\/reich-sein.eu\/club\/wp-json\/wp\/v2\/media?parent=4481"}],"curies":[{"name":"wp","href":"https:\/\/api.w.org\/{rel}","templated":true}]}}