{"id":4556,"date":"2022-11-20T17:50:22","date_gmt":"2022-11-20T15:50:22","guid":{"rendered":"http:\/\/reich-sein.eu\/club\/?page_id=4556"},"modified":"2022-11-21T21:44:14","modified_gmt":"2022-11-21T19:44:14","slug":"buch-mentales-geldtraining","status":"publish","type":"page","link":"https:\/\/reich-sein.eu\/club\/dr-wolf-barth\/buch-mentales-geldtraining\/","title":{"rendered":"Buch: Mentales Geldtraining"},"content":{"rendered":"<h2><span style=\"color: #0000ff;\"><strong>Mentales Geldtraining<\/strong><\/span><\/h2>\n<p><a href=\"http:\/\/reich-sein.eu\/club\/wp-content\/uploads\/2022\/09\/mentales-Geldtraining21.jpg\"><img loading=\"lazy\" decoding=\"async\" class=\"wp-image-2768 aligncenter\" src=\"http:\/\/reich-sein.eu\/club\/wp-content\/uploads\/2022\/09\/mentales-Geldtraining21.jpg\" sizes=\"auto, (max-width: 312px) 100vw, 312px\" srcset=\"https:\/\/reich-sein.eu\/club\/wp-content\/uploads\/2022\/09\/mentales-Geldtraining21.jpg 493w, https:\/\/reich-sein.eu\/club\/wp-content\/uploads\/2022\/09\/mentales-Geldtraining21-207x300.jpg 207w\" alt=\"\" width=\"312\" height=\"453\" \/><\/a><\/p>\n<p><strong>Autor:\u00a0Dr. Wolf Barth<\/strong><\/p>\n<p><strong>Auflage: 3. durchgesehene<\/strong><\/p>\n<p><strong>Erscheinungsjahr: \u00a02016<\/strong><\/p>\n<p><strong>Format: \u00a0 eBook, PDF-Datei<\/strong><\/p>\n<p><strong>Umfang: \u00a0 102 Seiten<\/strong><\/p>\n<p><strong>Preis: \u00a0 19,90 \u20ac<\/strong><\/p>\n<p>++++++++++++++++++++++++++++++<\/p>\n<p><strong>Gliederung:\u00a0<\/strong><\/p>\n<p>1. Vor-Worte: Experte des Jahres 2010 bei VNR<\/p>\n<p>2. Eingebungen zum Thema Geld<\/p>\n<p>2.1. Geld und Gl\u00fcck<br \/>\n2.1.1. Das Paradoxon des Gl\u00fccks<br \/>\n2.1.2. Geld allein macht nicht gl\u00fccklich!<br \/>\n2.1.3. Das System sozialer Ungleichheit macht Arme und Reiche un-gl\u00fccklich.<br \/>\n2.1.3.1. Schlussfolgerungen von Thomas Fricke<br \/>\n2.2. Wer interessiert sich eigentlich f\u00fcr Geld?<br \/>\n2.3. Einige Geld-Ausdr\u00fccke<br \/>\n2.4. Der aktuelle Zustand des Geldsystems<br \/>\n2.4.1. Diese \u201eFinanz-Krise\u201c ist eine Bewu\u00dftseins-Krise<br \/>\n2.4.2. Die Menschen werden immer mehr wach und erheben sich.<br \/>\n2.4.3. Europa und der Euro sind am Ende!<br \/>\n2.4.3.1. Vier Beweise der Rettungslosigkeit des Euros und des Finanzsystems<br \/>\n2.4.3.2. Experten-Analyse der LEAP<br \/>\n2.4.3.3. Das Collapse-O-Meter<br \/>\n2.4.4. KAPITALISMUS oder Kasperletalismus? Ende!<br \/>\n2.4.5. Geld alleine macht krank und tot<br \/>\n2.4.6. Ausgew\u00e4hlte L\u00f6sungsans\u00e4tze f\u00fcr diese globale Krise<br \/>\n2.4.6.1 Achtung und Vorsicht: Neue Technologie oder Krieg?<br \/>\n2.4.6.2. Verantwortungsbewu\u00dfte L\u00f6sungsvarianten<\/p>\n<p>3. Warum wollen Sie eigentlich Geld, Reichtum und Wohlstand?<\/p>\n<p>4. Mentales Geld-Training<\/p>\n<p>4.1. Entwickeln Sie ein neues Bild \u00fcber sich selbst, Gott und die Welt<br \/>\n4.2. Finden Sie Ihren inneren Reichtum<br \/>\n4.2.1. Geld als Geltung bei anderen verstehen<br \/>\n4.2.2.Ihren inneren Reichtum aufbauen<br \/>\n4.2.3. Eine Weisheits-Geschichte \u00fcber den Reichtum verstehen<br \/>\n4.3. Bestimmen Sie Ihren Wert<br \/>\n4.3.1. Geld als eine Form von Energie verstehen<br \/>\n4.3.2. Mit Geld weise umgehen<br \/>\n4.3.3. Die Status-Krankheit erkennen<br \/>\n4.3.4. Durch Ausdruck Ihres Selbst-Wertes zur Geltung bei anderen Menschen kommen<br \/>\n4.3.5. Den Preis bestimmen<br \/>\n4.3.6. Ihren Wert bestimmen und Ihren Preis nennen<br \/>\n4.4. L\u00f6sen Sie Ihre Reichtums-Blockierungen auf<br \/>\n4.4.1. Der Kopf kann den finanziellen Reichtum blockieren<br \/>\n4.4.2. Denkblockaden k\u00f6nnen den finanziellen Reichtum verhindern<br \/>\n4.5. Denken Sie wie die Reichen<br \/>\n4.5.1. Das Geld liebt gl\u00fcckliche Menschen<br \/>\n4.5.2. Reichtums-Formeln umsetzen<\/p>\n<p>4.5.3. Handeln Sie wie die Reichen<br \/>\n4.5.4. Trainieren Sie spielerisch neues Geld-Denken<br \/>\n4.5.5. Spenden Sie einen Teil Ihres Einkommens<br \/>\n4.5.6. Pr\u00e4gen Sie Ihr unbewu\u00dftes Denken auf F\u00fclle und Reichtum<br \/>\n4.5.7. Lernen Sie von wirtschaftlich und finanziell Erfolgreichen<br \/>\n4.6. Mit der richtigen Einstellung zum gesch\u00e4ftlichen Reichtum<br \/>\n4.6.1. Erstellen oder nutzen Sie eine erfolgversprechende Gesch\u00e4ftsidee<br \/>\n2.6.2. Bekennen Sie ein bedingungsloses JA f\u00fcr Ihre Gesch\u00e4fts-Idee<br \/>\n4.6.3. Entwickeln Sie eine Passion f\u00fcr Ihr Gesch\u00e4ft<br \/>\n4.6.4. Bauen Sie einen unersch\u00fctterlichen Selbst-Glauben auf<br \/>\n4.6.5. Generieren Sie Ihren mentalen Laser-Fokus<br \/>\n4.6.6. Beweisen Sie eine unaufhaltsame Arbeits-Ethik<br \/>\n4.6.7. Bewahren Sie einen unbeugsamen Optimismus<br \/>\n4.7. Geld und Reichtum magnetisch anziehen<br \/>\n4.7.1. In Resonanz mit Reichtum gehen<br \/>\n4.7.2. Das Organigramm der Manifestation anwenden<br \/>\n4.7.2.1. F\u00dcLLE \u2013 das Reich aller M\u00f6glichkeiten und Chancen<br \/>\n4.7.2.2. RUHE und Alpha-Zustand \u2013 Worin unsere sch\u00f6pferische Kraft liegt<br \/>\n4.7.2.3. BILD \u2013 Was wir uns vorstellen<br \/>\nVisualisierung von Geld, Reichtum und Wohlstand<br \/>\n4.7.2.4. WORT und\/oder TON\u2013 Was wir uns beeinflussend sagen<br \/>\nAffirmationen f\u00fcr Geld, Reichtum und Wohlstand<br \/>\n4.7.2.5. ENERGIE bzw. GEF\u00dcHL \u2013 Was wir uns energetisieren<br \/>\n4.8. Wieviel Geld ist Ihnen genug?<br \/>\n4.8.1. Mentale Krankheit \u201eZukunftsdenken\u201c<br \/>\n4.8.2. Das Massenbewu\u00dftsein verlassen<br \/>\n4.8.3. F\u00fcr das Gl\u00fcck ist Geld hinderlich<br \/>\n4.9. Seien Sie wunschlos gl\u00fccklich!<br \/>\n4.9.1. Entwickeln Sie ein v\u00f6llig anderes Verh\u00e4ltnis zum Geld.<br \/>\n4.9.2. Brauchen Sie noch Geld oder LEBEN Sie schon gl\u00fccklich?<br \/>\n4.9.3. Entwickeln Sie Ihr Lebensgl\u00fcck und w\u00fcnschen Sie von Herzen<br \/>\n4.9.4. Was mehr wert ist als Geld und Gold<br \/>\n4.10. \u00dcbung macht den Meister<br \/>\nAnhang: Nach-Denkliches \u00fcber Geld und Gl\u00fcck<\/p>\n<p>1) Karl Marx: \u00d6konomisch-philosophische Manuskripte \u00fcber Geld<br \/>\n2) Inspirierende Bedenken zum bestehenden Geld- und Wirtschaftssystems<br \/>\n3) Indianerweisheiten \u00fcber Geld und Gl\u00fcck<br \/>\n4) Ein Ranking der gl\u00fccklichsten L\u00e4nder der Welt!<br \/>\n5) Ohne Geld sehr gl\u00fccklich \u2013 auf der S\u00fcdseeinsel Vanuata<br \/>\n6) Die Bank des Universums<br \/>\n7) Literatur-Empfehlungen<br \/>\n8) Internetadressen zum Thema Geld und Reichtum<\/p>\n<h3><a href=\"https:\/\/www.wbarth.com\/mentales-geld-training\/\"><strong>Hier informieren und bestellen<\/strong><\/a><\/h3>\n","protected":false},"excerpt":{"rendered":"<p>Mentales Geldtraining Autor:\u00a0Dr. Wolf Barth Auflage: 3. durchgesehene Erscheinungsjahr: \u00a02016 Format: \u00a0 eBook, PDF-Datei Umfang: \u00a0 102 Seiten Preis: \u00a0 19,90 \u20ac ++++++++++++++++++++++++++++++ Gliederung:\u00a0 1. Vor-Worte: Experte des Jahres 2010 bei VNR 2. Eingebungen zum Thema Geld 2.1. Geld und Gl\u00fcck 2.1.1. Das Paradoxon des Gl\u00fccks 2.1.2. Geld allein macht nicht gl\u00fccklich! 2.1.3. Das System [&hellip;]<\/p>\n","protected":false},"author":1,"featured_media":0,"parent":1985,"menu_order":0,"comment_status":"closed","ping_status":"closed","template":"members-style1-content.php","meta":{"footnotes":"","_links_to":"","_links_to_target":""},"class_list":["post-4556","page","type-page","status-publish","hentry"],"_links":{"self":[{"href":"https:\/\/reich-sein.eu\/club\/wp-json\/wp\/v2\/pages\/4556","targetHints":{"allow":["GET"]}}],"collection":[{"href":"https:\/\/reich-sein.eu\/club\/wp-json\/wp\/v2\/pages"}],"about":[{"href":"https:\/\/reich-sein.eu\/club\/wp-json\/wp\/v2\/types\/page"}],"author":[{"embeddable":true,"href":"https:\/\/reich-sein.eu\/club\/wp-json\/wp\/v2\/users\/1"}],"replies":[{"embeddable":true,"href":"https:\/\/reich-sein.eu\/club\/wp-json\/wp\/v2\/comments?post=4556"}],"version-history":[{"count":2,"href":"https:\/\/reich-sein.eu\/club\/wp-json\/wp\/v2\/pages\/4556\/revisions"}],"predecessor-version":[{"id":4733,"href":"https:\/\/reich-sein.eu\/club\/wp-json\/wp\/v2\/pages\/4556\/revisions\/4733"}],"up":[{"embeddable":true,"href":"https:\/\/reich-sein.eu\/club\/wp-json\/wp\/v2\/pages\/1985"}],"wp:attachment":[{"href":"https:\/\/reich-sein.eu\/club\/wp-json\/wp\/v2\/media?parent=4556"}],"curies":[{"name":"wp","href":"https:\/\/api.w.org\/{rel}","templated":true}]}}