{"id":4578,"date":"2022-11-20T18:22:19","date_gmt":"2022-11-20T16:22:19","guid":{"rendered":"http:\/\/reich-sein.eu\/club\/?page_id=4578"},"modified":"2022-11-20T18:26:28","modified_gmt":"2022-11-20T16:26:28","slug":"buch-mentalkraft-selbstbewusstsein","status":"publish","type":"page","link":"https:\/\/reich-sein.eu\/club\/dr-wolf-barth\/buch-mentalkraft-selbstbewusstsein\/","title":{"rendered":"Buch Mentalkraft Selbstbewu\u00dftsein"},"content":{"rendered":"<h2><span style=\"color: #0000ff;\"><strong>Mit Mentalkraft Selbstbewu\u00dftsein st\u00e4rken<\/strong><\/span><\/h2>\n<p><a href=\"http:\/\/reich-sein.eu\/club\/wp-content\/uploads\/2022\/11\/Selbstbewu\u00dftsein-mit-Mentaltraining-st\u00e4rken.jpg\"><img loading=\"lazy\" decoding=\"async\" class=\"wp-image-4581 size-large alignnone\" src=\"http:\/\/reich-sein.eu\/club\/wp-content\/uploads\/2022\/11\/Selbstbewu\u00dftsein-mit-Mentaltraining-st\u00e4rken-639x1024.jpg\" alt=\"\" width=\"639\" height=\"1024\" srcset=\"https:\/\/reich-sein.eu\/club\/wp-content\/uploads\/2022\/11\/Selbstbewu\u00dftsein-mit-Mentaltraining-st\u00e4rken-639x1024.jpg 639w, https:\/\/reich-sein.eu\/club\/wp-content\/uploads\/2022\/11\/Selbstbewu\u00dftsein-mit-Mentaltraining-st\u00e4rken-187x300.jpg 187w, https:\/\/reich-sein.eu\/club\/wp-content\/uploads\/2022\/11\/Selbstbewu\u00dftsein-mit-Mentaltraining-st\u00e4rken.jpg 702w\" sizes=\"auto, (max-width: 639px) 100vw, 639px\" \/><\/a><\/p>\n<p>Autor: Dr. Wolf Barth<\/p>\n<p>Format: PDF-Daten<\/p>\n<p>Umfang: 20 Seiten<\/p>\n<p>Dateigr\u00f6\u00dfe: 336 KB<\/p>\n<p>&nbsp;<\/p>\n<p><strong><span style=\"color: #0000ff;\">Inhalt \/ Gliederung<\/span><\/strong><\/p>\n<p><strong>1. Was ist mein SELBST?<\/strong><br \/>\n1.1. Die drei grundlegenden Selbste<br \/>\n1.1.1. Selbst: Das H\u00f6here Selbst<br \/>\n1.1.1.1. Fragen Sie sich im Mentaltraining:<br \/>\n1.1.2. Selbst: Das Mittlere Selbst<br \/>\n1.1.2.1. Fragen Sie sich im Mentaltraining<br \/>\n1.1.3. Selbst: Das Untere Selbst<br \/>\n1.1.3.1. Fragen Sie sich im Mentaltraining<br \/>\n1.1.4. Resum\u00e9<br \/>\n<strong>2. Was ist mir BEWUSST<\/strong><br \/>\n2.1. Der Mensch ist sich seiner SELBST bewusst.<br \/>\n2.2. Der Mensch ist sich bewusst, worauf er seine Aufmerksamkeit richtet.<br \/>\n2.3. Der Mensch denkt, er ist bewusst.<br \/>\n2.4. Der Mensch ist, wer er sein will.<br \/>\n2.5. Der Mensch wird sich seines wahren SELBST bewusst!<br \/>\n2.6. \u201eDer Mensch denkt, Gott lenkt.\u201c<br \/>\n2.7. Resum\u00e9:<br \/>\n<strong>3. Was ist mein SEIN?<\/strong><br \/>\n3.1. Was der Mensch ist<br \/>\n3.1.1. Aufgabe des Mentaltrainings: Ich bin ein geistiges Wesen<br \/>\n3.2. Was der Mensch sich bewusst macht, ist er.<br \/>\n3.2.1. Aufgabe des Mentaltrainings: Ich bin selbst Natur<br \/>\n3.3. Wem der Mensch angeh\u00f6rt, ist er.<br \/>\n3.3.1. Aufgabe des Mentaltrainings: Grund und Sinn meines Lebens<br \/>\n3.4. Wer der Mensch sein will, ist er.<br \/>\n3.4.1. Aufgabe des Mentaltrainings: Ich bin, was ich sehen will<br \/>\n3.5. Der Mensch m\u00f6chte einfach gl\u00fccklich sein.<br \/>\n<strong>3.5.1. Aufgabe des Mentaltrainings: Ich bin gl\u00fccklich.<\/strong><br \/>\n<strong>4. Die ST\u00c4RKEN st\u00e4rken!<\/strong><br \/>\n4.1. Die St\u00e4rken st\u00e4rken!<br \/>\n4.1.1. Mentale Trainings-\u00dcbung<br \/>\n4.2. Die Erfolge feiern<br \/>\n4.2.1. Mentale Trainings-\u00dcbung<br \/>\n4.3. Die Blockaden der St\u00e4rken entdecken und l\u00f6sen<br \/>\n4.3.1. Mentale Trainings-\u00dcbung<br \/>\n4.4. Resum\u00e9<\/p>\n","protected":false},"excerpt":{"rendered":"<p>Mit Mentalkraft Selbstbewu\u00dftsein st\u00e4rken Autor: Dr. Wolf Barth Format: PDF-Daten Umfang: 20 Seiten Dateigr\u00f6\u00dfe: 336 KB &nbsp; Inhalt \/ Gliederung 1. Was ist mein SELBST? 1.1. Die drei grundlegenden Selbste 1.1.1. Selbst: Das H\u00f6here Selbst 1.1.1.1. Fragen Sie sich im Mentaltraining: 1.1.2. Selbst: Das Mittlere Selbst 1.1.2.1. Fragen Sie sich im Mentaltraining 1.1.3. Selbst: Das [&hellip;]<\/p>\n","protected":false},"author":1,"featured_media":0,"parent":1985,"menu_order":0,"comment_status":"closed","ping_status":"closed","template":"members-style1-content.php","meta":{"footnotes":"","_links_to":"","_links_to_target":""},"class_list":["post-4578","page","type-page","status-publish","hentry"],"_links":{"self":[{"href":"https:\/\/reich-sein.eu\/club\/wp-json\/wp\/v2\/pages\/4578","targetHints":{"allow":["GET"]}}],"collection":[{"href":"https:\/\/reich-sein.eu\/club\/wp-json\/wp\/v2\/pages"}],"about":[{"href":"https:\/\/reich-sein.eu\/club\/wp-json\/wp\/v2\/types\/page"}],"author":[{"embeddable":true,"href":"https:\/\/reich-sein.eu\/club\/wp-json\/wp\/v2\/users\/1"}],"replies":[{"embeddable":true,"href":"https:\/\/reich-sein.eu\/club\/wp-json\/wp\/v2\/comments?post=4578"}],"version-history":[{"count":6,"href":"https:\/\/reich-sein.eu\/club\/wp-json\/wp\/v2\/pages\/4578\/revisions"}],"predecessor-version":[{"id":4585,"href":"https:\/\/reich-sein.eu\/club\/wp-json\/wp\/v2\/pages\/4578\/revisions\/4585"}],"up":[{"embeddable":true,"href":"https:\/\/reich-sein.eu\/club\/wp-json\/wp\/v2\/pages\/1985"}],"wp:attachment":[{"href":"https:\/\/reich-sein.eu\/club\/wp-json\/wp\/v2\/media?parent=4578"}],"curies":[{"name":"wp","href":"https:\/\/api.w.org\/{rel}","templated":true}]}}