{"id":4595,"date":"2022-11-20T19:10:53","date_gmt":"2022-11-20T17:10:53","guid":{"rendered":"http:\/\/reich-sein.eu\/club\/?page_id=4595"},"modified":"2022-11-20T19:19:33","modified_gmt":"2022-11-20T17:19:33","slug":"kurs-manifestieren-mit-mentaltraining","status":"publish","type":"page","link":"https:\/\/reich-sein.eu\/club\/dr-wolf-barth\/kurs-manifestieren-mit-mentaltraining\/","title":{"rendered":"Kurs: Manifestieren mit Mentaltraining"},"content":{"rendered":"<h2><span style=\"color: #0000ff;\"><strong>Lerne durch \u201eMentales Training\u201c manifestieren (Basis-Kurs)<\/strong><\/span><\/h2>\n<p><a href=\"http:\/\/reich-sein.eu\/club\/wp-content\/uploads\/2022\/11\/MT.jpg\"><img loading=\"lazy\" decoding=\"async\" class=\"alignnone wp-image-4598\" src=\"http:\/\/reich-sein.eu\/club\/wp-content\/uploads\/2022\/11\/MT.jpg\" alt=\"\" width=\"600\" height=\"796\" srcset=\"https:\/\/reich-sein.eu\/club\/wp-content\/uploads\/2022\/11\/MT.jpg 722w, https:\/\/reich-sein.eu\/club\/wp-content\/uploads\/2022\/11\/MT-226x300.jpg 226w\" sizes=\"auto, (max-width: 600px) 100vw, 600px\" \/><\/a><\/p>\n<p><strong>Autor: Dr. Wolf Barth<\/strong><\/p>\n<p><strong>Umfang: 7 Teile<\/strong><\/p>\n<h3><span style=\"color: #0000ff;\"><strong>Beschreibung:<\/strong><\/span><\/h3>\n<p><strong>MT ist Dein General-Schl\u00fcssel zu Gesundheit, Gl\u00fcck und Erfolg<\/strong><\/p>\n<p><strong><span style=\"color: #0000ff;\">Warum\u00a0sollten Sie\u00a0Mentaltraining anwenden?<\/span><\/strong><br \/>\nDu erlebst den neurologischen Alpha-Zustand und lernst, darin geistig zu arbeiten: Ziele und Visionen definieren, Gedankenhygiene betreiben, Denk- und Glaubensmuster erkennen, innere und \u00e4u\u00dfere Grenzen \u00fcberwinden, Energie tanken, u.v.m.<br \/>\nDu erlernst einen Weg zur schnellen Tiefenentspannung. Du erh\u00e4ltst eine Methode und Energiequelle, um die Herausforderungen Deines allt\u00e4glichen Lebens anzunehmen und aktiv zu ver\u00e4ndern oder zu gestalten.<\/p>\n<p><strong><span style=\"color: #0000ff;\">Wobei\u00a0Mentaltraining bzw. Mentalcoaching\u00a0hilft<\/span><\/strong><\/p>\n<p>Du kannst Probleme und Schwierigkeiten leicht l\u00f6sen und unerw\u00fcnschtes Verhalten positiv ver\u00e4ndern.<br \/>\nDein Leben nach Deinen W\u00fcnschen, Zielen und Vorstellungen gestalten zu k\u00f6nnen, zum Sch\u00f6pfer Deines Lebens zu werden.<br \/>\nAls Unternehmer findest Du innovative L\u00f6sungswege und f\u00fchrst Dein Unternehmen zu dauerhaftem Erfolg. Du realisierst zielgerichtet Ideen, Erfindungen und Projekte.<br \/>\nDu bist in den verschiedensten Lebensbereichen erfolgreicher und gl\u00fccklicher: Beruf oder Gesch\u00e4ft, Familie und Kinder, Freizeit und Sport, Gesundheit und Heilung, Pers\u00f6nlichkeits-Entwicklung \u2026<br \/>\nBei der St\u00e4rkung von Selbstbewu\u00dftsein und Konzentration sowie bei der Steigerung geistiger, seelischer und k\u00f6rperlicher Lebens- und Leistungsf\u00e4higkeit.<br \/>\nMental Coaching ist laut Gesundheitsportal.com<em> \u201eein vielversprechender Ansatz, \u00fcber die Aufl\u00f6sung unserer Traumen, \u00c4ngste, Zweifel, Selbstwertdefizite oder anderer negativer Programmierungen direkt positiv auf unser Immunsystem einzuwirken und so den Grundstein f\u00fcr Besserung auf psychischer und k\u00f6rperlicher Ebene zu legen.\u201c<\/em><\/p>\n<p><span style=\"color: #0000ff;\"><strong>Was ist Mentaltraining?<\/strong><\/span><br \/>\n<strong>Begriffliches:<\/strong> Mentaltraining ist das zielgerichtete und regelm\u00e4\u00dfige \u00dcben geistiger F\u00e4higkeiten und Techniken. Dieses Training aktiviert die geistigen Kr\u00e4fte so, da\u00df damit die angestrebten Erfolge im Leben erreicht werden: die Leistung und Arbeitsfreude wird erh\u00f6ht, Gesundheit, Beziehungen, Finanzsituation und Lebensqualit\u00e4t werden verbessert.<br \/>\nDas Mental-Training ist ein universell wirksames System, ein \u201egeistiges Werkzeug\u201c.<br \/>\nEs stellt einen General-Schl\u00fcssel zum inneren geistigen Potential eines Menschen dar.<\/p>\n<p>Mentaltraining beruht auf uraltem Wissen und nutzt die ewig g\u00fcltigen geistigen Gesetze und Zusammenh\u00e4nge.<\/p>\n<p>Mentaltraining arbeitet mit der unendlichen Kraft unserer Gedanken und Worte sowie den noch st\u00e4rkeren Kr\u00e4ften der Bilder und Gef\u00fchle.<\/p>\n<p>Von Nutzen ist dieses \u201egeistige Werkzeug\u201c aber nur, wenn es benutzt wird &#8211; genau wie bei dem Hand-Werkszeug. Das Zauberwort hei\u00dft TUN. Durch (geistige) Tat entsteht dann Ihre Realit\u00e4t (REALI-T\u00c4T)<\/p>\n<p><em>\u201eUnser Leben ist das Produkt unserer Gedanken.\u00a0Jeder wird und ist, was er denkt.\u201c\u00a0<\/em>\u00a0(Mark Aurel)<\/p>\n<p><strong><span style=\"color: #0000ff;\">Was ist das Besondere am Mentaltraining von Dr. Wolf Barth?<\/span><\/strong><br \/>\nDas Mentaltraining von Dr. Wolf Barth ist eine<strong> einmalige Integration:<\/strong>\u00a0Uralte Weisheit und moderne Wissenschaft und Technik verschmelzen in unserem Mentaltraining.<br \/>\nDas Mentaltraining von Dr. Wolf Barth stellt eine optimierte Essenz der effektivsten Bewu\u00dftseins- und Erfolgstechniken dar &#8211; von den ersten Schritten spirituell-magischer Praxis bis zur heutigen Quanten- oder Psychophysik. Es werden die Ebenen der Psyche und der Physik integriert.<\/p>\n<ul>\n<li>Spirituelles MENTAL-TRAINING<\/li>\n<li>Magisches MENTAL-TRAINING<\/li>\n<li>Psychologisches MENTAL-TRAINING<\/li>\n<li>Gehirn-technisches MENTAL-TRAINING<\/li>\n<li>Gehirn-sprachliches MENTAL-TRAINING<\/li>\n<li>Psycho-physikalisches MENTAL-TRAINING<\/li>\n<\/ul>\n<p><strong>Spirituell, magisch:<\/strong> Uralte Weisheit \u00fcber die Elemente, Gesetze und Zusammenh\u00e4nge des Universums werden genauso integriert wie \u00fcberlieferte Praktiken, im Einklang mit der Natur willentlich solche Bewu\u00dftseinsver\u00e4nderungen zu verursachen, die in der Lage sind die geistige und\/oder materielle Realit\u00e4t in gew\u00fcnschter Weise zu ver\u00e4ndern oder zu formen. Das Mentaltraining f\u00f6rdert die Verbindung mit dem eigenen h\u00f6heren Selbst, die Selbsterkenntnis und das innere Wachsen, sorgt f\u00fcr innere Zufriedenheit und Harmonie.<br \/>\n<strong>Wissenschaftlich:<\/strong> In dieses interdisziplin\u00e4ren Mentaltraining flie\u00dfen Ergebnisse der Forschung aus den Bereichen Psychologie, Suggestop\u00e4die, Neurologie, Psychoimmonulogie, Kinesiologie, Akupunktur\/Akupressur, Biofeedback, Physik, Quantenmechanik und Psychophysik ein.<\/p>\n<p><strong>Methodisch:<\/strong> Es werden in Einzel- oder Gruppen\u00fcbungen<\/p>\n<ul>\n<li>Sprache und Stimme,<\/li>\n<li>Bilder und Symbole,<\/li>\n<li>T\u00f6ne und Musik,<\/li>\n<li>Rhythmen und Rituale eingesetzt,<\/li>\n<\/ul>\n<p>die Sie in die Lage versetzen, die vermittelten Techniken selbst\u00e4ndig anzuwenden und ins t\u00e4gliche Leben zu integrieren.<\/p>\n<p><strong>Technisch:<\/strong> Es wird eine Kombination ausgesuchter mentaler Techniken eingesetzt aus<\/p>\n<ul>\n<li>der Magie (Gedanke&gt;Wort&gt;Tat),<\/li>\n<li>Psychologie,<\/li>\n<li>Hypnose\/Trancearbeit,<\/li>\n<li>Selbsthypnose\/Autogenes Training,<\/li>\n<li>NP (Neuroprograming &#8211; Gehirnwellenstimulation, Sprache, Vorstellung, Hypnose),<\/li>\n<li>NLP (Neurolinguistisches Programmieren),<\/li>\n<li>EFT (Emotional Freedom Technique),\u00a0 Akupressur und<\/li>\n<li>verschiedenen Mentaltrainings-Ans\u00e4tzen (Jose Silva, K. Tepperwein, V. Birkenbihl,\u00a0 Ebersp\u00e4cher)<\/li>\n<\/ul>\n<h3><span style=\"color: #0000ff;\"><strong>Die Inhalte (Basis-Kurs)<\/strong><\/span><\/h3>\n<p><strong><span style=\"color: #0000ff;\">1. Wissen<\/span><\/strong><\/p>\n<p>(1) Du machst Dich vertraut mit uraltem und modernem Wissen \u00fcber das Wirken des Geistes bzw. der Gedanken und \u00fcber die Hintergr\u00fcnde und Bedingungen des Mentaltrainings.<\/p>\n<p><span style=\"color: #0000ff;\"><strong>2. Entspannen<\/strong><\/span><\/p>\n<p>(2) Du lernst mit Hilfe einfacher \u00dcbungen, Dich schnell in einen Zustand tiefer Entspannung zu versetzen (Alpha-Bewu\u00dftseinszustand).<\/p>\n<p><span style=\"color: #0000ff;\"><strong>3. Basis-Techniken<\/strong><\/span><\/p>\n<p>(3) Du \u00fcbst Basistechniken des Mentaltrainings:<\/p>\n<p>&#8211; Entspannen,<br \/>\n&#8211; Zielen,<br \/>\n&#8211; Visualisieren,<br \/>\n&#8211; Affirmieren,<br \/>\n&#8211; Ankern<\/p>\n<p><strong><span style=\"color: #0000ff;\">4. Arbeit im Alphazustand<\/span><\/strong><\/p>\n<p>(4) Du lernst, im Alpha-Zustand Mental-Techniken anzuwenden, die Dir helfen, Deine pers\u00f6nlichen Ziele klar zu sehen, zu formulieren und zu erreichen.<\/p>\n<p><strong><span style=\"color: #0000ff;\">5. Innere Mental-Werkstatt<\/span><\/strong><br \/>\n(5) Du erschaffst mit Deinen Gedanken eine &#8222;Innere Mental-Werkstatt&#8220;, in die Du jederzeit gehen kannst, die alles f\u00fcr Dich bereit h\u00e4lt, was Du zur Umsetzung Deiner Ziele brauchst &#8211; einschlie\u00dflich weiser Berater und tatkr\u00e4ftiger Assistenten!<\/p>\n<p><span style=\"color: #0000ff;\"><strong>6. Anwendung Mental-Techniken<\/strong><\/span><br \/>\n(6) Anwendung der gelernten Mental-Techniken in der Inneren Mental-Werkstatt.<\/p>\n","protected":false},"excerpt":{"rendered":"<p>Lerne durch \u201eMentales Training\u201c manifestieren (Basis-Kurs) Autor: Dr. Wolf Barth Umfang: 7 Teile Beschreibung: MT ist Dein General-Schl\u00fcssel zu Gesundheit, Gl\u00fcck und Erfolg Warum\u00a0sollten Sie\u00a0Mentaltraining anwenden? Du erlebst den neurologischen Alpha-Zustand und lernst, darin geistig zu arbeiten: Ziele und Visionen definieren, Gedankenhygiene betreiben, Denk- und Glaubensmuster erkennen, innere und \u00e4u\u00dfere Grenzen \u00fcberwinden, Energie tanken, u.v.m. [&hellip;]<\/p>\n","protected":false},"author":1,"featured_media":0,"parent":1985,"menu_order":0,"comment_status":"closed","ping_status":"closed","template":"members-style1-content.php","meta":{"footnotes":"","_links_to":"","_links_to_target":""},"class_list":["post-4595","page","type-page","status-publish","hentry"],"_links":{"self":[{"href":"https:\/\/reich-sein.eu\/club\/wp-json\/wp\/v2\/pages\/4595","targetHints":{"allow":["GET"]}}],"collection":[{"href":"https:\/\/reich-sein.eu\/club\/wp-json\/wp\/v2\/pages"}],"about":[{"href":"https:\/\/reich-sein.eu\/club\/wp-json\/wp\/v2\/types\/page"}],"author":[{"embeddable":true,"href":"https:\/\/reich-sein.eu\/club\/wp-json\/wp\/v2\/users\/1"}],"replies":[{"embeddable":true,"href":"https:\/\/reich-sein.eu\/club\/wp-json\/wp\/v2\/comments?post=4595"}],"version-history":[{"count":7,"href":"https:\/\/reich-sein.eu\/club\/wp-json\/wp\/v2\/pages\/4595\/revisions"}],"predecessor-version":[{"id":4603,"href":"https:\/\/reich-sein.eu\/club\/wp-json\/wp\/v2\/pages\/4595\/revisions\/4603"}],"up":[{"embeddable":true,"href":"https:\/\/reich-sein.eu\/club\/wp-json\/wp\/v2\/pages\/1985"}],"wp:attachment":[{"href":"https:\/\/reich-sein.eu\/club\/wp-json\/wp\/v2\/media?parent=4595"}],"curies":[{"name":"wp","href":"https:\/\/api.w.org\/{rel}","templated":true}]}}