{"id":4611,"date":"2022-11-20T20:50:27","date_gmt":"2022-11-20T18:50:27","guid":{"rendered":"http:\/\/reich-sein.eu\/club\/?page_id=4611"},"modified":"2022-11-24T16:07:09","modified_gmt":"2022-11-24T14:07:09","slug":"runen","status":"publish","type":"page","link":"https:\/\/reich-sein.eu\/club\/mittel\/runen\/","title":{"rendered":"Runen"},"content":{"rendered":"<div class=\"post_header_title\">\n<h5><a title=\"Runen \u2013 G\u00f6ttliche Heilzeichen\" href=\"http:\/\/www.alpha-synapsen-programmierung.de\/runen-goettliche-heilzeichen\/\">Runen \u2013 G\u00f6ttliche Heilzeichen<\/a><\/h5>\n<\/div>\n<h2><span style=\"color: #0000ff;\"><b>Runen \u2013 Heilzeichen der Germanen<\/b><\/span><\/h2>\n<p><iframe loading=\"lazy\" title=\"YouTube video player\" src=\"https:\/\/www.youtube.com\/embed\/axITf7tH6s4\" width=\"560\" height=\"315\" frameborder=\"0\" allowfullscreen=\"allowfullscreen\"><\/iframe><\/p>\n<p>\u201eIm Anfang war das Wort, und das Wort war bei Gott, und Gott war das Wort\u201c, so steht es in der Bibel. Sie wurde aus dem Hebr\u00e4ischen in das Lateinische \u00fcbersetzt, so steht dort der lateinische Begriff Logos f\u00fcr Wort. Was w\u00e4re, wenn nicht Logos gemeint war, sondern Logo?<\/p>\n<p>Logos = auf Verstehen angelegte Sprache, bzw. der Begriff wird unspezifisch im Sinne von Wort gebraucht.<\/p>\n<p>Logo = ist ein grafisches Zeichen, es steht aber auch f\u00fcr Silben oder ganze W\u00f6rter.<\/p>\n<p>Damit bek\u00e4me dieses Zitat aus der Bibel eine ganz neue Aussage, n\u00e4mlich: Im Anfang war das Zeichen.\u00a0und das Zeichen war bei Gott, und das Zeichen war Gott. Spannend, dachte ich, denn wenn ich Gott um Hilfe bitte, sage ich ja nicht, bitte gib mir ein Wort, sondern gib mir ein Zeichen.<\/p>\n<p><b>Die Geschichte der Runen<\/b><\/p>\n<p>Die Runen sind ca. 80000 Jahre alt und wurden von allen germanischen St\u00e4mmen benutzt. Im Gegensatz zur \u00f6ffentlichen Meinung waren die Germanen kein kriegerisches, barbarisches und unzivilisiertes Volk, sondern ganz im Gegenteil, ein Volk voller Ethik, Natur- und Gottverbundenheit. Die Bezeichnung Barbar wird oft f\u00fcr rohe und ungebildete Menschen verwendet. Bar-Bar stammt aber von der Rune BAR ab, diese bezieht sich auf die Geburt, das Leben, den Ursprung und das Geb\u00e4ren des Geistes. So bedeutet Bar-Bar der dreifach Wiedergeborene, im Geist, in der Seele und im Leib.<\/p>\n<p><b>Was ist an den Runen so besonders?<\/b><\/p>\n<p>Runen sind Wurzelworte und jede Rune hat eine ganz besondere Schwingung, deshalb werden bestimmte Runen als Heilzeichen verwendet. Das Runenmodul m\u00fcssen wir uns als multidimensionales Modell vorstellen. Durch das Installieren der Runen k\u00f6nnen wir diese Information direkt in unsere DNA einschwingen, die ebenfalls eine multidimensionale, kristalline Struktur hat.<\/p>\n<p><b>Was bewirken die Runen?<\/b><\/p>\n<p>Die Silben und Zeichen der Runen entspricht dem g\u00f6ttlichen Code, der in der Sprache verborgen ist. Sie entstanden aus den Ger\u00e4uschen und T\u00f6nen der Natur. Mit dem installieren der Runen, erreichen wir mehrere Ebenen:<\/p>\n<ol>\n<li>Unsere Schwingung erh\u00f6ht sich, das hat zur Folge, dass uns niedrig schwingende Frequenzen nicht mehr tangieren.<\/li>\n<li>Die Erinnerung an unsere Ahnen und damit an unsere G\u00f6ttlichen F\u00e4higkeiten kommt zur\u00fcck.<\/li>\n<li>Die Verbindung an das kosmische Wissen und an unser kosmisches Erbe wird wieder hergestellt.<\/li>\n<li>Wir erkennen das Sch\u00f6pfungsprinzip. Gedanken und Ideen, die sich intuitiv gut anf\u00fchlen, k\u00f6nnen manifestiert werden.<\/li>\n<\/ol>\n<p><b>Umsetzung<\/b><\/p>\n<p>Um mit den Runen arbeiten zu k\u00f6nnen, habe ich die Informationen in Form von Ich-Bin-S\u00e4tzen auf einer Scheibe angeordnet. Durch das sprechen dieser S\u00e4tze, werden die Runen in unsere DNA eingeschwungen. Die dort gespeicherten Informationen werden somit freigegeben.<\/p>\n<p>Auf der R\u00fcckseite der Runen-Scheibe befinden sich die 12 Archetypen nach C.G. Jung. Die Heilung des Zuerst-Gepr\u00e4gten ist ein weiter wichtiger Schritt in die Heilung von K\u00f6rper, Geist und Seele.<\/p>\n<p><a href=\"http:\/\/www.alpha-synapsen-programmierung.de\/runen-goettliche-heilzeichen\/\">http:\/\/www.alpha-synapsen-programmierung.de\/runen-goettliche-heilzeichen\/<\/a><\/p>\n","protected":false},"excerpt":{"rendered":"<p>Runen \u2013 G\u00f6ttliche Heilzeichen Runen \u2013 Heilzeichen der Germanen \u201eIm Anfang war das Wort, und das Wort war bei Gott, und Gott war das Wort\u201c, so steht es in der Bibel. Sie wurde aus dem Hebr\u00e4ischen in das Lateinische \u00fcbersetzt, so steht dort der lateinische Begriff Logos f\u00fcr Wort. Was w\u00e4re, wenn nicht Logos gemeint [&hellip;]<\/p>\n","protected":false},"author":1,"featured_media":0,"parent":5069,"menu_order":0,"comment_status":"closed","ping_status":"closed","template":"members-style1-nosidebar.php","meta":{"footnotes":"","_links_to":"","_links_to_target":""},"class_list":["post-4611","page","type-page","status-publish","hentry"],"_links":{"self":[{"href":"https:\/\/reich-sein.eu\/club\/wp-json\/wp\/v2\/pages\/4611","targetHints":{"allow":["GET"]}}],"collection":[{"href":"https:\/\/reich-sein.eu\/club\/wp-json\/wp\/v2\/pages"}],"about":[{"href":"https:\/\/reich-sein.eu\/club\/wp-json\/wp\/v2\/types\/page"}],"author":[{"embeddable":true,"href":"https:\/\/reich-sein.eu\/club\/wp-json\/wp\/v2\/users\/1"}],"replies":[{"embeddable":true,"href":"https:\/\/reich-sein.eu\/club\/wp-json\/wp\/v2\/comments?post=4611"}],"version-history":[{"count":3,"href":"https:\/\/reich-sein.eu\/club\/wp-json\/wp\/v2\/pages\/4611\/revisions"}],"predecessor-version":[{"id":4618,"href":"https:\/\/reich-sein.eu\/club\/wp-json\/wp\/v2\/pages\/4611\/revisions\/4618"}],"up":[{"embeddable":true,"href":"https:\/\/reich-sein.eu\/club\/wp-json\/wp\/v2\/pages\/5069"}],"wp:attachment":[{"href":"https:\/\/reich-sein.eu\/club\/wp-json\/wp\/v2\/media?parent=4611"}],"curies":[{"name":"wp","href":"https:\/\/api.w.org\/{rel}","templated":true}]}}