{"id":4622,"date":"2022-11-21T10:55:37","date_gmt":"2022-11-21T08:55:37","guid":{"rendered":"http:\/\/reich-sein.eu\/club\/?page_id=4622"},"modified":"2022-11-28T17:34:47","modified_gmt":"2022-11-28T15:34:47","slug":"frequenzen","status":"publish","type":"page","link":"https:\/\/reich-sein.eu\/club\/mittel\/frequenzen\/","title":{"rendered":"Frequenzen"},"content":{"rendered":"<h2><span style=\"color: #0000ff;\"><strong>Frequenzen &amp; Zahlen\u00a0 Divine Healing Codes\u00a0<\/strong><\/span><\/h2>\n<p>0 2345 7000 13134 42145 789 0<\/p>\n<p>F\u00fcr den Zugang zu h\u00f6heren Dimensionen.<\/p>\n<p>00 53 111<\/p>\n<p>Die Bombe der Liebe (um die Liebe in deiner Welt jenseits aller Vorstellungskraft zu steigern!)<\/p>\n<p>00 77 106<\/p>\n<p>Bei Augenerm\u00fcdung; Vision.<\/p>\n<p>01 22 276<\/p>\n<p>Um die Liebe zu erneuern.<\/p>\n<p>01 61 510<\/p>\n<p>F\u00fcr diejenigen, die unter Sucht aller Art leiden, und f\u00fcr ihre Familie und Freunde, deren Leben von der Sucht eines geliebten Menschen betroffen ist.<\/p>\n<p>01232 58756 92254 622622784457894012345678977874564 223245789214687811214501438728354378289770<\/p>\n<p>&#8222;Spektrum&#8220; (beachten Sie, dass dies eine lange Zahl ist).<\/p>\n<p>02 87 297<\/p>\n<p>Damit alles im richtigen Tempo, im richtigen Moment und in der richtigen Reihenfolge zum h\u00f6chsten Wohl, f\u00fcr alles, die Gesamtsumme, zum h\u00f6chsten Wohl von allen entsteht.<\/p>\n<p>03 01 556<\/p>\n<p>Um die Verbindung zum Himmel zu st\u00e4rken.<\/p>\n<p>03 05 791<\/p>\n<p>Damit alles zum Besten geschieht und darauf vertraut wird, dass dies nur aus diesem Grund geschieht.<\/p>\n<p>04 73 732<\/p>\n<p>Damit du zur\u00fcckhaltend bleibst, wenn dich alles auf die Probe stellt.<\/p>\n<p>05 40 511<\/p>\n<p>Die Absicht von massenmedialen psychologischen Operationen und allen Ereignissen mit falscher Flagge zu negieren.<\/p>\n<p>05 50 561<\/p>\n<p>Um Stress abzubauen.<\/p>\n<p>06 06 119<\/p>\n<p>Bei oppositioneller trotziger St\u00f6rung.<\/p>\n<p>06 11 507<\/p>\n<p>F\u00fcr Harmonie in allen Dingen &#8211; sowohl in der Perspektive als auch in der Wirkung auf andere, die ansteckend ist!<\/p>\n<p>06 11 916<\/p>\n<p>Zum Reisen. F\u00fcr Gelegenheiten, die sich ergeben, wenn Sie gerne reisen, sowohl zum Arbeiten als auch zum Vergn\u00fcgen.<\/p>\n<p>06 17 557<\/p>\n<p>Damit die Armut f\u00fcr immer von Gaia und ihren Bewohnern verschwindet.<\/p>\n<p>07 99 720<\/p>\n<p>F\u00fcr innere Kraft und wohltuende Energie in K\u00e4mpfen, die mit innerem Wachstum verbunden sind.<\/p>\n<p>08 08 316<\/p>\n<p>Bei Demoralisierung oder Moralverlust.<\/p>\n<p>08 08 888<\/p>\n<p>F\u00fcr etwas neues, das willkommen ist.<\/p>\n<p>08 11 215<\/p>\n<p>F\u00fcr alle g\u00fcnstigen Planeten, wie es im Rahmen Ihres Lebensskripts zul\u00e4ssig ist, damit Sie nicht auf eine Lektion verzichten, die in Ihrem Lebensplan f\u00fcr die Zeit vor der Geburt enthalten ist (f\u00fcr nicht englischsprachige Personen hier eine alternative \u00dcbersetzung: &#8218;f\u00fcr alle g\u00fcnstigen Planeten mit Ausnahme derer, die verpflichtet sind, an etwas f\u00fcr eine Lebensstunde teilzunehmen, die in ihr Lebensskript geschrieben wurde&#8216;).<\/p>\n<p>08 22 517<\/p>\n<p>F\u00fcr ein immer wieder gl\u00fcckliches Erleben &#8211; Ihr pers\u00f6nliches und in Paarbeziehung, wenn es von beiden Partnern gew\u00fcnscht wird.<\/p>\n<p>10 01 688<\/p>\n<p>Zur Optimierung und Balance der Energie des siebten oder &#8218;Krone&#8216; Chakra (wei\u00df).<\/p>\n<p>10 010 5856<\/p>\n<p>Bei chronischer Wurzel-Chakra-Blockade \/ Unf\u00e4higkeit sich zu Gaia zu erden.<\/p>\n<p>10 02 322<\/p>\n<p>Um das g\u00f6ttliche Maskulin zu erh\u00f6hen, um die Energiebilanz zu optimieren, wenn die g\u00f6ttliche maskuline Energie (Yang) zu niedrig ist (dies kann sowohl f\u00fcr Frauen als auch f\u00fcr M\u00e4nner verwendet werden).<\/p>\n<p>10 22 58 725 49633<\/p>\n<p>Bei Schuld und \/ oder Schande.<\/p>\n<p>10 23 519<\/p>\n<p>Bei Katastrophen.<\/p>\n<p>10 42 7896<\/p>\n<p>Zur Verbesserung der Schlafqualit\u00e4t.<\/p>\n<p>10203 45156 22124 78 87 485 72631 11 21 232457894<\/p>\n<p>Zum Durchschreiten von Materie.<\/p>\n<p>11 11 115<\/p>\n<p>Um den Schock und Terror zu lindern, der mit Katastrophen jeglicher Art einhergeht (Naturkatastrophen, pers\u00f6nliche Trag\u00f6dien, Verluste, Krisensituationen usw.).<\/p>\n<p>11 11 171<\/p>\n<p>Bei An\u00e4mie und f\u00fcr ges\u00fcnderes Blut.<\/p>\n<p>11 111 1111 11111 1111 111 11<\/p>\n<p>Schaltkreis Upgrade ~ NUR VERWENDEN, wenn dies erlaubt ist, da dies extrem energiereich ist.<\/p>\n<p>11 12 121<\/p>\n<p>F\u00fcr die Geburt.<\/p>\n<p>11 21 222<\/p>\n<p>F\u00fcr den Mut.<\/p>\n<p>11 21 495<\/p>\n<p>Bei langanhaltender Schlaflosigkeit.<\/p>\n<p>11 22 232<\/p>\n<p>Einstimmung auf das Pflanzenreich.<\/p>\n<p>11 25 612<\/p>\n<p>Bei Angst vor Krankenh\u00e4usern und dem Gesundheitswesen im Allgemeinen.<\/p>\n<p>11 31 561<\/p>\n<p>F\u00fcr diejenigen, denen bei einer ernsthaften, lebensbedrohlichen Krankheit Hilfe verweigert wird.<\/p>\n<p>11 33 517<\/p>\n<p>Zum Ausgleich der Energien in Ihrer Lebenserfahrung &#8211; um sie zu gl\u00e4tten, auszugleichen &#8211; damit keine \u201eGipfel und T\u00e4ler\u201c mehr entstehen, sodass der Gesamteffekt an den meisten Tagen angenehmer ist.<\/p>\n<h3 class=\"style-scope ytd-watch-metadata\"><span style=\"color: #0000ff;\"><strong>Beste Frequenz f\u00fcr Manifestation (Wohlstand, Gesundheit, Gl\u00fcck)<\/strong><\/span><\/h3>\n<p><a href=\"https:\/\/www.youtube.com\/watch?v=uZ8DQQJ4yko\"><strong>neowake Session: <\/strong><\/a><\/p>\n<p>Mit dieser Session wird ein tiefer Bewusstseinszustand aktiviert, der die Manifestationskraft, die uns innewohnt, aktiviert wird. Mithilfe dieses tieferen Verst\u00e4ndnisses der eigenen M\u00f6glichkeiten fallen geistige Manifestationen leichter. Gem\u00e4\u00df dem Gesetz der Anziehung verursacht jeder Gedanke eine Schwingung und verursacht daraufhin in Abh\u00e4ngigkeit mit der Umwelt gewisse Resonanzwirkungen. Diese Frequenz \u00f6ffnet das Tor zum Unterbewusstsein, um eben diese positiven Gedanken schneller mit der Realit\u00e4t zu synchronisieren. Die eingebetteten Frequenzen (12Hz, 3,5Hz und 280Hz) \u00f6ffnen das Bewusstsein f\u00fcr Suggestionen, die daraufhin schneller in die Realit\u00e4t umgesetzt werden. \u25ce Anwendungsempfehlung: Unsere neowake Sessions sind dank der eingebetteten Audio-Frequenzen sehr m\u00e4chtig. Du wirst mithilfe dieses Videos einen neuen Bewusstseinszustand erreichen. Innerhalb der ersten 5-7 Minuten passen sich deine Gehirnwellen an und du wirst eine Ver\u00e4nderung sp\u00fcren. Falls du die Wirkung verst\u00e4rken m\u00f6chtest, beginne die neowake Sessions t\u00e4glich anzuh\u00f6ren.<\/p>\n<p>Sicherheitshinweise: Am besten wirken unsere neowake Sessions, wenn du die Musik \u00fcber Kopfh\u00f6rer anh\u00f6rst und dich w\u00e4hrenddessen entspannt hinsetzt oder hinlegst. Bitte h\u00f6re diese Musik nicht beim Autofahren oder bei anderen T\u00e4tigkeiten, die deine uneingeschr\u00e4nkte Aufmerksamkeit erfordern.<\/p>\n<p><iframe loading=\"lazy\" title=\"YouTube video player\" src=\"https:\/\/www.youtube-nocookie.com\/embed\/uZ8DQQJ4yko\" width=\"560\" height=\"315\" frameborder=\"0\" allowfullscreen=\"allowfullscreen\"><\/iframe><\/p>\n<h3 class=\"style-scope ytd-watch-metadata\"><span style=\"color: #0000ff;\"><strong>Manifestiere Wunder I Anziehung 432 Hz I Elevate Your Vibration<\/strong><\/span><\/h3>\n<p>Manifestiere Wunder und erh\u00f6he deine Schwingung mit dieser Frequenz von 432 Hz. Mit der 432-Hz-Frequenz als Basis baut dieser Track kontinuierlich auf sich selbst auf, sodass Sie Ihre Schwingungen erh\u00f6hen und Ihre Energie auf die Manifestation konzentrieren k\u00f6nnen. W\u00e4hrend das Video fortschreitet, werden Sie feststellen, dass sich das Video mit zunehmender Frequenz und Musik zu entwickeln beginnt.<\/p>\n<p><iframe loading=\"lazy\" title=\"YouTube video player\" src=\"https:\/\/www.youtube-nocookie.com\/embed\/D2KRO0qRDhU\" width=\"560\" height=\"315\" frameborder=\"0\" allowfullscreen=\"allowfullscreen\"><\/iframe><\/p>\n<p>&nbsp;<\/p>\n","protected":false},"excerpt":{"rendered":"<p>Frequenzen &amp; Zahlen\u00a0 Divine Healing Codes\u00a0 0 2345 7000 13134 42145 789 0 F\u00fcr den Zugang zu h\u00f6heren Dimensionen. 00 53 111 Die Bombe der Liebe (um die Liebe in deiner Welt jenseits aller Vorstellungskraft zu steigern!) 00 77 106 Bei Augenerm\u00fcdung; Vision. 01 22 276 Um die Liebe zu erneuern. 01 61 510 F\u00fcr [&hellip;]<\/p>\n","protected":false},"author":1,"featured_media":0,"parent":5069,"menu_order":0,"comment_status":"closed","ping_status":"closed","template":"members-style1-nosidebar.php","meta":{"footnotes":"","_links_to":"","_links_to_target":""},"class_list":["post-4622","page","type-page","status-publish","hentry"],"_links":{"self":[{"href":"https:\/\/reich-sein.eu\/club\/wp-json\/wp\/v2\/pages\/4622","targetHints":{"allow":["GET"]}}],"collection":[{"href":"https:\/\/reich-sein.eu\/club\/wp-json\/wp\/v2\/pages"}],"about":[{"href":"https:\/\/reich-sein.eu\/club\/wp-json\/wp\/v2\/types\/page"}],"author":[{"embeddable":true,"href":"https:\/\/reich-sein.eu\/club\/wp-json\/wp\/v2\/users\/1"}],"replies":[{"embeddable":true,"href":"https:\/\/reich-sein.eu\/club\/wp-json\/wp\/v2\/comments?post=4622"}],"version-history":[{"count":7,"href":"https:\/\/reich-sein.eu\/club\/wp-json\/wp\/v2\/pages\/4622\/revisions"}],"predecessor-version":[{"id":5159,"href":"https:\/\/reich-sein.eu\/club\/wp-json\/wp\/v2\/pages\/4622\/revisions\/5159"}],"up":[{"embeddable":true,"href":"https:\/\/reich-sein.eu\/club\/wp-json\/wp\/v2\/pages\/5069"}],"wp:attachment":[{"href":"https:\/\/reich-sein.eu\/club\/wp-json\/wp\/v2\/media?parent=4622"}],"curies":[{"name":"wp","href":"https:\/\/api.w.org\/{rel}","templated":true}]}}