{"id":4627,"date":"2022-11-21T11:20:31","date_gmt":"2022-11-21T09:20:31","guid":{"rendered":"http:\/\/reich-sein.eu\/club\/?page_id=4627"},"modified":"2022-11-25T21:48:55","modified_gmt":"2022-11-25T19:48:55","slug":"vom-opfer-zum-schoepfer","status":"publish","type":"page","link":"https:\/\/reich-sein.eu\/club\/weg\/vom-opfer-zum-schoepfer\/","title":{"rendered":"Vom Opfer zum Sch\u00f6pfer"},"content":{"rendered":"<h2><span style=\"color: #0000ff;\"><strong>Vier Entwicklungsstufen vom Opfer zum Sch\u00f6pfer\u00a0<\/strong><\/span><\/h2>\n<h2><strong style=\"color: #0000ff; font-size: 16px;\">(nach Dr. Michael Bernard Beckwith)<\/strong><\/h2>\n<p><strong><em>To me | By Me\u00a0 | Through Me | As Me<\/em><\/strong><\/p>\n<p><span style=\"color: #0000ff;\"><strong>F\u00fcr mich<\/strong>\u00a0|\u00a0<strong>Von mir<\/strong>\u00a0|<strong>\u00a0Durch mich<\/strong>\u00a0| <strong>Als ich<\/strong><\/span><\/p>\n<h3><span style=\"color: #0000ff;\"><strong>1. STUFE: LEBEN PASSIERT MIR (OPFERN): TO ME \/ F\u00dcR MICH<\/strong><\/span><\/h3>\n<p><strong>(\u201eOpfer-Bewusstsein\u201c:<\/strong>\u00a0Gefangener und Opfer,\u00a0<em><strong>bewertete<\/strong>\u00a0<\/em>Materie, Trennung)<\/p>\n<p>Ich bin Opfer des Lebens (der \u00e4u\u00dferen Umst\u00e4nde, der Dunkelheit, der fremden Programmierung).<\/p>\n<p><strong>ICH OPFERE MICH. Ich bin Opfer.<\/strong><\/p>\n<h3><span style=\"color: #0000ff;\"><strong>2. STUFE: LEBEN PASSIERT DURCH MICH (MANIFESTIEREN): BY ME \/ VON MIR<\/strong><\/span><\/h3>\n<p><strong>(\u201eManifestations-Bewusstsein\u201c:<\/strong>\u00a0Verwirklichung und Manifestation,\u00a0<em><strong>m\u00e4nnliche<\/strong><\/em>\u00a0Seite)<\/p>\n<p>Ich schaffe mein Leben (mit meinen inneren Bedingungen, des Lichts).<\/p>\n<p><strong>ICH MANIFESTIERE MICH:\u00a0<\/strong><strong>Ich bin Gestalter (meines Willens).<\/strong><\/p>\n<h3><span style=\"color: #0000ff;\"><strong>3. STUFE: LEBEN DR\u00dcCKT SICH DURCH MICH AUS (HINGEBEN): THROUGH ME \/ DURCH MICH<\/strong><\/span><\/h3>\n<p><strong>(\u201eKanalisierung des Bewusstseins\u201c:<\/strong>\u00a0Liebe und Hingabe,\u00a0<em><strong>weibliche<\/strong><\/em>\u00a0Seite)<\/p>\n<p>Ich bin ein Kanal des Lebens.<\/p>\n<p><strong>ICH LIEBE. Ich bin Liebe<\/strong><\/p>\n<h3><span style=\"color: #0000ff;\"><strong>4. STUFE: LEBEN IST MEIN SEIN (SCH\u00d6PFEN): AS ME \/ ALS ICH<\/strong><\/span><\/h3>\n<p><strong>(\u201eBewusstsein des Seins\u201c:<\/strong>\u00a0Sch\u00f6pfer, <strong>neutraler<\/strong> Geist, Einheit: EINS sein)<\/p>\n<p>Ich Gott danke der Sch\u00f6pfung!<\/p>\n<p><strong>ICH BIN GOTT<\/strong><\/p>\n<p>&nbsp;<\/p>\n","protected":false},"excerpt":{"rendered":"<p>Vier Entwicklungsstufen vom Opfer zum Sch\u00f6pfer\u00a0 (nach Dr. Michael Bernard Beckwith) To me | By Me\u00a0 | Through Me | As Me F\u00fcr mich\u00a0|\u00a0Von mir\u00a0|\u00a0Durch mich\u00a0| Als ich 1. STUFE: LEBEN PASSIERT MIR (OPFERN): TO ME \/ F\u00dcR MICH (\u201eOpfer-Bewusstsein\u201c:\u00a0Gefangener und Opfer,\u00a0bewertete\u00a0Materie, Trennung) Ich bin Opfer des Lebens (der \u00e4u\u00dferen Umst\u00e4nde, der Dunkelheit, der fremden [&hellip;]<\/p>\n","protected":false},"author":1,"featured_media":0,"parent":4324,"menu_order":0,"comment_status":"closed","ping_status":"closed","template":"members-style1-nosidebar.php","meta":{"footnotes":"","_links_to":"","_links_to_target":""},"class_list":["post-4627","page","type-page","status-publish","hentry"],"_links":{"self":[{"href":"https:\/\/reich-sein.eu\/club\/wp-json\/wp\/v2\/pages\/4627","targetHints":{"allow":["GET"]}}],"collection":[{"href":"https:\/\/reich-sein.eu\/club\/wp-json\/wp\/v2\/pages"}],"about":[{"href":"https:\/\/reich-sein.eu\/club\/wp-json\/wp\/v2\/types\/page"}],"author":[{"embeddable":true,"href":"https:\/\/reich-sein.eu\/club\/wp-json\/wp\/v2\/users\/1"}],"replies":[{"embeddable":true,"href":"https:\/\/reich-sein.eu\/club\/wp-json\/wp\/v2\/comments?post=4627"}],"version-history":[{"count":9,"href":"https:\/\/reich-sein.eu\/club\/wp-json\/wp\/v2\/pages\/4627\/revisions"}],"predecessor-version":[{"id":4783,"href":"https:\/\/reich-sein.eu\/club\/wp-json\/wp\/v2\/pages\/4627\/revisions\/4783"}],"up":[{"embeddable":true,"href":"https:\/\/reich-sein.eu\/club\/wp-json\/wp\/v2\/pages\/4324"}],"wp:attachment":[{"href":"https:\/\/reich-sein.eu\/club\/wp-json\/wp\/v2\/media?parent=4627"}],"curies":[{"name":"wp","href":"https:\/\/api.w.org\/{rel}","templated":true}]}}