{"id":4637,"date":"2022-11-21T11:46:06","date_gmt":"2022-11-21T09:46:06","guid":{"rendered":"http:\/\/reich-sein.eu\/club\/?page_id=4637"},"modified":"2022-11-25T21:48:43","modified_gmt":"2022-11-25T19:48:43","slug":"lernen","status":"publish","type":"page","link":"https:\/\/reich-sein.eu\/club\/weg\/lernen\/","title":{"rendered":"Lernen &#038; Entwickeln"},"content":{"rendered":"<h2><span style=\"color: #0000ff;\"><strong>MAHAN<\/strong><\/span><\/h2>\n<h3><span style=\"color: #0000ff;\"><strong>Die menschlichen T\u00f6ne (\u201eDer g\u00f6ttliche Heilstrom\u201c) sind MAHAN:<\/strong><\/span><\/h3>\n<p>Ein Mensch, der die Lernschritte geht, wird den\u00a0<strong>g\u00f6ttlichen Heilstrom\u00a0MAHAN<\/strong>\u00a0erhalten,<\/p>\n<ol>\n<li>zun\u00e4chst als\u00a0<strong>\u00dcbertragung<\/strong>\u00a0(<span style=\"color: #0000ff;\"><strong>empfangen<\/strong>\u00a0<strong>von LIEBE<\/strong><\/span>\u00a0als gr\u00f6\u00dfte Heilkraft),<\/li>\n<li>sp\u00e4ter als\u00a0<strong>Einbettung<\/strong>\u00a0(<span style=\"color: #0000ff;\"><strong>Kanalisation<\/strong>:\u00a0<strong>LIEBE sein<\/strong><\/span>)<\/li>\n<li>In einer weiteren Unterweisung lernt er,\u00a0<strong><span style=\"color: #0000ff;\">MAHAN als g\u00f6ttlichen Heilstrom zu lenken,<\/span> um damit\u00a0Segen zu geben,<\/strong>\u00a0f\u00fcr Menschen, Tiere, Pflanzen, Orte\u00a0<span style=\"color: #0000ff;\"><strong>(<em>Sch\u00f6pfung<\/em>)<\/strong><\/span><\/li>\n<li>Zum Abschluss der Lern-Sequenz \u201eSternentor \u2013 I\u201c\u00a0<strong>wird <span style=\"color: #0000ff;\">g\u00f6ttlicher Heilstrom MAHAN an Mutter Erde \u00fcbertragen,<\/span><\/strong>\u00a0unsere Heimat \u2013 das strahlende Blau.<\/li>\n<\/ol>\n<p>&nbsp;<\/p>\n<h3><span style=\"color: #0000ff;\"><strong>WIE Du Dein Leben in 3 Schritten ver\u00e4nderst mit Deinem Human-Design<\/strong><\/span><\/h3>\n<p>&nbsp;<\/p>\n<p>1. Entdecke Deinen Typ im Human Design und Deine Lebens-Strategie<br \/>\n2. Verstehe Deine innere Autorit\u00e4t<br \/>\n3. Beginne Dein Experiment<\/p>\n<p><strong>WAS IST DAS HUMAN DESIGN CHART &amp; BODYGRAPH?<\/strong><\/p>\n<p><strong>Human Design<\/strong> ist eine konkrete Landkarte der Natur des Seins \u2013 eine logische Art und Weise, wie wir uns selbst sehen k\u00f6nnen.<br \/>\nHuman Design verwendet Deine Geburtsdaten, um Dein Human Design Chart oder BodyGraph zu berechnen. Der BodyGraph ist eine grafische Darstellung des energetischen Flusses in Deinem System, ein Entwurf daf\u00fcr, wie Du\u00a0mit der Welt agierst und interagierst.<br \/>\nDein BodyGraph zeigt Deine Definition \u2013 alles, was eingef\u00e4rbt ist \u2013 und Deine Offenheit \u2013 alles, was wei\u00df bleibt. Die Definition zeigt, wer Du bist, und bleibt Dein ganzes Leben lang konsistent und zuverl\u00e4ssig. Die wei\u00dfen\/offenen Bereiche zeigen, wo Du anf\u00e4llig f\u00fcr Konditionierung bist, und kann zu dem f\u00fchren, was Human Design das \u201eNicht-Selbst\u201c nennt.<\/p>\n<p>Dies bezieht sich auf eine Sammlung von kranken Strategien, die uns dazu bringen, auf eine Weise zu handeln, die\u00a0nicht im Einklang mit unserer Natur ist. Unsere \u201eNicht-Selbst\u201c-Entscheidungen sind das Ergebnis von Konditionierung durch die Offenheit in unseren Charts. Unsere Konditionierung ist nat\u00fcrlich widerspr\u00fcchlich und beeinflussen, wie wir die Welt wahrnehmen und erleben und Entscheidungen treffen. Abh\u00e4ngig von den Entscheidungen, die wir treffen, kann dies verschiedene Probleme verursachen, die zu weiteren krankhaften und krankmachenden Strategien f\u00fchren.<\/p>\n<p>Sobald wir die in unserem Human-Design-Diagramm enthaltenen Informationen erfasst haben, erkennen wir die Kraft unseres Geistes und wie stark unsere Handlungen und Entscheidungen von Konditionierungen beeinflusst werden.<\/p>\n<p>&nbsp;<\/p>\n<p>&nbsp;<\/p>\n","protected":false},"excerpt":{"rendered":"<p>MAHAN Die menschlichen T\u00f6ne (\u201eDer g\u00f6ttliche Heilstrom\u201c) sind MAHAN: Ein Mensch, der die Lernschritte geht, wird den\u00a0g\u00f6ttlichen Heilstrom\u00a0MAHAN\u00a0erhalten, zun\u00e4chst als\u00a0\u00dcbertragung\u00a0(empfangen\u00a0von LIEBE\u00a0als gr\u00f6\u00dfte Heilkraft), sp\u00e4ter als\u00a0Einbettung\u00a0(Kanalisation:\u00a0LIEBE sein) In einer weiteren Unterweisung lernt er,\u00a0MAHAN als g\u00f6ttlichen Heilstrom zu lenken, um damit\u00a0Segen zu geben,\u00a0f\u00fcr Menschen, Tiere, Pflanzen, Orte\u00a0(Sch\u00f6pfung) Zum Abschluss der Lern-Sequenz \u201eSternentor \u2013 I\u201c\u00a0wird g\u00f6ttlicher Heilstrom MAHAN [&hellip;]<\/p>\n","protected":false},"author":1,"featured_media":0,"parent":4324,"menu_order":0,"comment_status":"closed","ping_status":"closed","template":"members-style1-nosidebar.php","meta":{"footnotes":"","_links_to":"","_links_to_target":""},"class_list":["post-4637","page","type-page","status-publish","hentry"],"_links":{"self":[{"href":"https:\/\/reich-sein.eu\/club\/wp-json\/wp\/v2\/pages\/4637","targetHints":{"allow":["GET"]}}],"collection":[{"href":"https:\/\/reich-sein.eu\/club\/wp-json\/wp\/v2\/pages"}],"about":[{"href":"https:\/\/reich-sein.eu\/club\/wp-json\/wp\/v2\/types\/page"}],"author":[{"embeddable":true,"href":"https:\/\/reich-sein.eu\/club\/wp-json\/wp\/v2\/users\/1"}],"replies":[{"embeddable":true,"href":"https:\/\/reich-sein.eu\/club\/wp-json\/wp\/v2\/comments?post=4637"}],"version-history":[{"count":8,"href":"https:\/\/reich-sein.eu\/club\/wp-json\/wp\/v2\/pages\/4637\/revisions"}],"predecessor-version":[{"id":4673,"href":"https:\/\/reich-sein.eu\/club\/wp-json\/wp\/v2\/pages\/4637\/revisions\/4673"}],"up":[{"embeddable":true,"href":"https:\/\/reich-sein.eu\/club\/wp-json\/wp\/v2\/pages\/4324"}],"wp:attachment":[{"href":"https:\/\/reich-sein.eu\/club\/wp-json\/wp\/v2\/media?parent=4637"}],"curies":[{"name":"wp","href":"https:\/\/api.w.org\/{rel}","templated":true}]}}