{"id":4640,"date":"2022-11-21T12:40:49","date_gmt":"2022-11-21T10:40:49","guid":{"rendered":"http:\/\/reich-sein.eu\/club\/?page_id=4640"},"modified":"2022-11-21T12:54:33","modified_gmt":"2022-11-21T10:54:33","slug":"gold-kaufen","status":"publish","type":"page","link":"https:\/\/reich-sein.eu\/club\/dr-wolf-barth\/gold-kaufen\/","title":{"rendered":"Gold kaufen"},"content":{"rendered":"<h2><span style=\"color: #0000ff;\"><strong>Jetzt sollte jeder Gold kaufen<\/strong><\/span><br \/>\n<a href=\"http:\/\/reich-sein.eu\/club\/wp-content\/uploads\/2022\/11\/Gold-Kauf3.jpg\"><img loading=\"lazy\" decoding=\"async\" class=\"wp-image-4641 alignnone\" src=\"http:\/\/reich-sein.eu\/club\/wp-content\/uploads\/2022\/11\/Gold-Kauf3-758x1024.jpg\" alt=\"\" width=\"600\" height=\"810\" srcset=\"https:\/\/reich-sein.eu\/club\/wp-content\/uploads\/2022\/11\/Gold-Kauf3-758x1024.jpg 758w, https:\/\/reich-sein.eu\/club\/wp-content\/uploads\/2022\/11\/Gold-Kauf3-222x300.jpg 222w, https:\/\/reich-sein.eu\/club\/wp-content\/uploads\/2022\/11\/Gold-Kauf3-768x1037.jpg 768w, https:\/\/reich-sein.eu\/club\/wp-content\/uploads\/2022\/11\/Gold-Kauf3.jpg 793w\" sizes=\"auto, (max-width: 600px) 100vw, 600px\" \/><\/a><\/h2>\n<p>Autor: Dr. Wolf Barth<\/p>\n<p>Format: Webseite (interner Bereich): <a href=\"https:\/\/gold.one-fin.net\">https:\/\/gold.one-fin.net<\/a><\/p>\n<p>&nbsp;<\/p>\n<p>&nbsp;<\/p>\n<h3><span style=\"color: #0000ff;\"><strong>Inhalte \/ Gliederung (weiter in \u00dcberarbeitung<\/strong><\/span><\/h3>\n<p><strong>Zentrale Argumente zum Goldkauf<\/strong><\/p>\n<p><strong>1. Rothschilds Finanzsystem ist am Ende: Flucht ins Gold<\/strong><\/p>\n<ul>\n<li>Die wesentlichen Phasen des Geldes<\/li>\n<li><em>Basierend auf Waren und Austausch<\/em><\/li>\n<li><em>Basierend auf privater Macht und Politik<\/em><\/li>\n<li>Die desastr\u00f6sen Resultate des globalen Rothschildschen Finanzsystems<\/li>\n<li>Die Konsequenzen<strong>\u00a0<\/strong><\/li>\n<\/ul>\n<p><strong>2. Der Petrodollar ist am Ende: \u00d6l gegen Gold<\/strong><\/p>\n<ul>\n<li>Faktoren, die das Ende des Petro-Dollars einleiten<\/li>\n<li>Erster Versuch: Saddam Hussein\u00a0und Irak (bis 2003)<\/li>\n<li>Zweiter Versuch: Muammar al Gaddafi\u00a0und Libyen (bis 2011)<\/li>\n<li>Dritter Versuch: Hugo Ch\u00e1vez und Venezuela (bis 2013)<\/li>\n<li>Ru\u00dfland, China und Iran machen jetzt Ernst (2014)<\/li>\n<\/ul>\n<p><strong>\u00a0 3. China baut ein neues Finanzsystem: Basis ist Gold<\/strong><\/p>\n<ul>\n<li>Die Irrt\u00fcmer der USA-\/Welt-Elite<\/li>\n<li>Vernichtung des Gold-Dinars 2011<\/li>\n<li>Zahlungsunf\u00e4higkeit der USA 2014: China startet Ent-Amerikanisierung<\/li>\n<li>Die Konsequenzen<\/li>\n<li>Weitere \u00abRevolutionen\u00bb aus China:<\/li>\n<\/ul>\n<p>1) Chinesischer Referenzpreis f\u00fcr Gold (2015)<br \/>\n2) Chinesische W\u00e4hrung\u00a0Yuan als Weltw\u00e4hrung (2016)<br \/>\n3) Chinesische &#8222;Shanghai Gold Exchange&#8220; f\u00fcr den Handel mit Edelmetallen &#8211; Gold, Silber und Platin (2016)<br \/>\n4) Chinesische Schritte im \u00d6lmarkt (2016)<br \/>\n5) Goldstandard im internationalen Handel (2017)<\/p>\n<p><strong>4. Die Welt ist im Umbruch <\/strong><\/p>\n<ul>\n<li>Die USA (Vereinigten Staaten von Amerika)<\/li>\n<li>Die katastrophale Situation in der Weltmacht USA<\/li>\n<li>Pr\u00e4sident Donald Trump mit Rettungsversuch \u201eAmerika first!\u201c<\/li>\n<li>Das Ende des US-Dollars sowie die Folgen f\u00fcr die Welt<\/li>\n<li>Das Ende des amerikanischen Traums vom \u201eAmerican Way of Life\u201c<\/li>\n<li>Die EU (Europ\u00e4ische Union)<\/li>\n<\/ul>\n<p>1) Das Ende der EU auf dem Weg zu den Vereinigten Staaten von Europa<br \/>\n2) Das Ende des Euros und die Folgen f\u00fcr die L\u00e4nder Europas<\/p>\n<ul>\n<li>Der globale Finanz-Crash und die Folgen f\u00fcr Wirtschaft und Gesellschaft<\/li>\n<\/ul>\n<p><strong>6. Die m\u00f6glichen pers\u00f6nlichen L\u00f6sungen<\/strong><\/p>\n<ul>\n<li>Physisches Gold<\/li>\n<li>Gold (und Silber) als Barren, M\u00fcnzen, Schmuck<\/li>\n<li>Aktien von Gold-Minen<\/li>\n<li>Digitales Gold (Kryptow\u00e4hrungen)<\/li>\n<li>Dezentralisierter Bitcoin und Co<\/li>\n<li>Zentralisierte Varianten<\/li>\n<\/ul>\n<p><strong>7. Dringendes\u00a0Handeln zur Krisen-Vorsorge<\/strong><\/p>\n<ul>\n<li>Nie gab es mehr Warnungen vor dem Crash und der Wandlung!<\/li>\n<li>Sichere Dein Einkommen!<\/li>\n<li>Sichere Dein Erspartes bzw. Verm\u00f6gen!<\/li>\n<\/ul>\n","protected":false},"excerpt":{"rendered":"<p>Jetzt sollte jeder Gold kaufen Autor: Dr. Wolf Barth Format: Webseite (interner Bereich): https:\/\/gold.one-fin.net &nbsp; &nbsp; Inhalte \/ Gliederung (weiter in \u00dcberarbeitung Zentrale Argumente zum Goldkauf 1. Rothschilds Finanzsystem ist am Ende: Flucht ins Gold Die wesentlichen Phasen des Geldes Basierend auf Waren und Austausch Basierend auf privater Macht und Politik Die desastr\u00f6sen Resultate des [&hellip;]<\/p>\n","protected":false},"author":1,"featured_media":0,"parent":1985,"menu_order":0,"comment_status":"closed","ping_status":"closed","template":"members-style1-content.php","meta":{"footnotes":"","_links_to":"","_links_to_target":""},"class_list":["post-4640","page","type-page","status-publish","hentry"],"_links":{"self":[{"href":"https:\/\/reich-sein.eu\/club\/wp-json\/wp\/v2\/pages\/4640","targetHints":{"allow":["GET"]}}],"collection":[{"href":"https:\/\/reich-sein.eu\/club\/wp-json\/wp\/v2\/pages"}],"about":[{"href":"https:\/\/reich-sein.eu\/club\/wp-json\/wp\/v2\/types\/page"}],"author":[{"embeddable":true,"href":"https:\/\/reich-sein.eu\/club\/wp-json\/wp\/v2\/users\/1"}],"replies":[{"embeddable":true,"href":"https:\/\/reich-sein.eu\/club\/wp-json\/wp\/v2\/comments?post=4640"}],"version-history":[{"count":4,"href":"https:\/\/reich-sein.eu\/club\/wp-json\/wp\/v2\/pages\/4640\/revisions"}],"predecessor-version":[{"id":4645,"href":"https:\/\/reich-sein.eu\/club\/wp-json\/wp\/v2\/pages\/4640\/revisions\/4645"}],"up":[{"embeddable":true,"href":"https:\/\/reich-sein.eu\/club\/wp-json\/wp\/v2\/pages\/1985"}],"wp:attachment":[{"href":"https:\/\/reich-sein.eu\/club\/wp-json\/wp\/v2\/media?parent=4640"}],"curies":[{"name":"wp","href":"https:\/\/api.w.org\/{rel}","templated":true}]}}