{"id":4647,"date":"2022-11-21T12:56:49","date_gmt":"2022-11-21T10:56:49","guid":{"rendered":"http:\/\/reich-sein.eu\/club\/?page_id=4647"},"modified":"2022-11-25T21:49:08","modified_gmt":"2022-11-25T19:49:08","slug":"integrale-veraenderung","status":"publish","type":"page","link":"https:\/\/reich-sein.eu\/club\/weg\/integrale-veraenderung\/","title":{"rendered":"Integrale Ver\u00e4nderung"},"content":{"rendered":"<h2><span style=\"color: #0000ff;\"><strong> Analyse nach dem AQAL-Modell von Ken Wilber<\/strong><\/span><\/h2>\n<h3><span style=\"color: #0000ff;\"><strong>1. Das AQAL-Modell von Ken Wilber<\/strong><\/span><\/h3>\n<p>Das Wilbersche AQAL-Modell ist ein sogenanntes Metamodell. Das hei\u00dft, dass es verschiedene andere Modelle unter einem gr\u00f6\u00dferen Dach vereinigt. Sein Anspruch besteht sogar darin, alle g\u00fcltigen Modelle zu umfassen. Daher wird es auch als <strong>\u201eganzheitlich\u201c, \u201eholistisch\u201c oder \u201eintegral\u201c<\/strong> bezeichnet.<\/p>\n<p>AQAL bedeutet \u201eAll Quadrants, All Levels, all lines, all states, all types\u201c. \u201eAll quadrants\u201d bezieht sich auf sein <em>4-Quadranten-Modell <\/em>, \u201eall levels\u201c auf Entwicklungsebenen wie sie im Modell der <em>Spiraldynamik<\/em> beschrieben werden. Diese beiden Konzepte stellen den Kern des AQAL-Modells dar. In einem weiteren Sinne geh\u00f6ren jedoch auch die Entwicklungslinien (\u201eall lines\u201c), Zust\u00e4nde des Bewusstseins (\u201eall states\u201c) und \u201ehorizontale\u201c Typen (\u201eall types\u201c) dazu.<\/p>\n<ul>\n<li>Eine &#8222;<em><strong>Entwicklungslinie&#8220;<\/strong> <\/em>(z.B. mentale Linie oder emotionale Linie) beschreibt die Entwick- lung eines Merkmals durch mehrere Entwicklungsebenen. Entwicklungsebenen beinhal- ten viele Linien (\/Merkmale\/Aspekt). Auf die Betrachtung der Linien wurde im vorlie- genden Fall verzichtet.<\/li>\n<li><em><strong>&#8222;Zust\u00e4nde&#8220;<\/strong> <\/em>sind im Rahmen zyklischer Prozesse zu verstehen. Leben l\u00e4uft in Zyklen ab, ohne dass diese unmittelbar mit Entwicklung verbunden sein m\u00fcssen: so wie die Zu- st\u00e4nde des Bewusstseins im Zyklus von Wachzustand, Traum und Tiefschlaf. In Kapitel 2 werden Zust\u00e4nde beschrieben, die eng mit der Entwicklung von einer Ebene zur n\u00e4chsten zusammen h\u00e4ngen und einen <strong>Ver\u00e4nderungszyklus in seiner Feinstruktur<\/strong> charakterisieren: die Phasen Alpha, Beta, Gamma, Delta, neues Alpha.<\/li>\n<li>Mit <strong>\u201eTypen\u201c<\/strong> sind Pers\u00f6nlichkeits- bzw. Kulturtypen gemeint (Kapitel 2.05).<\/li>\n<\/ul>\n<h3><span style=\"color: #0000ff;\"><strong>2. Das 4-Quadranten-Modell von Ken Wilber<\/strong><\/span><\/h3>\n<p><a href=\"http:\/\/reich-sein.eu\/club\/wp-content\/uploads\/2022\/11\/4-Quadranten-AQAL-Modell-von-Ken-Wilber.jpg\"><img loading=\"lazy\" decoding=\"async\" class=\"wp-image-4654 size-full alignnone\" src=\"http:\/\/reich-sein.eu\/club\/wp-content\/uploads\/2022\/11\/4-Quadranten-AQAL-Modell-von-Ken-Wilber.jpg\" alt=\"\" width=\"356\" height=\"185\" srcset=\"https:\/\/reich-sein.eu\/club\/wp-content\/uploads\/2022\/11\/4-Quadranten-AQAL-Modell-von-Ken-Wilber.jpg 356w, https:\/\/reich-sein.eu\/club\/wp-content\/uploads\/2022\/11\/4-Quadranten-AQAL-Modell-von-Ken-Wilber-300x156.jpg 300w\" sizes=\"auto, (max-width: 356px) 100vw, 356px\" \/><\/a><\/p>\n<p>\u201eAll Quadrants\u201c bedeutet, dass bei einer Untersuchung <em>alle 4 Quadranten <\/em>des Wilberschen 4-Quadranten-Modells ber\u00fccksichtigt werden. Diese 4 Quadranten sind als sich erg\u00e4nzende Perspektiven auf ein System zu verstehen, die f\u00fcr sich allein genommen ei- ne einseitige und damit verzerrte Sicht ergeben, zusammen jedoch einen ganzheitlichen Blick:<\/p>\n<p><strong>Kurzer exemplarischer Hinweis auf die Bedeutung der 4 Quadranten im Business-Bereich:<\/strong><\/p>\n<ul>\n<li>Der <strong>obere linke Quadrant (OL)<\/strong> ber\u00fccksichtigt Meinungen, Ideen, Vorstellungen, Absichten und die Pers\u00f6nlichkeit von F\u00fchrungskr\u00e4ften und Mitarbeitern.<\/li>\n<li>Der <strong>obere rechte Quadrant (OR)<\/strong> ber\u00fccksichtigt ihr \u2013 von au\u00dfen sichtbares, objektivierbares \u2013 Verhalten. Und auch die materiellen Mittel zur Arbeit auf individueller Ebene: Arbeitsplatz, Arbeitsger\u00e4te, verf\u00fcgbare Ressourcen, u.\u00e4.<\/li>\n<li>Der <strong>untere linke Quadrant (UL)<\/strong> erg\u00e4nzt diese Sichtweisen um den Aspekt, dass das individuelle Innen nicht unabh\u00e4ngig vom kollektiven Innen, der Kultur, besteht. Menschen sind in ihren Vorstellungen von ihrer Umgebung gepr\u00e4gt, von der Kultur der Gesellschaft wie auch der Unternehmenskultur. Und die Unternehmenskultur ist bei Change-Prozessen ein ebenso wichtiger Faktor wie die Pers\u00f6nlichkeiten der Mitglieder der Organisation, deren Verhalten und die materiellen Bedingungen.<\/li>\n<li>Der <strong>untere rechte Quadrant (UR)<\/strong> kommt als 4. Faktor hinzu: Die Sicht auf die Gesellschaft oder das Unternehmen als soziales System,\u00a0 welches ebenfalls eine eigene Dynamik und eigene Gesetzm\u00e4\u00dfigkeiten hat. Sie m\u00fcssen ber\u00fccksichtigt werden, um den Entwicklungs- bzw. Ver\u00e4nderungsprozess zum Erfolg zu f\u00fchren. Zu den sozialen Systemen geh\u00f6ren Aufbau-Organisation, Prozesse (Ablauf-Organisation), Informations-Systeme, u.\u00e4.<\/li>\n<\/ul>\n<h3><span style=\"color: #0000ff;\"><strong>3. Das Spiraldynamik-Modell von Don Beck und Christopher Cowan<\/strong><\/span><\/h3>\n<p><a href=\"http:\/\/reich-sein.eu\/club\/wp-content\/uploads\/2022\/11\/Spiral-Dynamics-min.jpg\"><img loading=\"lazy\" decoding=\"async\" class=\"size-full wp-image-4657 alignnone\" src=\"http:\/\/reich-sein.eu\/club\/wp-content\/uploads\/2022\/11\/Spiral-Dynamics-min.jpg\" alt=\"\" width=\"560\" height=\"637\" srcset=\"https:\/\/reich-sein.eu\/club\/wp-content\/uploads\/2022\/11\/Spiral-Dynamics-min.jpg 560w, https:\/\/reich-sein.eu\/club\/wp-content\/uploads\/2022\/11\/Spiral-Dynamics-min-264x300.jpg 264w\" sizes=\"auto, (max-width: 560px) 100vw, 560px\" \/><\/a><\/p>\n<p>Im Ausdruck AQAL meint \u201eAll Levels\u201c, dass bei einer Analyse und den daran anschlie\u00dfenden Umsetzungsschritten die <em>Entwicklungsebenen<\/em> des betrachteten Systems einbezogen werden. Das zugrunde liegende Modell der Spiraldynamik (von Don Beck und Christopher Cowan) geht davon aus, dass Entwicklung ein schrittweiser Prozess ist, der von einer definierten Ebene zur n\u00e4chsten verl\u00e4uft. So wie die biologische Evolution von der Entstehung organischer Molek\u00fcle zu lebenden Zellen, Zellverb\u00e4nden und Vielzellern verl\u00e4uft und eine Stufe auf der n\u00e4chsten aufbaut, so lassen sich auch f\u00fcr die menschli- che Entwicklung Evolutionsstufen oder soziokulturelle Entwicklungsstufen wissenschaft- lich nachweisen.<\/p>\n<p>Diese Stufen m\u00fcssen von jedem menschlichen Individuum durchlaufen werden und kennzeichnen auch die Entwicklung kollektiver menschlicher Systeme (Teams, Organi- sationen, Nationen, &#8230;). Dabei entwickeln sich unterschiedliche Systeme nicht in me- chanischer, gleichf\u00f6rmiger Weise, sondern in der ihnen eigenen Art. Und doch geschieht dies nicht in beliebiger Weise, sondern zeigt gewisse Regel- und Gesetzm\u00e4\u00dfigkeiten, wie sie im Modell der Spiraldynamik erfasst werden. Dazu geh\u00f6rt, dass ein System sich von seinem Kern-Meme her nur von einer Stufe zur n\u00e4chsten entwickeln, aber keine Stufen \u00fcberspringen kann.<\/p>\n<p>Diese universellen Entwicklungsstufen werden auch vMEMEs genannt \u2013 Bewusstseins- stufen mit unterschiedlichen Wertesystemen. vMEMEs werden mit Farben bezeichnet: beige \u00e0 violett \u00e0 rot \u00e0 blau \u00e0 orange \u00e0 gr\u00fcn \u00e0 gelb \u00e0 &#8230; Mit den Zuordnungen nach Farben sollen Bewertungen (\u201eschlechter\u201c bzw. \u201ebesser\u201c) vermieden werden. Das Errei- chen einer h\u00f6heren Stufe ist mit einer Vergr\u00f6\u00dferung der Handlungskompetenz verbun- den.<\/p>\n<p>Anstatt von \u201eStufen\u201c spricht man auch von \u201e<strong>Ebenen<\/strong>\u201c. Hierbei ist die Ebene der 4 Quadranten gemeint. Denn mit dem Wachstum zu h\u00f6heren Ebenen sind Ver\u00e4nderungen in allen 4 Quadranten verbunden.<\/p>\n<h3><span style=\"color: #0000ff;\"><strong>4.\u00a0 Kulturwechsel-Prinzipien nach dem Spiraldynamik-Modell<\/strong><\/span><\/h3>\n<p>Don Beck und Christopher Cowan stellen neben der dynamischen vMEME-Spirale ein differenziertes Modell f\u00fcr Ver\u00e4nderungsprozesse zwischen den Memestufen bereit.<\/p>\n<p>Es enth\u00e4lt<\/p>\n<ul>\n<li>7 Grade von Ver\u00e4nderung<\/li>\n<li>6 Bedingungen, die f\u00fcr eine vollst\u00e4ndige vMEME-Ver\u00e4nderung notwendig sind,<\/li>\n<li>5 Phasen (bzw. Zust\u00e4nde) auf dem Weg des vMEME-\u00dcbergangs<\/li>\n<\/ul>\n<p>Zun\u00e4chst unterscheiden Beck und Cowan <u>7 Grade (Varianten) von Ver\u00e4nderung<\/u>:<\/p>\n<ul>\n<li>Von &#8211; kleineren &#8211; Ver\u00e4nderungen innerhalb einer Meme-Ebene (horizontal)<\/li>\n<li>bis zu &#8211; umfassenden &#8211; Ver\u00e4nderungen von einer Meme-Stufe zur n\u00e4chsten (vertikal).<\/li>\n<\/ul>\n<h3><span style=\"color: #0000ff;\"><strong>5. Sechs Bedingungen f\u00fcr Ver\u00e4nderung<\/strong><\/span><\/h3>\n<p>Um einen Ver\u00e4nderungsprozess erfolgreich durchf\u00fchren zu k\u00f6nnen, m\u00fcssen eine Reihe von <u>Bedingungen <\/u>erf\u00fcllt sein. Je mehr Bedingungen erf\u00fcllt sind, desto umfassender und tiefer kann der angestrebte Wandel sein. Sind alle 6 Bedingungen gegeben, ist der \u00dcbergang zur n\u00e4chst h\u00f6heren Meme-Stufe m\u00f6glich.<\/p>\n<p><strong>Die 6 Bedingungen sind:<\/strong><\/p>\n<ol>\n<li>Ein hinreichendes (individuelles oder kollektives) mentales <strong><span style=\"color: #0000ff;\"><em>Potenzial<\/em><\/span><\/strong>, h. eine Offenheit f\u00fcr Ver\u00e4nderung in die beabsichtigte Richtung ist vorhanden.<\/li>\n<li><strong><em><span style=\"color: #0000ff;\">L\u00f6sungen<\/span> <\/em><\/strong>f\u00fcr aktuelle (und fr\u00fchere) Existenzprobleme (im aktuellen Spiralzustand) sind gefunden und befriedigend<\/li>\n<li>Im System ist ein Gef\u00fchl von <strong><span style=\"color: #0000ff;\"><em>Dissonanz <\/em><\/span><\/strong>gegenw\u00e4rtig. Dissonanz meint die f\u00fcr jede Ver\u00e4nderung notwendige innere Ersch\u00fctterung.<\/li>\n<li>Die (inneren und \u00e4u\u00dferen) <strong><span style=\"color: #0000ff;\"><em>Hindernisse <\/em><\/span><\/strong>f\u00fcr den Wandel sind erkannt, (in ihren Folgen sowie Risiken bei ihrer Beseitigung) verstanden und \u00fcberwunden.<\/li>\n<li><strong><em><span style=\"color: #0000ff;\">Einsicht<\/span> <\/em><\/strong>in die Gr\u00fcnde der Krise und erkennbare Alternativen sind Es wird verstanden, was schief l\u00e4uft, und alternativen Szenarien sind verf\u00fcgbar.<\/li>\n<li><strong><span style=\"color: #0000ff;\"><em>Verst\u00e4rkung<\/em> <\/span><em><span style=\"color: #0000ff;\">und Unterst\u00fctzung<\/span> <\/em><\/strong>w\u00e4hrend des \u00dcbergangs sind Schwankungen bei der Anpassung werden abgefedert, Lernprozesse akzeptiert.<\/li>\n<\/ol>\n<h3><span style=\"color: #0000ff;\"><strong>6. F\u00fcnf Phasen in Ver\u00e4nderungsprozessen<\/strong><\/span><\/h3>\n<p>Ver\u00e4nderungsprozesse zwischen 2 Meme-Stufen laufen nach Beck und Cowan durch einen Zyklus von <u>5 Phasen<\/u>:<\/p>\n<ul>\n<li>Die <strong><span style=\"color: #0000ff;\"><em>Alpha-Phase <\/em><\/span><\/strong>ist stabil und ausbalanciert, aber kein permanenter Die Umgebung bzw. die Bed\u00fcrfnisse der Menschen im System ver\u00e4ndern sich.<\/li>\n<li>Die <strong><span style=\"color: #0000ff;\"><em>Beta-Phase <\/em><\/span><\/strong>ist eine Zeit von Unsicherheit und Die alten Wege funk- tionieren nicht mehr richtig. Man f\u00fchlt, etwas ist falsch, wei\u00df aber nicht, was. Beta kann durch eine fr\u00fche Reform (evolution\u00e4re Ver\u00e4nderung) direkt zum neuen Alpha f\u00fchren oder in einem revolution\u00e4ren Prozess \u00fcber den Umweg von Gamma und Delta:<\/li>\n<\/ul>\n<ul>\n<li><strong><span style=\"color: #0000ff;\"><em>Gamma <\/em><\/span><\/strong>ist ein Zustand von Angst, Hoffnungslosigkeit und \u00c4rger. Man scheint von un\u00fcberwindlichen H\u00fcrden umgeben zu Ein ungeduldiges Verlangen nach Taten f\u00fchrt schlie\u00dflich zu einem Angriff auf die Barrieren. Sind sie zerbrochen, wird Delta initiiert.<\/li>\n<li>Der <strong><span style=\"color: #0000ff;\"><em>Delta-Aufstieg <\/em><\/span><\/strong>ist inspirierter Enthusiasmus: aufregend und von schnellem Wan- del gepr\u00e4gt. Ein gro\u00dfartiges neues Alpha ist in Aussicht, aber noch nicht<\/li>\n<li>Im <strong><span style=\"color: #0000ff;\"><em>neuen<\/em> <em>Alpha <\/em><\/span><\/strong>ist das System zur Stabilit\u00e4t zur\u00fcckgekehrt \u2013 auf der n\u00e4chst h\u00f6he- ren oder niedrigeren Ebene der<\/li>\n<\/ul>\n<p>Sind die Entwicklungs-Phase und -Stufe des betrachteten Systems erkannt, liefert das Modell der Spiraldynamik Hinweise darauf, in welcher Richtung Ver\u00e4nderung beim geplanten Wandel essenziell ist.<\/p>\n<h3><span style=\"color: #0000ff;\"><strong>7. Das Enneagramm \u2013 ein \u201eErbst\u00fcck aus dem Unbekannten\u201c\u00a0<\/strong><\/span><\/h3>\n<p>Das Enneagramm ist ein Jahrtausende altes System der Entwicklung verschiedener Pers\u00f6nlichkeits-Typen, und es kann auch unmittelbar auf Kulturen \u00fcbertragen werden.<\/p>\n<p>Anders als moderne Typologien (wie der bekannte <strong>MBTI =<\/strong> <strong>Myers-Briggs-Typen<\/strong>-Indikator) benutzt das Enneagramm nicht mehr oder weniger willk\u00fcrliche Gegensatzpaare (wie \u201eintrovertiert \u2013 extravertiert\u201c), die an der Oberfl\u00e4che der Pers\u00f6nlichkeit erscheinen und als Verhalten (auch wissenschaftlich) beobachtbar und damit objektivierbar sind. Vielmehr baut das Enneagramm (wie das gesamte AQAL-Modell) auf einem philosophisch begr\u00fcndeten Fundament menschlicher Existenz und Entwicklung auf. Die zugrunde liegende Philosophie fragt nach den Grundannahmen \u00fcber die Wirklichkeit einschlie\u00dflich desjenigen, der (als Teil dieser Wirklichkeit) die Wirklichkeit betrachtet, und erforscht sie. Solche Grundannahmen liegen <strong><em>vor<\/em><\/strong> jeder Beobachtung und <strong><em>bestimmen<\/em><\/strong> jede Beobachtung entscheidend<em>.<\/em> Sie sind also alles andere als theoretisch und wirklichkeitsfern. Was die Grund\u00fcberzeugungen so gef\u00e4hrlich i.S.v. wirklichkeitsverstellend macht, ist die Tatsache, dass ihr Vorhandensein zumeist gar nicht wahrgenommen wird, gar nicht bewusst ist, weil die Dinge so selbstverst\u00e4ndlich erscheinen (\u201eBetriebsblindheit\u201c). Es scheint v\u00f6llig klar zu sein, was Wirklichkeit ist, wer die Wirklichkeit beobachtet und in ihr handelt.<\/p>\n<h3><span style=\"color: #0000ff;\"><strong>8. Die 3 Hauptenergien<\/strong><\/span><\/h3>\n<p>Das Enneagramm ist in seiner Essenz ein Dreier-System, das erst in einer feineren Aus- pr\u00e4gung zu einem Neuner-System wird. Drei Hauptenergien werden unterschieden:<\/p>\n<ul>\n<li><span style=\"color: #0000ff;\"><strong>Bauchenergie (Handeln), <\/strong><\/span><\/li>\n<li><span style=\"color: #0000ff;\"><strong>Herzenergie (F\u00fchlen) und <\/strong><\/span><\/li>\n<li><span style=\"color: #0000ff;\"><strong>Kopfenergie (Denken). <\/strong><\/span><\/li>\n<\/ul>\n<p>Jede Person oder Kultur richtet ihre Aufmerksamkeit in einer tief verwurzelten Gewohnheit bevorzugt auf <em>einen <\/em>der 3 Aspekte. Diese Vereinseitigung pr\u00e4gt den Charakter der Person oder Kultur und bestimmt ihre blinden Flecken.<\/p>\n<h3><strong><span style=\"color: #0000ff;\">9. Die 9 Enneatypen\u00a0<\/span><\/strong><\/h3>\n<p>Aus den 3 Hauptenergien werden 9 Enneatypen abgeleitet: die jeweilige Hauptenergie kann unterdr\u00fcckt (-), verst\u00e4rkt (+) oder blockiert (Kompensation zu 0) werden.<\/p>\n<p>Die neun Typen werden mit den Ziffern 1 \u2013 9 benannt. Dies mag zun\u00e4chst befremdlich wirken, vermeidet jedoch eine vorschnelle Identifikation der Typen mit gebr\u00e4uchlichen Konzepten, die sich an der beobachtbaren Oberfl\u00e4che orientieren (wie \u201eSanguiniker\u201c, \u201eIntrovertierter\u201c oder \u201eMacher\u201c).<\/p>\n<ul>\n<li><strong><span style=\"color: #0000ff;\">Die Enneatypen 8, 9 und 1<\/span> <\/strong>richten ihre Aufmerksamkeit vorwiegend auf ihren K\u00f6rper (Bauchenergie). Man spricht von K\u00f6rperfixierung oder auch von Zornfixierung, denn die Vermeidung authentischen Zorns ist der Dreh- und Angelpunkt ihres inneren Antriebs.<\/li>\n<li><strong>Enneatyp 8<\/strong> produziert Zorn und lebt ihn offen, direkt, brutal und missbr\u00e4uchlich aus, wodurch das Thema von Rache in den Vordergrund r\u00fcckt.<\/li>\n<li><strong>Enneatyp 1<\/strong> unterdr\u00fcckt den Zorn und tr\u00e4gt ihn als Groll mit sich herum.<\/li>\n<li><strong>Enneytyp 9<\/strong> dagegen ignoriert Zorn und damit seine Kraft vollkommen. Ergebnis sind Anpassung, Tr\u00e4gheit und Scheinheiligkeit.<\/li>\n<li><strong><span style=\"color: #0000ff;\">Die Enneatypen 2 \u2013 4<\/span> <\/strong>stellen Emotionen ins Zentrum ihrer Aufmerksamkeit: Ich f\u00fchle, also bin (lebe) ich (Herzenergie). Entsprechend spricht man von Emotionalfixierung oder auch von Imagefixierung. Imagefixierung, weil sie von der Sehnsucht nach emotionaler Liebe angetrieben werden und ein bestimmtes Bild (image) davon haben, wie diese Liebe aussieht. Dieses Bild von der Liebe \u00e4u\u00dfert sich dann auch in einem ausgepr\u00e4gten Selbstbild.<\/li>\n<li><strong> Typ 4<\/strong> ist sich der Sehnsucht nach Liebe schmerzlich bewusst und festigen sie in entt\u00e4uschenden und dramatischen Beziehungen.<\/li>\n<li><strong>Typ 2<\/strong> verdr\u00e4ngt die Sehnsucht \u00a0durch die Vorstellung, \u00fcber einen \u00dcberfluss an Liebe zu verf\u00fcgen, und neigt zwanghaft \u00a0zu helfendem Verhalten.<\/li>\n<li><strong>Typ 3<\/strong> dagegen leugnet die Existenz von Liebe und das \u00a0Bed\u00fcrfnis nach ihr vollkommen. Aus der unbewussten Suche nach Anerkennung und Liebe wird ein Drang nach Leistung und Erfolg, nach Karriere und materiellen G\u00fctern, letztlich nach einem perfekten Image.<\/li>\n<li><span style=\"color: #0000ff;\"><strong>Die Enneatypen 5 \u2013 7<\/strong> <\/span>werden von Angst angetrieben, was dazu f\u00fchrt, dass sie ihre Aufmerksamkeit auf den Kopf, das Denken richten (Kopfenergie). \u201eIch denke, also bin ich (sicher).\u201c Sie sind mental bzw. angstfixiert.<\/li>\n<li><strong>Typ 5<\/strong> wirkt \u00e4ngstlich und pessimistisch. Er hat angesichts der Angst eine sehr klare Entscheidung getroffen: Flucht vor anderen Menschen, R\u00fcckzug in Konzepte und Unauff\u00e4lligkeit.<\/li>\n<li><strong>Typ 7<\/strong> scheint keine Angst zu kennen. Lachend und pfeifend schlendert er durch den dunklen Wald, scheinbar optimistisch und lebensbejahend, sprunghaft und unverbindlich durchs Leben. Tats\u00e4chlich h\u00e4lt er sich in angenehm spielerischen Fantasiewelten auf. Anders als die 5, die sich offensichtlich zur Flucht entschieden hat, und die 7, die die Angst in \u00a0Optimismus und guter Laune ertr\u00e4nkt, steht<\/li>\n<li><strong>Typ 6<\/strong> zweifelnd zwischen Flucht nach \u00a0hinten und Flucht nach vorne. In dieser L\u00e4hmung leugnet sie die Angst und wird unbewusst doch von ihr bestimmt: In der phobischen Variante sucht sie nach Sicherheit und versteckt ihre Angst hinter einer freundlichen und pflichtbewussten Fassade. In der kontraphobischen Variante versucht sie sich und anderen ihre Furchtlosigkeit durch besonders wagemutiges Verhalten zu beweisen.<\/li>\n<\/ul>\n<p>Das Enneagramm beschreibt das,<\/p>\n<ul>\n<li><strong>was ein Mensch zu sein glaubt<\/strong>,<\/li>\n<li><em><strong>nicht,<\/strong><\/em> <strong>was er<\/strong> <span style=\"color: #0000ff;\"><strong>in Wirklichkeit ist.<\/strong><\/span><\/li>\n<\/ul>\n<p>Quelle:<\/p>\n<p><a href=\"https:\/\/www.integrale-beratung.biz\/fileadmin\/user_upload\/Generationswechsel_integral.pdf\">https:\/\/www.integrale-beratung.biz\/fileadmin\/user_upload\/Generationswechsel_integral.pdf<\/a><\/p>\n","protected":false},"excerpt":{"rendered":"<p>Analyse nach dem AQAL-Modell von Ken Wilber 1. Das AQAL-Modell von Ken Wilber Das Wilbersche AQAL-Modell ist ein sogenanntes Metamodell. Das hei\u00dft, dass es verschiedene andere Modelle unter einem gr\u00f6\u00dferen Dach vereinigt. Sein Anspruch besteht sogar darin, alle g\u00fcltigen Modelle zu umfassen. Daher wird es auch als \u201eganzheitlich\u201c, \u201eholistisch\u201c oder \u201eintegral\u201c bezeichnet. AQAL bedeutet \u201eAll [&hellip;]<\/p>\n","protected":false},"author":1,"featured_media":0,"parent":4324,"menu_order":0,"comment_status":"closed","ping_status":"closed","template":"members-style1-nosidebar.php","meta":{"footnotes":"","_links_to":"","_links_to_target":""},"class_list":["post-4647","page","type-page","status-publish","hentry"],"_links":{"self":[{"href":"https:\/\/reich-sein.eu\/club\/wp-json\/wp\/v2\/pages\/4647","targetHints":{"allow":["GET"]}}],"collection":[{"href":"https:\/\/reich-sein.eu\/club\/wp-json\/wp\/v2\/pages"}],"about":[{"href":"https:\/\/reich-sein.eu\/club\/wp-json\/wp\/v2\/types\/page"}],"author":[{"embeddable":true,"href":"https:\/\/reich-sein.eu\/club\/wp-json\/wp\/v2\/users\/1"}],"replies":[{"embeddable":true,"href":"https:\/\/reich-sein.eu\/club\/wp-json\/wp\/v2\/comments?post=4647"}],"version-history":[{"count":14,"href":"https:\/\/reich-sein.eu\/club\/wp-json\/wp\/v2\/pages\/4647\/revisions"}],"predecessor-version":[{"id":4748,"href":"https:\/\/reich-sein.eu\/club\/wp-json\/wp\/v2\/pages\/4647\/revisions\/4748"}],"up":[{"embeddable":true,"href":"https:\/\/reich-sein.eu\/club\/wp-json\/wp\/v2\/pages\/4324"}],"wp:attachment":[{"href":"https:\/\/reich-sein.eu\/club\/wp-json\/wp\/v2\/media?parent=4647"}],"curies":[{"name":"wp","href":"https:\/\/api.w.org\/{rel}","templated":true}]}}