{"id":4664,"date":"2022-11-21T16:35:57","date_gmt":"2022-11-21T14:35:57","guid":{"rendered":"http:\/\/reich-sein.eu\/club\/?page_id=4664"},"modified":"2022-11-21T17:36:35","modified_gmt":"2022-11-21T15:36:35","slug":"coaching-mit-healy","status":"publish","type":"page","link":"https:\/\/reich-sein.eu\/club\/dr-wolf-barth\/coaching-mit-healy\/","title":{"rendered":"Coaching mit Healy"},"content":{"rendered":"<h2><span style=\"color: #0000ff;\"><strong>Informationsfeldgesteuertes\u00a0Frequenz-, Energie- und\u00a0Resonanz-Coaching<\/strong><\/span><\/h2>\n<p><a href=\"http:\/\/reich-sein.eu\/club\/wp-content\/uploads\/2022\/11\/560x400_build-up-your-business-pevn8rl0vk9u7m44y21zg9h4efh6htk0iymn954ejk.png\"><img loading=\"lazy\" decoding=\"async\" class=\"size-full wp-image-4678 alignnone\" src=\"http:\/\/reich-sein.eu\/club\/wp-content\/uploads\/2022\/11\/560x400_build-up-your-business-pevn8rl0vk9u7m44y21zg9h4efh6htk0iymn954ejk.png\" alt=\"\" width=\"560\" height=\"400\" srcset=\"https:\/\/reich-sein.eu\/club\/wp-content\/uploads\/2022\/11\/560x400_build-up-your-business-pevn8rl0vk9u7m44y21zg9h4efh6htk0iymn954ejk.png 560w, https:\/\/reich-sein.eu\/club\/wp-content\/uploads\/2022\/11\/560x400_build-up-your-business-pevn8rl0vk9u7m44y21zg9h4efh6htk0iymn954ejk-300x214.png 300w\" sizes=\"auto, (max-width: 560px) 100vw, 560px\" \/><\/a><\/p>\n<p>Wenn im Leben zugelassen wird, da\u00df auf dem Weg kontinuierliche Disharmonie bestehen bleibt, dann treten entsprechende negative und destruktive Konsequenzen auf,\u00a0weil\u00a0<span style=\"color: #ff0000;\"><strong><em>niedrige<\/em><\/strong><\/span>\u00a0Schwingungen nicht mit der\u00a0<span style=\"color: #cc99ff;\"><strong><em>h\u00f6heren<\/em><\/strong><\/span>\u00a0QUELLEN-FREQUENZ\u00a0im Einklang sind.<\/p>\n<ol>\n<li><strong>Information identifizieren<\/strong> (Blaupause\u00a0im Quantenfeld Deines Lebens, geistige Ursache)<\/li>\n<li><strong>Information verbessern<\/strong> (inneres Potential und Verm\u00f6gen f\u00fcr Dein Leben)<\/li>\n<li><strong>Energie-Blockaden identifizieren und l\u00f6sen<\/strong> (Denken und Glauben, F\u00fchlen und Erleben)<\/li>\n<li><strong>Energie erh\u00f6hen<\/strong> (Aura, Chakren)<\/li>\n<li><strong>Resonanzen identifizieren und l\u00f6sen<\/strong> (unerl\u00f6ste Konflikte)<\/li>\n<li><strong>Leben flie\u00dfen lassen<\/strong> (Bewegen, Flow)<\/li>\n<li><strong>Leben mit dem Ursprung harmonisieren<\/strong> (Dein erfolgreiches, heiles und zufriedenes Sein).<\/li>\n<\/ol>\n<p>(nach pers\u00f6nlicher Vereinbarung, online,\u00a0<a href=\"https:\/\/heilfrequenzen.ws\/\">Nutzung vom <strong>Healy-System &#8211;\u00a0<\/strong><\/a><strong>Informationsfeldgesteuerte Frequenztherapie<\/strong>)<\/p>\n<p>Das\u00a0<span style=\"color: #0000ff;\"><em><strong>KOSMISCHE HEILIGE BUCH<\/strong><\/em><\/span>\u00a0(die Ausrichtungen von Sternen, Planeten, Sonnen, Monden \u2013 alle anderen Geschehnisse im riesigen Kosmos, der auch \u201eMultiversum\u201c genannt wird) ist<\/p>\n<p>ein\u00a0<strong>\u201emultigalaktischer\u201c<\/strong>\u00a0und\u00a0<strong>\u201emultiuniverseller\u201c<\/strong>\u00a0Text,\u00a0der Informationen enth\u00e4lt der Vergangenheit, der Gegenwart und Offenbarungen der Zukunft.<\/p>\n<p>Je nach\u00a0<span style=\"color: #0000ff;\"><strong>individuellem und kollektivem Bewusstsein<\/strong><\/span>\u00a0entfaltet sich das \u201eBuch\u201c, denn die Energien des Kosmos sind nur\u00a0<strong>Potentiale.<\/strong><\/p>\n<p>Wenn die Menschheit einen\u00a0<span style=\"color: #0000ff;\"><strong>H\u00d6HEREN WEG<\/strong><\/span>\u00a0w\u00e4hlt, wenn bestimmte Ausrichtungen schlimme Situationen aufzudecken scheinen, dann k\u00f6nnen Umst\u00e4nde des Kampfes aufgel\u00f6st werden.<\/p>\n<p>Wenn jedoch zugelassen wird, dass der untere Pfad der<strong><span style=\"color: #0000ff;\"> kontinuierlichen Disharmonie<\/span><\/strong> bestehen bleibt, dann treten Konsequenzen auf, weil niedrige Schwingungen nicht <strong>mit der QUELLEN-FREQUENZ im Einklang<\/strong> sind.<\/p>\n<ol>\n<li><span style=\"color: #0000ff;\"><strong>\u00a0(1) Unsere erste Aufgabe<\/strong><\/span>\u00a0ist es, zu\u00a0<span style=\"color: #0000ff;\"><strong>dekonstruieren<\/strong><\/span>, was nicht gut (g\u00f6ttlich) in unserem Erden-Leben ist. (De-Konstruktion bedeutet zerlegen,\u00a0demontieren,\u00a0abbauen)<\/li>\n<li><span style=\"color: #0000ff;\"><strong>\u00a0(2) Unsere zweite Aufgabe<\/strong><\/span> ist es,\u00a0ein\u00a0<strong>Menschen<\/strong>-Leben (menschengem\u00e4\u00dfes Leben) aus dem QUELLE-LICHT aufzubauen.<\/li>\n<\/ol>\n<p><span style=\"color: #0000ff;\"><strong>Unsere Seelen sind Informations- und Energiespeicher.<\/strong><\/span><\/p>\n<p>Ein Speicher ist ein Aufbewahrungs-Ort, an dem etwas anvertraut wird.<\/p>\n<ul>\n<li>Wir sind die <strong>\u201eTihar\u201c<\/strong> (\u201eBrillanz\u201c) von QUELLE (SOURCE) und haben enorme Kr\u00e4fte erhalten.<\/li>\n<\/ul>\n<p>Wandert die Menschheit in der Wildnis umher?<\/p>\n<ul>\n<li>Das <strong>Habiru<\/strong> (\u201eHebr\u00e4er\u201c), das 40 Tage in der Wildnis umherwandert, ist eine Metapher daf\u00fcr, dass\u00a0<em><strong>die Menschheit so lange in spiritueller Verwirrung und damit in einem niederen Bewusstsein war.<\/strong>\u00a0<\/em><\/li>\n<li><strong>YOD<\/strong> (der kosmische Bote der Bewegung und des Wandels) ist seit einem ungez\u00e4hlten Zeitraum unter uns \u2013\u00a0<strong>es ist das LICHT unserer Sch\u00f6pfung und unseres Werdens.<\/strong><\/li>\n<\/ul>\n<h2><span style=\"color: #0000ff;\"><strong>Selbst- und Fremd-Coaching der Entwicklung<\/strong><\/span><\/h2>\n<p><img loading=\"lazy\" decoding=\"async\" class=\"alignleft size-medium wp-image-757\" src=\"https:\/\/heilfrequenzen.ws\/wp-content\/uploads\/2022\/02\/161-225x300.jpg\" sizes=\"auto, (max-width: 225px) 100vw, 225px\" srcset=\"https:\/\/heilfrequenzen.ws\/wp-content\/uploads\/2022\/02\/161-225x300.jpg 225w, https:\/\/heilfrequenzen.ws\/wp-content\/uploads\/2022\/02\/161-768x1024.jpg 768w, https:\/\/heilfrequenzen.ws\/wp-content\/uploads\/2022\/02\/161.jpg 1536w\" alt=\"\" width=\"225\" height=\"300\" \/><\/p>\n<p><a class=\"wpg-linkify wpg-tooltip tooltipstered\" href=\"https:\/\/heilfrequenzen.ws\/glossar\/marcus-schmieke\/\">Marcus Sch<\/a><a class=\"wpg-linkify wpg-tooltip tooltipstered\" href=\"https:\/\/heilfrequenzen.ws\/glossar\/marcus-schmieke\/\">mieke<\/a>\u2019s Arbeit \u00fcber das Informationsfeld bildet die Grundlage f\u00fcr die\u00a0Healy\u00a0Technologie. Alle unsere mentalen und spirituellen Lebens-Themen sind in einem globalen\u00a0<strong>Informationsfeld<\/strong>\u00a0gespeichert und k\u00f6nnen dort abgerufen werden. Dein\u00a0Healy\u00a0kommuniziert \u00fcber das\u00a0<strong>Prinzip der Quantenverschr\u00e4nkung<\/strong>\u00a0mit den Themen im Informationsfeld, die f\u00fcr Dich zu einem bestimmten Zeitpunkt wichtig sind.<\/p>\n<p>Das Ziel ist es, die von Dir gew\u00e4hlten Themen zu\u00a0<strong>harmonisieren<\/strong>. Bevor Du die Analyse im Informationsfeld beginnst, bestimmst Du Dein gew\u00fcnschtes Ziel und formulierst daraus einen positiven Fokus. So kannst Du schnell und einfach die Informationsmuster zu dem Thema finden, das Dich aktuell besch\u00e4ftigt.<\/p>\n<p><strong>Coaching f\u00fcr jeden und zu jeder Zeit ist jetzt einfach m\u00f6glich.<\/strong><\/p>\n<p><span style=\"color: #0000ff;\"><strong>Das Coaching Modul vom\u00a0Healy-System<\/strong><\/span> hilft Dir dabei, Deine\u00a0<strong>\u201eblinden Flecken\u201c<\/strong>\u00a0innerhalb von Minuten zu erkennen, anstatt lange Sitzungen und Gespr\u00e4che bei einem Therapeuten oder Coach zu f\u00fchren. Hilf Dir selbst und hilf anderen, klar zu sehen und Entscheidungen zu treffen und Ver\u00e4nderungen im Leben einzuleiten. Das Coaching Modul ist ein Universum von neuen M\u00f6glichkeiten.<\/p>\n<h3><span style=\"color: #0000ff;\"><strong>Mit der Coaching-App k\u00f6nnen folgende Aspekte analysiert und harmonisiert werden.<\/strong><\/span><\/h3>\n<p><span style=\"color: #0000ff;\"><strong>1. Selbstwert (212)<\/strong><\/span><br \/>\nFaktoren f\u00fcr Gl\u00fcck (33)<br \/>\nGrundlagen des Selbstwertgef\u00fchls (60)<br \/>\nSelbstannahme (119)<\/p>\n<p><span style=\"color: #0000ff;\"><strong>2. emotionale Balance (136)<\/strong><\/span><br \/>\nBewu\u00dft leben(79)<br \/>\nEmotionale Harmonie (21)<br \/>\nEnergie und Leistungskraft (36)<\/p>\n<p><span style=\"color: #0000ff;\"><strong>3. Partnerschaft (82)<\/strong><\/span><br \/>\nPartnerfindung (15)<br \/>\nSelbst- und N\u00e4chstenliebe (60)<br \/>\nVertraunen (7)<\/p>\n<p><span style=\"color: #0000ff;\"><strong>4. Familie (78)<\/strong><\/span><br \/>\nAbgrenzung und Teamgeist (26)<br \/>\nAufl\u00f6sung Pr\u00e4gungen und Ahnenanspr\u00fcche (24)<br \/>\nHarmonisierung von Lebensbereichen (28)<\/p>\n<p><span style=\"color: #0000ff;\"><strong>5. soziale Beziehungen (143)<\/strong><\/span><br \/>\nAbgrenzung und Teamgeist (26)<br \/>\nPers\u00f6nliche Integrit\u00e4t (57)<br \/>\nSelbst- und N\u00e4chstenliebe (60)<\/p>\n<p><span style=\"color: #0000ff;\"><strong>6. Spiritualit\u00e4t (42)<\/strong><\/span><br \/>\nAtem (9)<br \/>\nSpiritualit\u00e4t (25)<br \/>\nStille (13)<\/p>\n<p><span style=\"color: #0000ff;\"><strong>7. Beruf (366)<\/strong><\/span><br \/>\nAufl\u00f6sen von Stressfaktoren Beruf und Arbeit (146)<br \/>\nBegabungen (182)<br \/>\nSelbstbehauptung und Selbstsicherheit (38)<\/p>\n<p><span style=\"color: #0000ff;\"><strong>8. Finanzen (445)<\/strong><\/span><br \/>\nBeruf ( 94)<br \/>\nEigenverantwortung (63)<br \/>\nFokus ermitteln ( 288)<\/p>\n<p><span style=\"color: #0000ff;\"><strong>9. Potenziale (343)<\/strong><\/span><br \/>\nIndividuelle Qualit\u00e4ten ( 250)<br \/>\nPers\u00f6nliche St\u00e4rken (25)<br \/>\nPers\u00f6nlichkeitsaspekte (68)<\/p>\n<p><span style=\"color: #0000ff;\"><strong>10.Ziele (330)<\/strong><\/span><br \/>\nAufl\u00f6sen von Motivationsst\u00f6rungen (205)<br \/>\nAufl\u00f6sen von Stressfaktoren (61)<br \/>\nZielausrichtung und Absicht (73)<\/p>\n","protected":false},"excerpt":{"rendered":"<p>Informationsfeldgesteuertes\u00a0Frequenz-, Energie- und\u00a0Resonanz-Coaching Wenn im Leben zugelassen wird, da\u00df auf dem Weg kontinuierliche Disharmonie bestehen bleibt, dann treten entsprechende negative und destruktive Konsequenzen auf,\u00a0weil\u00a0niedrige\u00a0Schwingungen nicht mit der\u00a0h\u00f6heren\u00a0QUELLEN-FREQUENZ\u00a0im Einklang sind. Information identifizieren (Blaupause\u00a0im Quantenfeld Deines Lebens, geistige Ursache) Information verbessern (inneres Potential und Verm\u00f6gen f\u00fcr Dein Leben) Energie-Blockaden identifizieren und l\u00f6sen (Denken und Glauben, F\u00fchlen und [&hellip;]<\/p>\n","protected":false},"author":1,"featured_media":0,"parent":1985,"menu_order":0,"comment_status":"closed","ping_status":"closed","template":"members-style1-content.php","meta":{"footnotes":"","_links_to":"","_links_to_target":""},"class_list":["post-4664","page","type-page","status-publish","hentry"],"_links":{"self":[{"href":"https:\/\/reich-sein.eu\/club\/wp-json\/wp\/v2\/pages\/4664","targetHints":{"allow":["GET"]}}],"collection":[{"href":"https:\/\/reich-sein.eu\/club\/wp-json\/wp\/v2\/pages"}],"about":[{"href":"https:\/\/reich-sein.eu\/club\/wp-json\/wp\/v2\/types\/page"}],"author":[{"embeddable":true,"href":"https:\/\/reich-sein.eu\/club\/wp-json\/wp\/v2\/users\/1"}],"replies":[{"embeddable":true,"href":"https:\/\/reich-sein.eu\/club\/wp-json\/wp\/v2\/comments?post=4664"}],"version-history":[{"count":11,"href":"https:\/\/reich-sein.eu\/club\/wp-json\/wp\/v2\/pages\/4664\/revisions"}],"predecessor-version":[{"id":4684,"href":"https:\/\/reich-sein.eu\/club\/wp-json\/wp\/v2\/pages\/4664\/revisions\/4684"}],"up":[{"embeddable":true,"href":"https:\/\/reich-sein.eu\/club\/wp-json\/wp\/v2\/pages\/1985"}],"wp:attachment":[{"href":"https:\/\/reich-sein.eu\/club\/wp-json\/wp\/v2\/media?parent=4664"}],"curies":[{"name":"wp","href":"https:\/\/api.w.org\/{rel}","templated":true}]}}