{"id":4705,"date":"2022-11-21T19:24:16","date_gmt":"2022-11-21T17:24:16","guid":{"rendered":"http:\/\/reich-sein.eu\/club\/?page_id=4705"},"modified":"2022-11-24T15:29:38","modified_gmt":"2022-11-24T13:29:38","slug":"subliminals-2","status":"publish","type":"page","link":"https:\/\/reich-sein.eu\/club\/mittel\/besondere-reich-sein\/subliminals-2\/","title":{"rendered":"Subliminals"},"content":{"rendered":"<h2><span style=\"color: #0000ff;\"><strong>Subliminals<\/strong><\/span><\/h2>\n<h3 class=\"item_title\"><span style=\"color: #0000ff;\"><strong>Million\u00e4r Mindset Audio Paket<\/strong><\/span><\/h3>\n<div id=\"product-details\" class=\"row\">\n<div class=\"col-sm-8 col-sm-push-4\">\n<h3 class=\"product-title\"><span style=\"color: #0000ff;\"><strong>Wohlstand Bundle<\/strong><\/span><\/h3>\n<p>Viele Menschen erreichen niemals den Wohlstand, den sie sich erhoffen. Doch sie sind nicht daran Schuld.<\/p>\n<p>Es sind die destruktiven Glaubenss\u00e4tze in Bezug auf Reichtum, die uns einschr\u00e4nken ohne das wir etwas dagegen tun k\u00f6nnen.<\/p>\n<p>Bis jetzt. Das Wohlstand Bundle \u00f6ffnet dein Bewusstsein f\u00fcr \u00dcberfluss &amp; Wohlstand.<img loading=\"lazy\" decoding=\"async\" class=\"img-responsive wp-post-image\" src=\"https:\/\/energetic-eternity.de\/wp-content\/uploads\/2017\/01\/wohlstand-1-Klein.jpg\" sizes=\"auto, (max-width: 340px) 100vw, 340px\" srcset=\"https:\/\/energetic-eternity.de\/wp-content\/uploads\/2017\/01\/wohlstand-1-Klein.jpg 340w, https:\/\/energetic-eternity.de\/wp-content\/uploads\/2017\/01\/wohlstand-1-Klein-300x300.jpg 300w, https:\/\/energetic-eternity.de\/wp-content\/uploads\/2017\/01\/wohlstand-1-Klein-150x150.jpg 150w, https:\/\/energetic-eternity.de\/wp-content\/uploads\/2017\/01\/wohlstand-1-Klein-262x262.jpg 262w, https:\/\/energetic-eternity.de\/wp-content\/uploads\/2017\/01\/wohlstand-1-Klein-162x162.jpg 162w, https:\/\/energetic-eternity.de\/wp-content\/uploads\/2017\/01\/wohlstand-1-Klein-100x100.jpg 100w, https:\/\/energetic-eternity.de\/wp-content\/uploads\/2017\/01\/wohlstand-1-Klein-50x50.jpg 50w\" alt=\"\" width=\"340\" height=\"340\" \/><\/p>\n<\/div>\n<\/div>\n<hr \/>\n<div id=\"product-infos\" class=\"row\">\n<div class=\"col-sm-12\">\n<div id=\"content\">\n<article class=\"post-137 product type-product status-publish has-post-thumbnail hentry\">\n<div role=\"tabpanel\">\n<ul id=\"atTab\" class=\"nav nav-tabs\" role=\"tablist\">\n<li class=\"active\" role=\"presentation\"><a role=\"tab\" href=\"https:\/\/energetic-eternity.de\/produkt\/prosperity-bundle\/#tab-description\" aria-controls=\"tab-description\" data-toggle=\"tab\">Beschreibung<\/a><\/li>\n<li role=\"presentation\"><a role=\"tab\" href=\"https:\/\/energetic-eternity.de\/produkt\/prosperity-bundle\/#tab-related\" aria-controls=\"tab-related\" data-toggle=\"tab\">\u00c4hnliche Produkte<\/a><\/li>\n<li role=\"presentation\"><a role=\"tab\" href=\"https:\/\/energetic-eternity.de\/produkt\/prosperity-bundle\/#tab-f%C3%BCr_dich_geeignet\" aria-controls=\"tab-related\" data-toggle=\"tab\" aria-expanded=\"false\">F\u00fcr dich geeignet?<\/a><\/li>\n<li role=\"presentation\"><a role=\"tab\" href=\"https:\/\/energetic-eternity.de\/produkt\/prosperity-bundle\/#tab-erfahrungsberichte\" aria-controls=\"tab-related\" data-toggle=\"tab\" aria-expanded=\"false\">Erfahrungsberichte<\/a><\/li>\n<\/ul>\n<div class=\"tab-content\">\n<div id=\"tab-description\" class=\"tab-pane active\" role=\"tabpanel\">\n<h4><strong>Der Schl\u00fcssel f\u00fcr mehr Wohlstand<\/strong><\/h4>\n<p>Manchmal f\u00fchlt man sich in einer Situation versunken aus der man einfach keinen Ausweg mehr findet. Stagnation macht sich breit. Das kann auch im finanziellen Bereich passieren. Egal ob es der Job oder die Selbst\u00e4ndigkeit ist.<\/p>\n<p>Schuld daran sind unterbewusste Blockaden, die man sich mit der Zeit aufgebaut hat. Es sind Glaubenss\u00e4tze wie \u201eIch werde doch eh nicht reich, weil\u2026.\u201c die uns zur\u00fcckhalten. Wir sch\u00f6pfen nicht unser Potenzial aus!<\/p>\n<p>Diese unterbewussten Prozesse schr\u00e4nken unsere Sicht auf die Dinge ein, lassen uns \u00e4ngstlich werden oder weiter prokrastinieren. Und die meisten dieser Glaubenssystem kennen wir selbst nicht mal weil sie unentdeckt in uns arbeiten.<\/p>\n<h4><strong>So manifestierst du wahren Wohlstand<\/strong><\/h4>\n<p>Das Wohlstands Bundle deckt diese sch\u00e4dlichen Glaubenss\u00e4tze in Verbindung mit Reichtum und Wohlstand auf und sorgt daf\u00fcr, dass Geld ohne Blockade zu dir flie\u00dfen kann.<\/p>\n<p>Desweiteren helfen dir konstruktive Suggestionen dabei mehr Geld anzuziehen \u2013 das kann auf allen erdenklichen Wegen passieren. Je nachdem welcher Weg zum Ziel in deiner Situation am schnellsten erfolgreich ist.<\/p>\n<p>Letztlich lernst du intuitiv die richtigen \u00f6konomischen Entscheidungen zu treffen. Dein Geldbewusstsein ist geschaffen und wird dich magnetisch immer h\u00f6her tragen. Zu deiner finanziellen Freiheit.<\/p>\n<p>Hole dir jetzt das Wohlstand Bundle und manifestiere wahren Reichtum!<\/p>\n<h5><strong>Der Inhalt des Wohlstand Bundles:<\/strong><\/h5>\n<ol>\n<li>\u00a0schnelle\u00a0Manifestierung von Wohlstand und Reichtum<\/li>\n<li>\u00a0Ausbildung einer verbesserten Geldmentalit\u00e4t<\/li>\n<li>\u00a0besserer Umgang mit Geld<\/li>\n<li>\u00a0Erfolg im Beruf<\/li>\n<li>\u00a0Weiterbildung im Bereich finanzielle Intelligenz<\/li>\n<li>\u00a0Aufl\u00f6sung blockierende Glaubenss\u00e4tze in Bezug auf Geld<\/li>\n<li>\u00a0du erkennst gewinnbringende Situation intuitiv<\/li>\n<li>\u00a0du entwickelst ein Geldbewusstsein<\/li>\n<\/ol>\n<h5><strong>5 Beispiel Suggestionen<\/strong><\/h5>\n<ul>\n<li>\u201eIch manifestiere nun schnell und einfach Reichtum.\u201c<\/li>\n<li>\u201eGeld zu verdienen ist f\u00fcr jeden m\u00f6glich.\u201c<\/li>\n<li>\u201eGeld flie\u00dft nun in allen erdenklichen Wegen zu mir.\u201c<\/li>\n<li>\u201eIch treffe intuitiv immer die richtigen finanziellen Entscheidungen.\u201c<\/li>\n<li>\u201eIch f\u00fchre ein Leben in v\u00f6lligem Wohlstand und \u00dcberfluss.\u201c<\/li>\n<\/ul>\n<h5><strong>Wohlstand Bundle:<\/strong><\/h5>\n<p>Enthalten im Wohlstand Bundle:<\/p>\n<ul>\n<li>3x Subliminals f\u00fcr die Manifestierung von Wohlstand und Reichtum (Achtung: es wurden 4x mehr Affirmationen benutzt als bei anderen Bundles; die Auswirkungen k\u00f6nnen sich schon nach wenigen Stunden zeigen)<\/li>\n<li>Leitfaden zur optimalen Verwendung der Subliminals<\/li>\n<li>Weitere Erkl\u00e4rungen der benutzten Frequenzen<\/li>\n<\/ul>\n<h3><span style=\"color: #0000ff;\"><strong>Million\u00e4r Mindset Audio Paket <\/strong><\/span><\/h3>\n<\/div>\n<\/div>\n<\/div>\n<\/article>\n<\/div>\n<\/div>\n<\/div>\n<div class=\"item_description\">\n<ul>\n<li><strong>6 Subliminals f\u00fcr das Million\u00e4r Mindset (Hochqualitative .mp3 und .wav Dateien)<\/strong><\/li>\n<li>2x Inspiriert und motiviert aufwachen Subliminals<\/li>\n<li>2x Wie ein Million\u00e4r denken Subliminals<\/li>\n<li>2x Eine-Million-Euro-M\u00f6glichkeiten anziehen Subliminals<\/li>\n<li><strong>Inkl.<\/strong>\u00a0Zugang zu dem offiziellen &#8222;Erfolg mit Subliminals&#8220; Email Coaching (GRATIS dabei)<\/li>\n<li><strong>Inkl.<\/strong>\u00a0Anleitung zur effektiven Anwendung (GRATIS dabei)<\/li>\n<li><strong>Inkl.<\/strong>\u00a0Updates &#8211; lebenslang: Als Kunde sind f\u00fcr dich alle zuk\u00fcnftigen Updates kostenlos. (GRATIS dabei)<\/li>\n<\/ul>\n<p><strong>BONUS:<\/strong>\u00a0Mindset Transformation Anleitung<\/p>\n<\/div>\n<p><a href=\"https:\/\/www.digistore24.com\/redir\/250856\/wolfbarth\/CAMPAIGNKEY\">https:\/\/www.digistore24.com\/redir\/250856\/wolfbarth\/CAMPAIGNKEY<\/a><\/p>\n<p>&nbsp;<\/p>\n<p><strong>&#8222;Werde reich im Schlaf &#8211; Premium Subliminal&#8220;<\/strong><\/p>\n<p>Diese Subliminal programmiert dein Mindset auf Wohlstand&#8230; ganz bequem w\u00e4hrend du schl\u00e4fst.<\/p>\n<p>Durch die Laufzeit von 6 Stunden erreichst du deine finanziellen Ziele doppelt so schnell.<\/p>\n","protected":false},"excerpt":{"rendered":"<p>Subliminals Million\u00e4r Mindset Audio Paket Wohlstand Bundle Viele Menschen erreichen niemals den Wohlstand, den sie sich erhoffen. Doch sie sind nicht daran Schuld. Es sind die destruktiven Glaubenss\u00e4tze in Bezug auf Reichtum, die uns einschr\u00e4nken ohne das wir etwas dagegen tun k\u00f6nnen. Bis jetzt. Das Wohlstand Bundle \u00f6ffnet dein Bewusstsein f\u00fcr \u00dcberfluss &amp; Wohlstand. Beschreibung [&hellip;]<\/p>\n","protected":false},"author":1,"featured_media":0,"parent":3130,"menu_order":0,"comment_status":"closed","ping_status":"closed","template":"members-style1-nosidebar.php","meta":{"footnotes":"","_links_to":"","_links_to_target":""},"class_list":["post-4705","page","type-page","status-publish","hentry"],"_links":{"self":[{"href":"https:\/\/reich-sein.eu\/club\/wp-json\/wp\/v2\/pages\/4705","targetHints":{"allow":["GET"]}}],"collection":[{"href":"https:\/\/reich-sein.eu\/club\/wp-json\/wp\/v2\/pages"}],"about":[{"href":"https:\/\/reich-sein.eu\/club\/wp-json\/wp\/v2\/types\/page"}],"author":[{"embeddable":true,"href":"https:\/\/reich-sein.eu\/club\/wp-json\/wp\/v2\/users\/1"}],"replies":[{"embeddable":true,"href":"https:\/\/reich-sein.eu\/club\/wp-json\/wp\/v2\/comments?post=4705"}],"version-history":[{"count":1,"href":"https:\/\/reich-sein.eu\/club\/wp-json\/wp\/v2\/pages\/4705\/revisions"}],"predecessor-version":[{"id":4706,"href":"https:\/\/reich-sein.eu\/club\/wp-json\/wp\/v2\/pages\/4705\/revisions\/4706"}],"up":[{"embeddable":true,"href":"https:\/\/reich-sein.eu\/club\/wp-json\/wp\/v2\/pages\/3130"}],"wp:attachment":[{"href":"https:\/\/reich-sein.eu\/club\/wp-json\/wp\/v2\/media?parent=4705"}],"curies":[{"name":"wp","href":"https:\/\/api.w.org\/{rel}","templated":true}]}}